{"id":643,"date":"2021-07-30T13:36:12","date_gmt":"2021-07-30T11:36:12","guid":{"rendered":"https:\/\/antcube.shop\/?page_id=643"},"modified":"2024-11-29T15:31:27","modified_gmt":"2024-11-29T14:31:27","slug":"legea-privind-dispozitivele-electrice","status":"publish","type":"page","link":"https:\/\/antcube.shop\/ro\/legea-privind-dispozitivele-electrice\/","title":{"rendered":"Legea privind dispozitivele electrice"},"content":{"rendered":"<div id=\"gap-2127509096\" class=\"gap-element clearfix\" style=\"display:block; height:auto;\">\n\t\t\n<style>\n#gap-2127509096 {\n  padding-top: 190px;\n}\n<\/style>\n\t<\/div>\n\t\n\n<div class=\"row\"  id=\"row-302600873\">\n\n\n\t<div id=\"col-146324496\" class=\"col small-12 large-12\"  >\n\t\t\t\t<div class=\"col-inner\"  >\n\t\t\t\n\t\t\t\n\n\t<div id=\"text-4169801066\" class=\"text\">\n\t\t\n\n<h3><b>Informa\u021bii \u00een conformitate cu Legea german\u0103 privind echipamentele electrice \u0219i electronice (ElektroG)<\/b><\/h3>\n<p><span style=\"font-weight: 400;\">Num\u0103rul nostru de \u00eenregistrare WEEE: <\/span><b>DE 54590387<\/b><\/p>\n<p><b>1 Introducere <\/b><b><br \/><\/b><span style=\"font-weight: 400;\">ElektroG regleaz\u0103 <\/span><b>introducerea pe pia\u021b\u0103<\/b><span style=\"font-weight: 400;\">, <\/span><b>preluare <\/b><span style=\"font-weight: 400;\">\u0219i <\/span><b>eliminare ecologic\u0103 <\/b><span style=\"font-weight: 400;\">de echipamente electrice \u0219i electronice. Scopul este de a promova protec\u021bia mediului \u0219i de a asigura reciclarea materiilor prime valoroase.<\/span><\/p>\n<ol start=\"2\">\n<li><b> obliga\u021bii legale pentru consumatori<\/b><\/li>\n<\/ol>\n<ul>\n<li style=\"font-weight: 400;\" aria-level=\"1\"><b>Interzicerea elimin\u0103rii \u00een de\u0219eurile reziduale<\/b><span style=\"font-weight: 400;\">: Aparatele electrice vechi nu pot fi aruncate \u00een de\u0219eurile reziduale.<\/span><\/li>\n<li style=\"font-weight: 400;\" aria-level=\"1\"><b>Obliga\u021bia de a reveni<\/b><span style=\"font-weight: 400;\">: Consumatorii sunt obliga\u021bi prin lege s\u0103 elimine de\u0219eurile de echipamente electrice \u0219i electronice uzate la centrele de colectare municipale (\u00d6RE - autorit\u0103\u021bi publice de eliminare a de\u0219eurilor) sau \u00een sisteme de preluare corespunz\u0103toare.<\/span><\/li>\n<li style=\"font-weight: 400;\" aria-level=\"1\"><b>Poluan\u021bii \u0219i reciclarea<\/b><span style=\"font-weight: 400;\">:<\/span>\n<ul>\n<li style=\"font-weight: 400;\" aria-level=\"2\"><span style=\"font-weight: 400;\">Aparatele electrice vechi pot con\u021bine substan\u021be nocive care pot d\u0103una mediului \u0219i s\u0103n\u0103t\u0103\u021bii dac\u0103 nu sunt depozitate sau eliminate corespunz\u0103tor.<\/span><\/li>\n<li style=\"font-weight: 400;\" aria-level=\"2\"><span style=\"font-weight: 400;\">\u00cen acela\u0219i timp, acestea con\u021bin materii prime valoroase, precum fier, plastic, argint sau sticl\u0103, care pot fi reciclate.<\/span><\/li>\n<\/ul>\n<\/li>\n<\/ul>\n<p><b>3 Ce dispozitive sunt afectate? <\/b><b><br \/><\/b><span style=\"font-weight: 400;\">ElektroG se aplic\u0103 majorit\u0103\u021bii aparatelor electrice \u0219i electronice care sunt alimentate de electricitate sau c\u00e2mpuri electromagnetice. Acestea includ, printre altele:<\/span><\/p>\n<ul>\n<li style=\"font-weight: 400;\" aria-level=\"1\"><span style=\"font-weight: 400;\">Calculator climatic<\/span><\/li>\n<li style=\"font-weight: 400;\" aria-level=\"1\"><span style=\"font-weight: 400;\">Covoare \u0219i cabluri de \u00eenc\u0103lzire<\/span><\/li>\n<li style=\"font-weight: 400;\" aria-level=\"1\"><span style=\"font-weight: 400;\">Termometru \u0219i higrometru digital<\/span><\/li>\n<li style=\"font-weight: 400;\" aria-level=\"1\"><span style=\"font-weight: 400;\">Umidificatoare (foggers)<\/span><\/li>\n<li style=\"font-weight: 400;\" aria-level=\"1\"><span style=\"font-weight: 400;\">Ventilator<\/span><\/li>\n<\/ul>\n<p><span style=\"font-weight: 400;\">O list\u0103 complet\u0103 a categoriilor vizate este cuprins\u0103 \u00een directiva legal\u0103 \u00een vigoare.<\/span><\/p>\n<p><b>4 Etichetarea dispozitivelor afectate <\/b><b><br \/><\/b><span style=\"font-weight: 400;\">Produsele care intr\u0103 sub inciden\u021ba ElektroG sunt marcate cu simbolul unui <\/span><b>co\u0219 de gunoi barat<\/b><span style=\"font-weight: 400;\">. Acest lucru indic\u0103 faptul c\u0103 aparatul nu trebuie eliminat \u00eempreun\u0103 cu de\u0219eurile reziduale, ci trebuie eliminat prin intermediul centrelor de colectare sau al sistemelor de preluare.<\/span><\/p>\n<p><b>5 Obliga\u021biile ANTSTORE \u00een temeiul ElektroG <\/b><b><br \/><\/b><span style=\"font-weight: 400;\">ANTSTORE a pus \u00een aplicare toate obliga\u021biile prev\u0103zute de ElektroG pentru a asigura o eliminare ecologic\u0103:<\/span><\/p>\n<ul>\n<li style=\"font-weight: 400;\" aria-level=\"1\"><b>\u00cenregistrare la EAR<\/b><span style=\"font-weight: 400;\">:<\/span>\n<ul>\n<li style=\"font-weight: 400;\" aria-level=\"2\"><span style=\"font-weight: 400;\">ANTSTORE este \u00eenregistrat la funda\u021bia EAR (Waste Electrical and Electronic Equipment Register).<\/span><\/li>\n<li style=\"font-weight: 400;\" aria-level=\"2\"><span style=\"font-weight: 400;\">Num\u0103rul nostru de \u00eenregistrare WEEE: <\/span><b>DE <\/b><span style=\"font-weight: 400;\">54590387.<\/span><\/li>\n<\/ul>\n<\/li>\n<li style=\"font-weight: 400;\" aria-level=\"1\"><b>Verificarea furnizorilor<\/b><span style=\"font-weight: 400;\">:<\/span>\n<ul>\n<li style=\"font-weight: 400;\" aria-level=\"2\"><span style=\"font-weight: 400;\">To\u021bi furnizorii au fost \u0219i sunt verifica\u021bi \u00een permanen\u021b\u0103 pentru conformitatea cu obliga\u021biile de \u00eenregistrare.<\/span><\/li>\n<\/ul>\n<\/li>\n<li style=\"font-weight: 400;\" aria-level=\"1\"><b>Obliga\u021bia de etichetare<\/b><span style=\"font-weight: 400;\">:<\/span>\n<ul>\n<li style=\"font-weight: 400;\" aria-level=\"2\"><span style=\"font-weight: 400;\">Toate produsele fabricate \u0219i importate \u00een UE sunt etichetate corespunz\u0103tor.<\/span><\/li>\n<\/ul>\n<\/li>\n<\/ul>\n<ol start=\"6\">\n<li><b> op\u021biuni de returnare \u00een ramura ANTSTORE <\/b><b><br \/><\/b><span style=\"font-weight: 400;\">\u00cen plus fa\u021b\u0103 de punctele de colectare municipale, ANTSTORE ofer\u0103 clien\u021bilor s\u0103i un <\/span><b>\u00eentoarcerea voluntar\u0103 <\/b><span style=\"font-weight: 400;\">de aparate vechi:<\/span><\/li>\n<\/ol>\n<ul>\n<li style=\"font-weight: 400;\" aria-level=\"1\"><span style=\"font-weight: 400;\">Clien\u021bii \u00ee\u0219i pot returna aparatele vechi <\/span><b>gratuit <\/b><span style=\"font-weight: 400;\">atunci c\u00e2nd face\u021bi cump\u0103r\u0103turi \u00een magazinul nostru.<\/span><\/li>\n<li style=\"font-weight: 400;\" aria-level=\"1\"><span style=\"font-weight: 400;\">\u00cen acest fel, sprijinim eliminarea convenabil\u0103 \u0219i ecologic\u0103 a aparatelor electrice vechi.<\/span><\/li>\n<\/ul>\n<p><b>Rezumat pentru consumatori<\/b><\/p>\n<ul>\n<li style=\"font-weight: 400;\" aria-level=\"1\"><span style=\"font-weight: 400;\">Utiliza\u021bi centrele municipale de colectare (\u00d6RE) sau sistemele noastre de preluare \u00een magazin.<\/span><\/li>\n<li style=\"font-weight: 400;\" aria-level=\"1\"><span style=\"font-weight: 400;\">Nu arunca\u021bi niciodat\u0103 aparatele electrice vechi \u00een de\u0219eurile reziduale.<\/span><\/li>\n<li style=\"font-weight: 400;\" aria-level=\"1\"><span style=\"font-weight: 400;\">Ajuta\u021bi la protejarea mediului \u0219i a resurselor prin eliminarea corect\u0103 a de\u0219eurilor.<\/span><\/li>\n<\/ul>\n<p><span style=\"font-weight: 400;\">Dac\u0103 ave\u021bi \u00eentreb\u0103ri suplimentare cu privire la serviciile noastre de preluare \u0219i eliminare, v\u0103 rug\u0103m s\u0103 nu ezita\u021bi s\u0103 ne contacta\u021bi.<\/span><\/p>\n<p><b>Informa\u021bii suplimentare:<\/b><\/p>\n<p><a href=\"https:\/\/www.stiftung-ear.de\/de\/home\"><span style=\"font-weight: 400;\">www.stiftung-ear.de<\/span><\/a><\/p>\n<p><a href=\"https:\/\/www.bmuv.de\/themen\/kreislaufwirtschaft\/abfallarten-und-abfallstroeme\/uebersicht-abfallarten-und-abfallstroeme\"><span style=\"font-weight: 400;\">www.bmu.de<\/span><\/a><\/p>\n\n\t\t\n<style>\n#text-4169801066 {\n  text-align: left;\n}\n<\/style>\n\t<\/div>\n\t\n\n\t\t<\/div>\n\t\t\t\t\t<\/div>\n\n\t\n\n<\/div>","protected":false},"excerpt":{"rendered":"","protected":false},"author":1,"featured_media":0,"parent":0,"menu_order":0,"comment_status":"closed","ping_status":"closed","template":"","meta":{"_acf_changed":false,"content-type":"","_monsterinsights_skip_tracking":false,"_monsterinsights_sitenote_active":false,"_monsterinsights_sitenote_note":"","_monsterinsights_sitenote_category":0,"footnotes":""},"class_list":["post-643","page","type-page","status-publish","hentry"],"acf":[],"aioseo_notices":[],"jetpack_sharing_enabled":true,"_links":{"self":[{"href":"https:\/\/antcube.shop\/ro\/wp-json\/wp\/v2\/pages\/643","targetHints":{"allow":["GET"]}}],"collection":[{"href":"https:\/\/antcube.shop\/ro\/wp-json\/wp\/v2\/pages"}],"about":[{"href":"https:\/\/antcube.shop\/ro\/wp-json\/wp\/v2\/types\/page"}],"author":[{"embeddable":true,"href":"https:\/\/antcube.shop\/ro\/wp-json\/wp\/v2\/users\/1"}],"replies":[{"embeddable":true,"href":"https:\/\/antcube.shop\/ro\/wp-json\/wp\/v2\/comments?post=643"}],"version-history":[{"count":6,"href":"https:\/\/antcube.shop\/ro\/wp-json\/wp\/v2\/pages\/643\/revisions"}],"predecessor-version":[{"id":10641,"href":"https:\/\/antcube.shop\/ro\/wp-json\/wp\/v2\/pages\/643\/revisions\/10641"}],"wp:attachment":[{"href":"https:\/\/antcube.shop\/ro\/wp-json\/wp\/v2\/media?parent=643"}],"curies":[{"name":"wp","href":"https:\/\/api.w.org\/{rel}","templated":true}]}}