{"id":641,"date":"2021-07-30T13:35:42","date_gmt":"2021-07-30T11:35:42","guid":{"rendered":"https:\/\/antcube.shop\/?page_id=641"},"modified":"2024-11-29T15:44:57","modified_gmt":"2024-11-29T14:44:57","slug":"legea-bateriei","status":"publish","type":"page","link":"https:\/\/antcube.shop\/ro\/legea-bateriei\/","title":{"rendered":"Legea bateriei"},"content":{"rendered":"<div id=\"gap-1486743730\" class=\"gap-element clearfix\" style=\"display:block; height:auto;\">\n\t\t\n<style>\n#gap-1486743730 {\n  padding-top: 190px;\n}\n<\/style>\n\t<\/div>\n\t\n\n<div class=\"row\"  id=\"row-269923155\">\n\n\n\t<div id=\"col-775506059\" class=\"col small-12 large-12\"  >\n\t\t\t\t<div class=\"col-inner\"  >\n\t\t\t\n\t\t\t\n\n<h3><b>Note privind Legea bateriilor (BattG)<\/b><\/h3>\n<ol>\n<li><b> baterii \u0219i baterii re\u00eenc\u0103rcabile \u00een dispozitive <\/b><b><br \/><\/b><span style=\"font-weight: 400;\">Multe dintre produsele noastre con\u021bin baterii sau baterii re\u00eenc\u0103rcabile care sunt utilizate, de exemplu, pentru a ac\u021biona telecomenzi sau ca componente instalate permanent \u00een dispozitive. \u00cen leg\u0103tur\u0103 cu v\u00e2nzarea acestor baterii sau baterii re\u00eenc\u0103rcabile, am dori s\u0103 v\u0103 atragem aten\u021bia asupra urm\u0103toarelor:<\/span><\/li>\n<li><b> obliga\u021bia legal\u0103 de returnare<\/b><\/li>\n<\/ol>\n<ul>\n<li style=\"font-weight: 400;\" aria-level=\"1\"><b>Eliminarea bateriilor uzate<\/b><span style=\"font-weight: 400;\"><br \/><\/span><span style=\"font-weight: 400;\"> \u00cen conformitate cu Legea bateriilor, bateriile uzate trebuie eliminate gratuit la un centru municipal de colectare, \u00een containere speciale pentru baterii uzate sau la un comerciant local.<\/span><\/li>\n<li style=\"font-weight: 400;\" aria-level=\"1\"><b>Interzicerea elimin\u0103rii \u00een de\u0219eurile menajere<\/b><span style=\"font-weight: 400;\"><br \/><\/span><span style=\"font-weight: 400;\">Aruncarea bateriilor \u00een de\u0219eurile menajere este interzis\u0103 \u00een mod expres.<\/span><\/li>\n<\/ul>\n<ol start=\"3\">\n<li><b> op\u021biuni de returnare la ANTSTORE <\/b><b><br \/><\/b><span style=\"font-weight: 400;\">Dac\u0103 nu dori\u021bi s\u0103 utiliza\u021bi un punct de colectare municipal sau comerciantul dvs. local, v\u0103 oferim urm\u0103toarele op\u021biuni pentru returnarea bateriilor furnizate de noi:<\/span><\/li>\n<\/ol>\n<ul>\n<li style=\"font-weight: 400;\" aria-level=\"1\"><b>Returnare gratuit\u0103 la fa\u021ba locului<\/b><span style=\"font-weight: 400;\"><br \/><\/span><span style=\"font-weight: 400;\">Pute\u021bi returna bateriile direct la magazinul nostru.<\/span><\/li>\n<li style=\"font-weight: 400;\" aria-level=\"1\"><b>Returnare prin po\u0219t\u0103<\/b><span style=\"font-weight: 400;\"><br \/><\/span><span style=\"font-weight: 400;\">Trimite\u021bi bateriile la:<\/span><span style=\"font-weight: 400;\"><br \/><\/span><b>ANTSTORE<\/b><b><br \/><\/b><b>Selerweg 41<\/b><b><br \/><\/b><b>D-12169 Berlin<\/b><\/li>\n<\/ul>\n<ol start=\"4\">\n<li><b> etichetarea bateriilor care con\u021bin substan\u021be nocive <\/b><b><br \/><\/b><span style=\"font-weight: 400;\">Bateriile care con\u021bin substan\u021be nocive sunt marcate cu simbolul unui <\/span><b>co\u0219 de gunoi barat<\/b><span style=\"font-weight: 400;\">. Sub acest simbol ve\u021bi g\u0103si abrevieri chimice pentru substan\u021bele nocive con\u021binute:<\/span><\/li>\n<\/ol>\n<ul>\n<li style=\"font-weight: 400;\" aria-level=\"1\"><b>Pb <\/b><span style=\"font-weight: 400;\">= bateria con\u021bine plumb<\/span><\/li>\n<li style=\"font-weight: 400;\" aria-level=\"1\"><b>Cd <\/b><span style=\"font-weight: 400;\">= bateria con\u021bine cadmiu<\/span><\/li>\n<li style=\"font-weight: 400;\" aria-level=\"1\"><b>Hg <\/b><span style=\"font-weight: 400;\">= bateria con\u021bine mercur<\/span><\/li>\n<\/ul>\n<ol start=\"5\">\n<li><b> informa\u021bii suplimentare<\/b><\/li>\n<\/ol>\n<ul>\n<li style=\"font-weight: 400;\" aria-level=\"1\"><span style=\"font-weight: 400;\">Ve\u021bi g\u0103si informa\u021bii detaliate:<\/span>\n<ul>\n<li style=\"font-weight: 400;\" aria-level=\"2\"><span style=\"font-weight: 400;\">\u00cen documentele care \u00eenso\u021besc livrarea bunurilor.<\/span><\/li>\n<li style=\"font-weight: 400;\" aria-level=\"2\"><span style=\"font-weight: 400;\">\u00cen instruc\u021biunile de utilizare ale produc\u0103torului dispozitivului respectiv.<\/span><\/li>\n<\/ul>\n<\/li>\n<li style=\"font-weight: 400;\" aria-level=\"1\"><span style=\"font-weight: 400;\">Pute\u021bi ob\u021bine informa\u021bii suplimentare cu privire la Legea privind bateriile:<\/span>\n<ul>\n<li style=\"font-weight: 400;\" aria-level=\"2\"><span style=\"font-weight: 400;\">La Ministerul Federal pentru Mediu, Conservarea Naturii \u0219i Siguran\u021b\u0103 Nuclear\u0103 <\/span><a href=\"http:\/\/www.bmu.de\/abfallwirtschaft\"><span style=\"font-weight: 400;\">(<\/span><span style=\"font-weight: 400;\">www.bmu.de)<\/span><\/a><\/li>\n<li style=\"font-weight: 400;\" aria-level=\"2\"><span style=\"font-weight: 400;\">La Agen\u021bia Federal\u0103 de Mediu <\/span><a href=\"http:\/\/www.uba.de\"><span style=\"font-weight: 400;\">(<\/span><span style=\"font-weight: 400;\">www.uba.de)<\/span><\/a><\/li>\n<\/ul>\n<\/li>\n<\/ul>\n<p><b>Rezumat<\/b><\/p>\n<ul>\n<li style=\"font-weight: 400;\" aria-level=\"1\"><span style=\"font-weight: 400;\">Bateriile nu au ce c\u0103uta \u00een de\u0219eurile menajere.<\/span><\/li>\n<li style=\"font-weight: 400;\" aria-level=\"1\"><span style=\"font-weight: 400;\">Utiliza\u021bi punctele de colectare municipale, containerele pentru baterii uzate sau op\u021biunile de returnare de la ANTSTORE.<\/span><\/li>\n<li style=\"font-weight: 400;\" aria-level=\"1\"><span style=\"font-weight: 400;\">Fi\u021bi aten\u021bi la simbolul co\u0219ului de gunoi barat \u0219i la etichetarea poluantului.<\/span><\/li>\n<\/ul>\n<p><span style=\"font-weight: 400;\">V\u0103 mul\u021bumim pentru contribu\u021bia activ\u0103 la protec\u021bia mediului prin eliminarea corect\u0103 a bateriilor!<\/span><\/p>\n<h3><br \/><br \/><br \/><br \/><br \/><br \/><\/h3>\n\n\t\t<\/div>\n\t\t\t\t\t<\/div>\n\n\t\n\n<\/div>","protected":false},"excerpt":{"rendered":"","protected":false},"author":1,"featured_media":0,"parent":0,"menu_order":0,"comment_status":"closed","ping_status":"closed","template":"","meta":{"_acf_changed":false,"content-type":"","_monsterinsights_skip_tracking":false,"_monsterinsights_sitenote_active":false,"_monsterinsights_sitenote_note":"","_monsterinsights_sitenote_category":0,"footnotes":""},"class_list":["post-641","page","type-page","status-publish","hentry"],"acf":[],"aioseo_notices":[],"jetpack_sharing_enabled":true,"_links":{"self":[{"href":"https:\/\/antcube.shop\/ro\/wp-json\/wp\/v2\/pages\/641","targetHints":{"allow":["GET"]}}],"collection":[{"href":"https:\/\/antcube.shop\/ro\/wp-json\/wp\/v2\/pages"}],"about":[{"href":"https:\/\/antcube.shop\/ro\/wp-json\/wp\/v2\/types\/page"}],"author":[{"embeddable":true,"href":"https:\/\/antcube.shop\/ro\/wp-json\/wp\/v2\/users\/1"}],"replies":[{"embeddable":true,"href":"https:\/\/antcube.shop\/ro\/wp-json\/wp\/v2\/comments?post=641"}],"version-history":[{"count":3,"href":"https:\/\/antcube.shop\/ro\/wp-json\/wp\/v2\/pages\/641\/revisions"}],"predecessor-version":[{"id":10643,"href":"https:\/\/antcube.shop\/ro\/wp-json\/wp\/v2\/pages\/641\/revisions\/10643"}],"wp:attachment":[{"href":"https:\/\/antcube.shop\/ro\/wp-json\/wp\/v2\/media?parent=641"}],"curies":[{"name":"wp","href":"https:\/\/api.w.org\/{rel}","templated":true}]}}