{"id":639,"date":"2021-07-30T13:35:18","date_gmt":"2021-07-30T11:35:18","guid":{"rendered":"https:\/\/antcube.shop\/?page_id=639"},"modified":"2025-10-16T12:04:23","modified_gmt":"2025-10-16T10:04:23","slug":"metode-de-plata","status":"publish","type":"page","link":"https:\/\/antcube.shop\/ro\/metode-de-plata\/","title":{"rendered":"Metode de plat\u0103"},"content":{"rendered":"<div id=\"gap-1103512030\" class=\"gap-element clearfix\" style=\"display:block; height:auto;\">\n\t\t\n<style>\n#gap-1103512030 {\n  padding-top: 202px;\n}\n@media (min-width:850px) {\n  #gap-1103512030 {\n    padding-top: 172px;\n  }\n}\n<\/style>\n\t<\/div>\n\t\n\n<div class=\"row\"  id=\"row-1411911018\">\n\n\n\t<div id=\"col-247878778\" class=\"col small-12 large-12\"  >\n\t\t\t\t<div class=\"col-inner\"  >\n\t\t\t\n\t\t\t\n\n<h1>Tipuri de pl\u0103\u021bi<\/h1>\n<h3><strong>1. Tipuri de pl\u0103\u021bi<\/strong><\/h3>\n<h3><strong>- Plata anticipat\u0103<\/strong><\/h3>\n<p><img data-recalc-dims=\"1\" loading=\"lazy\" decoding=\"async\" class=\"\" src=\"https:\/\/i0.wp.com\/www.antstore.net\/shop\/images\/icons\/vorkasse.jpg?resize=301%2C97&#038;ssl=1\" alt=\"\" width=\"301\" height=\"97\" \/><\/p>\n<h3><strong>- Sofort\u00fcberweisung \/ Klarna<\/strong><\/h3>\n<p><img data-recalc-dims=\"1\" loading=\"lazy\" decoding=\"async\" class=\"\" src=\"https:\/\/i0.wp.com\/www.antstore.net\/shop\/images\/icons\/sofort.jpg?resize=309%2C99&#038;ssl=1\" alt=\"\" width=\"309\" height=\"99\" \/><\/p>\n<h3><strong>- PayPal<\/strong><\/h3>\n<p><img data-recalc-dims=\"1\" loading=\"lazy\" decoding=\"async\" class=\"\" src=\"https:\/\/i0.wp.com\/www.antstore.net\/shop\/images\/icons\/paypal.jpg?resize=294%2C95&#038;ssl=1\" alt=\"\" width=\"294\" height=\"95\" \/><\/p>\n<p><strong>&#8211;\u00a0<\/strong>- Card de credit op\u021bional (Visa sau Mastercard) \u0219i debit direct (un serviciu PayPal)<\/p>\n<p><img data-recalc-dims=\"1\" loading=\"lazy\" decoding=\"async\" class=\"\" src=\"https:\/\/i0.wp.com\/www.antstore.net\/shop\/images\/icons\/visa-master.JPG?resize=270%2C87&#038;ssl=1\" alt=\"\" width=\"270\" height=\"87\" \/><\/p>\n<p>- Card de credit (Visa, MasterCard) \u0219i debit direct (un serviciu PayPal)<\/p>\n<h3><strong>2. Taxele pentru metoda de plat\u0103 respectiv\u0103:<\/strong><\/h3>\n<p>Nu exist\u0103 comisioane de plat\u0103 pentru metodele de plat\u0103 oferite \u00een UE.<\/p>\n<h3><strong>3. Moneda<\/strong><\/h3>\n<p>Comenzile pot fi plasate \u0219i pl\u0103\u021bile pot fi efectuate numai \u00een euro (moneda standard). Toate celelalte valute afi\u0219ate eventual servesc doar pentru o privire de ansamblu aproximativ\u0103.<br \/>Nu oferim nicio garan\u021bie pentru actualitatea datelor privind cursul de schimb!<\/p>\n<h3><strong>4. Pre\u021buri \u0219i taxe<\/strong><\/h3>\n<p>Germania: Toate pre\u021burile includ TVA-ul \u00een vigoare.<br \/>Uniunea European\u0103 (nu Germania). Toate pre\u021burile includ TVA-ul \u00een vigoare pentru clien\u021bii comerciali cu un cod de TVA. se vor percepe pre\u021buri nete (f\u0103r\u0103 TVA).<\/p>\n\n\t\t<\/div>\n\t\t\t\t\t<\/div>\n\n\t\n\n<\/div>","protected":false},"excerpt":{"rendered":"","protected":false},"author":1,"featured_media":0,"parent":0,"menu_order":0,"comment_status":"closed","ping_status":"closed","template":"","meta":{"_acf_changed":false,"content-type":"","_monsterinsights_skip_tracking":false,"_monsterinsights_sitenote_active":false,"_monsterinsights_sitenote_note":"","_monsterinsights_sitenote_category":0,"footnotes":""},"class_list":["post-639","page","type-page","status-publish","hentry"],"acf":[],"aioseo_notices":[],"jetpack_sharing_enabled":true,"_links":{"self":[{"href":"https:\/\/antcube.shop\/ro\/wp-json\/wp\/v2\/pages\/639","targetHints":{"allow":["GET"]}}],"collection":[{"href":"https:\/\/antcube.shop\/ro\/wp-json\/wp\/v2\/pages"}],"about":[{"href":"https:\/\/antcube.shop\/ro\/wp-json\/wp\/v2\/types\/page"}],"author":[{"embeddable":true,"href":"https:\/\/antcube.shop\/ro\/wp-json\/wp\/v2\/users\/1"}],"replies":[{"embeddable":true,"href":"https:\/\/antcube.shop\/ro\/wp-json\/wp\/v2\/comments?post=639"}],"version-history":[{"count":9,"href":"https:\/\/antcube.shop\/ro\/wp-json\/wp\/v2\/pages\/639\/revisions"}],"predecessor-version":[{"id":6880,"href":"https:\/\/antcube.shop\/ro\/wp-json\/wp\/v2\/pages\/639\/revisions\/6880"}],"wp:attachment":[{"href":"https:\/\/antcube.shop\/ro\/wp-json\/wp\/v2\/media?parent=639"}],"curies":[{"name":"wp","href":"https:\/\/api.w.org\/{rel}","templated":true}]}}