{"id":630,"date":"2021-07-30T13:32:17","date_gmt":"2021-07-30T11:32:17","guid":{"rendered":"https:\/\/antcube.shop\/?page_id=630"},"modified":"2025-07-23T17:23:54","modified_gmt":"2025-07-23T15:23:54","slug":"anunt-juridic","status":"publish","type":"page","link":"https:\/\/antcube.shop\/ro\/anunt-juridic\/","title":{"rendered":"Aviz juridic"},"content":{"rendered":"<div id=\"gap-83769894\" class=\"gap-element clearfix\" style=\"display:block; height:auto;\">\n\t\t\n<style>\n#gap-83769894 {\n  padding-top: 199px;\n}\n@media (min-width:850px) {\n  #gap-83769894 {\n    padding-top: 190px;\n  }\n}\n<\/style>\n\t<\/div>\n\t\n\n<div class=\"row\"  id=\"row-2116617755\">\n\n\n\t<div id=\"col-1745602295\" class=\"col small-12 large-12\"  >\n\t\t\t\t<div class=\"col-inner\"  >\n\t\t\t\n\t\t\t\n\n<h1>Aviz juridic<\/h1>\n<p><strong>ANTCUBE de <\/strong><b>ANTSTORE, Martin Sebesta<\/b><b><br \/><\/b><span style=\"font-weight: 400;\">Selerweg 41<\/span><span style=\"font-weight: 400;\"><br \/><\/span><span style=\"font-weight: 400;\">D-12169 Berlin<\/span><\/p>\n<p><b>Contacta\u021bi<\/b><b><br \/><\/b><span style=\"font-weight: 400;\">Telefon: +49 30 439703870<\/span><span style=\"font-weight: 400;\"><br \/><\/span><span style=\"font-weight: 400;\">E-mail:law@ants.de\u00a0<\/span><\/p>\n<p><b>Num\u0103rul de identificare fiscal\u0103 a v\u00e2nz\u0103rilor: <\/b><span style=\"font-weight: 400;\">DE215167549 <\/span><span style=\"font-weight: 400;\"><br \/><\/span><b>Nr. reg. WEEE: <\/b><span style=\"font-weight: 400;\">DE54590387<\/span><\/p>\n<p><b>Responsabil pentru con\u021binut \u00een conformitate cu \u00a7 55 Abs. 2 RStV: <\/b><b><br \/><\/b><span style=\"font-weight: 400;\">Martin Sebesta (adresa de mai sus)<\/span><\/p>\n<p><b>Informa\u021bii privind utilizarea site-ului web<\/b><b><br \/><\/b><span style=\"font-weight: 400;\">Desc\u0103rcarea sau imprimarea unor pagini sau sec\u021biuni individuale ale site-ului nostru este permis\u0103 pentru uz privat.<\/span><span style=\"font-weight: 400;\"><br \/><\/span><span style=\"font-weight: 400;\"> Reproducerea total\u0103 sau par\u021bial\u0103, distribuirea, transmiterea (electronic\u0103 sau \u00een alt mod), modificarea sau utilizarea acestui site web \u00een scopuri publice sau comerciale sunt interzise f\u0103r\u0103 acordul nostru prealabil scris.<\/span><\/p>\n<p><b>Utilizare autorizat\u0103 \u00een scopuri necomerciale: <\/b><b><br \/><\/b><span style=\"font-weight: 400;\">Utilizarea imaginilor produselor noastre pentru publicitate \u00een magazinele locale este permis\u0103 \u00een urm\u0103toarele condi\u021bii:<\/span><\/p>\n<ul>\n<li style=\"font-weight: 400;\" aria-level=\"1\"><span style=\"font-weight: 400;\">Toate imaginile trebuie s\u0103 fie etichetate cu sursa \u0219i logo-ul nostru (ANTSTORE\/ ANTCUBE\/ PLANTCUBE). <\/span><span style=\"font-weight: 400;\"><br \/><\/span><b>Material tip\u0103rit: <\/b><span style=\"font-weight: 400;\">Surs\u0103: <\/span><a href=\"https:\/\/www.antstore.de\"><span style=\"font-weight: 400;\">www.antstore.de<\/span><span style=\"font-weight: 400;\"><br \/><\/span><\/a><b> Site-uri web: <\/b><span style=\"font-weight: 400;\">Surs\u0103: <\/span><a href=\"https:\/\/www.antstore.de\"><span style=\"font-weight: 400;\">www.antstore.de<\/span><\/a><span style=\"font-weight: 400;\"> (cu link c\u0103tre www.antstore.net\/shop\/) sau <\/span><a href=\"https:\/\/www.antcube.shop\"><span style=\"font-weight: 400;\">www.antcube.shop<\/span><\/a><\/li>\n<\/ul>\n<p><span style=\"font-weight: 400;\">Dac\u0103 ave\u021bi \u00eentreb\u0103ri cu privire la plasarea corect\u0103 a logo-ului \u0219i pentru a-l primi ca fi\u0219ier digital, v\u0103 rug\u0103m s\u0103 ne contacta\u021bi la marketing@antcube.de.<\/span><\/p>\n<p><b>Not\u0103 important\u0103: <\/b><b><br \/><\/b><span style=\"font-weight: 400;\">Utilizarea imaginilor noastre \u00een magazinele online sau \u00een alte scopuri comerciale este interzis\u0103 f\u0103r\u0103 permisiune scris\u0103.<\/span><\/p>\n<p><b>Not\u0103 privind leg\u0103turile de pe site <\/b><b><br \/><\/b><span style=\"font-weight: 400;\">Site-ul nostru con\u021bine linkuri c\u0103tre site-uri externe. Nu ne asum\u0103m nicio responsabilitate pentru con\u021binutul acestor site-uri, deoarece nu avem nicio influen\u021b\u0103 asupra designului \u0219i con\u021binutului acestora.<\/span><\/p>\n<p><span style=\"font-weight: 400;\">Declar\u0103m \u00een mod expres c\u0103 nu adopt\u0103m con\u021binutul site-urilor externe ca fiind al nostru.<\/span><span style=\"font-weight: 400;\"><br \/><\/span><span style=\"font-weight: 400;\"> Link-urile de pe site-ul nostru trebuie \u00een\u021belese ca referin\u021be \"vii\" (dinamice).<\/span><span style=\"font-weight: 400;\"><br \/><\/span><span style=\"font-weight: 400;\"> \u00cen cazul \u00een care determin\u0103m c\u0103 o ofert\u0103 specific\u0103 la care am furnizat un link atrage r\u0103spunderea civil\u0103 sau penal\u0103, vom elimina acest link dac\u0103 acest lucru este posibil din punct de vedere tehnic \u0219i rezonabil.<\/span><\/p>\n<p>Design, con\u021binut \u0219i implementare tehnic\u0103 de c\u0103tre: Janik Wiedemann<\/p>\n\n\t\t<\/div>\n\t\t\t\t\t<\/div>\n\n\t\n\n<\/div>","protected":false},"excerpt":{"rendered":"","protected":false},"author":1,"featured_media":0,"parent":0,"menu_order":0,"comment_status":"closed","ping_status":"closed","template":"","meta":{"_acf_changed":false,"content-type":"","_monsterinsights_skip_tracking":false,"_monsterinsights_sitenote_active":false,"_monsterinsights_sitenote_note":"","_monsterinsights_sitenote_category":0,"footnotes":""},"class_list":["post-630","page","type-page","status-publish","hentry"],"acf":[],"aioseo_notices":[],"jetpack_sharing_enabled":true,"_links":{"self":[{"href":"https:\/\/antcube.shop\/ro\/wp-json\/wp\/v2\/pages\/630","targetHints":{"allow":["GET"]}}],"collection":[{"href":"https:\/\/antcube.shop\/ro\/wp-json\/wp\/v2\/pages"}],"about":[{"href":"https:\/\/antcube.shop\/ro\/wp-json\/wp\/v2\/types\/page"}],"author":[{"embeddable":true,"href":"https:\/\/antcube.shop\/ro\/wp-json\/wp\/v2\/users\/1"}],"replies":[{"embeddable":true,"href":"https:\/\/antcube.shop\/ro\/wp-json\/wp\/v2\/comments?post=630"}],"version-history":[{"count":10,"href":"https:\/\/antcube.shop\/ro\/wp-json\/wp\/v2\/pages\/630\/revisions"}],"predecessor-version":[{"id":12006,"href":"https:\/\/antcube.shop\/ro\/wp-json\/wp\/v2\/pages\/630\/revisions\/12006"}],"wp:attachment":[{"href":"https:\/\/antcube.shop\/ro\/wp-json\/wp\/v2\/media?parent=630"}],"curies":[{"name":"wp","href":"https:\/\/api.w.org\/{rel}","templated":true}]}}