{"id":628,"date":"2021-07-30T13:29:33","date_gmt":"2021-07-30T11:29:33","guid":{"rendered":"https:\/\/antcube.shop\/?page_id=628"},"modified":"2025-11-17T11:20:38","modified_gmt":"2025-11-17T10:20:38","slug":"reseller","status":"publish","type":"page","link":"https:\/\/antcube.shop\/ro\/reseller\/","title":{"rendered":"Deveni\u021bi un rev\u00e2nz\u0103tor"},"content":{"rendered":"<div id=\"gap-1097566218\" class=\"gap-element clearfix\" style=\"display:block; height:auto;\">\n\t\t\n<style>\n#gap-1097566218 {\n  padding-top: 181px;\n}\n@media (min-width:550px) {\n  #gap-1097566218 {\n    padding-top: 185px;\n  }\n}\n@media (min-width:850px) {\n  #gap-1097566218 {\n    padding-top: 137px;\n  }\n}\n<\/style>\n\t<\/div>\n\t\n\n\n  <div class=\"banner has-hover\" id=\"banner-366264749\">\n          <div class=\"banner-inner fill\">\n        <div class=\"banner-bg fill\" >\n            <img loading=\"lazy\" decoding=\"async\" width=\"900\" height=\"600\" src=\"https:\/\/i0.wp.com\/antcube.shop\/wp-content\/uploads\/2021\/09\/pexels-thirdman-5684382-scaled.jpg?fit=900%2C600&amp;ssl=1\" class=\"bg attachment-large size-large\" alt=\"\" \/>                        <div class=\"overlay\"><\/div>            \n                    <\/div>\n\t\t\n        <div class=\"banner-layers container\">\n            <div class=\"fill banner-link\"><\/div>            \n\n   <div id=\"text-box-957174004\" class=\"text-box banner-layer x0 md-x50 lg-x50 y50 md-y85 lg-y35 res-text\">\n                                <div class=\"text-box-content text dark text-shadow-3\">\n              \n              <div class=\"text-inner text-center\">\n                  \n\n\t<div id=\"text-1643058197\" class=\"text\">\n\t\t\n\n<h1><strong>C\u0103ut\u0103m rev\u00e2nz\u0103tori!<\/strong><\/h1>\n<p>C\u0103ut\u0103m distribuitori \u0219i parteneri pentru a vinde produsele noastre ANTCUBE c\u0103tre de\u021bin\u0103torii de furnici din \u00eentreaga lume. Dac\u0103 dori\u021bi s\u0103 v\u0103 al\u0103tura\u021bi nou\u0103 \u0219i s\u0103 participa\u021bi la crearea unei comunit\u0103\u021bi mondiale de iubitori de furnici \u0219i de natur\u0103<\/p>\n\t\t\n<style>\n#text-1643058197 {\n  font-size: 0.75rem;\n  line-height: 1;\n  text-align: center;\n}\n@media (min-width:550px) {\n  #text-1643058197 {\n    font-size: 0.95rem;\n  }\n}\n@media (min-width:850px) {\n  #text-1643058197 {\n    font-size: 1.25rem;\n  }\n}\n<\/style>\n\t<\/div>\n\t\n\t<div id=\"text-692929927\" class=\"text\">\n\t\t\n\n<p>Contacta\u021bi-ne la\u00a0<\/p>\n\t\t\n<style>\n#text-692929927 {\n  font-size: 1.05rem;\n  line-height: 0.75;\n}\n@media (min-width:550px) {\n  #text-692929927 {\n    font-size: 2.25rem;\n  }\n}\n<\/style>\n\t<\/div>\n\t\n\t<div id=\"text-410909409\" class=\"text\">\n\t\t\n\n<p>sales@antcube.de<\/p>\n\t\t\n<style>\n#text-410909409 {\n  font-size: 0.75rem;\n  line-height: 0.75;\n}\n@media (min-width:550px) {\n  #text-410909409 {\n    font-size: 2.25rem;\n  }\n}\n<\/style>\n\t<\/div>\n\t\n\n              <\/div>\n           <\/div>\n                            \n<style>\n#text-box-957174004 {\n  width: 100%;\n}\n#text-box-957174004 .text-box-content {\n  font-size: 100%;\n}\n@media (min-width:550px) {\n  #text-box-957174004 {\n    width: 87%;\n  }\n}\n<\/style>\n    <\/div>\n \n\n        <\/div>\n      <\/div>\n\n              <div class=\"height-fix is-invisible\"><img loading=\"lazy\" decoding=\"async\" width=\"900\" height=\"600\" src=\"https:\/\/i0.wp.com\/antcube.shop\/wp-content\/uploads\/2021\/09\/pexels-thirdman-5684382-scaled.jpg?fit=900%2C600&amp;ssl=1\" class=\"attachment-large size-large\" alt=\"\" srcset=\"https:\/\/i0.wp.com\/antcube.shop\/wp-content\/uploads\/2021\/09\/pexels-thirdman-5684382-scaled.jpg?w=2560&amp;ssl=1 2560w, https:\/\/i0.wp.com\/antcube.shop\/wp-content\/uploads\/2021\/09\/pexels-thirdman-5684382-scaled.jpg?resize=510%2C340&amp;ssl=1 510w, https:\/\/i0.wp.com\/antcube.shop\/wp-content\/uploads\/2021\/09\/pexels-thirdman-5684382-scaled.jpg?resize=600%2C400&amp;ssl=1 600w, https:\/\/i0.wp.com\/antcube.shop\/wp-content\/uploads\/2021\/09\/pexels-thirdman-5684382-scaled.jpg?resize=1200%2C800&amp;ssl=1 1200w, https:\/\/i0.wp.com\/antcube.shop\/wp-content\/uploads\/2021\/09\/pexels-thirdman-5684382-scaled.jpg?resize=768%2C512&amp;ssl=1 768w, https:\/\/i0.wp.com\/antcube.shop\/wp-content\/uploads\/2021\/09\/pexels-thirdman-5684382-scaled.jpg?resize=1536%2C1024&amp;ssl=1 1536w, https:\/\/i0.wp.com\/antcube.shop\/wp-content\/uploads\/2021\/09\/pexels-thirdman-5684382-scaled.jpg?resize=2048%2C1365&amp;ssl=1 2048w\" sizes=\"auto, (max-width: 900px) 100vw, 900px\" \/><\/div>\n            \n<style>\n#banner-366264749 .overlay {\n  background-color: rgba(0, 0, 0, 0.174);\n}\n#banner-366264749 .banner-bg img {\n  object-position: 50% 45%;\n}\n<\/style>\n  <\/div>\n\n\n\t<div id=\"gap-2043815886\" class=\"gap-element clearfix\" style=\"display:block; height:auto;\">\n\t\t\n<style>\n#gap-2043815886 {\n  padding-top: 30px;\n}\n<\/style>\n\t<\/div>\n\t\n\n<div class=\"row\"  id=\"row-515934839\">\n\n\n\t<div id=\"col-39297005\" class=\"col small-12 large-12\"  >\n\t\t\t\t<div class=\"col-inner\"  >\n\t\t\t\n\t\t\t\n\n<div class=\"wp-block-cover alignfull has-nv-site-bg-background-color has-background-dim\">\n<div class=\"wp-block-cover__inner-container\">\n<h2 class=\"has-text-align-center has-neve-text-color-color has-text-color\">Sunte\u021bi interesat s\u0103 vinde\u021bi produsele noastre?<\/h2>\n<\/div>\n<\/div>\n<h2 class=\"has-text-align-center has-medium-font-size\">\u021ainta noastr\u0103<\/h2>\n<p class=\"has-text-align-center\">C\u0103ut\u0103m distribuitori \u0219i parteneri pentru a vinde produsele noastre ANTCUBE c\u0103tre de\u021bin\u0103torii de furnici din \u00eentreaga lume. Dorim s\u0103 construim o comunitate interna\u021bional\u0103 de proprietari de magazine \u0219i pasiona\u021bi pentru a face ca \u00eengrijirea furnicilor s\u0103 fie mai popular\u0103 \u0219i mai profesional\u0103. Dac\u0103 de\u021bine\u021bi deja un magazin sau sunte\u021bi \u00een c\u0103utarea unei noi oportunit\u0103\u021bi de afaceri, nu ezita\u021bi s\u0103 ne contacta\u021bi.<\/p>\n<h2 class=\"has-text-align-center has-medium-font-size\">P\u0103strarea furnicilor este o afacere \u00een cre\u0219tere<\/h2>\n<p class=\"has-text-align-center\">Cre\u0219terea furnicilor a devenit foarte popular\u0103 \u00een ultimii c\u00e2\u021biva ani. Suntem martorii unei comunit\u0103\u021bi \u00een cre\u0219tere de iubitori pasiona\u021bi de furnici din \u00eentreaga lume. \u00cen plus, primim din ce \u00een ce mai multe solicit\u0103ri din partea companiilor, gr\u0103dinilor zoologice, muzeelor, universit\u0103\u021bilor, institu\u021biilor \u0219tiin\u021bifice etc.<\/p>\n<h2 class=\"has-text-align-center has-medium-font-size\" style=\"font-size: 23.04px;\">\u00a0<\/h2>\n<p><img data-recalc-dims=\"1\" loading=\"lazy\" decoding=\"async\" class=\"size-medium wp-image-3944 aligncenter\" src=\"https:\/\/i0.wp.com\/antcube.shop\/wp-content\/uploads\/2021\/11\/Palette-Beispiel-mit-Export-600x400.jpg?resize=600%2C400&#038;ssl=1\" alt=\"\" width=\"600\" height=\"400\" srcset=\"https:\/\/i0.wp.com\/antcube.shop\/wp-content\/uploads\/2021\/11\/Palette-Beispiel-mit-Export-scaled.jpg?resize=600%2C400&amp;ssl=1 600w, https:\/\/i0.wp.com\/antcube.shop\/wp-content\/uploads\/2021\/11\/Palette-Beispiel-mit-Export-scaled.jpg?resize=1200%2C800&amp;ssl=1 1200w, https:\/\/i0.wp.com\/antcube.shop\/wp-content\/uploads\/2021\/11\/Palette-Beispiel-mit-Export-scaled.jpg?resize=768%2C512&amp;ssl=1 768w, https:\/\/i0.wp.com\/antcube.shop\/wp-content\/uploads\/2021\/11\/Palette-Beispiel-mit-Export-scaled.jpg?resize=1536%2C1024&amp;ssl=1 1536w, https:\/\/i0.wp.com\/antcube.shop\/wp-content\/uploads\/2021\/11\/Palette-Beispiel-mit-Export-scaled.jpg?resize=2048%2C1365&amp;ssl=1 2048w, https:\/\/i0.wp.com\/antcube.shop\/wp-content\/uploads\/2021\/11\/Palette-Beispiel-mit-Export-scaled.jpg?resize=18%2C12&amp;ssl=1 18w, https:\/\/i0.wp.com\/antcube.shop\/wp-content\/uploads\/2021\/11\/Palette-Beispiel-mit-Export-scaled.jpg?resize=510%2C340&amp;ssl=1 510w\" sizes=\"auto, (max-width: 600px) 100vw, 600px\" \/><\/p>\n<h2 class=\"has-text-align-center has-medium-font-size\">De ce ANTCUBE?<\/h2>\n<p class=\"has-text-align-center\">Suntem unul dintre cele mai mari \u0219i mai vechi magazine de furnici din lume. Mai mult de 20 de ani de experien\u021b\u0103 \u00een cre\u0219terea furnicilor \u0219i \u00een construirea de formicarii ne-au f\u0103cut ceea ce suntem ast\u0103zi. Suntem convin\u0219i c\u0103 calitatea, durabilitatea \u0219i sustenabilitatea devin din ce \u00een ce mai importante. Prin urmare, ne concentr\u0103m pe sticl\u0103 ca material pentru formicariile noastre. Spre deosebire de acrilic \u0219i plastic, sticla las\u0103 o amprent\u0103 ecologic\u0103 mult mai mic\u0103. \u00cen plus, lucr\u0103m la ambalaje complet reciclabile.<\/p>\n<p class=\"has-text-align-center\">De asemenea, sticla are avantajul c\u0103 nu se deterioreaz\u0103 la nicio temperatur\u0103 sau umiditate potrivit\u0103 pentru p\u0103strarea furnicilor. Geamurile de sticl\u0103 nu se zg\u00e2rie at\u00e2t de repede, nu se deformeaz\u0103 \u0219i nu se decoloreaz\u0103. Cur\u0103\u021barea \u0219i func\u021bionarea sunt u\u0219oare, iar aspectul este foarte natural \u0219i \u0219ic. Protec\u021bia noastr\u0103 \u00eempotriva evad\u0103rii este foarte eficient\u0103, chiar \u0219i \u00een cazul speciilor de furnici deosebit de mici, \u0219i exist\u0103 posibilit\u0103\u021bi infinite de adaptare \u0219i extindere.<\/p>\n<h2 class=\"has-text-align-center has-medium-font-size\">De ce s\u0103 p\u0103strezi furnici?<\/h2>\n<p class=\"has-text-align-center\">Furnicile sunt foarte u\u0219or de \u00eentre\u021binut, \u00een func\u021bie de specie. Ave\u021bi nevoie de pu\u021bin spa\u021biu \u0219i le pute\u021bi hr\u0103ni cu aproape orice. Furnicile nu provoac\u0103 aproape deloc mirosuri, sunt animale foarte curate, nu fac zgomot \u0219i nu produc aproape niciun cost dup\u0103 achizi\u021bionarea coloniei \u0219i a formicarului. \u00cen plus, nu trebuie s\u0103 mearg\u0103 niciodat\u0103 la veterinar.<\/p>\n<p class=\"has-text-align-center\">Furnicile sunt incredibil de fascinante. S\u0103 prive\u0219ti cum o singur\u0103 regin\u0103 \u00ee\u0219i cre\u0219te primele lucr\u0103toare pe parcursul mai multor ani \u0219i apoi s\u0103 vezi cum colonia ei cre\u0219te \u0219i ajunge la mii de membri de-a lungul anilor, printr-o cooperare \u0219i o utilizare perfect\u0103 a resurselor, este o experien\u021b\u0103 unic\u0103. Sunt animale extrem de sociale, iar unele specii formeaz\u0103 caste diferite, cum ar fi muncitoarele, solda\u021bii, fermierii sau chiar infirmierele \u0219i, ghici ce, toate sunt femele. Furnicile sunt, de asemenea, incredibil de importante pentru mediul nostru \u00eenconjur\u0103tor. Nu numai c\u0103 sunt prezente \u00een fiecare ecosistem locuibil din lume, dar sunt mai specializate \u0219i mai versatile dec\u00e2t orice alt\u0103 specie. Furnicile sunt, de asemenea, asem\u0103n\u0103toare cu noi \u00een ceea ce prive\u0219te modul lor de via\u021b\u0103. Diviziunea muncii, convie\u021buirea \u00een colonii mari \u00eentr-un spa\u021biu restr\u00e2ns \u0219i utilizarea diferitelor niveluri ale lan\u021bului trofic \u00een toate ecosistemele le fac s\u0103 aib\u0103 at\u00e2t de mult succes, la fel ca noi, oamenii. Singura diferen\u021b\u0103 este c\u0103 noi nu suntem nici pe departe la fel de eficien\u021bi, iar furnicile exist\u0103 de peste 130 de milioane de ani, \u00een timp ce oamenii exist\u0103 doar de aproximativ 300.000 de ani.<\/p>\n\n\t\t<\/div>\n\t\t\t\t\t<\/div>\n\n\t\n\n<\/div>\n<div class=\"row\"  id=\"row-447657705\">\n\n\n\t<div id=\"col-517890178\" class=\"col medium-6 large-6\"  >\n\t\t\t\t<div class=\"col-inner\" style=\"background-color:#61ca9f;\" >\n\t\t\t\n\t\t\t\n\n<div class=\"container section-title-container\" ><h3 class=\"section-title section-title-normal\"><b aria-hidden=\"true\"><\/b><span class=\"section-title-main\" ><i class=\"icon-envelop\" aria-hidden=\"true\"><\/i>Contacta\u021bi-ne<\/span><b aria-hidden=\"true\"><\/b><\/h3><\/div>\n\n\t<div id=\"text-3810564932\" class=\"text\">\n\t\t\n\n<\/p>\n<ul>\n<li><strong>E-mail<\/strong>: sales@antcube.de<\/li>\n<li><strong>Telefon<\/strong>: +49 30 439703870<\/li>\n<\/ul>\n<p><strong>Ore de lucru <\/strong>(UTC\/GMT +1):<\/p>\n<ul>\n<li>De mar\u021bi p\u00e2n\u0103 vineri de la 10:00 - 18:00<\/li>\n<\/ul>\n\n\t\t\n<style>\n#text-3810564932 {\n  font-size: 0.75rem;\n}\n@media (min-width:550px) {\n  #text-3810564932 {\n    font-size: 1.5rem;\n  }\n}\n<\/style>\n\t<\/div>\n\t\n\t<div id=\"gap-1032534312\" class=\"gap-element clearfix\" style=\"display:block; height:auto;\">\n\t\t\n<style>\n#gap-1032534312 {\n  padding-top: 60px;\n}\n<\/style>\n\t<\/div>\n\t\n\n\t<div class=\"img has-hover x md-x lg-x y md-y lg-y\" id=\"image_228392997\">\n\t\t\t\t\t\t\t\t<div class=\"img-inner dark\" >\n\t\t\t<img data-recalc-dims=\"1\" loading=\"lazy\" decoding=\"async\" width=\"900\" height=\"900\" src=\"https:\/\/i0.wp.com\/antcube.shop\/wp-content\/uploads\/2021\/09\/Firmeneingang.jpg?resize=900%2C900&#038;ssl=1\" class=\"attachment-original size-original\" alt=\"Intrarea ANTSTORE\" srcset=\"https:\/\/i0.wp.com\/antcube.shop\/wp-content\/uploads\/2021\/09\/Firmeneingang.jpg?w=900&amp;ssl=1 900w, https:\/\/i0.wp.com\/antcube.shop\/wp-content\/uploads\/2021\/09\/Firmeneingang.jpg?resize=247%2C247&amp;ssl=1 247w, https:\/\/i0.wp.com\/antcube.shop\/wp-content\/uploads\/2021\/09\/Firmeneingang.jpg?resize=100%2C100&amp;ssl=1 100w, https:\/\/i0.wp.com\/antcube.shop\/wp-content\/uploads\/2021\/09\/Firmeneingang.jpg?resize=510%2C510&amp;ssl=1 510w, https:\/\/i0.wp.com\/antcube.shop\/wp-content\/uploads\/2021\/09\/Firmeneingang.jpg?resize=400%2C400&amp;ssl=1 400w, https:\/\/i0.wp.com\/antcube.shop\/wp-content\/uploads\/2021\/09\/Firmeneingang.jpg?resize=800%2C800&amp;ssl=1 800w, https:\/\/i0.wp.com\/antcube.shop\/wp-content\/uploads\/2021\/09\/Firmeneingang.jpg?resize=280%2C280&amp;ssl=1 280w, https:\/\/i0.wp.com\/antcube.shop\/wp-content\/uploads\/2021\/09\/Firmeneingang.jpg?resize=768%2C768&amp;ssl=1 768w\" sizes=\"auto, (max-width: 900px) 100vw, 900px\" \/>\t\t\t\t\t\t\n\t\t\t\t\t<\/div>\n\t\t\t\t\t\t\t\t\n<style>\n#image_228392997 {\n  width: 100%;\n}\n<\/style>\n\t<\/div>\n\t\n\n\n\t\t<\/div>\n\t\t\t\t\t<\/div>\n\n\t\n\n\t<div id=\"col-685784659\" class=\"col medium-6 large-6\"  >\n\t\t\t\t<div class=\"col-inner\"  >\n\t\t\t\n\t\t\t\n\n<div class=\"container section-title-container\" ><h3 class=\"section-title section-title-normal\"><b aria-hidden=\"true\"><\/b><span class=\"section-title-main\" >Vizita\u021bi magazinul nostru<\/span><b aria-hidden=\"true\"><\/b><\/h3><\/div>\n\n\t<div id=\"text-3194603074\" class=\"text\">\n\t\t\n\n<p><strong>Adres\u0103:<\/strong><\/p>\n<ul>\n<li>Strada: Selerweg 41<\/li>\n<li>Cod po\u0219tal: D - 12169<\/li>\n<li>Ora\u0219: Berlin<\/li>\n<li>\u021aar\u0103: Germania<\/li>\n<li>Districtul: Steglitz-Zehlendorf<\/li>\n<\/ul>\n<p><strong>Ore de deschidere<\/strong> (UTC\/GMT +1)<\/p>\n<ul>\n<li>De mar\u021bi p\u00e2n\u0103 vineri 13:00 - 18:00<\/li>\n<\/ul>\n<p><strong>COVID-19 NOT\u0102:<\/strong> Magazinul nostru cu am\u0103nuntul este <strong>\u00eenchis din martie 2020<\/strong> sau care nu sunt \u00eenc\u0103 accesibile vizitatorilor. Cu toate acestea, pute\u021bi s\u0103 comanda\u021bi \u0219i s\u0103 pl\u0103ti\u021bi produsele noastre online \u0219i apoi fie s\u0103 ridica\u021bi totul de la u\u0219a noastr\u0103, fie s\u0103 le trimitem la domiciliu prin servicii de colet\u0103rie. Echipa noastr\u0103 de asisten\u021b\u0103 este \u00een continuare disponibil\u0103 pentru solicit\u0103rile dumneavoastr\u0103 prin e-mail sau telefon! V\u0103 vom \u021bine la curent cu nout\u0103\u021bile.<\/p>\n<p><iframe loading=\"lazy\" style=\"border: 0;\" src=\"https:\/\/www.google.com\/maps\/embed?pb=!1m18!1m12!1m3!1d2431.3708399886823!2d13.335121715997175!3d52.454311048847416!2m3!1f0!2f0!3f0!3m2!1i1024!2i768!4f13.1!3m3!1m2!1s0x47a85a9242e5bc07%3A0xc44ee1d5a0728440!2sANTSTORE!5e0!3m2!1sde!2sde!4v1632470583913!5m2!1sde!2sde\" width=\"600\" height=\"450\" allowfullscreen=\"allowfullscreen\"><\/iframe><\/p>\n\t\t\n<style>\n#text-3194603074 {\n  font-size: 0.75rem;\n}\n<\/style>\n\t<\/div>\n\t\n\n\t\t<\/div>\n\t\t\t\t\t<\/div>\n\n\t\n\n<\/div>","protected":false},"excerpt":{"rendered":"","protected":false},"author":1,"featured_media":0,"parent":0,"menu_order":0,"comment_status":"closed","ping_status":"closed","template":"","meta":{"_acf_changed":false,"content-type":"","_monsterinsights_skip_tracking":false,"_monsterinsights_sitenote_active":false,"_monsterinsights_sitenote_note":"","_monsterinsights_sitenote_category":0,"footnotes":""},"class_list":["post-628","page","type-page","status-publish","hentry"],"acf":[],"aioseo_notices":[],"jetpack_sharing_enabled":true,"_links":{"self":[{"href":"https:\/\/antcube.shop\/ro\/wp-json\/wp\/v2\/pages\/628","targetHints":{"allow":["GET"]}}],"collection":[{"href":"https:\/\/antcube.shop\/ro\/wp-json\/wp\/v2\/pages"}],"about":[{"href":"https:\/\/antcube.shop\/ro\/wp-json\/wp\/v2\/types\/page"}],"author":[{"embeddable":true,"href":"https:\/\/antcube.shop\/ro\/wp-json\/wp\/v2\/users\/1"}],"replies":[{"embeddable":true,"href":"https:\/\/antcube.shop\/ro\/wp-json\/wp\/v2\/comments?post=628"}],"version-history":[{"count":10,"href":"https:\/\/antcube.shop\/ro\/wp-json\/wp\/v2\/pages\/628\/revisions"}],"predecessor-version":[{"id":12738,"href":"https:\/\/antcube.shop\/ro\/wp-json\/wp\/v2\/pages\/628\/revisions\/12738"}],"wp:attachment":[{"href":"https:\/\/antcube.shop\/ro\/wp-json\/wp\/v2\/media?parent=628"}],"curies":[{"name":"wp","href":"https:\/\/api.w.org\/{rel}","templated":true}]}}