{"id":500,"date":"2021-07-21T10:22:03","date_gmt":"2021-07-21T08:22:03","guid":{"rendered":"https:\/\/antcube.shop\/?page_id=500"},"modified":"2024-12-03T12:41:56","modified_gmt":"2024-12-03T11:41:56","slug":"termeni-si-conditii","status":"publish","type":"page","link":"https:\/\/antcube.shop\/ro\/termeni-si-conditii\/","title":{"rendered":"Termeni \u0219i condi\u021bii"},"content":{"rendered":"<div id=\"gap-1446374073\" class=\"gap-element clearfix\" style=\"display:block; height:auto;\">\n\t\t\n<style>\n#gap-1446374073 {\n  padding-top: 196px;\n}\n@media (min-width:850px) {\n  #gap-1446374073 {\n    padding-top: 190px;\n  }\n}\n<\/style>\n\t<\/div>\n\t\n\n<div class=\"row\"  id=\"row-2014098793\">\n\n\n\t<div id=\"col-1532664749\" class=\"col small-12 large-12\"  >\n\t\t\t\t<div class=\"col-inner\"  >\n\t\t\t\n\t\t\t\n\n<h1><b>Termeni \u0219i condi\u021bii generale <\/b><\/h1>\n<p><b>pentru <\/b><a href=\"http:\/\/www.antcube.shop\"><b>www.antcube.shop<\/b><\/a><span style=\"font-weight: 400;\"> ANTSTORE, Martin Sebesta, Selerweg 41, 12169 Berlin, denumit \u00een continuare \"v\u00e2nz\u0103tor\".<\/span><\/p>\n<h2><b>\u00a7 1 Domeniul de aplicare, informa\u021bii generale, defini\u021bii<\/b><\/h2>\n<p><span style=\"font-weight: 400;\">(1) Ace\u0219ti termeni \u0219i condi\u021bii generale (TCG) se aplic\u0103 tuturor comenzilor de bunuri \u0219i servicii prin intermediul magazinului online de pe site <\/span><b>antcube.magazin<\/b><span style=\"font-weight: 400;\">, operat de ANTSTORE, Martin Sebesta, Selerweg 41, 12169 Berlin. E-mail: <\/span><a href=\"mailto:verkauf@antstore.de\"><span style=\"font-weight: 400;\">verkauf@antstore.de<\/span><\/a><span style=\"font-weight: 400;\"> \/ law@ants.de\u00a0<\/span><\/p>\n<p><span style=\"font-weight: 400;\">(2) V\u00e2nz\u0103torul ofer\u0103 produse pentru p\u0103strarea furnicilor \u0219i accesorii \u00een special prin intermediul magazinului s\u0103u online. CGA se aplic\u0103 rela\u021biei comerciale dintre v\u00e2nz\u0103tor \u0219i client \u00een versiunea valabil\u0103 la momentul comenzii.<\/span><\/p>\n<p><span style=\"font-weight: 400;\">(3) Un consumator \u00een sensul prezentelor CGC este orice persoan\u0103 fizic\u0103 care \u00eencheie o tranzac\u021bie juridic\u0103 \u00een scopuri care sunt predominant \u00een afara comer\u021bului, afacerii sau profesiei sale. \u00centreprinz\u0103torii sunt persoane fizice sau juridice sau parteneriate care, atunci c\u00e2nd \u00eencheie o tranzac\u021bie juridic\u0103, ac\u021bioneaz\u0103 \u00een exercitarea activit\u0103\u021bii lor comerciale sau independente.<\/span><\/p>\n<p><span style=\"font-weight: 400;\">(4) Acordurile contractuale individuale prevaleaz\u0103 asupra prezentelor CGC. Termenii \u0219i condi\u021biile divergente ale clientului sunt recunoscute numai dac\u0103 v\u00e2nz\u0103torul a fost de acord \u00een mod expres cu acestea.<\/span><\/p>\n<h2><b>\u00a7 2 \u00cencheierea contractului<\/b><\/h2>\n<p><span style=\"font-weight: 400;\">(1) Cu excep\u021bia cazului \u00een care se men\u021bioneaz\u0103 altfel pe pagina produsului respectiv, zona de livrare cuprinde Uniunea European\u0103.<\/span><\/p>\n<p><span style=\"font-weight: 400;\">(2) Prezentarea bunurilor pe site-ul internet al v\u00e2nz\u0103torului constituie o ofert\u0103 obligatorie. Bunurile comandate se pot abate u\u0219or de la bunurile prezentate pe internet \u00een limite rezonabile datorit\u0103 posibilit\u0103\u021bilor tehnice de prezentare, \u00een special pot exista abateri de culoare, \u00een m\u0103sura \u00een care acest lucru este rezonabil.<\/span><\/p>\n<p><span style=\"font-weight: 400;\">(3) Prin bifarea c\u0103su\u021bei albastre \"<\/span><span style=\"font-weight: 400;\">Prin comanda dvs. declara\u021bi c\u0103 a\u021bi citit \u0219i a\u021bi \u00een\u021beles oferta noastr\u0103<\/span><b>&#8221; <\/b><span style=\"font-weight: 400;\">\u0219i apoi <\/span><span style=\"font-weight: 400;\">f\u0103c\u00e2nd clic pe butonul \"Cump\u0103ra\u021bi acum\" sau fiind redirec\u021bionat c\u0103tre PayPal prin intermediul butonului \"Pl\u0103ti\u021bi cu PayPal\" \u0219i finaliz\u00e2nd procesul de plat\u0103 acolo, clientul prezint\u0103 o ofert\u0103 obligatorie de achizi\u021bionare a bunurilor din co\u0219ul de cump\u0103r\u0103turi \u0219i accept\u0103 valabilitatea prezentelor TCG.<\/span><\/p>\n<p><span style=\"font-weight: 400;\">(4) V\u00e2nz\u0103torul confirm\u0103 primirea comenzii prin e-mail (confirmarea comenzii). Cu toate acestea, aceast\u0103 confirmare a comenzii nu constituie o acceptare a ofertei. Contractul este \u00eencheiat numai atunci c\u00e2nd este trimis\u0103 o confirmare de comand\u0103 sau o confirmare de expediere.<\/span><\/p>\n<p><span style=\"font-weight: 400;\">(5) V\u00e2nz\u0103torul \u00ee\u0219i rezerv\u0103 dreptul de a accepta sau respinge comenzile \u00een termen de cinci zile lucr\u0103toare. \u00cen cazul \u00een care comanda nu este acceptat\u0103, clientul va fi informat prin e-mail.<\/span><\/p>\n<p><span style=\"font-weight: 400;\">(6) \u00cen cazul unor probleme de livrare imprevizibile sau al indisponibilit\u0103\u021bii bunurilor pentru care v\u00e2nz\u0103torul nu este responsabil, at\u00e2t v\u00e2nz\u0103torul, c\u00e2t \u0219i clientul se pot retrage din contract. Clientul va fi informat imediat, iar pl\u0103\u021bile efectuate vor fi rambursate f\u0103r\u0103 \u00eent\u00e2rziere.<\/span><\/p>\n<p><span style=\"font-weight: 400;\">(7) \u00cen cazul \u00een care clientul comand\u0103 bunurile pe cale electronic\u0103, textul contractului este salvat de v\u00e2nz\u0103tor \u0219i trimis clientului \u00eempreun\u0103 cu CGV cu efecte juridice prin e-mail dup\u0103 \u00eencheierea contractului.<\/span><\/p>\n<h2><b>\u00a7 3 Contul clientului<\/b><\/h2>\n<p><span style=\"font-weight: 400;\">(1) Achizi\u021biile prin intermediul site-ului nostru web sunt, \u00een general, posibile numai cu \u00eenregistrare. Cu toate acestea, poate fi necesar\u0103 crearea unui cont de client pentru a accesa anumite func\u021bii.<\/span><\/p>\n<p><span style=\"font-weight: 400;\">(2) Nu exist\u0103 niciun drept la un cont de client. Se pot \u00eenregistra numai persoanele fizice majore care utilizeaz\u0103 contul \u00een scopuri private sau antreprenorii \u0219i persoanele juridice sau parteneriatele cu capacitate juridic\u0103 care ac\u021bioneaz\u0103 \u00een exercitarea activit\u0103\u021bii lor comerciale sau profesionale independente la \u00eencheierea tranzac\u021biei juridice. Datele de acces trebuie s\u0103 fie tratate confiden\u021bial \u0219i nu pot fi transmise ter\u021bilor.<\/span><\/p>\n<p><span style=\"font-weight: 400;\">(3) \u00cenregistr\u0103rile multiple nu sunt permise. Clien\u021bii \u00ee\u0219i pot \u0219terge contul \u00een orice moment prin intermediul gestion\u0103rii contului.<\/span><\/p>\n<h2><b>\u00a7 4 P\u0103strarea titlului<\/b><\/h2>\n<p><span style=\"font-weight: 400;\">(1) \u00cen cazul consumatorilor, v\u00e2nz\u0103torul p\u0103streaz\u0103 dreptul de proprietate asupra bunurilor p\u00e2n\u0103 la plata integral\u0103 a pre\u021bului de achizi\u021bie. \u00cen cazul \u00eentreprinz\u0103torilor, acest lucru se aplic\u0103 p\u00e2n\u0103 la solu\u021bionarea tuturor crean\u021belor care decurg din rela\u021bia comercial\u0103 actual\u0103.<\/span><\/p>\n<p><span style=\"font-weight: 400;\">(2) \u00cen caz de \u00eenc\u0103lcare a contractului de c\u0103tre client, \u00een special \u00een caz de neplat\u0103, de informa\u021bii false furnizate de client cu privire la solvabilitatea sa sau dac\u0103 se depune o cerere de deschidere a procedurii de insolven\u021b\u0103, v\u00e2nz\u0103torul are dreptul - dac\u0103 este necesar, dup\u0103 stabilirea unui termen - s\u0103 se retrag\u0103 din contract \u0219i s\u0103 solicite returnarea bunurilor, cu condi\u021bia ca clientul s\u0103 nu fi pl\u0103tit \u00eenc\u0103 contravaloarea sau s\u0103 nu o fi pl\u0103tit integral.<\/span><\/p>\n<p><span style=\"font-weight: 400;\">(3) Antreprenorul este autorizat s\u0103 rev\u00e2nd\u0103 bunurile \u00een cursul normal al activit\u0103\u021bii. Prin prezenta, el cedeaz\u0103 v\u00e2nz\u0103torului toate crean\u021bele \u00een cuantum egal cu valoarea facturii care \u00eei revin fa\u021b\u0103 de o ter\u021b\u0103 parte ca urmare a rev\u00e2nz\u0103rii. V\u00e2nz\u0103torul accept\u0103 cesiunea. Dup\u0103 cesiune, antreprenorul este autorizat s\u0103 \u00eencaseze crean\u021ba. V\u00e2nz\u0103torul \u00ee\u0219i rezerv\u0103 dreptul de a \u00eencasa el \u00eensu\u0219i crean\u021ba de \u00eendat\u0103 ce antreprenorul nu \u00ee\u0219i \u00eendepline\u0219te \u00een mod corespunz\u0103tor obliga\u021biile de plat\u0103 \u0219i este \u00een \u00eent\u00e2rziere cu plata.<\/span><\/p>\n<p><span style=\"font-weight: 400;\">(4) V\u00e2nz\u0103torul se angajeaz\u0103 s\u0103 elibereze garan\u021biile la care are dreptul, la cererea clientului, \u00een m\u0103sura \u00een care valoarea realizabil\u0103 a garan\u021biilor dep\u0103\u0219e\u0219te crean\u021ba care urmeaz\u0103 s\u0103 fie garantat\u0103 cu mai mult de 10%. Alegerea garan\u021biilor care urmeaz\u0103 s\u0103 fie eliberate revine v\u00e2nz\u0103torului.<\/span><\/p>\n<h2><b>\u00a7 5 Pre\u021buri \u0219i condi\u021bii de plat\u0103<\/b><\/h2>\n<p><span style=\"font-weight: 400;\">(1) Pre\u021burile indicate sunt pre\u021buri brute, sunt obligatorii \u0219i includ TVA legal\u0103 \u0219i nu includ orice <a href=\"https:\/\/antcube.shop\/en\/shipping-costs-delivery-restrictions\/\">costuri de expediere<\/a> suportate, inclusiv TVA. Se aplic\u0103 suma afi\u0219at\u0103 la momentul comenzii. Pre\u021bul, inclusiv TVA \u0219i costurile de expediere, vor fi, de asemenea, afi\u0219ate \u00een formularul de comand\u0103 \u00eenainte ca clientul s\u0103 trimit\u0103 comanda. Costurile de expediere pot fi g\u0103site \u0219i \u00een site-ul nostru <\/span><a href=\"https:\/\/antcube.shop\/en\/shipping-costs-delivery-restrictions\/\"><b>prezentare general\u0103 a costurilor de expediere.<\/b><\/a><\/p>\n<p><span style=\"font-weight: 400;\">(2) Clientul se angajeaz\u0103 s\u0103 pl\u0103teasc\u0103 pre\u021bul total \u00een termen de 14 zile de la primirea confirm\u0103rii comenzii prin e-mail sau a facturii. Dup\u0103 expirarea acestui termen, clientul se afl\u0103 \u00een incapacitate de plat\u0103. \u00cen timpul perioadei de \u00eent\u00e2rziere, consumatorul pl\u0103te\u0219te dob\u00e2nzi la datorie \u00een cuantum de 5 puncte procentuale peste rata dob\u00e2nzii de baz\u0103. \u00cen timpul perioadei de punere \u00een \u00eent\u00e2rziere, antreprenorul pl\u0103te\u0219te dob\u00e2nzi la datorie \u00een cuantum de 9 puncte procentuale peste rata de baz\u0103. \u00cen caz de neplat\u0103 a unei cereri de plat\u0103, antreprenorul datoreaz\u0103, de asemenea, o plat\u0103 forfetar\u0103 de 40 de euro, inclusiv TVA. Acest lucru se aplic\u0103 \u0219i \u00een cazul \u00een care antreprenorul este \u00een \u00eent\u00e2rziere cu o plat\u0103 \u00een avans sau cu o alt\u0103 plat\u0103 e\u0219alonat\u0103. V\u00e2nz\u0103torul \u00ee\u0219i rezerv\u0103 dreptul de a solicita antreprenorului desp\u0103gubiri mai mari pentru \u00eent\u00e2rziere. Suma forfetar\u0103 \u00een conformitate cu teza 5 se compenseaz\u0103 cu o crean\u021b\u0103 pentru daunele datorate, \u00een m\u0103sura \u00een care daunele se bazeaz\u0103 pe costurile unei ac\u021biuni \u00een justi\u021bie.<\/span><\/p>\n<p><span style=\"font-weight: 400;\">(3) Clientul are un drept de compensare numai \u00een cazul \u00een care crean\u021bele sale reconven\u021bionale au fost stabilite \u00een mod legal, recunoscute sau nu au fost contestate de v\u00e2nz\u0103tor. Acest lucru nu aduce atingere dreptului clientului de a compensa crean\u021bele contractuale \u0219i de alt\u0103 natur\u0103 care decurg din ini\u021bierea sau executarea acestei rela\u021bii contractuale. Clientul poate exercita un drept de reten\u021bie numai dac\u0103 cererea sa reconven\u021bional\u0103 se bazeaz\u0103 pe aceea\u0219i rela\u021bie contractual\u0103.<\/span><\/p>\n<p><span style=\"font-weight: 400;\">(4) Modific\u0103rile, extinderile \u0219i limit\u0103rile comenzii dup\u0103 \u00eencheierea contractului vor fi luate \u00een considerare de v\u00e2nz\u0103tor \u00een m\u0103sura \u00een care este posibil. Pentru acestea, v\u00e2nz\u0103torul va percepe o tax\u0103 de procesare de 10,00 EUR, inclusiv TVA, cu excep\u021bia cazurilor de anulare sau a cererilor de garan\u021bie. Pentru comenzile care trebuie procesate manual, care nu sunt procesate prin intermediul magazinului online, percepem o tax\u0103 de procesare de 20,00 \u20ac cu TVA inclus\u0103. Sunt excluse de la aceast\u0103 tax\u0103 comenzile cu bunuri care nu pot fi comandate prin intermediul magazinului online, de exemplu, produsele personalizate.<\/span><\/p>\n<p><span style=\"font-weight: 400;\">(5) Animalele comandate care urmeaz\u0103 s\u0103 fie expediate la o dat\u0103 ulterioar\u0103 celei convenite contractual, la cererea clientului, vor fi taxate cu 2,00 EUR, inclusiv TVA, pe zi &amp; gyne (efort de \u00eengrijire) din ziua comenzii p\u00e2n\u0103 \u00een ziua expedierii. Este posibil un termen maxim de 30 de zile.<\/span><\/p>\n<h2><b>\u00a7 6 <a href=\"https:\/\/antcube.shop\/en\/payment-methods-and-conditions\/\">Metode de plat\u0103<\/a><\/b><\/h2>\n<p><span style=\"font-weight: 400;\">(1) Pre\u021bul de achizi\u021bie poate fi pl\u0103tit \u00een avans, prin transfer bancar, card de credit sau PayPal. La plata prin PayPal, se aplic\u0103 condi\u021biile de utilizare ale acestuia. Informa\u021bii suplimentare pot fi g\u0103site \u00een <a href=\"https:\/\/antcube.shop\/en\/privacy-policy\/\">politica de confiden\u021bialitate<\/a>.<\/span><\/p>\n<h2><b>\u00a7 7 Condi\u021bii de expediere \u0219i livrare<\/b><\/h2>\n<p><span style=\"font-weight: 400;\">(1) Livr\u0103m numai c\u0103tre statele membre ale Uniunii Europene, cu excep\u021bia teritoriilor europene de peste m\u0103ri sau a exclavelor \u0219i a regiunilor cu autonomie fiscal\u0103 (denumite de Uniunea European\u0103 \"regiuni ultraperiferice\"). Timpul de livrare estimat pentru Germania \u0219i alte \u021b\u0103ri este indicat \u00een <\/span><a href=\"https:\/\/antcube.shop\/en\/shipping-costs-delivery-restrictions\/\"><b>prezentare general\u0103 a costurilor de expediere.<\/b><\/a><\/p>\n<p><span style=\"font-weight: 400;\">(2) Perioada de livrare \u00eencepe la o zi dup\u0103 autorizarea pl\u0103\u021bii \u00een cazul pl\u0103\u021bii \u00een avans\/ transferului bancar sau PayPal. Pentru alte metode de plat\u0103, termenul \u00eencepe la o zi dup\u0103 plasarea comenzii.<\/span><\/p>\n<p><span style=\"font-weight: 400;\">(3) \u00cen cazul \u00een care \u00eenceputul sau sf\u00e2r\u0219itul termenului cade \u00eentr-o s\u00e2mb\u0103t\u0103, duminic\u0103 sau \u00eentr-o s\u0103rb\u0103toare legal\u0103, \u00eenceputul sau sf\u00e2r\u0219itul termenului se am\u00e2n\u0103 pentru urm\u0103toarea zi lucr\u0103toare.<\/span><\/p>\n<p><span style=\"font-weight: 400;\">(4) V\u00e2nz\u0103torul are dreptul de a efectua livr\u0103ri par\u021biale dac\u0103 acest lucru este rezonabil pentru client. Acest lucru nu trebuie s\u0103 conduc\u0103 la costuri suplimentare pentru client.<\/span><\/p>\n<p><span style=\"font-weight: 400;\">(5) \u00cen cazul \u00een care clientul alege s\u0103 \u00ee\u0219i ridice comanda de la magazinul nostru, acesta va fi informat prin e-mail c\u0103 comanda este preg\u0103tit\u0103 pentru ridicare.<\/span><\/p>\n<h2><b>\u00a7 8 Transferul de risc<\/b><\/h2>\n<p><span style=\"font-weight: 400;\">(1) \u00cen cazul consumatorilor, riscul de pierdere accidental\u0103 \u0219i de deteriorare a bunurilor este transferat clientului \u00een momentul pred\u0103rii.<\/span><\/p>\n<p><span style=\"font-weight: 400;\">(2) \u00cen cazul \u00eentreprinz\u0103torilor, riscul este transferat clientului la predarea c\u0103tre societatea de transport.<\/span><\/p>\n<p><span style=\"font-weight: 400;\">(3) \u00cen cazul \u00een care clientul este \u00een \u00eent\u00e2rziere cu privire la acceptare, aceasta este considerat\u0103 echivalent\u0103 cu predarea.<\/span><\/p>\n<h2><b>\u00a7 9 Garan\u021bie<\/b><\/h2>\n<p><span style=\"font-weight: 400;\">(1) Garan\u021bia este reglementat\u0103 de dispozi\u021biile legale. Perioada de garan\u021bie pentru consumatori este de 2 ani de la livrarea bunurilor. Spre deosebire de aceasta, perioada de garan\u021bie pentru \u00eentreprinz\u0103tori este de 1 an de la livrare. Perioada de garan\u021bie pentru bunurile uzate este, de asemenea, de 1 an de la livrarea bunurilor. Perioada de garan\u021bie de un an nu se aplic\u0103 \u00een cazul \u00een care v\u00e2nz\u0103torul poate fi acuzat de neglijen\u021b\u0103 grav\u0103, nici \u00een cazul v\u0103t\u0103m\u0103rii corporale \u0219i a s\u0103n\u0103t\u0103\u021bii imputabile v\u00e2nz\u0103torului \u0219i \u00een cazul pierderii vie\u021bii clientului, \u00een cazul unei garan\u021bii \u0219i \u00een cazul recursului la livrare \u00een conformitate cu \u00a7\u00a7 478, 479 BGB. R\u0103spunderea v\u00e2nz\u0103torului \u00een temeiul Legii privind r\u0103spunderea pentru produse r\u0103m\u00e2ne neafectat\u0103 de prezenta<\/span><\/p>\n<p><span style=\"font-weight: 400;\">(2) Prin derogare de la alin. 1, termenul normal de prescrip\u021bie se aplic\u0103 \u00een cazul \u00een care v\u00e2nz\u0103torul a ascuns \u00een mod fraudulos un defect<\/span><\/p>\n<p><span style=\"font-weight: 400;\">(3) Bunurile comandate se pot abate u\u0219or de la bunurile prezentate pe internet, \u00een limite rezonabile. Se face trimitere la \u00a7 2 alin. 2 din prezentele CGC.<\/span><\/p>\n<p><span style=\"font-weight: 400;\">(4) Consumatorii pot alege \u00eentre reparare sau \u00eenlocuire. V\u00e2nz\u0103torul poate refuza tipul ales de executare ulterioar\u0103 \u00een cazul \u00een care aceasta este posibil\u0103 numai cu costuri dispropor\u021bionate.<\/span><\/p>\n<p><span style=\"font-weight: 400;\">(5) Defectele evidente trebuie raportate de antreprenori \u00een termen de dou\u0103 s\u0103pt\u0103m\u00e2ni de la primirea bunurilor. \u00cen caz contrar, revendicarea garan\u021biei este exclus\u0103. Expedierea sau notificarea la timp este suficient\u0103 pentru respectarea termenului. Pentru comercian\u021bi, se aplic\u0103 \u00a7 377 HGB.<\/span><\/p>\n<p><span style=\"font-weight: 400;\">(6) Garan\u021bia nu acoper\u0103 daunele cauzate de manipularea necorespunz\u0103toare. Garan\u021biile produc\u0103torului r\u0103m\u00e2n neafectate.<\/span><\/p>\n<h2><b>\u00a7 10 Limit\u0103ri ale r\u0103spunderii<\/b><\/h2>\n<p><span style=\"font-weight: 400;\">(1) \u00cen caz de neglijen\u021b\u0103 u\u0219oar\u0103, v\u00e2nz\u0103torul este r\u0103spunz\u0103tor numai pentru daunele previzibile tipice contractului. Aceast\u0103 limitare se aplic\u0103 \u0219i agen\u021bilor indirec\u021bi ai v\u00e2nz\u0103torului.<\/span><\/p>\n<p><span style=\"font-weight: 400;\">(2) Limit\u0103rile r\u0103spunderii nu se aplic\u0103 \u00een caz de inten\u021bie frauduloas\u0103, de \u00eenc\u0103lcare a obliga\u021biilor contractuale materiale sau de v\u0103t\u0103mare a vie\u021bii, a integrit\u0103\u021bii corporale sau a s\u0103n\u0103t\u0103\u021bii.<\/span><\/p>\n<p><span style=\"font-weight: 400;\">(3) Clientul este obligat s\u0103 ia m\u0103surile adecvate pentru a preveni \u0219i minimiza daunele.<\/span><\/p>\n<p><span style=\"font-weight: 400;\">(4) V\u00e2nz\u0103torul este r\u0103spunz\u0103tor numai pentru con\u021binutul propriu de pe site-ul web al magazinului s\u0103u online. \u00cen m\u0103sura \u00een care link-urile ofer\u0103 acces la alte site-uri web, v\u00e2nz\u0103torul nu este responsabil pentru con\u021binutul ter\u021bilor con\u021binut \u00een acestea. El nu adopt\u0103 con\u021binutul ter\u021bilor ca fiind al s\u0103u propriu. \u00cen cazul \u00een care v\u00e2nz\u0103torul are cuno\u0219tin\u021b\u0103 de con\u021binut ilegal pe site-uri externe, acesta va bloca imediat accesul la aceste pagini.<\/span><\/p>\n<h2><b>\u00a7 11 Protec\u021bia datelor<\/b><\/h2>\n<p><span style=\"font-weight: 400;\">Datele colectate \u00een timpul procesului de comand\u0103 sunt prelucrate pentru \u00eendeplinirea contractului. Informa\u021bii suplimentare, \u00een special cu privire la transferul de date c\u0103tre ter\u021bi, pot fi g\u0103site \u00een <a href=\"https:\/\/antcube.shop\/en\/privacy-policy\/\">politica de confiden\u021bialitate<\/a> pe site-ul nostru.<\/span><\/p>\n<h2><b>\u00a7 12 Dispozi\u021bii finale \u0219i solu\u021bionarea litigiilor<\/b><\/h2>\n<p><span style=\"font-weight: 400;\">(1) Se aplic\u0103 dreptul Republicii Federale Germania. Pentru consumatori, aceasta se aplic\u0103 numai \u00een m\u0103sura \u00een care protec\u021bia acordat\u0103 nu este limitat\u0103 de dispozi\u021biile imperative ale \u021b\u0103rii \u00een care consumatorul \u00ee\u0219i are re\u0219edin\u021ba obi\u0219nuit\u0103. Dispozi\u021biile Conven\u021biei ONU privind contractele de v\u00e2nzare interna\u021bional\u0103 de bunuri nu se aplic\u0103. \u00a7 Sec\u021biunea 16 alin. 14 teza 2 nr. 6 TDSG r\u0103m\u00e2ne neafectat\u0103.<\/span><\/p>\n<p><span style=\"font-weight: 400;\">(2) Comisia European\u0103 pune la dispozi\u021bie o platform\u0103 pentru solu\u021bionarea online a litigiilor (OS), care poate fi accesat\u0103 la adresa https:\/\/ec.europa.eu\/consumers\/odr. Adresa noastr\u0103 de e-mail este: law@ants.de\u00a0<\/span><\/p>\n<p><a href=\"https:\/\/antcube.shop\/en\/shipping-costs-delivery-restrictions\/\"><b>Costuri de expediere\/ condi\u021bii de expediere<\/b><\/a><\/p>\n<p><a href=\"https:\/\/antcube.shop\/en\/privacy-policy\/\"><b>Politica de confiden\u021bialitate<\/b><\/a><\/p>\n<p><a href=\"https:\/\/antcube.shop\/en\/payment-methods-and-conditions\/\"><b>Op\u021biuni de plat\u0103<\/b><\/a><\/p>\n<p><a href=\"https:\/\/antcube.shop\/en\/refund-policy\/\"><b>Dreptul de anulare<\/b><\/a><\/p>\n\n\t\t<\/div>\n\t\t\t\t\t<\/div>\n\n\t\n\n<\/div>","protected":false},"excerpt":{"rendered":"","protected":false},"author":1,"featured_media":0,"parent":0,"menu_order":0,"comment_status":"closed","ping_status":"closed","template":"","meta":{"_acf_changed":false,"content-type":"","_monsterinsights_skip_tracking":false,"_monsterinsights_sitenote_active":false,"_monsterinsights_sitenote_note":"","_monsterinsights_sitenote_category":0,"footnotes":""},"class_list":["post-500","page","type-page","status-publish","hentry"],"acf":[],"aioseo_notices":[],"jetpack_sharing_enabled":true,"_links":{"self":[{"href":"https:\/\/antcube.shop\/ro\/wp-json\/wp\/v2\/pages\/500","targetHints":{"allow":["GET"]}}],"collection":[{"href":"https:\/\/antcube.shop\/ro\/wp-json\/wp\/v2\/pages"}],"about":[{"href":"https:\/\/antcube.shop\/ro\/wp-json\/wp\/v2\/types\/page"}],"author":[{"embeddable":true,"href":"https:\/\/antcube.shop\/ro\/wp-json\/wp\/v2\/users\/1"}],"replies":[{"embeddable":true,"href":"https:\/\/antcube.shop\/ro\/wp-json\/wp\/v2\/comments?post=500"}],"version-history":[{"count":10,"href":"https:\/\/antcube.shop\/ro\/wp-json\/wp\/v2\/pages\/500\/revisions"}],"predecessor-version":[{"id":10710,"href":"https:\/\/antcube.shop\/ro\/wp-json\/wp\/v2\/pages\/500\/revisions\/10710"}],"wp:attachment":[{"href":"https:\/\/antcube.shop\/ro\/wp-json\/wp\/v2\/media?parent=500"}],"curies":[{"name":"wp","href":"https:\/\/api.w.org\/{rel}","templated":true}]}}