{"id":2477,"date":"2021-09-30T10:42:35","date_gmt":"2021-09-30T08:42:35","guid":{"rendered":"https:\/\/antcube.shop\/?page_id=2477"},"modified":"2023-12-15T12:50:14","modified_gmt":"2023-12-15T11:50:14","slug":"pasul-3","status":"publish","type":"page","link":"https:\/\/antcube.shop\/ro\/furnica-finder\/intermediar\/pasul-3\/","title":{"rendered":"Pasul 3"},"content":{"rendered":"<div id=\"gap-514822013\" class=\"gap-element clearfix\" style=\"display:block; height:auto;\">\n\t\t\n<style>\n#gap-514822013 {\n  padding-top: 201px;\n}\n@media (min-width:850px) {\n  #gap-514822013 {\n    padding-top: 175px;\n  }\n}\n<\/style>\n\t<\/div>\n\t\n\n<div class=\"row\"  id=\"row-1721399050\">\n\n\n\t<div id=\"col-99656961\" class=\"col small-12 large-12\"  >\n\t\t\t\t<div class=\"col-inner\"  >\n\t\t\t\n\t\t\t\n\n\t<div id=\"text-1509041672\" class=\"text\">\n\t\t\n\n<h3>Furnici pentru de\u021bin\u0103torii experimenta\u021bi de furnici<\/h3>\n<p>Deoarece furnicile tr\u0103iesc \u00een habitate foarte diferite, cu condi\u021bii climatice foarte diferite, trebuie s\u0103 v\u0103 asigura\u021bi c\u0103 le pute\u021bi asigura temperatura \u0219i umiditatea potrivite.<\/p>\n<p>\u00a0<\/p>\n<p>Pentru a men\u021bine umiditatea potrivit\u0103, trebuie doar s\u0103 umezi\u021bi furnicarul, de exemplu, cu o sticl\u0103 de pulverizare. C\u00e2nd vine vorba de men\u021binerea temperaturii potrivite, \u00eens\u0103, lucrurile devin pu\u021bin mai complicate. Ave\u021bi nevoie fie de o lamp\u0103 de c\u0103ldur\u0103, de un covora\u0219 sau de un cablu de \u00eenc\u0103lzire, fie de \u00eenc\u0103lzirea camerei \u00een care v\u0103 \u021bine\u021bi furnicile la temperatura potrivit\u0103.<\/p>\n<p>\u00a0<\/p>\n<p>Cu toate acestea, exist\u0103 multe specii pe care le pute\u021bi p\u0103stra la temperatura camerei. Chiar dac\u0103 este cu 1-3 grade C\u00b0 mai mic\u0103 dec\u00e2t temperatura recomandat\u0103, de obicei nu reprezint\u0103 o problem\u0103.\u00a0<\/p>\n\t\t\n<style>\n#text-1509041672 {\n  text-align: center;\n}\n<\/style>\n\t<\/div>\n\t\n\n\t\t<\/div>\n\t\t\t\t\t<\/div>\n\n\t\n\n<\/div>\n\t<div id=\"text-2699507408\" class=\"text\">\n\t\t\n\n<p><strong>\u00centrebare: C\u0103uta\u021bi o specie de furnici pe care s\u0103 o pute\u021bi p\u0103stra la temperatura camerei?<\/strong><\/p>\n\t\t\n<style>\n#text-2699507408 {\n  font-size: 1.8rem;\n  text-align: center;\n}\n<\/style>\n\t<\/div>\n\t\n<div class=\"row\"  id=\"row-765523287\">\n\n\n\t<div id=\"col-569785956\" class=\"col medium-6 small-12 large-6\"  >\n\t\t\t\t<div class=\"col-inner\"  >\n\t\t\t\n\t\t\t\n\n<a href=\"https:\/\/antcube.shop\/ant-finder\/intermediate\/step-3\/step-5\/\" class=\"button secondary expand\" >\n\t\t<span>Da, vreau s\u0103 le p\u0103strez la temperatura camerei.<\/span>\n\t<\/a>\n\n\n\n\t\t<\/div>\n\t\t\t\t\t<\/div>\n\n\t\n\n\t<div id=\"col-1101648391\" class=\"col medium-6 small-12 large-6\"  >\n\t\t\t\t<div class=\"col-inner\"  >\n\t\t\t\n\t\t\t\n\n<a href=\"https:\/\/antcube.shop\/ant-finder\/intermediate\/step-3\/step-6\/\" class=\"button secondary expand\" >\n\t\t<span>Nu, voi asigura temperatura necesar\u0103<\/span>\n\t<\/a>\n\n\n\n\t\t<\/div>\n\t\t\t\t\t<\/div>\n\n\t\n\n<\/div>","protected":false},"excerpt":{"rendered":"","protected":false},"author":1,"featured_media":0,"parent":2468,"menu_order":0,"comment_status":"closed","ping_status":"closed","template":"","meta":{"_acf_changed":false,"content-type":"","_monsterinsights_skip_tracking":false,"_monsterinsights_sitenote_active":false,"_monsterinsights_sitenote_note":"","_monsterinsights_sitenote_category":0,"footnotes":""},"class_list":["post-2477","page","type-page","status-publish","hentry"],"acf":[],"aioseo_notices":[],"jetpack_sharing_enabled":true,"_links":{"self":[{"href":"https:\/\/antcube.shop\/ro\/wp-json\/wp\/v2\/pages\/2477","targetHints":{"allow":["GET"]}}],"collection":[{"href":"https:\/\/antcube.shop\/ro\/wp-json\/wp\/v2\/pages"}],"about":[{"href":"https:\/\/antcube.shop\/ro\/wp-json\/wp\/v2\/types\/page"}],"author":[{"embeddable":true,"href":"https:\/\/antcube.shop\/ro\/wp-json\/wp\/v2\/users\/1"}],"replies":[{"embeddable":true,"href":"https:\/\/antcube.shop\/ro\/wp-json\/wp\/v2\/comments?post=2477"}],"version-history":[{"count":10,"href":"https:\/\/antcube.shop\/ro\/wp-json\/wp\/v2\/pages\/2477\/revisions"}],"predecessor-version":[{"id":6869,"href":"https:\/\/antcube.shop\/ro\/wp-json\/wp\/v2\/pages\/2477\/revisions\/6869"}],"up":[{"embeddable":true,"href":"https:\/\/antcube.shop\/ro\/wp-json\/wp\/v2\/pages\/2468"}],"wp:attachment":[{"href":"https:\/\/antcube.shop\/ro\/wp-json\/wp\/v2\/media?parent=2477"}],"curies":[{"name":"wp","href":"https:\/\/api.w.org\/{rel}","templated":true}]}}