{"id":2468,"date":"2021-09-30T10:04:30","date_gmt":"2021-09-30T08:04:30","guid":{"rendered":"https:\/\/antcube.shop\/?page_id=2468"},"modified":"2023-12-15T12:50:52","modified_gmt":"2023-12-15T11:50:52","slug":"intermediar","status":"publish","type":"page","link":"https:\/\/antcube.shop\/ro\/furnica-finder\/intermediar\/","title":{"rendered":"intermediar"},"content":{"rendered":"<div id=\"gap-405303751\" class=\"gap-element clearfix\" style=\"display:block; height:auto;\">\n\t\t\n<style>\n#gap-405303751 {\n  padding-top: 200px;\n}\n@media (min-width:850px) {\n  #gap-405303751 {\n    padding-top: 175px;\n  }\n}\n<\/style>\n\t<\/div>\n\t\n\n<div class=\"row\"  id=\"row-661350845\">\n\n\n\t<div id=\"col-1782372505\" class=\"col small-12 large-12\"  >\n\t\t\t\t<div class=\"col-inner\"  >\n\t\t\t\n\t\t\t\n\n\t<div id=\"text-170074102\" class=\"text\">\n\t\t\n\n<h3>Furnici pentru de\u021bin\u0103torii experimenta\u021bi de furnici<\/h3>\n<p>Multe specii de furnici din regiunile mai reci trebuie s\u0103 hiberneze. Acest lucru variaz\u0103 \u00een func\u021bie de originea speciei. Furnicile care hiberneaz\u0103 \u00een s\u0103lb\u0103ticie ar trebui s\u0103 fac\u0103 acela\u0219i lucru \u00een casa dumneavoastr\u0103. Dac\u0103 nu le oferi\u021bi animalelor pauza lor natural\u0103, atunci cre\u0219terea coloniei poate \u00eencetini sau regina poate muri foarte devreme.\u00a0<\/p>\n<p>Unele furnici hiberneaz\u0103 doar trei luni, \u00een timp ce altele au nevoie de o perioad\u0103 de patru-cinci luni (de obicei \u00eentre noiembrie \u0219i martie). De asemenea, temperatura de care unele specii au nevoie pentru hibernare difer\u0103. De exemplu, speciile din nordul Europei au nevoie de temperaturi cuprinse \u00eentre 5\u00b0C \u0219i 8\u00b0C, \u00een timp ce speciile din sudul Europei au nevoie de temperaturi de aproximativ 15\u00b0C. Speciile din nordul Europei \u00ee\u0219i \u00eenceteaz\u0103 complet activitatea \u00een timpul hibern\u0103rii, iar speciile din sudul Europei sunt \u00eenc\u0103 u\u0219or active.<\/p>\n\t\t\n<style>\n#text-170074102 {\n  text-align: center;\n}\n<\/style>\n\t<\/div>\n\t\n\n\t\t<\/div>\n\t\t\t\t\t<\/div>\n\n\t\n\n<\/div>\n\t<div id=\"text-2413353913\" class=\"text\">\n\t\t\n\n<p><strong>\u00centrebare: C\u0103uta\u021bi o specie de furnici cu sau f\u0103r\u0103 hibernare?<\/strong><\/p>\n\t\t\n<style>\n#text-2413353913 {\n  font-size: 1.8rem;\n  text-align: center;\n}\n<\/style>\n\t<\/div>\n\t\n<div class=\"row\" style=\"max-width:650px\" id=\"row-2073091021\">\n\n\n\t<div id=\"col-1860410281\" class=\"col medium-6 small-12 large-6\"  >\n\t\t\t\t<div class=\"col-inner\"  >\n\t\t\t\n\t\t\t\n\n<a href=\"https:\/\/antcube.shop\/ant-finder\/intermediate\/step-3\/\" class=\"button secondary expand\" >\n\t\t<span>Furnici care au nevoie de hibernare<\/span>\n\t<\/a>\n\n\n\n\t\t<\/div>\n\t\t\t\t\t<\/div>\n\n\t\n\n\t<div id=\"col-756788830\" class=\"col medium-6 small-12 large-6\"  >\n\t\t\t\t<div class=\"col-inner\"  >\n\t\t\t\n\t\t\t\n\n<a href=\"https:\/\/antcube.shop\/ant-finder\/intermediate\/step-4\/\" class=\"button secondary expand\" >\n\t\t<span>f\u0103r\u0103 hibernare<\/span>\n\t<\/a>\n\n\n\n\t\t<\/div>\n\t\t\t\t\t<\/div>\n\n\t\n\n<\/div>","protected":false},"excerpt":{"rendered":"","protected":false},"author":1,"featured_media":0,"parent":721,"menu_order":0,"comment_status":"closed","ping_status":"closed","template":"","meta":{"_acf_changed":false,"content-type":"","_monsterinsights_skip_tracking":false,"_monsterinsights_sitenote_active":false,"_monsterinsights_sitenote_note":"","_monsterinsights_sitenote_category":0,"footnotes":""},"class_list":["post-2468","page","type-page","status-publish","hentry"],"acf":[],"aioseo_notices":[],"jetpack_sharing_enabled":true,"_links":{"self":[{"href":"https:\/\/antcube.shop\/ro\/wp-json\/wp\/v2\/pages\/2468","targetHints":{"allow":["GET"]}}],"collection":[{"href":"https:\/\/antcube.shop\/ro\/wp-json\/wp\/v2\/pages"}],"about":[{"href":"https:\/\/antcube.shop\/ro\/wp-json\/wp\/v2\/types\/page"}],"author":[{"embeddable":true,"href":"https:\/\/antcube.shop\/ro\/wp-json\/wp\/v2\/users\/1"}],"replies":[{"embeddable":true,"href":"https:\/\/antcube.shop\/ro\/wp-json\/wp\/v2\/comments?post=2468"}],"version-history":[{"count":10,"href":"https:\/\/antcube.shop\/ro\/wp-json\/wp\/v2\/pages\/2468\/revisions"}],"predecessor-version":[{"id":6870,"href":"https:\/\/antcube.shop\/ro\/wp-json\/wp\/v2\/pages\/2468\/revisions\/6870"}],"up":[{"embeddable":true,"href":"https:\/\/antcube.shop\/ro\/wp-json\/wp\/v2\/pages\/721"}],"wp:attachment":[{"href":"https:\/\/antcube.shop\/ro\/wp-json\/wp\/v2\/media?parent=2468"}],"curies":[{"name":"wp","href":"https:\/\/api.w.org\/{rel}","templated":true}]}}