{"id":1367,"date":"2021-09-10T13:49:47","date_gmt":"2021-09-10T11:49:47","guid":{"rendered":"https:\/\/antcube.shop\/?page_id=1367"},"modified":"2023-12-15T12:41:13","modified_gmt":"2023-12-15T11:41:13","slug":"habitat-padure","status":"publish","type":"page","link":"https:\/\/antcube.shop\/ro\/formicarium-finder\/tip-cuib\/cuib-de-sol\/habitat-padure\/","title":{"rendered":"Habitat P\u0103dure"},"content":{"rendered":"<div id=\"gap-1037345753\" class=\"gap-element clearfix\" style=\"display:block; height:auto;\">\n\t\t\n<style>\n#gap-1037345753 {\n  padding-top: 184px;\n}\n@media (min-width:550px) {\n  #gap-1037345753 {\n    padding-top: 194px;\n  }\n}\n@media (min-width:850px) {\n  #gap-1037345753 {\n    padding-top: 165px;\n  }\n}\n<\/style>\n\t<\/div>\n\t\n\n\n  <div class=\"banner has-hover\" id=\"banner-2077290638\">\n          <div class=\"banner-inner fill\">\n        <div class=\"banner-bg fill\" >\n            <img data-recalc-dims=\"1\" loading=\"lazy\" decoding=\"async\" width=\"1020\" height=\"765\" src=\"https:\/\/i0.wp.com\/antcube.shop\/wp-content\/uploads\/2021\/09\/Starter-Set-Wald.jpg?resize=1020%2C765&#038;ssl=1\" class=\"bg attachment-original size-original\" alt=\"ANTCUBE Starter Set P\u0103dure Habitat pentru furnici\" \/>                        <div class=\"overlay\"><\/div>            \n                    <\/div>\n\t\t\n        <div class=\"banner-layers container\">\n            <a class=\"fill\" href=\"https:\/\/antcube.shop\/produkt\/antcube-starter-set-m-20x20-wald\/\"><div class=\"fill banner-link\"><\/div><\/a>            \n\n   <div id=\"text-box-284249863\" class=\"text-box banner-layer x50 md-x50 lg-x50 y5 md-y5 lg-y5 res-text\">\n                                <div class=\"text-box-content text dark text-shadow-3\">\n              \n              <div class=\"text-inner text-center\">\n                  \n\n\t<div id=\"text-2490312907\" class=\"text\">\n\t\t\n\n<h3 class=\"uppercase\"><strong>Set de pornire pentru furnici care tr\u0103iesc \u00een p\u0103duri<\/strong><\/h3>\n\t\t\n<style>\n#text-2490312907 {\n  color: rgb(0,0,0);\n}\n#text-2490312907 > * {\n  color: rgb(0,0,0);\n}\n<\/style>\n\t<\/div>\n\t\n\n              <\/div>\n           <\/div>\n                            \n<style>\n#text-box-284249863 {\n  width: 60%;\n}\n#text-box-284249863 .text-box-content {\n  font-size: 100%;\n}\n<\/style>\n    <\/div>\n \n\n        <\/div>\n      <\/div>\n\n            \n<style>\n#banner-2077290638 {\n  padding-top: 50%;\n}\n#banner-2077290638 .overlay {\n  background-color: rgba(0, 0, 0, 0);\n}\n#banner-2077290638 .banner-bg img {\n  object-position: 50% 45%;\n}\n@media (min-width:550px) {\n  #banner-2077290638 {\n    padding-top: 50%;\n  }\n}\n@media (min-width:850px) {\n  #banner-2077290638 {\n    padding-top: 800px;\n  }\n}\n<\/style>\n  <\/div>\n\n\n\t<div id=\"gap-1690418772\" class=\"gap-element clearfix\" style=\"display:block; height:auto;\">\n\t\t\n<style>\n#gap-1690418772 {\n  padding-top: 50px;\n}\n<\/style>\n\t<\/div>\n\t\n\n<div class=\"row\"  id=\"row-1368465085\">\n\n\n\t<div id=\"col-1385899202\" class=\"col medium-6 small-12 large-6\"  >\n\t\t\t\t<div class=\"col-inner\"  >\n\t\t\t\n\t\t\t\n\n\t<div id=\"text-2534749730\" class=\"text\">\n\t\t\n\n<h3>Set de pornire P\u0103dure<\/h3>\n<p>Acest set de pornire este special conceput pentru furnicile care tr\u0103iesc \u00een p\u0103duri. Solul inclus \u00een set pentru umplerea furnicarului \u0219i a arenei este foarte bine acceptat de speciile din acest habitat. Dopurile \u0219i capacele de gril\u0103 incluse pentru a \u00eenchide g\u0103urile sunt adaptate pentru a men\u021bine condi\u021biile climatice adecvate.<\/p>\n<p>\u00a0<\/p>\n<p>De \u00eendat\u0103 ce setul de pornire devine prea mic pentru colonia de furnici, \u00eel pute\u021bi extinde. Toate fermele \u0219i arenele noastre de furnici pot fi conectate la acest set. Dac\u0103 ave\u021bi nevoie de un alt material pentru cuiburi, pute\u021bi folosi, de asemenea, unul dintre inser\u021biile noastre pentru cuiburi, de exemplu plut\u0103 sau gips.<\/p>\n\t\t\n<style>\n#text-2534749730 {\n  text-align: center;\n}\n<\/style>\n\t<\/div>\n\t\n\n\t\t<\/div>\n\t\t\t\t\t<\/div>\n\n\t\n\n\t<div id=\"col-1269475573\" class=\"col medium-6 small-12 large-6\"  >\n\t\t\t\t<div class=\"col-inner\"  >\n\t\t\t\n\t\t\t\n\n\t<div class=\"img has-hover x md-x lg-x y md-y lg-y\" id=\"image_1877561222\">\n\t\t\t\t\t\t\t\t<div class=\"img-inner dark\" >\n\t\t\t<img data-recalc-dims=\"1\" loading=\"lazy\" decoding=\"async\" width=\"1020\" height=\"680\" src=\"https:\/\/i0.wp.com\/antcube.shop\/wp-content\/uploads\/2021\/08\/wolfgang-hasselmann-QfO8ZLPfNxE-unsplash-scaled.jpg?resize=1020%2C680&#038;ssl=1\" class=\"attachment-original size-original\" alt=\"\" srcset=\"https:\/\/i0.wp.com\/antcube.shop\/wp-content\/uploads\/2021\/08\/wolfgang-hasselmann-QfO8ZLPfNxE-unsplash-scaled.jpg?w=2560&amp;ssl=1 2560w, https:\/\/i0.wp.com\/antcube.shop\/wp-content\/uploads\/2021\/08\/wolfgang-hasselmann-QfO8ZLPfNxE-unsplash-scaled.jpg?resize=510%2C340&amp;ssl=1 510w, https:\/\/i0.wp.com\/antcube.shop\/wp-content\/uploads\/2021\/08\/wolfgang-hasselmann-QfO8ZLPfNxE-unsplash-scaled.jpg?resize=600%2C400&amp;ssl=1 600w, https:\/\/i0.wp.com\/antcube.shop\/wp-content\/uploads\/2021\/08\/wolfgang-hasselmann-QfO8ZLPfNxE-unsplash-scaled.jpg?resize=1200%2C800&amp;ssl=1 1200w, https:\/\/i0.wp.com\/antcube.shop\/wp-content\/uploads\/2021\/08\/wolfgang-hasselmann-QfO8ZLPfNxE-unsplash-scaled.jpg?resize=768%2C512&amp;ssl=1 768w, https:\/\/i0.wp.com\/antcube.shop\/wp-content\/uploads\/2021\/08\/wolfgang-hasselmann-QfO8ZLPfNxE-unsplash-scaled.jpg?resize=1536%2C1024&amp;ssl=1 1536w, https:\/\/i0.wp.com\/antcube.shop\/wp-content\/uploads\/2021\/08\/wolfgang-hasselmann-QfO8ZLPfNxE-unsplash-scaled.jpg?resize=2048%2C1365&amp;ssl=1 2048w\" sizes=\"auto, (max-width: 1020px) 100vw, 1020px\" \/>\t\t\t\t\t\t\n\t\t\t\t\t<\/div>\n\t\t\t\t\t\t\t\t\n<style>\n#image_1877561222 {\n  width: 100%;\n}\n<\/style>\n\t<\/div>\n\t\n\n\n\t\t<\/div>\n\t\t\t\t\t<\/div>\n\n\t\n\n<\/div>\n<div class=\"row\"  id=\"row-1933908173\">\n\n\n\t<div id=\"col-114604680\" class=\"col small-12 large-12\"  >\n\t\t\t\t<div class=\"col-inner\"  >\n\t\t\t\n\t\t\t\n\n            <div class=\"row\"><div class=\"large-12 col\">\n          <div style=\"background-color:#FFF;\" class=\"slider flipContainer slider-nav-circle slide box-shadow-2\"\n            data-flickity-options='{              \"cellAlign\": \"center\",              \"wrapAround\": true,              \"percentPosition\": true,              \"imagesLoaded\": true,              \"pageDots\": true,              \"contain\": true          }'>\n                        <div class=\"slide\" style=\"background-color:#FFF;\">  <div class=\"row row-collapse align-middle flip-slide\" style=\"width:100%\">\n        <div class=\"large-6 col flip-page-one\">\n        <div class=\"featured-product col-inner\">\n          <a href=\"https:\/\/antcube.shop\/ro\/produs\/antcube-starter-set-l-20x20-wald\/\">\n                <div class=\"product-image relative\">\n                   <div class=\"front-image\">\n                    <img loading=\"lazy\" decoding=\"async\" width=\"510\" height=\"510\" src=\"https:\/\/i0.wp.com\/antcube.shop\/wp-content\/uploads\/2023\/02\/Starter-Set-Wald.jpg?fit=510%2C510&amp;ssl=1\" class=\"attachment-woocommerce_single size-woocommerce_single wp-post-image\" alt=\"Set de pornire P\u0103dure\" srcset=\"https:\/\/i0.wp.com\/antcube.shop\/wp-content\/uploads\/2023\/02\/Starter-Set-Wald.jpg?w=750&amp;ssl=1 750w, https:\/\/i0.wp.com\/antcube.shop\/wp-content\/uploads\/2023\/02\/Starter-Set-Wald.jpg?resize=400%2C400&amp;ssl=1 400w, https:\/\/i0.wp.com\/antcube.shop\/wp-content\/uploads\/2023\/02\/Starter-Set-Wald.jpg?resize=280%2C280&amp;ssl=1 280w, https:\/\/i0.wp.com\/antcube.shop\/wp-content\/uploads\/2023\/02\/Starter-Set-Wald.jpg?resize=12%2C12&amp;ssl=1 12w, https:\/\/i0.wp.com\/antcube.shop\/wp-content\/uploads\/2023\/02\/Starter-Set-Wald.jpg?resize=247%2C247&amp;ssl=1 247w, https:\/\/i0.wp.com\/antcube.shop\/wp-content\/uploads\/2023\/02\/Starter-Set-Wald.jpg?resize=510%2C510&amp;ssl=1 510w, https:\/\/i0.wp.com\/antcube.shop\/wp-content\/uploads\/2023\/02\/Starter-Set-Wald.jpg?resize=100%2C100&amp;ssl=1 100w\" sizes=\"auto, (max-width: 510px) 100vw, 510px\" \/>                  <\/div>\n                  \n<div class=\"badge-container absolute left top z-1\">\n\n<\/div>\n                <\/div>\n          <\/a>\n        <\/div>\n        <\/div>\n       <div class=\"large-6 col flip-page-two\">\n        <div class=\"product-info col-inner inner-padding\">\n              <h1 class=\"entry-title\"><a href=\"https:\/\/antcube.shop\/ro\/produs\/antcube-starter-set-l-20x20-wald\/\">ANTCUBE Starter Set L - 20\u00d720 - P\u0103dure<\/a><\/h1>\n              <div class=\"is-divider medium\"><\/div>\n              <div class=\"price-wrapper\">\n\t<p class=\"price product-page-price\">\n  <span class=\"woocommerce-Price-amount amount\"><bdi>169,90&nbsp;<span class=\"woocommerce-Price-currencySymbol\">\u20ac<\/span><\/bdi><\/span><\/p>\n<\/div>\n<div class=\"product-short-description\">\n\t<p>The set consists of 26 parts and \u00a0is suitable for all species of ants that live in forests.<br \/>\nDimensiune: <span style=\"color: #0000ff;\"><strong>L<\/strong><\/span><\/p>\n<\/div>\n<div class=\"product_meta\">\n\n\t\n\n\t\n\t\t<span class=\"sku_wrapper\">SKU: <span class=\"sku\">1005515<\/span><\/span>\n\n\t\n\t<span class=\"posted_in\">Categorii: <a href=\"https:\/\/antcube.shop\/ro\/categorie-produs\/seturi-de-pornire\/\" rel=\"tag\">Seturi pentru \u00eencep\u0103tori<\/a>, <a href=\"https:\/\/antcube.shop\/ro\/categorie-produs\/seturi-de-pornire\/seturi-de-initiere-habitat\/\" rel=\"tag\">Seturi pentru \u00eencep\u0103tori Habitat<\/a><\/span>\n\t\n\t\n<\/div>\n              <a href=\"https:\/\/antcube.shop\/ro\/produs\/antcube-starter-set-l-20x20-wald\/\" class=\"button\">Cite\u0219te mai mult<\/a>\n         <\/div>\n        <\/div>\n<\/div>\n<\/div>\n                        <div class=\"slide\" style=\"background-color:#FFF;\">  <div class=\"row row-collapse align-middle flip-slide\" style=\"width:100%\">\n        <div class=\"large-6 col flip-page-one\">\n        <div class=\"featured-product col-inner\">\n          <a href=\"https:\/\/antcube.shop\/ro\/produs\/antcube-starter-set-m-20x20-wald\/\">\n                <div class=\"product-image relative\">\n                   <div class=\"front-image\">\n                    <img loading=\"lazy\" decoding=\"async\" width=\"510\" height=\"510\" src=\"https:\/\/i0.wp.com\/antcube.shop\/wp-content\/uploads\/2023\/02\/Starter-Set-Wald.jpg?fit=510%2C510&amp;ssl=1\" class=\"attachment-woocommerce_single size-woocommerce_single wp-post-image\" alt=\"Set de pornire P\u0103dure\" srcset=\"https:\/\/i0.wp.com\/antcube.shop\/wp-content\/uploads\/2023\/02\/Starter-Set-Wald.jpg?w=750&amp;ssl=1 750w, https:\/\/i0.wp.com\/antcube.shop\/wp-content\/uploads\/2023\/02\/Starter-Set-Wald.jpg?resize=400%2C400&amp;ssl=1 400w, https:\/\/i0.wp.com\/antcube.shop\/wp-content\/uploads\/2023\/02\/Starter-Set-Wald.jpg?resize=280%2C280&amp;ssl=1 280w, https:\/\/i0.wp.com\/antcube.shop\/wp-content\/uploads\/2023\/02\/Starter-Set-Wald.jpg?resize=12%2C12&amp;ssl=1 12w, https:\/\/i0.wp.com\/antcube.shop\/wp-content\/uploads\/2023\/02\/Starter-Set-Wald.jpg?resize=247%2C247&amp;ssl=1 247w, https:\/\/i0.wp.com\/antcube.shop\/wp-content\/uploads\/2023\/02\/Starter-Set-Wald.jpg?resize=510%2C510&amp;ssl=1 510w, https:\/\/i0.wp.com\/antcube.shop\/wp-content\/uploads\/2023\/02\/Starter-Set-Wald.jpg?resize=100%2C100&amp;ssl=1 100w\" sizes=\"auto, (max-width: 510px) 100vw, 510px\" \/>                  <\/div>\n                  \n<div class=\"badge-container absolute left top z-1\">\n\n<\/div>\n                <\/div>\n          <\/a>\n        <\/div>\n        <\/div>\n       <div class=\"large-6 col flip-page-two\">\n        <div class=\"product-info col-inner inner-padding\">\n              <h1 class=\"entry-title\"><a href=\"https:\/\/antcube.shop\/ro\/produs\/antcube-starter-set-m-20x20-wald\/\">ANTCUBE Starter Set M - 20\u00d720 - P\u0103dure<\/a><\/h1>\n              <div class=\"is-divider medium\"><\/div>\n              <div class=\"price-wrapper\">\n\t<p class=\"price product-page-price\">\n  <span class=\"woocommerce-Price-amount amount\"><bdi>169,90&nbsp;<span class=\"woocommerce-Price-currencySymbol\">\u20ac<\/span><\/bdi><\/span><\/p>\n<\/div>\n<div class=\"product-short-description\">\n\t<p>The set consists of 31 parts and is suitable for all species of ants that live in forests.<br \/>\nDimensiune: <span style=\"color: #00a859;\"><strong>M<\/strong><\/span><\/p>\n<\/div>\n<div class=\"product_meta\">\n\n\t\n\n\t\n\t\t<span class=\"sku_wrapper\">SKU: <span class=\"sku\">1005514<\/span><\/span>\n\n\t\n\t<span class=\"posted_in\">Categorii: <a href=\"https:\/\/antcube.shop\/ro\/categorie-produs\/seturi-de-pornire\/\" rel=\"tag\">Seturi pentru \u00eencep\u0103tori<\/a>, <a href=\"https:\/\/antcube.shop\/ro\/categorie-produs\/seturi-de-pornire\/seturi-de-initiere-habitat\/\" rel=\"tag\">Seturi pentru \u00eencep\u0103tori Habitat<\/a><\/span>\n\t\n\t\n<\/div>\n              <a href=\"https:\/\/antcube.shop\/ro\/produs\/antcube-starter-set-m-20x20-wald\/\" class=\"button\">Cite\u0219te mai mult<\/a>\n         <\/div>\n        <\/div>\n<\/div>\n<\/div>\n                        <div class=\"slide\" style=\"background-color:#FFF;\">  <div class=\"row row-collapse align-middle flip-slide\" style=\"width:100%\">\n        <div class=\"large-6 col flip-page-one\">\n        <div class=\"featured-product col-inner\">\n          <a href=\"https:\/\/antcube.shop\/ro\/produs\/antcube-starter-set-s-20x20-wald\/\">\n                <div class=\"product-image relative\">\n                   <div class=\"front-image\">\n                    <img loading=\"lazy\" decoding=\"async\" width=\"510\" height=\"510\" src=\"https:\/\/i0.wp.com\/antcube.shop\/wp-content\/uploads\/2023\/02\/Starter-Set-Wald.jpg?fit=510%2C510&amp;ssl=1\" class=\"attachment-woocommerce_single size-woocommerce_single wp-post-image\" alt=\"Set de pornire P\u0103dure\" srcset=\"https:\/\/i0.wp.com\/antcube.shop\/wp-content\/uploads\/2023\/02\/Starter-Set-Wald.jpg?w=750&amp;ssl=1 750w, https:\/\/i0.wp.com\/antcube.shop\/wp-content\/uploads\/2023\/02\/Starter-Set-Wald.jpg?resize=400%2C400&amp;ssl=1 400w, https:\/\/i0.wp.com\/antcube.shop\/wp-content\/uploads\/2023\/02\/Starter-Set-Wald.jpg?resize=280%2C280&amp;ssl=1 280w, https:\/\/i0.wp.com\/antcube.shop\/wp-content\/uploads\/2023\/02\/Starter-Set-Wald.jpg?resize=12%2C12&amp;ssl=1 12w, https:\/\/i0.wp.com\/antcube.shop\/wp-content\/uploads\/2023\/02\/Starter-Set-Wald.jpg?resize=247%2C247&amp;ssl=1 247w, https:\/\/i0.wp.com\/antcube.shop\/wp-content\/uploads\/2023\/02\/Starter-Set-Wald.jpg?resize=510%2C510&amp;ssl=1 510w, https:\/\/i0.wp.com\/antcube.shop\/wp-content\/uploads\/2023\/02\/Starter-Set-Wald.jpg?resize=100%2C100&amp;ssl=1 100w\" sizes=\"auto, (max-width: 510px) 100vw, 510px\" \/>                  <\/div>\n                  \n<div class=\"badge-container absolute left top z-1\">\n\n<\/div>\n                <\/div>\n          <\/a>\n        <\/div>\n        <\/div>\n       <div class=\"large-6 col flip-page-two\">\n        <div class=\"product-info col-inner inner-padding\">\n              <h1 class=\"entry-title\"><a href=\"https:\/\/antcube.shop\/ro\/produs\/antcube-starter-set-s-20x20-wald\/\">ANTCUBE Starter Set S - 20\u00d720 - P\u0103dure<\/a><\/h1>\n              <div class=\"is-divider medium\"><\/div>\n              <div class=\"price-wrapper\">\n\t<p class=\"price product-page-price price-not-in-stock\">\n  <span class=\"woocommerce-Price-amount amount\"><bdi>169,90&nbsp;<span class=\"woocommerce-Price-currencySymbol\">\u20ac<\/span><\/bdi><\/span><\/p>\n<\/div>\n<div class=\"product-short-description\">\n\t<p>Setul este format din 42 de piese \u0219i este destinat tuturor speciilor de furnici care tr\u0103iesc \u00een solul forestier.<br \/>\nDimensiune: <span style=\"color: #ff8c00;\"><strong>S<\/strong><\/span><\/p>\n<\/div>\n<div class=\"product_meta\">\n\n\t\n\n\t\n\t\t<span class=\"sku_wrapper\">SKU: <span class=\"sku\">1005513<\/span><\/span>\n\n\t\n\t<span class=\"posted_in\">Categorii: <a href=\"https:\/\/antcube.shop\/ro\/categorie-produs\/seturi-de-pornire\/\" rel=\"tag\">Seturi pentru \u00eencep\u0103tori<\/a>, <a href=\"https:\/\/antcube.shop\/ro\/categorie-produs\/seturi-de-pornire\/seturi-de-initiere-habitat\/\" rel=\"tag\">Seturi pentru \u00eencep\u0103tori Habitat<\/a><\/span>\n\t\n\t\n<\/div>\n              <a href=\"https:\/\/antcube.shop\/ro\/produs\/antcube-starter-set-s-20x20-wald\/\" class=\"button\">Cite\u0219te mai mult<\/a>\n         <\/div>\n        <\/div>\n<\/div>\n<\/div>\n                    <\/div>\n          <\/div><\/div>\n          \n\n\n\t\t<\/div>\n\t\t\t\t\t<\/div>\n\n\t\n\n<\/div>","protected":false},"excerpt":{"rendered":"","protected":false},"author":1,"featured_media":0,"parent":1331,"menu_order":0,"comment_status":"closed","ping_status":"closed","template":"","meta":{"_acf_changed":false,"content-type":"","_monsterinsights_skip_tracking":false,"_monsterinsights_sitenote_active":false,"_monsterinsights_sitenote_note":"","_monsterinsights_sitenote_category":0,"footnotes":""},"class_list":["post-1367","page","type-page","status-publish","hentry"],"acf":[],"aioseo_notices":[],"jetpack_sharing_enabled":true,"_links":{"self":[{"href":"https:\/\/antcube.shop\/ro\/wp-json\/wp\/v2\/pages\/1367","targetHints":{"allow":["GET"]}}],"collection":[{"href":"https:\/\/antcube.shop\/ro\/wp-json\/wp\/v2\/pages"}],"about":[{"href":"https:\/\/antcube.shop\/ro\/wp-json\/wp\/v2\/types\/page"}],"author":[{"embeddable":true,"href":"https:\/\/antcube.shop\/ro\/wp-json\/wp\/v2\/users\/1"}],"replies":[{"embeddable":true,"href":"https:\/\/antcube.shop\/ro\/wp-json\/wp\/v2\/comments?post=1367"}],"version-history":[{"count":10,"href":"https:\/\/antcube.shop\/ro\/wp-json\/wp\/v2\/pages\/1367\/revisions"}],"predecessor-version":[{"id":6860,"href":"https:\/\/antcube.shop\/ro\/wp-json\/wp\/v2\/pages\/1367\/revisions\/6860"}],"up":[{"embeddable":true,"href":"https:\/\/antcube.shop\/ro\/wp-json\/wp\/v2\/pages\/1331"}],"wp:attachment":[{"href":"https:\/\/antcube.shop\/ro\/wp-json\/wp\/v2\/media?parent=1367"}],"curies":[{"name":"wp","href":"https:\/\/api.w.org\/{rel}","templated":true}]}}