{"id":1345,"date":"2021-09-10T12:00:31","date_gmt":"2021-09-10T10:00:31","guid":{"rendered":"https:\/\/antcube.shop\/?page_id=1345"},"modified":"2023-12-15T10:59:52","modified_gmt":"2023-12-15T09:59:52","slug":"cuib-de-piatra","status":"publish","type":"page","link":"https:\/\/antcube.shop\/ro\/formicarium-finder\/tip-cuib\/cuib-de-piatra\/","title":{"rendered":"Cuib de piatr\u0103"},"content":{"rendered":"<div id=\"gap-466952265\" class=\"gap-element clearfix\" style=\"display:block; height:auto;\">\n\t\t\n<style>\n#gap-466952265 {\n  padding-top: 202px;\n}\n@media (min-width:550px) {\n  #gap-466952265 {\n    padding-top: 196px;\n  }\n}\n@media (min-width:850px) {\n  #gap-466952265 {\n    padding-top: 166px;\n  }\n}\n<\/style>\n\t<\/div>\n\t\n\n\n  <div class=\"banner has-hover\" id=\"banner-1876548998\">\n          <div class=\"banner-inner fill\">\n        <div class=\"banner-bg fill\" >\n            <img data-recalc-dims=\"1\" loading=\"lazy\" decoding=\"async\" width=\"1020\" height=\"765\" src=\"https:\/\/i0.wp.com\/antcube.shop\/wp-content\/uploads\/2021\/09\/Starter-Set-Gips.jpg?resize=1020%2C765&#038;ssl=1\" class=\"bg attachment-original size-original\" alt=\"ANTCUBE Starter Set tencuial\u0103 pentru furnici\" \/>                                    \n                    <\/div>\n\t\t\n        <div class=\"banner-layers container\">\n            <a class=\"fill\" href=\"https:\/\/antcube.shop\/produkt\/antcube-starter-set-l-20x20-gips\/\"><div class=\"fill banner-link\"><\/div><\/a>            \n\n   <div id=\"text-box-1858864521\" class=\"text-box banner-layer x50 md-x50 lg-x50 y5 md-y5 lg-y5 res-text\">\n                                <div class=\"text-box-content text dark text-shadow-4\">\n              \n              <div class=\"text-inner text-center\">\n                  \n\n\t<div id=\"text-3846667033\" class=\"text\">\n\t\t\n\n<h3 class=\"uppercase\"><strong>Seturi de pornire pentru furnici care cuib\u0103resc sub sau \u00eentre pietre<\/strong><\/h3>\n\n\t\t\n<style>\n#text-3846667033 {\n  font-size: 0.75rem;\n  color: rgb(0,0,0);\n}\n#text-3846667033 > * {\n  color: rgb(0,0,0);\n}\n<\/style>\n\t<\/div>\n\t\n\n              <\/div>\n           <\/div>\n                            \n<style>\n#text-box-1858864521 {\n  width: 100%;\n}\n#text-box-1858864521 .text-box-content {\n  font-size: 100%;\n}\n@media (min-width:550px) {\n  #text-box-1858864521 {\n    width: 60%;\n  }\n}\n<\/style>\n    <\/div>\n \n\n        <\/div>\n      <\/div>\n\n            \n<style>\n#banner-1876548998 {\n  padding-top: 70.95%;\n}\n#banner-1876548998 .banner-bg img {\n  object-position: 50% 48%;\n}\n@media (min-width:550px) {\n  #banner-1876548998 {\n    padding-top: 50%;\n  }\n}\n@media (min-width:850px) {\n  #banner-1876548998 {\n    padding-top: 700px;\n  }\n}\n<\/style>\n  <\/div>\n\n\n\t<div id=\"gap-965835398\" class=\"gap-element clearfix\" style=\"display:block; height:auto;\">\n\t\t\n<style>\n#gap-965835398 {\n  padding-top: 51px;\n}\n<\/style>\n\t<\/div>\n\t\n\n<div class=\"row\"  id=\"row-2080956155\">\n\n\n\t<div id=\"col-1009511591\" class=\"col medium-6 small-12 large-6\"  >\n\t\t\t\t<div class=\"col-inner\"  >\n\t\t\t\n\t\t\t\n\n\t<div id=\"text-1983238497\" class=\"text\">\n\t\t\n\n<h3>Formicariile \u0219i seturile noastre de pornire pentru furnicile c\u0103rora le place s\u0103 \u00ee\u0219i fac\u0103 cuibul sub sau \u00eentre pietre<\/h3>\n<p>Oferim dou\u0103 tipuri diferite de instal\u0103ri pentru furnicile care \u00ee\u0219i fac cuib \u00een pietre. Primul este setul nostru de pornire Gypsum. Acesta este echipat cu un furnicar cu cuib de gips. Acesta are camere \u0219i tuneluri prefabricate pentru colonia de furnici. Pute\u021bi, de asemenea, s\u0103 cump\u0103ra\u021bi inser\u021biile noastre de cuiburi din gips \u0219i s\u0103 le plasa\u021bi \u00eentr-un Antfarm de m\u0103rimea L pentru a v\u0103 crea propria configura\u021bie.<\/p>\n<p>Al doilea tip este unul dintre cuiburile noastre Ytong. Ambele sunt foarte bine acceptate de multe specii de furnici, de exemplu din genul Camponotus.<\/p>\n<p>De \u00eendat\u0103 ce setul de pornire devine prea mic pentru colonia de furnici, \u00eel pute\u021bi extinde. Toate fermele \u0219i arenele noastre de furnici pot fi conectate la aceste seturi.<\/p>\n\t\t\n<style>\n#text-1983238497 {\n  text-align: center;\n}\n<\/style>\n\t<\/div>\n\t\n\n\t\t<\/div>\n\t\t\t\t\t<\/div>\n\n\t\n\n\t<div id=\"col-1337160340\" class=\"col medium-6 small-12 large-6\"  >\n\t\t\t\t<div class=\"col-inner\"  >\n\t\t\t\n\t\t\t\n\n\t<div class=\"img has-hover x md-x lg-x y md-y lg-y\" id=\"image_1168467538\">\n\t\t<a class=\"image-lightbox lightbox-gallery\" title=\"\" href=\"https:\/\/i0.wp.com\/antcube.shop\/wp-content\/uploads\/2021\/07\/Plaster-with-ants.jpg?fit=1020%2C574&#038;ssl=1\">\t\t\t\t\t\t<div class=\"img-inner image-cover dark\" style=\"padding-top:57%;\">\n\t\t\t<img data-recalc-dims=\"1\" loading=\"lazy\" decoding=\"async\" width=\"1020\" height=\"574\" src=\"https:\/\/i0.wp.com\/antcube.shop\/wp-content\/uploads\/2021\/07\/Plaster-with-ants.jpg?resize=1020%2C574&#038;ssl=1\" class=\"attachment-original size-original\" alt=\"Crematogaster auberti \u00een ANTCUBE Cuib de gips sau ghips\" srcset=\"https:\/\/i0.wp.com\/antcube.shop\/wp-content\/uploads\/2021\/07\/Plaster-with-ants.jpg?w=1920&amp;ssl=1 1920w, https:\/\/i0.wp.com\/antcube.shop\/wp-content\/uploads\/2021\/07\/Plaster-with-ants.jpg?resize=510%2C287&amp;ssl=1 510w, https:\/\/i0.wp.com\/antcube.shop\/wp-content\/uploads\/2021\/07\/Plaster-with-ants.jpg?resize=711%2C400&amp;ssl=1 711w, https:\/\/i0.wp.com\/antcube.shop\/wp-content\/uploads\/2021\/07\/Plaster-with-ants.jpg?resize=1400%2C788&amp;ssl=1 1400w, https:\/\/i0.wp.com\/antcube.shop\/wp-content\/uploads\/2021\/07\/Plaster-with-ants.jpg?resize=768%2C432&amp;ssl=1 768w, https:\/\/i0.wp.com\/antcube.shop\/wp-content\/uploads\/2021\/07\/Plaster-with-ants.jpg?resize=1536%2C864&amp;ssl=1 1536w\" sizes=\"auto, (max-width: 1020px) 100vw, 1020px\" \/>\t\t\t\t\t\t\n\t\t\t\t\t<\/div>\n\t\t\t\t\t\t<\/a>\t\t\n<style>\n#image_1168467538 {\n  width: 100%;\n}\n<\/style>\n\t<\/div>\n\t\n\n\t<div id=\"text-1071239853\" class=\"text\">\n\t\t\n\n<p>Crematogaster auberti \u00eentr-un cuib de gips<\/p>\n\t\t\n<style>\n#text-1071239853 {\n  text-align: center;\n}\n<\/style>\n\t<\/div>\n\t\n\n\t\t<\/div>\n\t\t\t\t\t<\/div>\n\n\t\n\n<\/div>\n<div class=\"row\"  id=\"row-1721037652\">\n\n\n\t<div id=\"col-1470432525\" class=\"col small-12 large-12\"  >\n\t\t\t\t<div class=\"col-inner\"  >\n\t\t\t\n\t\t\t\n\n            <div class=\"row\"><div class=\"large-12 col\">\n          <div style=\"background-color:#FFF;\" class=\"slider flipContainer slider-nav-circle slide box-shadow-2\"\n            data-flickity-options='{              \"cellAlign\": \"center\",              \"wrapAround\": true,              \"percentPosition\": true,              \"imagesLoaded\": true,              \"pageDots\": true,              \"contain\": true          }'>\n                        <div class=\"slide\" style=\"background-color:#FFF;\">  <div class=\"row row-collapse align-middle flip-slide\" style=\"width:100%\">\n        <div class=\"large-6 col flip-page-one\">\n        <div class=\"featured-product col-inner\">\n          <a href=\"https:\/\/antcube.shop\/ro\/produs\/antcube-starter-set-l-20x20-gips\/\">\n                <div class=\"product-image relative\">\n                   <div class=\"front-image\">\n                    <img loading=\"lazy\" decoding=\"async\" width=\"510\" height=\"510\" src=\"https:\/\/i0.wp.com\/antcube.shop\/wp-content\/uploads\/2023\/02\/Starter-Set-Gips.jpg?fit=510%2C510&amp;ssl=1\" class=\"attachment-woocommerce_single size-woocommerce_single wp-post-image\" alt=\"Set de pornire tencuial\u0103\" srcset=\"https:\/\/i0.wp.com\/antcube.shop\/wp-content\/uploads\/2023\/02\/Starter-Set-Gips.jpg?w=750&amp;ssl=1 750w, https:\/\/i0.wp.com\/antcube.shop\/wp-content\/uploads\/2023\/02\/Starter-Set-Gips.jpg?resize=400%2C400&amp;ssl=1 400w, https:\/\/i0.wp.com\/antcube.shop\/wp-content\/uploads\/2023\/02\/Starter-Set-Gips.jpg?resize=280%2C280&amp;ssl=1 280w, https:\/\/i0.wp.com\/antcube.shop\/wp-content\/uploads\/2023\/02\/Starter-Set-Gips.jpg?resize=12%2C12&amp;ssl=1 12w, https:\/\/i0.wp.com\/antcube.shop\/wp-content\/uploads\/2023\/02\/Starter-Set-Gips.jpg?resize=247%2C247&amp;ssl=1 247w, https:\/\/i0.wp.com\/antcube.shop\/wp-content\/uploads\/2023\/02\/Starter-Set-Gips.jpg?resize=510%2C510&amp;ssl=1 510w, https:\/\/i0.wp.com\/antcube.shop\/wp-content\/uploads\/2023\/02\/Starter-Set-Gips.jpg?resize=100%2C100&amp;ssl=1 100w\" sizes=\"auto, (max-width: 510px) 100vw, 510px\" \/>                  <\/div>\n                  \n<div class=\"badge-container absolute left top z-1\">\n\n<\/div>\n                <\/div>\n          <\/a>\n        <\/div>\n        <\/div>\n       <div class=\"large-6 col flip-page-two\">\n        <div class=\"product-info col-inner inner-padding\">\n              <h1 class=\"entry-title\"><a href=\"https:\/\/antcube.shop\/ro\/produs\/antcube-starter-set-l-20x20-gips\/\">ANTCUBE Starter Set L - 20\u00d720 - Gypsum<\/a><\/h1>\n              <div class=\"is-divider medium\"><\/div>\n              <div class=\"price-wrapper\">\n\t<p class=\"price product-page-price\">\n  <span class=\"woocommerce-Price-amount amount\"><bdi>199,90&nbsp;<span class=\"woocommerce-Price-currencySymbol\">\u20ac<\/span><\/bdi><\/span><\/p>\n<\/div>\n<div class=\"product-short-description\">\n\t<p>The set consists of 25 parts and is suitable for various ant species, especially those that nest between or under stones and dig in the ground.<br \/>\nDimensiune: <span style=\"color: #0000ff;\"><strong>L<\/strong><\/span><\/p>\n<\/div>\n<div class=\"product_meta\">\n\n\t\n\n\t\n\t\t<span class=\"sku_wrapper\">SKU: <span class=\"sku\">1005509<\/span><\/span>\n\n\t\n\t<span class=\"posted_in\">Categorii: <a href=\"https:\/\/antcube.shop\/ro\/categorie-produs\/seturi-de-pornire\/\" rel=\"tag\">Seturi pentru \u00eencep\u0103tori<\/a>, <a href=\"https:\/\/antcube.shop\/ro\/categorie-produs\/seturi-de-pornire\/seturi-de-pornire-gips\/\" rel=\"tag\">Seturi de pornire Gips<\/a><\/span>\n\t\n\t\n<\/div>\n              <a href=\"https:\/\/antcube.shop\/ro\/produs\/antcube-starter-set-l-20x20-gips\/\" class=\"button\">Cite\u0219te mai mult<\/a>\n         <\/div>\n        <\/div>\n<\/div>\n<\/div>\n                        <div class=\"slide\" style=\"background-color:#FFF;\">  <div class=\"row row-collapse align-middle flip-slide\" style=\"width:100%\">\n        <div class=\"large-6 col flip-page-one\">\n        <div class=\"featured-product col-inner\">\n          <a href=\"https:\/\/antcube.shop\/ro\/produs\/ytongnest-40x20-mit-arena\/\">\n                <div class=\"product-image relative\">\n                   <div class=\"front-image\">\n                    <img loading=\"lazy\" decoding=\"async\" width=\"510\" height=\"383\" src=\"https:\/\/i0.wp.com\/antcube.shop\/wp-content\/uploads\/2021\/10\/Ytongnest-40x20-mit-Arena.jpg?fit=510%2C383&amp;ssl=1\" class=\"attachment-woocommerce_single size-woocommerce_single wp-post-image\" alt=\"Ytongnest 40x20 cu aren\u0103 pentru furnici\" srcset=\"https:\/\/i0.wp.com\/antcube.shop\/wp-content\/uploads\/2021\/10\/Ytongnest-40x20-mit-Arena.jpg?w=2048&amp;ssl=1 2048w, https:\/\/i0.wp.com\/antcube.shop\/wp-content\/uploads\/2021\/10\/Ytongnest-40x20-mit-Arena.jpg?resize=510%2C383&amp;ssl=1 510w, https:\/\/i0.wp.com\/antcube.shop\/wp-content\/uploads\/2021\/10\/Ytongnest-40x20-mit-Arena.jpg?resize=533%2C400&amp;ssl=1 533w, https:\/\/i0.wp.com\/antcube.shop\/wp-content\/uploads\/2021\/10\/Ytongnest-40x20-mit-Arena.jpg?resize=1067%2C800&amp;ssl=1 1067w, https:\/\/i0.wp.com\/antcube.shop\/wp-content\/uploads\/2021\/10\/Ytongnest-40x20-mit-Arena.jpg?resize=768%2C576&amp;ssl=1 768w, https:\/\/i0.wp.com\/antcube.shop\/wp-content\/uploads\/2021\/10\/Ytongnest-40x20-mit-Arena.jpg?resize=1536%2C1152&amp;ssl=1 1536w, https:\/\/i0.wp.com\/antcube.shop\/wp-content\/uploads\/2021\/10\/Ytongnest-40x20-mit-Arena.jpg?resize=16%2C12&amp;ssl=1 16w\" sizes=\"auto, (max-width: 510px) 100vw, 510px\" \/>                  <\/div>\n                  \n<div class=\"badge-container absolute left top z-1\">\n\n<\/div>\n                <\/div>\n          <\/a>\n        <\/div>\n        <\/div>\n       <div class=\"large-6 col flip-page-two\">\n        <div class=\"product-info col-inner inner-padding\">\n              <h1 class=\"entry-title\"><a href=\"https:\/\/antcube.shop\/ro\/produs\/ytongnest-40x20-mit-arena\/\">Ytongnest - 40\u00d720 cu Arena<\/a><\/h1>\n              <div class=\"is-divider medium\"><\/div>\n              <div class=\"price-wrapper\">\n\t<p class=\"price product-page-price\">\n  <span class=\"woocommerce-Price-amount amount\"><bdi>129,90&nbsp;<span class=\"woocommerce-Price-currencySymbol\">\u20ac<\/span><\/bdi><\/span><\/p>\n<\/div>\n<div class=\"product-short-description\">\n\t<p>Conexiune: 1x14mm 1x27mm<br \/>\nDimensiune: <strong><span style=\"color: #339966;\">M<\/span><\/strong><strong> &#8211; <span style=\"color: #0000ff;\">L<\/span><\/strong><\/p>\n<\/div>\n<div class=\"product_meta\">\n\n\t\n\n\t\n\t\t<span class=\"sku_wrapper\">SKU: <span class=\"sku\">1003123<\/span><\/span>\n\n\t\n\t<span class=\"posted_in\">Categorii: <a href=\"https:\/\/antcube.shop\/ro\/categorie-produs\/terariu-pentru-furnici\/\" rel=\"tag\">Ant Arenas<\/a>, <a href=\"https:\/\/antcube.shop\/ro\/categorie-produs\/formicarii\/\" rel=\"tag\">Formicarii<\/a><\/span>\n\t\n\t\n<\/div>\n              <a href=\"https:\/\/antcube.shop\/ro\/produs\/ytongnest-40x20-mit-arena\/\" class=\"button\">Cite\u0219te mai mult<\/a>\n         <\/div>\n        <\/div>\n<\/div>\n<\/div>\n                    <\/div>\n          <\/div><\/div>\n          \n\n\n\t\t<\/div>\n\t\t\t\t\t<\/div>\n\n\t\n\n<\/div>","protected":false},"excerpt":{"rendered":"","protected":false},"author":1,"featured_media":0,"parent":1264,"menu_order":0,"comment_status":"closed","ping_status":"closed","template":"","meta":{"_acf_changed":false,"content-type":"","_monsterinsights_skip_tracking":false,"_monsterinsights_sitenote_active":false,"_monsterinsights_sitenote_note":"","_monsterinsights_sitenote_category":0,"footnotes":""},"class_list":["post-1345","page","type-page","status-publish","hentry"],"acf":[],"aioseo_notices":[],"jetpack_sharing_enabled":true,"_links":{"self":[{"href":"https:\/\/antcube.shop\/ro\/wp-json\/wp\/v2\/pages\/1345","targetHints":{"allow":["GET"]}}],"collection":[{"href":"https:\/\/antcube.shop\/ro\/wp-json\/wp\/v2\/pages"}],"about":[{"href":"https:\/\/antcube.shop\/ro\/wp-json\/wp\/v2\/types\/page"}],"author":[{"embeddable":true,"href":"https:\/\/antcube.shop\/ro\/wp-json\/wp\/v2\/users\/1"}],"replies":[{"embeddable":true,"href":"https:\/\/antcube.shop\/ro\/wp-json\/wp\/v2\/comments?post=1345"}],"version-history":[{"count":10,"href":"https:\/\/antcube.shop\/ro\/wp-json\/wp\/v2\/pages\/1345\/revisions"}],"predecessor-version":[{"id":6835,"href":"https:\/\/antcube.shop\/ro\/wp-json\/wp\/v2\/pages\/1345\/revisions\/6835"}],"up":[{"embeddable":true,"href":"https:\/\/antcube.shop\/ro\/wp-json\/wp\/v2\/pages\/1264"}],"wp:attachment":[{"href":"https:\/\/antcube.shop\/ro\/wp-json\/wp\/v2\/media?parent=1345"}],"curies":[{"name":"wp","href":"https:\/\/api.w.org\/{rel}","templated":true}]}}