{"id":1340,"date":"2021-09-10T10:57:17","date_gmt":"2021-09-10T08:57:17","guid":{"rendered":"https:\/\/antcube.shop\/?page_id=1340"},"modified":"2023-12-15T12:24:25","modified_gmt":"2023-12-15T11:24:25","slug":"cuib-de-lemn","status":"publish","type":"page","link":"https:\/\/antcube.shop\/ro\/formicarium-finder\/tip-cuib\/cuib-de-lemn\/","title":{"rendered":"Cuib de lemn"},"content":{"rendered":"<div id=\"gap-1611131363\" class=\"gap-element clearfix\" style=\"display:block; height:auto;\">\n\t\t\n<style>\n#gap-1611131363 {\n  padding-top: 198px;\n}\n@media (min-width:550px) {\n  #gap-1611131363 {\n    padding-top: 199px;\n  }\n}\n@media (min-width:850px) {\n  #gap-1611131363 {\n    padding-top: 171px;\n  }\n}\n<\/style>\n\t<\/div>\n\t\n\n\n  <div class=\"banner has-hover\" id=\"banner-1454291263\">\n          <div class=\"banner-inner fill\">\n        <div class=\"banner-bg fill\" >\n            <img data-recalc-dims=\"1\" loading=\"lazy\" decoding=\"async\" width=\"1020\" height=\"765\" src=\"https:\/\/i0.wp.com\/antcube.shop\/wp-content\/uploads\/2021\/09\/Starter-Set-Kork.jpg?resize=1020%2C765&#038;ssl=1\" class=\"bg attachment-original size-original\" alt=\"ANTCUBE Starter Set Plut\u0103 pentru furnici\" \/>                        <div class=\"overlay\"><\/div>            \n                    <\/div>\n\t\t\n        <div class=\"banner-layers container\">\n            <a class=\"fill\" href=\"https:\/\/antcube.shop\/produkt\/antcube-starter-set-l-20x20-kork\/\"><div class=\"fill banner-link\"><\/div><\/a>            \n\n   <div id=\"text-box-1898719799\" class=\"text-box banner-layer x50 md-x50 lg-x50 y5 md-y5 lg-y5 res-text\">\n                                <div class=\"text-box-content text dark text-shadow-4\">\n              \n              <div class=\"text-inner text-center\">\n                  \n\n\t<div id=\"text-694127389\" class=\"text\">\n\t\t\n\n<h3 class=\"uppercase\"><strong>Seturi de pornire pentru furnici care cuib\u0103resc \u00een lemn sau \u00een lemn mort<\/strong><\/h3>\n\n\t\t\n<style>\n#text-694127389 {\n  font-size: 0.75rem;\n  color: rgb(0, 0, 0);\n}\n#text-694127389 > * {\n  color: rgb(0, 0, 0);\n}\n<\/style>\n\t<\/div>\n\t\n\n              <\/div>\n           <\/div>\n                            \n<style>\n#text-box-1898719799 {\n  width: 100%;\n}\n#text-box-1898719799 .text-box-content {\n  font-size: 100%;\n}\n@media (min-width:550px) {\n  #text-box-1898719799 {\n    width: 60%;\n  }\n}\n<\/style>\n    <\/div>\n \n\n        <\/div>\n      <\/div>\n\n            \n<style>\n#banner-1454291263 {\n  padding-top: 50%;\n}\n#banner-1454291263 .overlay {\n  background-color: rgba(0, 0, 0, 0);\n}\n#banner-1454291263 .banner-bg img {\n  object-position: 51% 47%;\n}\n@media (min-width:550px) {\n  #banner-1454291263 {\n    padding-top: 50%;\n  }\n}\n@media (min-width:850px) {\n  #banner-1454291263 {\n    padding-top: 701px;\n  }\n}\n<\/style>\n  <\/div>\n\n\n\t<div id=\"gap-445058634\" class=\"gap-element clearfix\" style=\"display:block; height:auto;\">\n\t\t\n<style>\n#gap-445058634 {\n  padding-top: 50px;\n}\n<\/style>\n\t<\/div>\n\t\n\n<div class=\"row\"  id=\"row-1861817694\">\n\n\n\t<div id=\"col-1218584208\" class=\"col medium-6 small-12 large-6\"  >\n\t\t\t\t<div class=\"col-inner\"  >\n\t\t\t\n\t\t\t\n\n\t<div id=\"text-969199580\" class=\"text\">\n\t\t\n\n<h3>Starter Set Cork pentru furnici care se cuib\u0103resc \u00een lemn (mort)<\/h3>\n<p>Setul nostru Starter Cork este special conceput pentru furnicile care cuib\u0103resc \u00een lemn putrezit, \u00een cavit\u0103\u021bile copacilor sau sub scoar\u021ba copacilor. Este echipat cu un furnicar cu cuib de furnici cu inser\u021bie de plut\u0103. Acesta are camere \u0219i tuneluri prefabricate pentru colonia de furnici. Pute\u021bi cump\u0103ra, de asemenea, inser\u021biile noastre de cuib din plut\u0103 \u0219i le pute\u021bi plasa \u00eentr-un Antfarm de m\u0103rimea L pentru a v\u0103 crea propria configura\u021bie.<\/p>\n<p>\u00a0<\/p>\n<p>De \u00eendat\u0103 ce setul de pornire devine prea mic pentru colonia de furnici, \u00eel pute\u021bi extinde. Toate fermele \u0219i arenele noastre de furnici pot fi conectate la acest set. Dac\u0103 ave\u021bi nevoie de un alt material pentru cuiburi, pute\u021bi folosi, de asemenea, unul dintre inser\u021biile noastre pentru cuiburi, de exemplu plut\u0103 sau gips.<\/p>\n\t\t\n<style>\n#text-969199580 {\n  text-align: center;\n}\n<\/style>\n\t<\/div>\n\t\n\n\t\t<\/div>\n\t\t\t\t\t<\/div>\n\n\t\n\n\t<div id=\"col-143956424\" class=\"col medium-6 small-12 large-6\"  >\n\t\t\t\t<div class=\"col-inner\"  >\n\t\t\t\n\t\t\t\n\n\t<div class=\"img has-hover x md-x lg-x y md-y lg-y\" id=\"image_369880057\">\n\t\t<a class=\"image-lightbox lightbox-gallery\" title=\"\" href=\"https:\/\/i0.wp.com\/antcube.shop\/wp-content\/uploads\/2021\/07\/Cork-with-ants-1.jpg?fit=800%2C600&#038;ssl=1\">\t\t\t\t\t\t<div class=\"img-inner dark\" >\n\t\t\t<img data-recalc-dims=\"1\" loading=\"lazy\" decoding=\"async\" width=\"800\" height=\"600\" src=\"https:\/\/i0.wp.com\/antcube.shop\/wp-content\/uploads\/2021\/07\/Cork-with-ants-1.jpg?resize=800%2C600&#038;ssl=1\" class=\"attachment-original size-original\" alt=\"Furnici Camponotus atriceps \u00eentr-un cuib ANTCUBE Cork\" srcset=\"https:\/\/i0.wp.com\/antcube.shop\/wp-content\/uploads\/2021\/07\/Cork-with-ants-1.jpg?w=800&amp;ssl=1 800w, https:\/\/i0.wp.com\/antcube.shop\/wp-content\/uploads\/2021\/07\/Cork-with-ants-1.jpg?resize=510%2C383&amp;ssl=1 510w, https:\/\/i0.wp.com\/antcube.shop\/wp-content\/uploads\/2021\/07\/Cork-with-ants-1.jpg?resize=533%2C400&amp;ssl=1 533w, https:\/\/i0.wp.com\/antcube.shop\/wp-content\/uploads\/2021\/07\/Cork-with-ants-1.jpg?resize=768%2C576&amp;ssl=1 768w\" sizes=\"auto, (max-width: 800px) 100vw, 800px\" \/>\t\t\t\t\t\t\n\t\t\t\t\t<\/div>\n\t\t\t\t\t\t<\/a>\t\t\n<style>\n#image_369880057 {\n  width: 100%;\n}\n<\/style>\n\t<\/div>\n\t\n\n\t<div id=\"text-1738243944\" class=\"text\">\n\t\t\n\n<p>Camponotus atriceps \u00eentr-un cuib de plut\u0103<\/p>\n\t\t\n<style>\n#text-1738243944 {\n  text-align: center;\n}\n<\/style>\n\t<\/div>\n\t\n\n\t\t<\/div>\n\t\t\t\t\t<\/div>\n\n\t\n\n<\/div>\n<div class=\"row\"  id=\"row-350666452\">\n\n\n\t<div id=\"col-1693945486\" class=\"col small-12 large-12\"  >\n\t\t\t\t<div class=\"col-inner\"  >\n\t\t\t\n\t\t\t\n\n            <div class=\"row\"><div class=\"large-12 col\">\n          <div style=\"background-color:#FFF;\" class=\"slider flipContainer slider-nav-circle slide box-shadow-2\"\n            data-flickity-options='{              \"cellAlign\": \"center\",              \"wrapAround\": true,              \"percentPosition\": true,              \"imagesLoaded\": true,              \"pageDots\": true,              \"contain\": true          }'>\n                        <div class=\"slide\" style=\"background-color:#FFF;\">  <div class=\"row row-collapse align-middle flip-slide\" style=\"width:100%\">\n        <div class=\"large-6 col flip-page-one\">\n        <div class=\"featured-product col-inner\">\n          <a href=\"https:\/\/antcube.shop\/ro\/produs\/antcube-starter-set-l-20x20-kork-2\/\">\n                <div class=\"product-image relative\">\n                   <div class=\"front-image\">\n                    <img loading=\"lazy\" decoding=\"async\" width=\"510\" height=\"510\" src=\"https:\/\/i0.wp.com\/antcube.shop\/wp-content\/uploads\/2023\/02\/Starter-Set-Kork.jpg?fit=510%2C510&amp;ssl=1\" class=\"attachment-woocommerce_single size-woocommerce_single wp-post-image\" alt=\"Set de pornire plut\u0103\" srcset=\"https:\/\/i0.wp.com\/antcube.shop\/wp-content\/uploads\/2023\/02\/Starter-Set-Kork.jpg?w=750&amp;ssl=1 750w, https:\/\/i0.wp.com\/antcube.shop\/wp-content\/uploads\/2023\/02\/Starter-Set-Kork.jpg?resize=400%2C400&amp;ssl=1 400w, https:\/\/i0.wp.com\/antcube.shop\/wp-content\/uploads\/2023\/02\/Starter-Set-Kork.jpg?resize=280%2C280&amp;ssl=1 280w, https:\/\/i0.wp.com\/antcube.shop\/wp-content\/uploads\/2023\/02\/Starter-Set-Kork.jpg?resize=12%2C12&amp;ssl=1 12w, https:\/\/i0.wp.com\/antcube.shop\/wp-content\/uploads\/2023\/02\/Starter-Set-Kork.jpg?resize=247%2C247&amp;ssl=1 247w, https:\/\/i0.wp.com\/antcube.shop\/wp-content\/uploads\/2023\/02\/Starter-Set-Kork.jpg?resize=510%2C510&amp;ssl=1 510w, https:\/\/i0.wp.com\/antcube.shop\/wp-content\/uploads\/2023\/02\/Starter-Set-Kork.jpg?resize=100%2C100&amp;ssl=1 100w\" sizes=\"auto, (max-width: 510px) 100vw, 510px\" \/>                  <\/div>\n                  \n<div class=\"badge-container absolute left top z-1\">\n\n<\/div>\n                <\/div>\n          <\/a>\n        <\/div>\n        <\/div>\n       <div class=\"large-6 col flip-page-two\">\n        <div class=\"product-info col-inner inner-padding\">\n              <h1 class=\"entry-title\"><a href=\"https:\/\/antcube.shop\/ro\/produs\/antcube-starter-set-l-20x20-kork-2\/\">ANTCUBE Starter Set L - 20\u00d720 - Plut\u0103<\/a><\/h1>\n              <div class=\"is-divider medium\"><\/div>\n              <div class=\"price-wrapper\">\n\t<p class=\"price product-page-price\">\n  <span class=\"woocommerce-Price-amount amount\"><bdi>199,90&nbsp;<span class=\"woocommerce-Price-currencySymbol\">\u20ac<\/span><\/bdi><\/span><\/p>\n<\/div>\n<div class=\"product-short-description\">\n\t<p>The set consists of 25 parts and is suited for many ant species, especially those that nest in dead wood.<br \/>\nDimensiune: <span style=\"color: #0000ff;\"><strong>L<\/strong><\/span><\/p>\n<\/div>\n<div class=\"product_meta\">\n\n\t\n\n\t\n\t\t<span class=\"sku_wrapper\">SKU: <span class=\"sku\">1005508<\/span><\/span>\n\n\t\n\t<span class=\"posted_in\">Categorii: <a href=\"https:\/\/antcube.shop\/ro\/categorie-produs\/seturi-de-pornire\/\" rel=\"tag\">Seturi pentru \u00eencep\u0103tori<\/a>, <a href=\"https:\/\/antcube.shop\/ro\/categorie-produs\/seturi-de-pornire\/seturi-de-pornire-pluta\/\" rel=\"tag\">Seturi pentru \u00eencep\u0103tori Cork<\/a><\/span>\n\t\n\t\n<\/div>\n              <a href=\"https:\/\/antcube.shop\/ro\/produs\/antcube-starter-set-l-20x20-kork-2\/\" class=\"button\">Cite\u0219te mai mult<\/a>\n         <\/div>\n        <\/div>\n<\/div>\n<\/div>\n                        <div class=\"slide\" style=\"background-color:#FFF;\">  <div class=\"row row-collapse align-middle flip-slide\" style=\"width:100%\">\n        <div class=\"large-6 col flip-page-one\">\n        <div class=\"featured-product col-inner\">\n          <a href=\"https:\/\/antcube.shop\/ro\/produs\/bundle-oferta-starter-set-kork-camponotus-nicobarensis-cricket-jam\/\">\n                <div class=\"product-image relative\">\n                   <div class=\"front-image\">\n                    <img loading=\"lazy\" decoding=\"async\" width=\"510\" height=\"510\" src=\"https:\/\/i0.wp.com\/antcube.shop\/wp-content\/uploads\/2023\/12\/Starter-Set-Kork-L-Camponotus-nicobarensis.jpg?fit=510%2C510&amp;ssl=1\" class=\"attachment-woocommerce_single size-woocommerce_single wp-post-image\" alt=\"Ofert\u0103 pachet - Camponotus nicobarensis\" srcset=\"https:\/\/i0.wp.com\/antcube.shop\/wp-content\/uploads\/2023\/12\/Starter-Set-Kork-L-Camponotus-nicobarensis.jpg?w=2160&amp;ssl=1 2160w, https:\/\/i0.wp.com\/antcube.shop\/wp-content\/uploads\/2023\/12\/Starter-Set-Kork-L-Camponotus-nicobarensis.jpg?resize=400%2C400&amp;ssl=1 400w, https:\/\/i0.wp.com\/antcube.shop\/wp-content\/uploads\/2023\/12\/Starter-Set-Kork-L-Camponotus-nicobarensis.jpg?resize=800%2C800&amp;ssl=1 800w, https:\/\/i0.wp.com\/antcube.shop\/wp-content\/uploads\/2023\/12\/Starter-Set-Kork-L-Camponotus-nicobarensis.jpg?resize=280%2C280&amp;ssl=1 280w, https:\/\/i0.wp.com\/antcube.shop\/wp-content\/uploads\/2023\/12\/Starter-Set-Kork-L-Camponotus-nicobarensis.jpg?resize=768%2C768&amp;ssl=1 768w, https:\/\/i0.wp.com\/antcube.shop\/wp-content\/uploads\/2023\/12\/Starter-Set-Kork-L-Camponotus-nicobarensis.jpg?resize=1536%2C1536&amp;ssl=1 1536w, https:\/\/i0.wp.com\/antcube.shop\/wp-content\/uploads\/2023\/12\/Starter-Set-Kork-L-Camponotus-nicobarensis.jpg?resize=2048%2C2048&amp;ssl=1 2048w, https:\/\/i0.wp.com\/antcube.shop\/wp-content\/uploads\/2023\/12\/Starter-Set-Kork-L-Camponotus-nicobarensis.jpg?resize=12%2C12&amp;ssl=1 12w, https:\/\/i0.wp.com\/antcube.shop\/wp-content\/uploads\/2023\/12\/Starter-Set-Kork-L-Camponotus-nicobarensis.jpg?resize=247%2C247&amp;ssl=1 247w, https:\/\/i0.wp.com\/antcube.shop\/wp-content\/uploads\/2023\/12\/Starter-Set-Kork-L-Camponotus-nicobarensis.jpg?resize=510%2C510&amp;ssl=1 510w, https:\/\/i0.wp.com\/antcube.shop\/wp-content\/uploads\/2023\/12\/Starter-Set-Kork-L-Camponotus-nicobarensis.jpg?resize=100%2C100&amp;ssl=1 100w\" sizes=\"auto, (max-width: 510px) 100vw, 510px\" \/>                  <\/div>\n                  \n<div class=\"badge-container absolute left top z-1\">\n\n<\/div>\n                <\/div>\n          <\/a>\n        <\/div>\n        <\/div>\n       <div class=\"large-6 col flip-page-two\">\n        <div class=\"product-info col-inner inner-padding\">\n              <h1 class=\"entry-title\"><a href=\"https:\/\/antcube.shop\/ro\/produs\/bundle-oferta-starter-set-kork-camponotus-nicobarensis-cricket-jam\/\">Ofert\u0103 pachet - Camponotus nicobarensis<\/a><\/h1>\n              <div class=\"is-divider medium\"><\/div>\n              <div class=\"price-wrapper\">\n\t<p class=\"price product-page-price\">\n  <span class=\"woocommerce-Price-amount amount\"><bdi>249,90&nbsp;<span class=\"woocommerce-Price-currencySymbol\">\u20ac<\/span><\/bdi><\/span><\/p>\n<\/div>\n<div class=\"product-short-description\">\n\t<p>Setul este format din 33 de piese<br \/>\nDimensiune: <span style=\"color: #0000ff;\"><strong>L<\/strong><\/span><\/p>\n<\/div>\n<div class=\"product_meta\">\n\n\t\n\n\t\n\t\t<span class=\"sku_wrapper\">SKU: <span class=\"sku\">1000561<\/span><\/span>\n\n\t\n\t<span class=\"posted_in\">Categorii: <a href=\"https:\/\/antcube.shop\/ro\/categorie-produs\/seturi-de-pornire\/pachete-de-oferte\/\" rel=\"tag\">Oferte pachet - Seturi de pornire cu furnici<\/a>, <a href=\"https:\/\/antcube.shop\/ro\/categorie-produs\/insertii-in-cuiburi\/pluta\/\" rel=\"tag\">Plut\u0103 Cuiburi de plut\u0103 Inser\u021bii<\/a>, <a href=\"https:\/\/antcube.shop\/ro\/categorie-produs\/seturi-de-pornire\/\" rel=\"tag\">Seturi pentru \u00eencep\u0103tori<\/a>, <a href=\"https:\/\/antcube.shop\/ro\/categorie-produs\/seturi-de-pornire\/seturi-de-pornire-pluta\/\" rel=\"tag\">Seturi pentru \u00eencep\u0103tori Cork<\/a><\/span>\n\t\n\t\n<\/div>\n              <a href=\"https:\/\/antcube.shop\/ro\/produs\/bundle-oferta-starter-set-kork-camponotus-nicobarensis-cricket-jam\/\" class=\"button\">Cite\u0219te mai mult<\/a>\n         <\/div>\n        <\/div>\n<\/div>\n<\/div>\n                    <\/div>\n          <\/div><\/div>\n          \n\n\n\t\t<\/div>\n\t\t\t\t\t<\/div>\n\n\t\n\n<\/div>","protected":false},"excerpt":{"rendered":"","protected":false},"author":1,"featured_media":0,"parent":1264,"menu_order":0,"comment_status":"closed","ping_status":"closed","template":"","meta":{"_acf_changed":false,"content-type":"","_monsterinsights_skip_tracking":false,"_monsterinsights_sitenote_active":false,"_monsterinsights_sitenote_note":"","_monsterinsights_sitenote_category":0,"footnotes":""},"class_list":["post-1340","page","type-page","status-publish","hentry"],"acf":[],"aioseo_notices":[],"jetpack_sharing_enabled":true,"_links":{"self":[{"href":"https:\/\/antcube.shop\/ro\/wp-json\/wp\/v2\/pages\/1340","targetHints":{"allow":["GET"]}}],"collection":[{"href":"https:\/\/antcube.shop\/ro\/wp-json\/wp\/v2\/pages"}],"about":[{"href":"https:\/\/antcube.shop\/ro\/wp-json\/wp\/v2\/types\/page"}],"author":[{"embeddable":true,"href":"https:\/\/antcube.shop\/ro\/wp-json\/wp\/v2\/users\/1"}],"replies":[{"embeddable":true,"href":"https:\/\/antcube.shop\/ro\/wp-json\/wp\/v2\/comments?post=1340"}],"version-history":[{"count":10,"href":"https:\/\/antcube.shop\/ro\/wp-json\/wp\/v2\/pages\/1340\/revisions"}],"predecessor-version":[{"id":6851,"href":"https:\/\/antcube.shop\/ro\/wp-json\/wp\/v2\/pages\/1340\/revisions\/6851"}],"up":[{"embeddable":true,"href":"https:\/\/antcube.shop\/ro\/wp-json\/wp\/v2\/pages\/1264"}],"wp:attachment":[{"href":"https:\/\/antcube.shop\/ro\/wp-json\/wp\/v2\/media?parent=1340"}],"curies":[{"name":"wp","href":"https:\/\/api.w.org\/{rel}","templated":true}]}}