{"id":1331,"date":"2021-09-10T10:39:13","date_gmt":"2021-09-10T08:39:13","guid":{"rendered":"https:\/\/antcube.shop\/?page_id=1331"},"modified":"2023-12-15T12:23:13","modified_gmt":"2023-12-15T11:23:13","slug":"cuib-de-sol","status":"publish","type":"page","link":"https:\/\/antcube.shop\/ro\/formicarium-finder\/tip-cuib\/cuib-de-sol\/","title":{"rendered":"Cuibul de sol"},"content":{"rendered":"<div id=\"gap-1644444807\" class=\"gap-element clearfix\" style=\"display:block; height:auto;\">\n\t\t\n<style>\n#gap-1644444807 {\n  padding-top: 197px;\n}\n@media (min-width:550px) {\n  #gap-1644444807 {\n    padding-top: 200px;\n  }\n}\n@media (min-width:850px) {\n  #gap-1644444807 {\n    padding-top: 171px;\n  }\n}\n<\/style>\n\t<\/div>\n\t\n\n<div class=\"row\"  id=\"row-350359204\">\n\n\n\t<div id=\"col-1399475620\" class=\"col small-12 large-12\"  >\n\t\t\t\t<div class=\"col-inner\"  >\n\t\t\t\n\t\t\t\n\n\t<div id=\"text-463502179\" class=\"text\">\n\t\t\n\n<p><strong>\u00centrebare: <\/strong><strong>De unde provine specia de furnic\u0103 dorit\u0103 sau ce habitat prefer\u0103?<\/strong><\/p>\n\t\t\n<style>\n#text-463502179 {\n  font-size: 1.45rem;\n  text-align: center;\n}\n@media (min-width:550px) {\n  #text-463502179 {\n    font-size: 1.95rem;\n  }\n}\n<\/style>\n\t<\/div>\n\t\n\t<div id=\"text-2597115441\" class=\"text\">\n\t\t\n\n<p style=\"text-align: center;\"><strong>\u00cen aceast\u0103 etap\u0103 a \"Formicarium Finder\" va trebui s\u0103 decide\u021bi din ce habitat sau mediu natural provine specia dumneavoastr\u0103 de furnici. <\/strong>Dac\u0103 nu sunte\u021bi sigur, verifica\u021bi doar descrierea produsului respectiv pentru specia de furnici dorit\u0103. Ve\u021bi g\u0103si informa\u021biile acolo.<\/p>\n\t\t\n<style>\n#text-2597115441 {\n  text-align: center;\n}\n<\/style>\n\t<\/div>\n\t\n\n\t\t<\/div>\n\t\t\t\t\t<\/div>\n\n\t\n\n<\/div>\n<div class=\"row\"  id=\"row-1687993190\">\n\n\n\t<div id=\"col-2116066083\" class=\"col medium-3 small-6 large-3\"  >\n\t\t\t\t<div class=\"col-inner\"  >\n\t\t\t\n\t\t\t\n\n\n  <div class=\"banner has-hover\" id=\"banner-559230930\">\n          <div class=\"banner-inner fill\">\n        <div class=\"banner-bg fill\" >\n            <img loading=\"lazy\" decoding=\"async\" width=\"906\" height=\"600\" src=\"https:\/\/i0.wp.com\/antcube.shop\/wp-content\/uploads\/2021\/08\/walter-sturn-HOCCH6oPVmw-unsplash-scaled.jpg?fit=906%2C600&amp;ssl=1\" class=\"bg attachment-large size-large\" alt=\"\" \/>                        <div class=\"overlay\"><\/div>            \n                    <\/div>\n\t\t\n        <div class=\"banner-layers container\">\n            <a class=\"fill\" href=\"https:\/\/antcube.shop\/formicarium-finder\/nest-type\/soil-nest\/habitat-meadow\/\"><div class=\"fill banner-link\"><\/div><\/a>            \n\n   <div id=\"text-box-1767455228\" class=\"text-box banner-layer x50 md-x50 lg-x50 y5 md-y5 lg-y20 res-text\">\n                                <div class=\"text-box-content text dark text-shadow-5\">\n              \n              <div class=\"text-inner text-center\">\n                  \n\n\t<div id=\"text-2750325094\" class=\"text\">\n\t\t\n\n<h3 class=\"uppercase\"><strong>Meadow<\/strong><\/h3>\n\t\t\n<style>\n#text-2750325094 {\n  font-size: 0.75rem;\n}\n@media (min-width:550px) {\n  #text-2750325094 {\n    font-size: 0.75rem;\n  }\n}\n@media (min-width:850px) {\n  #text-2750325094 {\n    font-size: 1.1rem;\n  }\n}\n<\/style>\n\t<\/div>\n\t\n\n              <\/div>\n           <\/div>\n                            \n<style>\n#text-box-1767455228 {\n  width: 100%;\n}\n#text-box-1767455228 .text-box-content {\n  font-size: 100%;\n}\n@media (min-width:550px) {\n  #text-box-1767455228 {\n    width: 100%;\n  }\n}\n@media (min-width:850px) {\n  #text-box-1767455228 {\n    width: 60%;\n  }\n}\n<\/style>\n    <\/div>\n \n\n        <\/div>\n      <\/div>\n\n            \n<style>\n#banner-559230930 {\n  padding-top: 99.99%;\n}\n#banner-559230930 .overlay {\n  background-color: rgba(0, 0, 0, 0);\n}\n<\/style>\n  <\/div>\n\n\n\n\t\t<\/div>\n\t\t\t\t\t<\/div>\n\n\t\n\n\t<div id=\"col-1212518833\" class=\"col medium-3 small-6 large-3\"  >\n\t\t\t\t<div class=\"col-inner\"  >\n\t\t\t\n\t\t\t\n\n\n  <div class=\"banner has-hover\" id=\"banner-886138297\">\n          <div class=\"banner-inner fill\">\n        <div class=\"banner-bg fill\" >\n            <img loading=\"lazy\" decoding=\"async\" width=\"401\" height=\"600\" src=\"https:\/\/i0.wp.com\/antcube.shop\/wp-content\/uploads\/2021\/08\/daniel-sessler-78kaMQmUUq4-unsplash-scaled.jpg?fit=401%2C600&amp;ssl=1\" class=\"bg attachment-large size-large\" alt=\"\" \/>                        <div class=\"overlay\"><\/div>            \n                    <\/div>\n\t\t\n        <div class=\"banner-layers container\">\n            <a class=\"fill\" href=\"https:\/\/antcube.shop\/formicarium-finder\/nest-type\/soil-nest\/habitat-forest\/\"><div class=\"fill banner-link\"><\/div><\/a>            \n\n   <div id=\"text-box-1100606756\" class=\"text-box banner-layer x50 md-x50 lg-x50 y5 md-y5 lg-y20 res-text\">\n                                <div class=\"text-box-content text dark text-shadow-5\">\n              \n              <div class=\"text-inner text-center\">\n                  \n\n\t<div id=\"text-1304235126\" class=\"text\">\n\t\t\n\n<h3 class=\"uppercase\"><strong>P\u0103dure<\/strong><\/h3>\n\t\t\n<style>\n#text-1304235126 {\n  font-size: 0.75rem;\n}\n@media (min-width:550px) {\n  #text-1304235126 {\n    font-size: 0.75rem;\n  }\n}\n@media (min-width:850px) {\n  #text-1304235126 {\n    font-size: 1.1rem;\n  }\n}\n<\/style>\n\t<\/div>\n\t\n\n              <\/div>\n           <\/div>\n                            \n<style>\n#text-box-1100606756 {\n  width: 100%;\n}\n#text-box-1100606756 .text-box-content {\n  font-size: 100%;\n}\n@media (min-width:550px) {\n  #text-box-1100606756 {\n    width: 100%;\n  }\n}\n@media (min-width:850px) {\n  #text-box-1100606756 {\n    width: 60%;\n  }\n}\n<\/style>\n    <\/div>\n \n\n        <\/div>\n      <\/div>\n\n            \n<style>\n#banner-886138297 {\n  padding-top: 99.99%;\n}\n#banner-886138297 .overlay {\n  background-color: rgba(0, 0, 0, 0);\n}\n#banner-886138297 .banner-bg img {\n  object-position: 25% 69%;\n}\n<\/style>\n  <\/div>\n\n\n\n\t\t<\/div>\n\t\t\t\t\t<\/div>\n\n\t\n\n\t<div id=\"col-966724912\" class=\"col medium-3 small-6 large-3\"  >\n\t\t\t\t<div class=\"col-inner\"  >\n\t\t\t\n\t\t\t\n\n\n  <div class=\"banner has-hover\" id=\"banner-1527908751\">\n          <div class=\"banner-inner fill\">\n        <div class=\"banner-bg fill\" >\n            <img loading=\"lazy\" decoding=\"async\" width=\"400\" height=\"600\" src=\"https:\/\/i0.wp.com\/antcube.shop\/wp-content\/uploads\/2021\/08\/huper-by-joshua-earle-mErSbLOqSJk-unsplash-scaled.jpg?fit=400%2C600&amp;ssl=1\" class=\"bg attachment-large size-large\" alt=\"\" \/>                        <div class=\"overlay\"><\/div>            \n                    <\/div>\n\t\t\n        <div class=\"banner-layers container\">\n            <a class=\"fill\" href=\"https:\/\/antcube.shop\/formicarium-finder\/nest-type\/soil-nest\/habitat-desert\/\"><div class=\"fill banner-link\"><\/div><\/a>            \n\n   <div id=\"text-box-564977230\" class=\"text-box banner-layer x0 md-x50 lg-x50 y0 md-y5 lg-y10 res-text\">\n                                <div class=\"text-box-content text dark text-shadow-5\">\n              \n              <div class=\"text-inner text-center\">\n                  \n\n\t<div id=\"text-4128556535\" class=\"text\">\n\t\t\n\n<h3 class=\"uppercase\"><strong>De\u0219erturi sau stepe<\/strong><\/h3>\n\t\t\n<style>\n#text-4128556535 {\n  font-size: 0.75rem;\n  text-align: center;\n}\n@media (min-width:550px) {\n  #text-4128556535 {\n    font-size: 0.75rem;\n  }\n}\n@media (min-width:850px) {\n  #text-4128556535 {\n    font-size: 1.1rem;\n  }\n}\n<\/style>\n\t<\/div>\n\t\n\n              <\/div>\n           <\/div>\n                            \n<style>\n#text-box-564977230 {\n  width: 100%;\n}\n#text-box-564977230 .text-box-content {\n  font-size: 100%;\n}\n@media (min-width:550px) {\n  #text-box-564977230 {\n    width: 100%;\n  }\n}\n@media (min-width:850px) {\n  #text-box-564977230 {\n    width: 60%;\n  }\n}\n<\/style>\n    <\/div>\n \n\n        <\/div>\n      <\/div>\n\n            \n<style>\n#banner-1527908751 {\n  padding-top: 99.99%;\n}\n#banner-1527908751 .overlay {\n  background-color: rgba(0, 0, 0, 0);\n}\n#banner-1527908751 .banner-bg img {\n  object-position: 51% 61%;\n}\n<\/style>\n  <\/div>\n\n\n\n\t\t<\/div>\n\t\t\t\t\t<\/div>\n\n\t\n\n\t<div id=\"col-1582568467\" class=\"col medium-3 small-6 large-3\"  >\n\t\t\t\t<div class=\"col-inner\"  >\n\t\t\t\n\t\t\t\n\n\n  <div class=\"banner has-hover\" id=\"banner-1934600435\">\n          <div class=\"banner-inner fill\">\n        <div class=\"banner-bg fill\" >\n            <img loading=\"lazy\" decoding=\"async\" width=\"402\" height=\"600\" src=\"https:\/\/i0.wp.com\/antcube.shop\/wp-content\/uploads\/2021\/08\/david-clode-SF4Gj1xvqk0-unsplash-scaled.jpg?fit=402%2C600&amp;ssl=1\" class=\"bg attachment-large size-large\" alt=\"\" \/>                        <div class=\"overlay\"><\/div>            \n                    <\/div>\n\t\t\n        <div class=\"banner-layers container\">\n            <a class=\"fill\" href=\"https:\/\/antcube.shop\/formicarium-finder\/nest-type\/soil-nest\/habitat-rainforest\/\"><div class=\"fill banner-link\"><\/div><\/a>            \n\n   <div id=\"text-box-967308949\" class=\"text-box banner-layer x0 md-x0 lg-x50 y5 md-y5 lg-y20 res-text\">\n                                <div class=\"text-box-content text dark text-shadow-5\">\n              \n              <div class=\"text-inner text-center\">\n                  \n\n\t<div id=\"text-2432619362\" class=\"text\">\n\t\t\n\n<h3 class=\"uppercase\"><strong>P\u0103durea tropical\u0103<\/strong><\/h3>\n\t\t\n<style>\n#text-2432619362 {\n  font-size: 0.75rem;\n  text-align: center;\n}\n@media (min-width:550px) {\n  #text-2432619362 {\n    font-size: 0.75rem;\n  }\n}\n@media (min-width:850px) {\n  #text-2432619362 {\n    font-size: 1.1rem;\n  }\n}\n<\/style>\n\t<\/div>\n\t\n\n              <\/div>\n           <\/div>\n                            \n<style>\n#text-box-967308949 {\n  width: 100%;\n}\n#text-box-967308949 .text-box-content {\n  font-size: 100%;\n}\n@media (min-width:550px) {\n  #text-box-967308949 {\n    width: 100%;\n  }\n}\n@media (min-width:850px) {\n  #text-box-967308949 {\n    width: 82%;\n  }\n}\n<\/style>\n    <\/div>\n \n\n        <\/div>\n      <\/div>\n\n            \n<style>\n#banner-1934600435 {\n  padding-top: 99.99%;\n}\n#banner-1934600435 .overlay {\n  background-color: rgba(0, 0, 0, 0);\n}\n#banner-1934600435 .banner-bg img {\n  object-position: 65% 69%;\n}\n<\/style>\n  <\/div>\n\n\n\n\t\t<\/div>\n\t\t\t\t\t<\/div>\n\n\t\n\n<\/div>\n\t<div id=\"gap-407649512\" class=\"gap-element clearfix\" style=\"display:block; height:auto;\">\n\t\t\n<style>\n#gap-407649512 {\n  padding-top: 50px;\n}\n<\/style>\n\t<\/div>","protected":false},"excerpt":{"rendered":"","protected":false},"author":1,"featured_media":0,"parent":1264,"menu_order":0,"comment_status":"closed","ping_status":"closed","template":"","meta":{"_acf_changed":false,"content-type":"","_monsterinsights_skip_tracking":false,"_monsterinsights_sitenote_active":false,"_monsterinsights_sitenote_note":"","_monsterinsights_sitenote_category":0,"footnotes":""},"class_list":["post-1331","page","type-page","status-publish","hentry"],"acf":[],"aioseo_notices":[],"jetpack_sharing_enabled":true,"_links":{"self":[{"href":"https:\/\/antcube.shop\/ro\/wp-json\/wp\/v2\/pages\/1331","targetHints":{"allow":["GET"]}}],"collection":[{"href":"https:\/\/antcube.shop\/ro\/wp-json\/wp\/v2\/pages"}],"about":[{"href":"https:\/\/antcube.shop\/ro\/wp-json\/wp\/v2\/types\/page"}],"author":[{"embeddable":true,"href":"https:\/\/antcube.shop\/ro\/wp-json\/wp\/v2\/users\/1"}],"replies":[{"embeddable":true,"href":"https:\/\/antcube.shop\/ro\/wp-json\/wp\/v2\/comments?post=1331"}],"version-history":[{"count":10,"href":"https:\/\/antcube.shop\/ro\/wp-json\/wp\/v2\/pages\/1331\/revisions"}],"predecessor-version":[{"id":6850,"href":"https:\/\/antcube.shop\/ro\/wp-json\/wp\/v2\/pages\/1331\/revisions\/6850"}],"up":[{"embeddable":true,"href":"https:\/\/antcube.shop\/ro\/wp-json\/wp\/v2\/pages\/1264"}],"wp:attachment":[{"href":"https:\/\/antcube.shop\/ro\/wp-json\/wp\/v2\/media?parent=1331"}],"curies":[{"name":"wp","href":"https:\/\/api.w.org\/{rel}","templated":true}]}}