{"id":1264,"date":"2021-09-09T14:24:10","date_gmt":"2021-09-09T12:24:10","guid":{"rendered":"https:\/\/antcube.shop\/?page_id=1264"},"modified":"2023-12-15T10:55:28","modified_gmt":"2023-12-15T09:55:28","slug":"tip-cuib","status":"publish","type":"page","link":"https:\/\/antcube.shop\/ro\/formicarium-finder\/tip-cuib\/","title":{"rendered":"Formicarium pentru furnici"},"content":{"rendered":"<div id=\"gap-1526880613\" class=\"gap-element clearfix\" style=\"display:block; height:auto;\">\n\t\t\n<style>\n#gap-1526880613 {\n  padding-top: 200px;\n}\n@media (min-width:550px) {\n  #gap-1526880613 {\n    padding-top: 201px;\n  }\n}\n@media (min-width:850px) {\n  #gap-1526880613 {\n    padding-top: 171px;\n  }\n}\n<\/style>\n\t<\/div>\n\t\n\n<div class=\"row\"  id=\"row-1975451290\">\n\n\n\t<div id=\"col-1202227095\" class=\"col small-12 large-12\"  >\n\t\t\t\t<div class=\"col-inner\"  >\n\t\t\t\n\t\t\t\n\n\t<div id=\"text-2415330233\" class=\"text\">\n\t\t\n\n<p><strong>\u00centrebare: Unde \u00eei place speciei de furnici pe care o dori\u021bi s\u0103 cuib\u0103reasc\u0103 \u00een natur\u0103?<\/strong><\/p>\n\t\t\n<style>\n#text-2415330233 {\n  font-size: 1.45rem;\n  text-align: center;\n}\n@media (min-width:550px) {\n  #text-2415330233 {\n    font-size: 1.95rem;\n  }\n}\n<\/style>\n\t<\/div>\n\t\n\t<div id=\"text-2608189520\" class=\"text\">\n\t\t\n\n<p style=\"text-align: center;\"><strong>\u00cen aceast\u0103 etap\u0103 a \"Formicarium Finder\" va trebui s\u0103 decide\u021bi ce zon\u0103 de cuib\u0103rit sau ce tip de cuib prefer\u0103 specia dumneavoastr\u0103 de furnici \u00een mediul lor natural. <\/strong>Dac\u0103 nu sunte\u021bi sigur, verifica\u021bi doar descrierea produsului respectiv pentru specia de furnici dorit\u0103. Ve\u021bi g\u0103si informa\u021biile acolo.<\/p>\n<h3>\u00a0<\/h3>\n\t\t\n<style>\n#text-2608189520 {\n  text-align: center;\n}\n<\/style>\n\t<\/div>\n\t\n\n\t\t<\/div>\n\t\t\t\t\t<\/div>\n\n\t\n\n<\/div>\n<div class=\"row align-center\"  id=\"row-359265999\">\n\n\n\t<div id=\"col-506524765\" class=\"col medium-3 small-6 large-3\"  >\n\t\t\t\t<div class=\"col-inner\"  >\n\t\t\t\n\t\t\t\n\n\n  <div class=\"banner has-hover\" id=\"banner-984292048\">\n          <div class=\"banner-inner fill\">\n        <div class=\"banner-bg fill\" >\n            <img data-recalc-dims=\"1\" loading=\"lazy\" decoding=\"async\" width=\"1020\" height=\"680\" src=\"https:\/\/i0.wp.com\/antcube.shop\/wp-content\/uploads\/2021\/08\/macro-3821280_1920.jpg?resize=1020%2C680&#038;ssl=1\" class=\"bg attachment-original size-original\" alt=\"\" \/>                        <div class=\"overlay\"><\/div>            \n                    <\/div>\n\t\t\n        <div class=\"banner-layers container\">\n            <a class=\"fill\" href=\"https:\/\/antcube.shop\/formicarium-finder\/nest-type\/soil-nest\/\"><div class=\"fill banner-link\"><\/div><\/a>            \n\n   <div id=\"text-box-368795744\" class=\"text-box banner-layer x0 md-x0 lg-x50 y5 md-y5 lg-y5 res-text\">\n                                <div class=\"text-box-content text dark text-shadow-5\">\n              \n              <div class=\"text-inner text-center\">\n                  \n\n\t<div id=\"text-2632550876\" class=\"text\">\n\t\t\n\n<h5 class=\"uppercase\"><strong>Cuiburi \u00een sol<\/strong><\/h5>\n\t\t\n<style>\n#text-2632550876 {\n  font-size: 0.85rem;\n}\n@media (min-width:550px) {\n  #text-2632550876 {\n    font-size: 0.9rem;\n  }\n}\n@media (min-width:850px) {\n  #text-2632550876 {\n    font-size: 1.35rem;\n  }\n}\n<\/style>\n\t<\/div>\n\t\n\n              <\/div>\n           <\/div>\n                            \n<style>\n#text-box-368795744 {\n  width: 100%;\n}\n#text-box-368795744 .text-box-content {\n  font-size: 100%;\n}\n@media (min-width:550px) {\n  #text-box-368795744 {\n    width: 100%;\n  }\n}\n@media (min-width:850px) {\n  #text-box-368795744 {\n    width: 100%;\n  }\n}\n<\/style>\n    <\/div>\n \n\n        <\/div>\n      <\/div>\n\n            \n<style>\n#banner-984292048 {\n  padding-top: 99.99%;\n}\n#banner-984292048 .overlay {\n  background-color: rgba(0, 0, 0, 0);\n}\n#banner-984292048 .banner-bg img {\n  object-position: 46% 50%;\n}\n<\/style>\n  <\/div>\n\n\n\n\t\t<\/div>\n\t\t\t\t\t<\/div>\n\n\t\n\n\t<div id=\"col-738385313\" class=\"col medium-3 small-6 large-3\"  >\n\t\t\t\t<div class=\"col-inner\"  >\n\t\t\t\n\t\t\t\n\n\n  <div class=\"banner has-hover\" id=\"banner-1531855641\">\n          <div class=\"banner-inner fill\">\n        <div class=\"banner-bg fill\" >\n            <img data-recalc-dims=\"1\" loading=\"lazy\" decoding=\"async\" width=\"1020\" height=\"1530\" src=\"https:\/\/i0.wp.com\/antcube.shop\/wp-content\/uploads\/2021\/09\/frank-albrecht-DVWR_mGz0Ek-unsplash-1-scaled.jpg?resize=1020%2C1530&#038;ssl=1\" class=\"bg attachment-original size-original\" alt=\"\" \/>                                    \n                    <\/div>\n\t\t\n        <div class=\"banner-layers container\">\n            <a class=\"fill\" href=\"https:\/\/antcube.shop\/formicarium-finder\/nest-type\/wood-nest\/\"><div class=\"fill banner-link\"><\/div><\/a>            \n\n   <div id=\"text-box-969151830\" class=\"text-box banner-layer x50 md-x50 lg-x0 y5 md-y5 lg-y5 res-text\">\n                                <div class=\"text-box-content text dark text-shadow-5\">\n              \n              <div class=\"text-inner text-center\">\n                  \n\n\t<div id=\"text-3597252284\" class=\"text\">\n\t\t\n\n<h5 class=\"uppercase\"><strong>Cuib\u0103ritul \u00een lemn sau \u00een lemn mort<\/strong><\/h5>\n\t\t\n<style>\n#text-3597252284 {\n  font-size: 0.9rem;\n  text-align: center;\n}\n@media (min-width:550px) {\n  #text-3597252284 {\n    font-size: 0.9rem;\n  }\n}\n@media (min-width:850px) {\n  #text-3597252284 {\n    font-size: 1.35rem;\n  }\n}\n<\/style>\n\t<\/div>\n\t\n\n              <\/div>\n           <\/div>\n                            \n<style>\n#text-box-969151830 {\n  width: 100%;\n}\n#text-box-969151830 .text-box-content {\n  font-size: 100%;\n}\n@media (min-width:550px) {\n  #text-box-969151830 {\n    width: 100%;\n  }\n}\n@media (min-width:850px) {\n  #text-box-969151830 {\n    width: 100%;\n  }\n}\n<\/style>\n    <\/div>\n \n\n        <\/div>\n      <\/div>\n\n            \n<style>\n#banner-1531855641 {\n  padding-top: 99.99%;\n}\n#banner-1531855641 .banner-bg img {\n  object-position: 47% 92%;\n}\n<\/style>\n  <\/div>\n\n\n\n\t\t<\/div>\n\t\t\t\t\t<\/div>\n\n\t\n\n\t<div id=\"col-1195542411\" class=\"col medium-3 small-6 large-3\"  >\n\t\t\t\t<div class=\"col-inner\"  >\n\t\t\t\n\t\t\t\n\n\n  <div class=\"banner has-hover\" id=\"banner-227649056\">\n          <div class=\"banner-inner fill\">\n        <div class=\"banner-bg fill\" >\n            <img loading=\"lazy\" decoding=\"async\" width=\"900\" height=\"600\" src=\"https:\/\/i0.wp.com\/antcube.shop\/wp-content\/uploads\/2021\/09\/wolfgang-hasselmann-J7ArFYQrBXw-unsplash1-scaled.jpg?fit=900%2C600&amp;ssl=1\" class=\"bg attachment-large size-large\" alt=\"\" \/>                        <div class=\"overlay\"><\/div>            \n                    <\/div>\n\t\t\n        <div class=\"banner-layers container\">\n            <a class=\"fill\" href=\"https:\/\/antcube.shop\/formicarium-finder\/nest-type\/stone-nest\/\"><div class=\"fill banner-link\"><\/div><\/a>            \n\n   <div id=\"text-box-527373719\" class=\"text-box banner-layer x0 md-x0 lg-x50 y0 md-y5 lg-y5 res-text\">\n                                <div class=\"text-box-content text dark text-shadow-5\">\n              \n              <div class=\"text-inner text-center\">\n                  \n\n\t<div id=\"text-2225113454\" class=\"text\">\n\t\t\n\n<h5 class=\"uppercase\"><strong>Cuiburi \u00eentre sau sub pietre<\/strong><\/h5>\n\t\t\n<style>\n#text-2225113454 {\n  font-size: 0.85rem;\n  text-align: center;\n}\n@media (min-width:550px) {\n  #text-2225113454 {\n    font-size: 0.9rem;\n  }\n}\n@media (min-width:850px) {\n  #text-2225113454 {\n    font-size: 1.35rem;\n  }\n}\n<\/style>\n\t<\/div>\n\t\n\n              <\/div>\n           <\/div>\n                            \n<style>\n#text-box-527373719 {\n  width: 100%;\n}\n#text-box-527373719 .text-box-content {\n  font-size: 100%;\n}\n@media (min-width:550px) {\n  #text-box-527373719 {\n    width: 100%;\n  }\n}\n@media (min-width:850px) {\n  #text-box-527373719 {\n    width: 100%;\n  }\n}\n<\/style>\n    <\/div>\n \n\n        <\/div>\n      <\/div>\n\n            \n<style>\n#banner-227649056 {\n  padding-top: 99.99%;\n}\n#banner-227649056 .overlay {\n  background-color: rgba(0, 0, 0, 0);\n}\n#banner-227649056 .banner-bg img {\n  object-position: 43% 45%;\n}\n<\/style>\n  <\/div>\n\n\n\n\t\t<\/div>\n\t\t\t\t\t<\/div>\n\n\t\n\n<\/div>","protected":false},"excerpt":{"rendered":"","protected":false},"author":1,"featured_media":0,"parent":727,"menu_order":0,"comment_status":"closed","ping_status":"closed","template":"","meta":{"_acf_changed":false,"content-type":"","_monsterinsights_skip_tracking":false,"_monsterinsights_sitenote_active":false,"_monsterinsights_sitenote_note":"","_monsterinsights_sitenote_category":0,"footnotes":""},"class_list":["post-1264","page","type-page","status-publish","hentry"],"acf":[],"aioseo_notices":[],"jetpack_sharing_enabled":true,"_links":{"self":[{"href":"https:\/\/antcube.shop\/ro\/wp-json\/wp\/v2\/pages\/1264","targetHints":{"allow":["GET"]}}],"collection":[{"href":"https:\/\/antcube.shop\/ro\/wp-json\/wp\/v2\/pages"}],"about":[{"href":"https:\/\/antcube.shop\/ro\/wp-json\/wp\/v2\/types\/page"}],"author":[{"embeddable":true,"href":"https:\/\/antcube.shop\/ro\/wp-json\/wp\/v2\/users\/1"}],"replies":[{"embeddable":true,"href":"https:\/\/antcube.shop\/ro\/wp-json\/wp\/v2\/comments?post=1264"}],"version-history":[{"count":10,"href":"https:\/\/antcube.shop\/ro\/wp-json\/wp\/v2\/pages\/1264\/revisions"}],"predecessor-version":[{"id":6828,"href":"https:\/\/antcube.shop\/ro\/wp-json\/wp\/v2\/pages\/1264\/revisions\/6828"}],"up":[{"embeddable":true,"href":"https:\/\/antcube.shop\/ro\/wp-json\/wp\/v2\/pages\/727"}],"wp:attachment":[{"href":"https:\/\/antcube.shop\/ro\/wp-json\/wp\/v2\/media?parent=1264"}],"curies":[{"name":"wp","href":"https:\/\/api.w.org\/{rel}","templated":true}]}}