{"id":1135,"date":"2021-09-08T09:48:21","date_gmt":"2021-09-08T07:48:21","guid":{"rendered":"https:\/\/antcube.shop\/?page_id=1135"},"modified":"2024-10-24T14:32:46","modified_gmt":"2024-10-24T12:32:46","slug":"sustenabilitate","status":"publish","type":"page","link":"https:\/\/antcube.shop\/ro\/despre-noi\/sustenabilitate\/","title":{"rendered":"Sustenabilitate"},"content":{"rendered":"<div id=\"gap-764437314\" class=\"gap-element clearfix\" style=\"display:block; height:auto;\">\n\t\t\n<style>\n#gap-764437314 {\n  padding-top: 181px;\n}\n@media (min-width:850px) {\n  #gap-764437314 {\n    padding-top: 75px;\n  }\n}\n<\/style>\n\t<\/div>\n\t\n\n\n  <div class=\"banner has-hover\" id=\"banner-93849517\">\n          <div class=\"banner-inner fill\">\n        <div class=\"banner-bg fill\" >\n            <img data-recalc-dims=\"1\" loading=\"lazy\" decoding=\"async\" width=\"1020\" height=\"574\" src=\"https:\/\/i0.wp.com\/antcube.shop\/wp-content\/uploads\/2021\/08\/caspian-dahlstrom-xXbaTOP31M4-unsplash-scaled.jpg?resize=1020%2C574&#038;ssl=1\" class=\"bg attachment-original size-original\" alt=\"\" \/>                        <div class=\"overlay\"><\/div>            \n                    <\/div>\n\t\t\n        <div class=\"banner-layers container\">\n            <div class=\"fill banner-link\"><\/div>            \n\n   <div id=\"text-box-771465201\" class=\"text-box banner-layer x50 md-x50 lg-x50 y50 md-y50 lg-y50 res-text\">\n                                <div class=\"text-box-content text dark\">\n              \n              <div class=\"text-inner text-center\">\n                  \n\n<h3 class=\"uppercase\"><strong>Sustenabilitate<\/strong><\/h3>\n<p>\u00a0<\/p>\n\n              <\/div>\n           <\/div>\n                            \n<style>\n#text-box-771465201 {\n  width: 60%;\n}\n#text-box-771465201 .text-box-content {\n  font-size: 100%;\n}\n<\/style>\n    <\/div>\n \n\n        <\/div>\n      <\/div>\n\n            \n<style>\n#banner-93849517 {\n  padding-top: 60%;\n}\n#banner-93849517 .overlay {\n  background-color: rgba(0, 0, 0, 0);\n}\n#banner-93849517 .banner-bg img {\n  object-position: 51% 51%;\n}\n@media (min-width:550px) {\n  #banner-93849517 {\n    padding-top: 500px;\n  }\n}\n<\/style>\n  <\/div>\n\n\n\t<div id=\"gap-816653307\" class=\"gap-element clearfix\" style=\"display:block; height:auto;\">\n\t\t\n<style>\n#gap-816653307 {\n  padding-top: 40px;\n}\n<\/style>\n\t<\/div>\n\t\n\n<div class=\"row\"  id=\"row-2127599034\">\n\n\n\t<div id=\"col-1639942706\" class=\"col medium-7 small-12 large-6\"  >\n\t\t\t\t<div class=\"col-inner\"  >\n\t\t\t\n\t\t\t\n\n\t<div id=\"text-3852634506\" class=\"text\">\n\t\t\n\n<h2>Cum ne str\u0103duim s\u0103 devenim mai ecologici<\/h2>\n<p align=\"CENTER\"><strong><span style=\"color: #ff0000;\">Cu to\u021bii avem o responsabilitate pentru aceast\u0103 planet\u0103!<\/span><\/strong><\/p>\n<p>Acest lucru era deja \u00een mintea fondatorului nostru atunci c\u00e2nd a \u00eenfiin\u021bat ANTSTORE, \u00een urm\u0103 cu 20 de ani. P\u0103strarea naturii prin utilizarea sticlei pentru cre\u0219terea furnicilor, \u00een locul instala\u021biilor acrilice.<\/p>\n<p>\u00cen\u021belegem c\u0103 P\u0103m\u00e2ntul nu are nevoie de noi, dar noi avem nevoie de aceast\u0103 minunat\u0103 planet\u0103. A\u0219a c\u0103 haide\u021bi s\u0103 lucr\u0103m \u00eempreun\u0103 pentru a ne p\u0103stra natura, suntem recunosc\u0103tori pentru orice ajutor \u00een cercetarea \u0219i dezvoltarea de ambalaje ecologice \u0219i reciclabile, pentru a nu mai cre\u0219te procentul de particule de polietilen\u0103 \u00een apa noastr\u0103.<\/p>\n<p>Prin urmare, facem acum primii pa\u0219i pentru a utiliza numai ambalaje ecologice dup\u0103 2022. \u0218tim c\u0103 schimbarea ambalajelor noastre este doar un pas mic pentru ca o companie s\u0103 devin\u0103 sustenabil\u0103, a\u0219a c\u0103 lucr\u0103m, de asemenea, la digitalizare, optimizarea rutelor de transport \u0219i educa\u021bie.<\/p>\n<p>Ne pute\u021bi sprijini, cump\u0103r\u00e2nd produsele noastre. Ajuta\u021bi-ne s\u0103 ne \u00eendeplinim datoria de a men\u021bine aceast\u0103 minunat\u0103 planet\u0103 verde cu toate formele sale de via\u021b\u0103 diverse. Prin achizi\u021bia dvs., stimula\u021bi departamentul nostru de cercetare \u0219i dezvoltare s\u0103 elaboreze solu\u021bii \u0219i mai durabile \u00een beneficiul nostru, al tuturor.<\/p>\n<p>\u00cen plus, inten\u021bion\u0103m s\u0103 cooper\u0103m cu o \"funda\u021bie de plantare a unui copac\", pentru a permite p\u0103durilor noastre s\u0103 creasc\u0103 din nou. Acestea sunt unele dintre cele mai importante habitate \u0219i pentru furnici! V\u0103 vom \u021bine la curent cu nout\u0103\u021bile \u00een cur\u00e2nd.<\/p>\n\t\t\n<style>\n#text-3852634506 {\n  text-align: center;\n}\n<\/style>\n\t<\/div>\n\t\n\n\t\t<\/div>\n\t\t\t\t\t<\/div>\n\n\t\n\n\t<div id=\"col-87116516\" class=\"col medium-5 small-12 large-6\"  >\n\t\t\t\t<div class=\"col-inner\"  >\n\t\t\t\n\t\t\t\n\n\t<div class=\"img has-hover x md-x lg-x y md-y lg-y\" id=\"image_877110153\">\n\t\t\t\t\t\t\t\t<div class=\"img-inner dark\" >\n\t\t\t<img data-recalc-dims=\"1\" loading=\"lazy\" decoding=\"async\" width=\"1020\" height=\"681\" src=\"https:\/\/i0.wp.com\/antcube.shop\/wp-content\/uploads\/2021\/08\/mark-AddyORqTyCg-unsplash-scaled.jpg?resize=1020%2C681&#038;ssl=1\" class=\"attachment-original size-original\" alt=\"\" srcset=\"https:\/\/i0.wp.com\/antcube.shop\/wp-content\/uploads\/2021\/08\/mark-AddyORqTyCg-unsplash-scaled.jpg?w=2560&amp;ssl=1 2560w, https:\/\/i0.wp.com\/antcube.shop\/wp-content\/uploads\/2021\/08\/mark-AddyORqTyCg-unsplash-scaled.jpg?resize=510%2C341&amp;ssl=1 510w, https:\/\/i0.wp.com\/antcube.shop\/wp-content\/uploads\/2021\/08\/mark-AddyORqTyCg-unsplash-scaled.jpg?resize=599%2C400&amp;ssl=1 599w, https:\/\/i0.wp.com\/antcube.shop\/wp-content\/uploads\/2021\/08\/mark-AddyORqTyCg-unsplash-scaled.jpg?resize=1198%2C800&amp;ssl=1 1198w, https:\/\/i0.wp.com\/antcube.shop\/wp-content\/uploads\/2021\/08\/mark-AddyORqTyCg-unsplash-scaled.jpg?resize=768%2C513&amp;ssl=1 768w, https:\/\/i0.wp.com\/antcube.shop\/wp-content\/uploads\/2021\/08\/mark-AddyORqTyCg-unsplash-scaled.jpg?resize=1536%2C1026&amp;ssl=1 1536w, https:\/\/i0.wp.com\/antcube.shop\/wp-content\/uploads\/2021\/08\/mark-AddyORqTyCg-unsplash-scaled.jpg?resize=2048%2C1368&amp;ssl=1 2048w\" sizes=\"auto, (max-width: 1020px) 100vw, 1020px\" \/>\t\t\t\t\t\t\n\t\t\t\t\t<\/div>\n\t\t\t\t\t\t\t\t\n<style>\n#image_877110153 {\n  width: 100%;\n}\n<\/style>\n\t<\/div>\n\t\n\n\n\t\t<\/div>\n\t\t\t\t\t<\/div>\n\n\t\n\n<\/div>","protected":false},"excerpt":{"rendered":"","protected":false},"author":1,"featured_media":0,"parent":104,"menu_order":0,"comment_status":"closed","ping_status":"closed","template":"","meta":{"_acf_changed":false,"content-type":"","_monsterinsights_skip_tracking":false,"_monsterinsights_sitenote_active":false,"_monsterinsights_sitenote_note":"","_monsterinsights_sitenote_category":0,"footnotes":""},"class_list":["post-1135","page","type-page","status-publish","hentry"],"acf":[],"aioseo_notices":[],"jetpack_sharing_enabled":true,"_links":{"self":[{"href":"https:\/\/antcube.shop\/ro\/wp-json\/wp\/v2\/pages\/1135","targetHints":{"allow":["GET"]}}],"collection":[{"href":"https:\/\/antcube.shop\/ro\/wp-json\/wp\/v2\/pages"}],"about":[{"href":"https:\/\/antcube.shop\/ro\/wp-json\/wp\/v2\/types\/page"}],"author":[{"embeddable":true,"href":"https:\/\/antcube.shop\/ro\/wp-json\/wp\/v2\/users\/1"}],"replies":[{"embeddable":true,"href":"https:\/\/antcube.shop\/ro\/wp-json\/wp\/v2\/comments?post=1135"}],"version-history":[{"count":10,"href":"https:\/\/antcube.shop\/ro\/wp-json\/wp\/v2\/pages\/1135\/revisions"}],"predecessor-version":[{"id":10349,"href":"https:\/\/antcube.shop\/ro\/wp-json\/wp\/v2\/pages\/1135\/revisions\/10349"}],"up":[{"embeddable":true,"href":"https:\/\/antcube.shop\/ro\/wp-json\/wp\/v2\/pages\/104"}],"wp:attachment":[{"href":"https:\/\/antcube.shop\/ro\/wp-json\/wp\/v2\/media?parent=1135"}],"curies":[{"name":"wp","href":"https:\/\/api.w.org\/{rel}","templated":true}]}}