{"id":10607,"date":"2024-11-29T12:11:26","date_gmt":"2024-11-29T11:11:26","guid":{"rendered":"https:\/\/antcube.shop\/?page_id=10607"},"modified":"2024-12-03T12:53:14","modified_gmt":"2024-12-03T11:53:14","slug":"orientari-privind-cresterea-furnicilor","status":"publish","type":"page","link":"https:\/\/antcube.shop\/ro\/orientari-privind-cresterea-furnicilor\/","title":{"rendered":"Linii directoare pentru \u00eengrijirea furnicilor"},"content":{"rendered":"<div id=\"gap-477236831\" class=\"gap-element clearfix\" style=\"display:block; height:auto;\">\n\t\t\n<style>\n#gap-477236831 {\n  padding-top: 190px;\n}\n<\/style>\n\t<\/div>\n\t\n\n<div class=\"row\"  id=\"row-824155168\">\n\n\n\t<div id=\"col-1254625752\" class=\"col small-12 large-12\"  >\n\t\t\t\t<div class=\"col-inner\"  >\n\t\t\t\n\t\t\t\n\n<h1><b>Orient\u0103ri pentru p\u0103strarea furnicilor<\/b><\/h1>\n<h2><b>Not\u0103 important\u0103 privind conservarea speciilor \u0219i a naturii<\/b><\/h2>\n<ul>\n<li style=\"font-weight: 400;\" aria-level=\"1\"><b>Risc de deteriorare \u0219i \u00eemboln\u0103vire:<\/b><span style=\"font-weight: 400;\"> Animalele vii pot provoca daune sau pot transmite boli. Persoanele alergice, \u00een special, trebuie s\u0103 fie prudente.<\/span><\/li>\n<li style=\"font-weight: 400;\" aria-level=\"1\"><b>Eliberare interzis\u0103:<\/b><span style=\"font-weight: 400;\"> \u00cen niciun caz furnicile nu pot fi eliberate \u00een natur\u0103 pentru a proteja flora \u0219i fauna indigene \u0219i str\u0103ine. Eliberarea furnicilor f\u0103r\u0103 autoriza\u021bie oficial\u0103 este o infrac\u021biune pedepsit\u0103 \u00een conformitate cu legisla\u021bia privind conservarea naturii. Ne oferim s\u0103 prelu\u0103m gratuit coloniile vechi.<\/span><\/li>\n<li style=\"font-weight: 400;\" aria-level=\"1\"><b>Identificarea speciei: <\/b><span style=\"font-weight: 400;\">Speciile de furnici sunt identificate \u00een limita cuno\u0219tin\u021belor noastre. \u00cen cazul unor modific\u0103ri ulterioare, ave\u021bi dreptul de a returna colonia.<\/span><\/li>\n<\/ul>\n<h2><b>Expedierea furnicilor<\/b><\/h2>\n<ul>\n<li style=\"font-weight: 400;\" aria-level=\"1\"><b>Zona de livrare: <\/b><span style=\"font-weight: 400;\">Animalele vii sunt expediate numai \u00een interiorul UE. Regulamentele regionale de import trebuie ob\u021binute de la oficiul veterinar local.<\/span><\/li>\n<li style=\"font-weight: 400;\" aria-level=\"1\"><b>Temperaturile \u00een timpul expedierii:<\/b>\n<ul>\n<li style=\"font-weight: 400;\" aria-level=\"2\"><b>Temperaturi nocturne:<\/b>\n<ul>\n<li style=\"font-weight: 400;\" aria-level=\"3\"><span style=\"font-weight: 400;\">Specii din nordul \u0219i centrul Europei: <span data-text-color=\"alert\">&gt;0\u00b0C<\/span> (Expres: <span data-text-color=\"alert\">&gt;-5\u00b0C<\/span> cu izola\u021bie)<\/span><\/li>\n<li style=\"font-weight: 400;\" aria-level=\"3\"><span style=\"font-weight: 400;\">Specii din sudul Europei: <span data-text-color=\"secondary\">&gt;+5\u00b0C<\/span> (Expres: <span data-text-color=\"secondary\">&gt;0\u00b0C<\/span> cu izola\u021bie)<\/span><\/li>\n<li style=\"font-weight: 400;\" aria-level=\"3\"><span style=\"font-weight: 400;\">Specii tropicale: <span data-text-color=\"secondary\">&gt;+10\u00b0C<\/span> (Expres: <span data-text-color=\"secondary\">&gt;+5\u00b0C<\/span> cu pachet de c\u0103ldur\u0103)<\/span><\/li>\n<\/ul>\n<\/li>\n<li style=\"font-weight: 400;\" aria-level=\"2\"><b>Temperaturile din timpul zilei: <\/b><span style=\"font-weight: 400;\">Maximum <span data-text-color=\"alert\">+30\u00b0C<\/span> pentru toate speciile.<\/span><\/li>\n<\/ul>\n<\/li>\n<\/ul>\n<p><span style=\"font-weight: 400;\">Furnicile comandate nu vor fi expediate \u00een afara intervalelor de temperatur\u0103 specificate. Acestea vor fi expediate la cea mai apropiat\u0103 dat\u0103 posibil\u0103.<\/span><\/p>\n<p><span style=\"font-weight: 400;\">Ve\u021bi fi informat separat prin e-mail.\u00a0<\/span><\/p>\n<h2><b>P\u0103strarea furnicilor<\/b><\/h2>\n<ul>\n<li style=\"font-weight: 400;\" aria-level=\"1\"><span style=\"font-weight: 400;\">Informa\u021bii detaliate privind cre\u0219terea pot fi g\u0103site \u00een descrierile de produs ale speciilor respective.<\/span><\/li>\n<\/ul>\n<h3><b>Probleme cu p\u0103strarea furnicilor<\/b><\/h3>\n<ol>\n<li><b> mortalitatea furnicilor - cauze posibile<\/b><\/li>\n<\/ol>\n<ul>\n<li style=\"font-weight: 400;\" aria-level=\"1\"><b>Calitatea apei:<\/b>\n<ul>\n<li style=\"font-weight: 400;\" aria-level=\"2\"><span style=\"font-weight: 400;\">Apa de la robinet poate fi toxic\u0103 pentru furnici din cauza clorului sau a cuprului.<\/span><\/li>\n<li style=\"font-weight: 400;\" aria-level=\"2\"><b>Recomandare: <\/b><span style=\"font-weight: 400;\">Utiliza\u021bi ap\u0103 filtrat\u0103 sau ap\u0103 de ploaie, nu ap\u0103 distilat\u0103.<\/span><\/li>\n<\/ul>\n<\/li>\n<li style=\"font-weight: 400;\" aria-level=\"1\"><b>Substrat:<\/b>\n<ul>\n<li style=\"font-weight: 400;\" aria-level=\"2\"><span style=\"font-weight: 400;\">Nisipul pentru p\u0103s\u0103ri con\u021bine dezinfectan\u021bi care pot d\u0103una furnicilor.<\/span><\/li>\n<li style=\"font-weight: 400;\" aria-level=\"2\"><b>Recomandare: <\/b><span style=\"font-weight: 400;\">Utiliza\u021bi produsele noastre gata de utilizare <\/span><b>baze de podea <\/b><span style=\"font-weight: 400;\">sau nisip de cuar\u021b netratat \u0219i sp\u0103la\u021bi sau coace\u021bi \u00een prealabil.<\/span><\/li>\n<\/ul>\n<\/li>\n<li style=\"font-weight: 400;\" aria-level=\"1\"><b>Plante:<\/b>\n<ul>\n<li style=\"font-weight: 400;\" aria-level=\"2\"><span style=\"font-weight: 400;\">Plantele vii din magazinele de bricolaj sau centrele de gr\u0103din\u0103rit sunt adesea tratate cu pesticide.<\/span><\/li>\n<li style=\"font-weight: 400;\" aria-level=\"2\"><b>Recomandare: <\/b><span style=\"font-weight: 400;\">Folosi\u021bi plante organice sau plante din magazine specializate pentru terariu.<\/span><\/li>\n<li style=\"font-weight: 400;\" aria-level=\"2\"><span style=\"font-weight: 400;\">Alternativ, pute\u021bi folosi \u0219i plante care au fost p\u0103strate \u00een cas\u0103 timp de cel pu\u021bin un an, f\u0103r\u0103 ad\u0103ugarea de pesticide sau \u00eengr\u0103\u0219\u0103minte.<\/span><\/li>\n<\/ul>\n<\/li>\n<li style=\"font-weight: 400;\" aria-level=\"1\"><b>Cur\u0103\u021bare:<\/b>\n<ul>\n<li style=\"font-weight: 400;\" aria-level=\"2\"><span style=\"font-weight: 400;\">Detergen\u021bii de sticl\u0103 \u0219i agen\u021bii chimici sunt d\u0103un\u0103tori.<\/span><\/li>\n<li style=\"font-weight: 400;\" aria-level=\"2\"><b>Recomandare: <\/b><span style=\"font-weight: 400;\">Utiliza\u021bi ap\u0103 curat\u0103 sau un detergent organic.<\/span><\/li>\n<\/ul>\n<\/li>\n<li style=\"font-weight: 400;\" aria-level=\"1\"><b>Construc\u021bia formicariumului:<\/b>\n<ul>\n<li style=\"font-weight: 400;\" aria-level=\"2\"><span style=\"font-weight: 400;\">Materialele cu solven\u021bi sau silicon antibacterian sunt neadecvate.<\/span><\/li>\n<li style=\"font-weight: 400;\" aria-level=\"2\"><b>Recomandare: <\/b><span style=\"font-weight: 400;\">Utiliza\u021bi substan\u021be f\u0103r\u0103 solven\u021bi sau silicon pentru acvariu.<\/span><\/li>\n<\/ul>\n<\/li>\n<li style=\"font-weight: 400;\" aria-level=\"1\"><b>Hr\u0103nirea:<\/b>\n<ul>\n<li style=\"font-weight: 400;\" aria-level=\"2\"><span style=\"font-weight: 400;\">Conservan\u021bii \u0219i parazi\u021bii din animalele alimentare pot fi d\u0103un\u0103tori. \u00cen plus, animalele alimentare crescute \u00een mas\u0103 sunt adesea infestate cu acarieni, care ar putea d\u0103una furnicilor.\u00a0<\/span><\/li>\n<li style=\"font-weight: 400;\" aria-level=\"2\"><b>Recomandare: <\/b><span style=\"font-weight: 400;\">Utiliza\u021bi alimente organice sau insecte din natur\u0103, colectate departe de drumuri \u0219i c\u00e2mpuri care pot fi contaminate cu pesticide.<\/span><\/li>\n<\/ul>\n<\/li>\n<li style=\"font-weight: 400;\" aria-level=\"1\"><b>Temperatura:<\/b>\n<ul>\n<li style=\"font-weight: 400;\" aria-level=\"2\"><span style=\"font-weight: 400;\">Formicaria se poate \u00eenc\u0103lzi considerabil din cauza luminii solare directe.<\/span><\/li>\n<li style=\"font-weight: 400;\" aria-level=\"2\"><b>Recomandare: <\/b><span style=\"font-weight: 400;\">Utiliza\u021bi un termometru cu func\u021bie min\/max.<\/span><\/li>\n<\/ul>\n<\/li>\n<li style=\"font-weight: 400;\" aria-level=\"1\"><b>Hibernare:<\/b>\n<ul>\n<li style=\"font-weight: 400;\" aria-level=\"2\"><span style=\"font-weight: 400;\">\u00cen timpul hibern\u0103rii, asigura\u021bi-v\u0103 c\u0103 cuibul este umed pentru a evita uscarea.<\/span><\/li>\n<\/ul>\n<\/li>\n<\/ul>\n<ol start=\"2\">\n<li><b> regina nu depune ou\u0103 - cauze posibile<\/b><\/li>\n<\/ol>\n<ul>\n<li style=\"font-weight: 400;\" aria-level=\"1\"><b>Sezonul: <\/b><span style=\"font-weight: 400;\">Speciile europene nu depun ou\u0103 toamna\/iarna<\/span><b>.<\/b><\/li>\n<li style=\"font-weight: 400;\" aria-level=\"1\"><b>Stres: <\/b><span style=\"font-weight: 400;\">Transportul sau perturb\u0103rile cuibului pot destabiliza regina.<\/span><\/li>\n<li style=\"font-weight: 400;\" aria-level=\"1\"><b>Deficitul de proteine: <\/b><span style=\"font-weight: 400;\">Dezvoltarea puietului necesit\u0103 hran\u0103 bogat\u0103 \u00een proteine.<\/span><\/li>\n<li style=\"font-weight: 400;\" aria-level=\"1\"><b>Ou\u0103 ascunse: <\/b><span style=\"font-weight: 400;\">Ou\u0103le pot fi g\u0103site \u00een recipientul de transport sau \u00een vat\u0103.<\/span><\/li>\n<li style=\"font-weight: 400;\" aria-level=\"1\"><b>Clima: <\/b><span style=\"font-weight: 400;\">Condi\u021biile optime (substrat, \u00eentuneric, temperatur\u0103, umiditate) sunt esen\u021biale.<\/span><\/li>\n<li style=\"font-weight: 400;\" aria-level=\"1\"><b>Recomandare: <\/b><span style=\"font-weight: 400;\">\u00cencep\u0103torii ar trebui s\u0103 aleag\u0103 specii pentru care sunt disponibile multe rapoarte de experien\u021b\u0103.<\/span><\/li>\n<\/ul>\n<p><span style=\"font-weight: 400;\">Aceste ghiduri ofer\u0103 informa\u021bii de baz\u0103 despre cum s\u0103 cre\u0219te\u021bi furnicile cu succes. Dac\u0103 ave\u021bi \u00eentreb\u0103ri sau probleme, v\u0103 recomand\u0103m s\u0103 contacta\u021bi de\u021bin\u0103tori experimenta\u021bi sau magazine specializate.<\/span><\/p>\n\n\t\t<\/div>\n\t\t\t\t\t<\/div>\n\n\t\n\n<\/div>","protected":false},"excerpt":{"rendered":"","protected":false},"author":1,"featured_media":0,"parent":0,"menu_order":0,"comment_status":"closed","ping_status":"closed","template":"","meta":{"_acf_changed":false,"content-type":"","_monsterinsights_skip_tracking":false,"_monsterinsights_sitenote_active":false,"_monsterinsights_sitenote_note":"","_monsterinsights_sitenote_category":0,"footnotes":""},"class_list":["post-10607","page","type-page","status-publish","hentry"],"acf":[],"aioseo_notices":[],"jetpack_sharing_enabled":true,"_links":{"self":[{"href":"https:\/\/antcube.shop\/ro\/wp-json\/wp\/v2\/pages\/10607","targetHints":{"allow":["GET"]}}],"collection":[{"href":"https:\/\/antcube.shop\/ro\/wp-json\/wp\/v2\/pages"}],"about":[{"href":"https:\/\/antcube.shop\/ro\/wp-json\/wp\/v2\/types\/page"}],"author":[{"embeddable":true,"href":"https:\/\/antcube.shop\/ro\/wp-json\/wp\/v2\/users\/1"}],"replies":[{"embeddable":true,"href":"https:\/\/antcube.shop\/ro\/wp-json\/wp\/v2\/comments?post=10607"}],"version-history":[{"count":5,"href":"https:\/\/antcube.shop\/ro\/wp-json\/wp\/v2\/pages\/10607\/revisions"}],"predecessor-version":[{"id":10717,"href":"https:\/\/antcube.shop\/ro\/wp-json\/wp\/v2\/pages\/10607\/revisions\/10717"}],"wp:attachment":[{"href":"https:\/\/antcube.shop\/ro\/wp-json\/wp\/v2\/media?parent=10607"}],"curies":[{"name":"wp","href":"https:\/\/api.w.org\/{rel}","templated":true}]}}