{"id":102,"date":"2013-08-11T19:22:53","date_gmt":"2013-08-11T19:22:53","guid":{"rendered":"http:\/\/localhost:8888\/test\/?page_id=532"},"modified":"2025-02-17T15:02:29","modified_gmt":"2025-02-17T14:02:29","slug":"contactati","status":"publish","type":"page","link":"https:\/\/antcube.shop\/ro\/contactati\/","title":{"rendered":"Contacta\u021bi"},"content":{"rendered":"<div id=\"gap-570910038\" class=\"gap-element clearfix\" style=\"display:block; height:auto;\">\n\t\t\n<style>\n#gap-570910038 {\n  padding-top: 30px;\n}\n<\/style>\n\t<\/div>\n\t\n\n<div class=\"row\"  id=\"row-134622625\">\n\n\n\t<div id=\"col-1155972549\" class=\"col medium-6 large-6\"  >\n\t\t\t\t<div class=\"col-inner\"  >\n\t\t\t\n\t\t\t\n\n<div class=\"container section-title-container\" ><h3 class=\"section-title section-title-normal\"><b aria-hidden=\"true\"><\/b><span class=\"section-title-main\" >\u00centreb\u0103ri frecvente<\/span><b aria-hidden=\"true\"><\/b><\/h3><\/div>\n\n<p class=\"lead\">V\u0103 rug\u0103m s\u0103 citi\u021bi pagina noastr\u0103 <a href=\"https:\/\/antcube.shop\/faq-shop\/\">\u00ceNTREB\u0102RI FRECVENTE<\/a> \u00eenainte de a ne trimite un mesaj.<\/p>\n<div class=\"accordion\">\n\n\t<div id=\"accordion-3019868075\" class=\"accordion-item\">\n\t\t<a id=\"accordion-3019868075-label\" class=\"accordion-title plain\" href=\"#accordion-item-you-do-not-know-what-ant-species-to-keep-or-which-formicarium-you-should-use?\" aria-expanded=\"false\" aria-controls=\"accordion-3019868075-content\">\n\t\t\t<button class=\"toggle\" aria-label=\"Toggle\"><i class=\"icon-angle-down\" aria-hidden=\"true\"><\/i><\/button>\n\t\t\t<span>Nu \u0219ti\u021bi ce specii de furnici s\u0103 p\u0103stra\u021bi sau ce formicarium s\u0103 folosi\u021bi?<\/span>\n\t\t<\/a>\n\t\t<div id=\"accordion-3019868075-content\" class=\"accordion-inner\" aria-labelledby=\"accordion-3019868075-label\">\n\t\t\t\n\n<p>\u00cencerca\u021bi \"Furnica Finder\" sau \"Formicarium Finder\" - Serviciul nostru online pentru clien\u021bi<\/p>\n<p><a href=\"https:\/\/antcube.shop\/ant-finder\/\">G\u0103se\u0219te-\u021bi specia de furnici<\/a><\/p>\n<p><a href=\"https:\/\/antcube.shop\/formicarium-finder\/\">G\u0103se\u0219te-\u021bi Formicarium<\/a><\/p>\n\n\t\t<\/div>\n\t<\/div>\n\t\n\t<div id=\"accordion-1470108378\" class=\"accordion-item\">\n\t\t<a id=\"accordion-1470108378-label\" class=\"accordion-title plain\" href=\"#accordion-item-what-are-the-delivery-times-and-charges-for-orders-from-the-online-shop?\" aria-expanded=\"false\" aria-controls=\"accordion-1470108378-content\">\n\t\t\t<button class=\"toggle\" aria-label=\"Toggle\"><i class=\"icon-angle-down\" aria-hidden=\"true\"><\/i><\/button>\n\t\t\t<span>Care sunt termenele \u0219i taxele de livrare pentru comenzile din magazinul online?<\/span>\n\t\t<\/a>\n\t\t<div id=\"accordion-1470108378-content\" class=\"accordion-inner\" aria-labelledby=\"accordion-1470108378-label\">\n\t\t\t\n\n<p>Pute\u021bi g\u0103si informa\u021bii despre termenele de livrare estimate aici:<\/p>\n<p><a href=\"https:\/\/antcube.shop\/delivery-times\/\">Timpii de livrare<\/a><\/p>\n<p>Dac\u0103 dori\u021bi s\u0103 afla\u021bi despre costurile estimate de transport \u0219i restric\u021biile de livrare, v\u0103 rug\u0103m s\u0103 v\u0103 uita\u021bi aici:<\/p>\n<p><a href=\"https:\/\/antcube.shop\/shipping-costs-delivery-restrictions\/\">Costuri de expediere\/restric\u021bii de livrare<\/a><\/p>\n\n\t\t<\/div>\n\t<\/div>\n\t\n\t<div id=\"accordion-302197976\" class=\"accordion-item\">\n\t\t<a id=\"accordion-302197976-label\" class=\"accordion-title plain\" href=\"#accordion-item-you-have-questions-about-returns-or-refunds?\" aria-expanded=\"false\" aria-controls=\"accordion-302197976-content\">\n\t\t\t<button class=\"toggle\" aria-label=\"Toggle\"><i class=\"icon-angle-down\" aria-hidden=\"true\"><\/i><\/button>\n\t\t\t<span>Ave\u021bi \u00eentreb\u0103ri despre retururi sau ramburs\u0103ri?<\/span>\n\t\t<\/a>\n\t\t<div id=\"accordion-302197976-content\" class=\"accordion-inner\" aria-labelledby=\"accordion-302197976-label\">\n\t\t\t\n\n<p><a href=\"https:\/\/antcube.shop\/refund-policy\/\">Politica de rambursare<\/a><\/p>\n<p><a href=\"https:\/\/antcube.shop\/terms-and-conditions\/\">Termeni \u0219i condi\u021bii<\/a><\/p>\n\n\t\t<\/div>\n\t<\/div>\n\t\n\t<div id=\"accordion-3145090157\" class=\"accordion-item\">\n\t\t<a id=\"accordion-3145090157-label\" class=\"accordion-title plain\" href=\"#accordion-item-which-payment-methods-are-accepted-in-the-online-shop?\" aria-expanded=\"false\" aria-controls=\"accordion-3145090157-content\">\n\t\t\t<button class=\"toggle\" aria-label=\"Toggle\"><i class=\"icon-angle-down\" aria-hidden=\"true\"><\/i><\/button>\n\t\t\t<span>Ce metode de plat\u0103 sunt acceptate \u00een magazinul online?<\/span>\n\t\t<\/a>\n\t\t<div id=\"accordion-3145090157-content\" class=\"accordion-inner\" aria-labelledby=\"accordion-3145090157-label\">\n\t\t\t\n\n<p>Pute\u021bi g\u0103si o prezentare general\u0103 a metodelor de plat\u0103 acceptate aici:<\/p>\n<p><a href=\"https:\/\/antcube.shop\/payment-methods\/\">Metode de plat\u0103<\/a><\/p>\n\n\t\t<\/div>\n\t<\/div>\n\t\n\t<div id=\"accordion-421685894\" class=\"accordion-item\">\n\t\t<a id=\"accordion-421685894-label\" class=\"accordion-title plain\" href=\"#accordion-item-you-are-looking-for-user-manuals-for-your-starter-set?\" aria-expanded=\"false\" aria-controls=\"accordion-421685894-content\">\n\t\t\t<button class=\"toggle\" aria-label=\"Toggle\"><i class=\"icon-angle-down\" aria-hidden=\"true\"><\/i><\/button>\n\t\t\t<span>C\u0103uta\u021bi manuale de utilizare pentru setul dvs. de pornire?<\/span>\n\t\t<\/a>\n\t\t<div id=\"accordion-421685894-content\" class=\"accordion-inner\" aria-labelledby=\"accordion-421685894-label\">\n\t\t\t\n\n<p>G\u0103si\u021bi aici manuale de utilizare \u00een format PDF pe care s\u0103 le imprima\u021bi sau s\u0103 le desc\u0103rca\u021bi:<\/p>\n<p><a href=\"https:\/\/antcube.shop\/download\/\">Desc\u0103rca\u021bi<\/a><\/p>\n\n\t\t<\/div>\n\t<\/div>\n\t\n\t<div id=\"accordion-852120600\" class=\"accordion-item\">\n\t\t<a id=\"accordion-852120600-label\" class=\"accordion-title plain\" href=\"#accordion-item-you-need-more-information-about-certain-ant-species-or-ant-keeping-in-general?\" aria-expanded=\"false\" aria-controls=\"accordion-852120600-content\">\n\t\t\t<button class=\"toggle\" aria-label=\"Toggle\"><i class=\"icon-angle-down\" aria-hidden=\"true\"><\/i><\/button>\n\t\t\t<span>Ave\u021bi nevoie de mai multe informa\u021bii despre anumite specii de furnici sau despre cre\u0219terea furnicilor \u00een general?<\/span>\n\t\t<\/a>\n\t\t<div id=\"accordion-852120600-content\" class=\"accordion-inner\" aria-labelledby=\"accordion-852120600-label\">\n\t\t\t\n\n<p>G\u0103si\u021bi aici \u00eentreb\u0103ri frecvente despre furnici \u0219i despre cre\u0219terea furnicilor:<\/p>\n<p><a href=\"https:\/\/antcube.shop\/faq-ants\/\">\u00centreb\u0103ri frecvente furnici<\/a><\/p>\n<p><a href=\"https:\/\/antcube.shop\/catching-queen-ants\/\">Cum s\u0103-\u021bi prinzi furnica regin\u0103<\/a><\/p>\n<p><a href=\"https:\/\/antcube.shop\/ant-species\/\">Afla\u021bi mai multe despre furnici<\/a><\/p>\n<p><a href=\"https:\/\/antcube.shop\/social-media\/\">Consulta\u021bi canalele noastre YouTube, unde pute\u021bi g\u0103si sfaturi \u0219i informa\u021bii utile.<\/a><\/p>\n\n\t\t<\/div>\n\t<\/div>\n\t\n\t<div id=\"accordion-4139110333\" class=\"accordion-item\">\n\t\t<a id=\"accordion-4139110333-label\" class=\"accordion-title plain\" href=\"#accordion-item-you-have-questions-about-our-products?\" aria-expanded=\"false\" aria-controls=\"accordion-4139110333-content\">\n\t\t\t<button class=\"toggle\" aria-label=\"Toggle\"><i class=\"icon-angle-down\" aria-hidden=\"true\"><\/i><\/button>\n\t\t\t<span>Ave\u021bi \u00eentreb\u0103ri despre produsele noastre?<\/span>\n\t\t<\/a>\n\t\t<div id=\"accordion-4139110333-content\" class=\"accordion-inner\" aria-labelledby=\"accordion-4139110333-label\">\n\t\t\t\n\n<p>Dac\u0103 ave\u021bi \u00eentreb\u0103ri despre produsele noastre, v\u0103 rug\u0103m s\u0103 consulta\u021bi mai \u00eent\u00e2i descrierea produsului respectiv \u00een magazinul nostru.<\/p>\n<p>\u00cen caz contrar, pute\u021bi g\u0103si mai multe informa\u021bii aici:<\/p>\n<p><a href=\"https:\/\/antcube.shop\/product-information\/\">Informa\u021bii despre produs<\/a><\/p>\n\n\t\t<\/div>\n\t<\/div>\n\t\n\n<\/div>\n\t<div id=\"gap-1054478931\" class=\"gap-element clearfix\" style=\"display:block; height:auto;\">\n\t\t\n<style>\n#gap-1054478931 {\n  padding-top: 60px;\n}\n<\/style>\n\t<\/div>\n\t\n\n\t<div class=\"img has-hover x md-x lg-x y md-y lg-y\" id=\"image_67536567\">\n\t\t\t\t\t\t\t\t<div class=\"img-inner dark\" >\n\t\t\t<img data-recalc-dims=\"1\" loading=\"lazy\" decoding=\"async\" width=\"900\" height=\"900\" src=\"https:\/\/i0.wp.com\/antcube.shop\/wp-content\/uploads\/2021\/09\/Firmeneingang.jpg?resize=900%2C900&#038;ssl=1\" class=\"attachment-original size-original\" alt=\"Intrarea ANTSTORE\" srcset=\"https:\/\/i0.wp.com\/antcube.shop\/wp-content\/uploads\/2021\/09\/Firmeneingang.jpg?w=900&amp;ssl=1 900w, https:\/\/i0.wp.com\/antcube.shop\/wp-content\/uploads\/2021\/09\/Firmeneingang.jpg?resize=247%2C247&amp;ssl=1 247w, https:\/\/i0.wp.com\/antcube.shop\/wp-content\/uploads\/2021\/09\/Firmeneingang.jpg?resize=100%2C100&amp;ssl=1 100w, https:\/\/i0.wp.com\/antcube.shop\/wp-content\/uploads\/2021\/09\/Firmeneingang.jpg?resize=510%2C510&amp;ssl=1 510w, https:\/\/i0.wp.com\/antcube.shop\/wp-content\/uploads\/2021\/09\/Firmeneingang.jpg?resize=400%2C400&amp;ssl=1 400w, https:\/\/i0.wp.com\/antcube.shop\/wp-content\/uploads\/2021\/09\/Firmeneingang.jpg?resize=800%2C800&amp;ssl=1 800w, https:\/\/i0.wp.com\/antcube.shop\/wp-content\/uploads\/2021\/09\/Firmeneingang.jpg?resize=280%2C280&amp;ssl=1 280w, https:\/\/i0.wp.com\/antcube.shop\/wp-content\/uploads\/2021\/09\/Firmeneingang.jpg?resize=768%2C768&amp;ssl=1 768w\" sizes=\"auto, (max-width: 900px) 100vw, 900px\" \/>\t\t\t\t\t\t\n\t\t\t\t\t<\/div>\n\t\t\t\t\t\t\t\t\n<style>\n#image_67536567 {\n  width: 100%;\n}\n<\/style>\n\t<\/div>\n\t\n\n\n\t\t<\/div>\n\t\t\t\t\t<\/div>\n\n\t\n\n\t<div id=\"col-625318277\" class=\"col medium-6 large-6\"  >\n\t\t\t\t<div class=\"col-inner\"  >\n\t\t\t\n\t\t\t\n\n<div class=\"container section-title-container\" ><h3 class=\"section-title section-title-normal\"><b aria-hidden=\"true\"><\/b><span class=\"section-title-main\" >Contacta\u021bi-ne<\/span><b aria-hidden=\"true\"><\/b><\/h3><\/div>\n\n<ul>\n<li><strong>E-mail<\/strong>: contact@antcube.de<\/li>\n<li><strong>Telefon<\/strong>: <a href=\"tel:+49 30 439703870\">+49 30 439703870<\/a><\/li>\n<\/ul>\n<p><strong>Ore de lucru <\/strong>(UTC\/GMT +1):<\/p>\n<ul>\n<li>De mar\u021bi p\u00e2n\u0103 vineri \u00eentre orele 10:00 - 12:00 \u0219i 13:00 - 18:00<\/li>\n<\/ul>\n<div class=\"container section-title-container\" ><h3 class=\"section-title section-title-normal\"><b aria-hidden=\"true\"><\/b><span class=\"section-title-main\" >Vizita\u021bi magazinul nostru<\/span><b aria-hidden=\"true\"><\/b><\/h3><\/div>\n\n<p><strong>Adres\u0103:<\/strong><\/p>\n<ul>\n<li>Strada: Selerweg 41<\/li>\n<li>Cod po\u0219tal: D - 12169<\/li>\n<li>Ora\u0219: Berlin<\/li>\n<li>\u021aar\u0103: Germania<\/li>\n<li>Districtul: Steglitz-Zehlendorf<\/li>\n<\/ul>\n<p><strong>Ore de deschidere<\/strong> (UTC\/GMT +1)<\/p>\n<ul>\n<li>De mar\u021bi p\u00e2n\u0103 vineri 13:00 - 18:00<\/li>\n<\/ul>\n<p><iframe loading=\"lazy\" style=\"border: 0;\" src=\"https:\/\/www.google.com\/maps\/embed?pb=!1m18!1m12!1m3!1d2431.3708399886823!2d13.335121715997175!3d52.454311048847416!2m3!1f0!2f0!3f0!3m2!1i1024!2i768!4f13.1!3m3!1m2!1s0x47a85a9242e5bc07%3A0xc44ee1d5a0728440!2sANTSTORE!5e0!3m2!1sde!2sde!4v1632470583913!5m2!1sde!2sde\" width=\"600\" height=\"450\" allowfullscreen=\"allowfullscreen\"><\/iframe><\/p>\n\n\t\t<\/div>\n\t\t\t\t\t<\/div>\n\n\t\n\n<\/div>","protected":false},"excerpt":{"rendered":"","protected":false},"author":1,"featured_media":27,"parent":0,"menu_order":0,"comment_status":"closed","ping_status":"closed","template":"page-blank.php","meta":{"_acf_changed":false,"content-type":"","_monsterinsights_skip_tracking":false,"_monsterinsights_sitenote_active":false,"_monsterinsights_sitenote_note":"","_monsterinsights_sitenote_category":0,"footnotes":""},"class_list":["post-102","page","type-page","status-publish","has-post-thumbnail","hentry"],"acf":[],"aioseo_notices":[],"jetpack_sharing_enabled":true,"_links":{"self":[{"href":"https:\/\/antcube.shop\/ro\/wp-json\/wp\/v2\/pages\/102","targetHints":{"allow":["GET"]}}],"collection":[{"href":"https:\/\/antcube.shop\/ro\/wp-json\/wp\/v2\/pages"}],"about":[{"href":"https:\/\/antcube.shop\/ro\/wp-json\/wp\/v2\/types\/page"}],"author":[{"embeddable":true,"href":"https:\/\/antcube.shop\/ro\/wp-json\/wp\/v2\/users\/1"}],"replies":[{"embeddable":true,"href":"https:\/\/antcube.shop\/ro\/wp-json\/wp\/v2\/comments?post=102"}],"version-history":[{"count":10,"href":"https:\/\/antcube.shop\/ro\/wp-json\/wp\/v2\/pages\/102\/revisions"}],"predecessor-version":[{"id":11083,"href":"https:\/\/antcube.shop\/ro\/wp-json\/wp\/v2\/pages\/102\/revisions\/11083"}],"wp:featuredmedia":[{"embeddable":true,"href":"https:\/\/antcube.shop\/ro\/wp-json\/wp\/v2\/media\/27"}],"wp:attachment":[{"href":"https:\/\/antcube.shop\/ro\/wp-json\/wp\/v2\/media?parent=102"}],"curies":[{"name":"wp","href":"https:\/\/api.w.org\/{rel}","templated":true}]}}