{"id":9886,"date":"2024-10-08T15:19:28","date_gmt":"2024-10-08T13:19:28","guid":{"rendered":"https:\/\/antcube.shop\/en\/product\/ameisenarena-rahmen-30x30-5cm\/"},"modified":"2026-04-02T09:54:47","modified_gmt":"2026-04-02T07:54:47","slug":"moldura-para-arena-de-formigas-30x30-5cm","status":"publish","type":"product","link":"https:\/\/antcube.shop\/pt\/produto\/moldura-para-arena-de-formigas-30x30-5cm\/","title":{"rendered":"Moldura para arena de formigas 30\u00d730 - 5cm"},"content":{"rendered":"<p><strong>Dimens\u00f5es (CxLxA):<\/strong> 30x30x0,4 cm<br \/>\n5 cm de largura<\/p>\n<p><strong>Material:<\/strong> vidro flotado<\/p>\n<p><strong>Cor:<\/strong> cristalino \/ transparente<\/p>\n<p><strong>Conte\u00fado:<\/strong><br \/>\n1x arma\u00e7\u00e3o de arena de formigas<\/p>\n<p><strong>Descri\u00e7\u00e3o:<\/strong><br \/>\nMoldura de vidro para o formigueiro como prote\u00e7\u00e3o contra a fuga<\/p>\n<p><strong>Aplica\u00e7\u00e3o:<\/strong><br \/>\nA moldura do formigueiro \u00e9 uma moldura feita de vidro que \u00e9 colocada em cima de um formigueiro e dotada de uma prote\u00e7\u00e3o de fuga (\u00f3leo, p\u00f3 ou tinta) na parte inferior para evitar que as formigas saiam.<\/p>\n<p><strong>Nota:<\/strong><br \/>\nUma vez que o artigo \u00e9 feito de vidro e, por conseguinte, fr\u00e1gil, deve ser manuseado com muito cuidado. O vidro \u00e9 cortado \u00e0 medida, de acordo com a norma DIN 1249, com uma toler\u00e2ncia de +\/- 1 mm. \u00c9 essencial uma prote\u00e7\u00e3o adicional contra a fuga para esp\u00e9cies de formigas extremamente pequenas.<\/p>","protected":false},"excerpt":{"rendered":"<p>Dimens\u00f5es (CxLxA): 30x30x0,4 cm 5cm de largura Material: vidro float Cor: cristalina \/ transparente Conte\u00fado: 1x moldura para o formigueiro Descri\u00e7\u00e3o: Moldura de vidro para o formigueiro como prote\u00e7\u00e3o contra a fuga Aplica\u00e7\u00e3o: A moldura do formigueiro \u00e9 uma moldura feita de vidro que \u00e9 colocada em cima de um formigueiro e fornecida com uma prote\u00e7\u00e3o de fuga [...]","protected":false},"featured_media":10126,"comment_status":"open","ping_status":"closed","template":"","meta":{"_acf_changed":false,"content-type":"","_monsterinsights_skip_tracking":false,"_monsterinsights_sitenote_active":false,"_monsterinsights_sitenote_note":"","_monsterinsights_sitenote_category":0},"product_brand":[484],"product_cat":[91,93],"product_tag":[],"class_list":{"0":"post-9886","1":"product","2":"type-product","3":"status-publish","4":"has-post-thumbnail","6":"product_brand-antcube","7":"product_cat-formicarium-modules","8":"product_cat-arena-frame","10":"first","11":"instock","12":"taxable","13":"shipping-taxable","14":"purchasable","15":"product-type-simple"},"acf":[],"aioseo_notices":[],"jetpack_sharing_enabled":true,"_links":{"self":[{"href":"https:\/\/antcube.shop\/pt\/wp-json\/wp\/v2\/product\/9886","targetHints":{"allow":["GET"]}}],"collection":[{"href":"https:\/\/antcube.shop\/pt\/wp-json\/wp\/v2\/product"}],"about":[{"href":"https:\/\/antcube.shop\/pt\/wp-json\/wp\/v2\/types\/product"}],"replies":[{"embeddable":true,"href":"https:\/\/antcube.shop\/pt\/wp-json\/wp\/v2\/comments?post=9886"}],"wp:featuredmedia":[{"embeddable":true,"href":"https:\/\/antcube.shop\/pt\/wp-json\/wp\/v2\/media\/10126"}],"wp:attachment":[{"href":"https:\/\/antcube.shop\/pt\/wp-json\/wp\/v2\/media?parent=9886"}],"wp:term":[{"taxonomy":"product_brand","embeddable":true,"href":"https:\/\/antcube.shop\/pt\/wp-json\/wp\/v2\/product_brand?post=9886"},{"taxonomy":"product_cat","embeddable":true,"href":"https:\/\/antcube.shop\/pt\/wp-json\/wp\/v2\/product_cat?post=9886"},{"taxonomy":"product_tag","embeddable":true,"href":"https:\/\/antcube.shop\/pt\/wp-json\/wp\/v2\/product_tag?post=9886"}],"curies":[{"name":"wp","href":"https:\/\/api.w.org\/{rel}","templated":true}]}}