{"id":9884,"date":"2024-10-08T15:18:28","date_gmt":"2024-10-08T13:18:28","guid":{"rendered":"https:\/\/antcube.shop\/en\/product\/abdeckung-hybrid-60x30\/"},"modified":"2026-04-14T10:19:10","modified_gmt":"2026-04-14T08:19:10","slug":"cobertura-hibrida-60x30","status":"publish","type":"product","link":"https:\/\/antcube.shop\/pt\/produto\/cobertura-hibrida-60x30\/","title":{"rendered":"Cobertura h\u00edbrida 60\u00d730"},"content":{"rendered":"<p>Vidro seguro para formigas e dros\u00f3filas + cobertura de malha de a\u00e7o inoxid\u00e1vel. Mesmo as esp\u00e9cies mais pequenas n\u00e3o conseguem passar atrav\u00e9s da malha fina de a\u00e7o inoxid\u00e1vel e nem mesmo as formigas cortadeiras conseguem cort\u00e1-la.<\/p>\n<p><strong>Dimens\u00f5es (CxLxA):<\/strong> 60x30x0,4 cm<br \/>\n<strong>Liga\u00e7\u00f5es:<\/strong> 3x furo de 50mm<br \/>\n\u00c1rea de ventila\u00e7\u00e3o de 11,7x 47,5 cm<\/p>\n<p><strong>Material:<\/strong> vidro flotado, grelha em a\u00e7o inoxid\u00e1vel<\/p>\n<p><strong>Cor:<\/strong> cristalino \/ transparente<\/p>\n<p><strong>Conte\u00fado:<\/strong><br \/>\n1x capa h\u00edbrida 60\u00d730<br \/>\n1x pontos de fixa\u00e7\u00e3o \u00e0 4 pcs.<\/p>\n<p><strong>Descri\u00e7\u00e3o:<\/strong><br \/>\nCobertura de vidro para o formigueiro como prote\u00e7\u00e3o contra a fuga<\/p>\n<p><strong>Aplica\u00e7\u00e3o:<\/strong><br \/>\nA cobertura de vidro para formigueiros \u00e9 colocada num formigueiro e \u00e9 tamb\u00e9m utilizada para regular o clima.<br \/>\nV\u00e1rios m\u00f3dulos para controlo clim\u00e1tico podem ser inseridos nas aberturas de 50mm, por exemplo, grelhas de ventila\u00e7\u00e3o, ilumina\u00e7\u00e3o ou humidifica\u00e7\u00e3o.<br \/>\nPara evitar a fuga de formigas atrav\u00e9s das aberturas, deve ser aplicada uma protec\u00e7\u00e3o de fuga (\u00f3leo, p\u00f3 ou verniz) na parte inferior \u00e0 volta dos orif\u00edcios.<\/p>\n<p><strong>Nota:<\/strong><br \/>\nUma vez que o artigo \u00e9 feito de vidro e, por conseguinte, \u00e9 fr\u00e1gil, deve ser manuseado com muito cuidado.<\/p>","protected":false},"excerpt":{"rendered":"<p>Vidro seguro para formigas e dros\u00f3filas + cobertura de malha de a\u00e7o inoxid\u00e1vel. Mesmo as esp\u00e9cies mais pequenas n\u00e3o conseguem passar pela malha fina de a\u00e7o inoxid\u00e1vel e nem mesmo as formigas cortadeiras conseguem cort\u00e1-la. Dimens\u00f5es (CxLxA): 60x30x0,4 cm Liga\u00e7\u00f5es: 3x orif\u00edcio de 50 mm 11,7x 47,5 cm \u00e1rea de ventila\u00e7\u00e3o Material: vidro float, grelha de a\u00e7o inoxid\u00e1vel Cor: cristalina \/ transparente Conte\u00fado:","protected":false},"featured_media":9891,"comment_status":"open","ping_status":"closed","template":"","meta":{"_acf_changed":false,"content-type":"","_monsterinsights_skip_tracking":false,"_monsterinsights_sitenote_active":false,"_monsterinsights_sitenote_note":"","_monsterinsights_sitenote_category":0},"product_brand":[484],"product_cat":[257,91,92],"product_tag":[],"class_list":{"0":"post-9884","1":"product","2":"type-product","3":"status-publish","4":"has-post-thumbnail","6":"product_brand-antcube","7":"product_cat-new-innovatve-products","8":"product_cat-formicarium-modules","9":"product_cat-arena-cover","11":"first","12":"instock","13":"taxable","14":"shipping-taxable","15":"purchasable","16":"product-type-simple"},"acf":[],"aioseo_notices":[],"jetpack_sharing_enabled":true,"_links":{"self":[{"href":"https:\/\/antcube.shop\/pt\/wp-json\/wp\/v2\/product\/9884","targetHints":{"allow":["GET"]}}],"collection":[{"href":"https:\/\/antcube.shop\/pt\/wp-json\/wp\/v2\/product"}],"about":[{"href":"https:\/\/antcube.shop\/pt\/wp-json\/wp\/v2\/types\/product"}],"replies":[{"embeddable":true,"href":"https:\/\/antcube.shop\/pt\/wp-json\/wp\/v2\/comments?post=9884"}],"wp:featuredmedia":[{"embeddable":true,"href":"https:\/\/antcube.shop\/pt\/wp-json\/wp\/v2\/media\/9891"}],"wp:attachment":[{"href":"https:\/\/antcube.shop\/pt\/wp-json\/wp\/v2\/media?parent=9884"}],"wp:term":[{"taxonomy":"product_brand","embeddable":true,"href":"https:\/\/antcube.shop\/pt\/wp-json\/wp\/v2\/product_brand?post=9884"},{"taxonomy":"product_cat","embeddable":true,"href":"https:\/\/antcube.shop\/pt\/wp-json\/wp\/v2\/product_cat?post=9884"},{"taxonomy":"product_tag","embeddable":true,"href":"https:\/\/antcube.shop\/pt\/wp-json\/wp\/v2\/product_tag?post=9884"}],"curies":[{"name":"wp","href":"https:\/\/api.w.org\/{rel}","templated":true}]}}