{"id":9883,"date":"2024-10-08T15:17:56","date_gmt":"2024-10-08T13:17:56","guid":{"rendered":"https:\/\/antcube.shop\/en\/product\/abdeckung-edelstahlgitter-30x30\/"},"modified":"2026-03-16T10:37:13","modified_gmt":"2026-03-16T09:37:13","slug":"cobertura-de-grelha-em-aco-inoxidavel-30x30","status":"publish","type":"product","link":"https:\/\/antcube.shop\/pt\/produto\/cobertura-de-grelha-em-aco-inoxidavel-30x30\/","title":{"rendered":"Cobertura da grelha em a\u00e7o inoxid\u00e1vel 30\u00d730"},"content":{"rendered":"<p>Vidro seguro para formigas e dros\u00f3filas + cobertura de malha de a\u00e7o inoxid\u00e1vel. Mesmo as esp\u00e9cies mais pequenas n\u00e3o conseguem passar atrav\u00e9s da malha fina de a\u00e7o inoxid\u00e1vel e nem mesmo as formigas cortadeiras conseguem cort\u00e1-la.<\/p>\n<p><strong>Dimens\u00f5es (CxLxA):<\/strong> 30x30x0,4 cm<br \/>\n17,5\u00d717,5 cm de \u00e1rea de ventila\u00e7\u00e3o<\/p>\n<p><strong>Material:<\/strong> vidro flotado, grelha em a\u00e7o inoxid\u00e1vel<\/p>\n<p><strong>Cor:<\/strong> cristalino \/ transparente<\/p>\n<p><strong>Conte\u00fado:<\/strong><br \/>\n1x grelha de cobertura em a\u00e7o inoxid\u00e1vel 30\u00d730<br \/>\n1x pontos de fixa\u00e7\u00e3o \u00e0 4 pcs.<\/p>\n<p><strong>Descri\u00e7\u00e3o:<\/strong><br \/>\nCobertura de vidro para o formigueiro como prote\u00e7\u00e3o contra a fuga<\/p>\n<p><strong>Aplica\u00e7\u00e3o:<\/strong><br \/>\nA cobertura do formigueiro \u00e9 colocada num formigueiro e serve tamb\u00e9m para regular o clima.<\/p>\n<p><strong>Nota:<\/strong><br \/>\nUma vez que o artigo \u00e9 feito de vidro e, por conseguinte, fr\u00e1gil, deve ser manuseado com muito cuidado.<\/p>","protected":false},"excerpt":{"rendered":"<p>Vidro seguro para formigas e dros\u00f3filas + cobertura de malha de a\u00e7o inoxid\u00e1vel. Mesmo as esp\u00e9cies mais pequenas n\u00e3o conseguem passar atrav\u00e9s da malha fina de a\u00e7o inoxid\u00e1vel e nem mesmo as formigas cortadeiras conseguem cort\u00e1-la. Dimens\u00f5es (CxLxA): 60x30x0,4 cm 17,5x47,5 cm \u00e1rea de ventila\u00e7\u00e3o Material: vidro float, grelha de a\u00e7o inoxid\u00e1vel Cor: cristalina \/ transparente Conte\u00fado: 1x grelha de cobertura em a\u00e7o inoxid\u00e1vel","protected":false},"featured_media":9889,"comment_status":"open","ping_status":"closed","template":"","meta":{"_acf_changed":false,"content-type":"","_monsterinsights_skip_tracking":false,"_monsterinsights_sitenote_active":false,"_monsterinsights_sitenote_note":"","_monsterinsights_sitenote_category":0},"product_brand":[484],"product_cat":[257,91,92],"product_tag":[],"class_list":{"0":"post-9883","1":"product","2":"type-product","3":"status-publish","4":"has-post-thumbnail","6":"product_brand-antcube","7":"product_cat-new-innovatve-products","8":"product_cat-formicarium-modules","9":"product_cat-arena-cover","11":"first","12":"instock","13":"taxable","14":"shipping-taxable","15":"purchasable","16":"product-type-simple"},"acf":[],"aioseo_notices":[],"jetpack_sharing_enabled":true,"_links":{"self":[{"href":"https:\/\/antcube.shop\/pt\/wp-json\/wp\/v2\/product\/9883","targetHints":{"allow":["GET"]}}],"collection":[{"href":"https:\/\/antcube.shop\/pt\/wp-json\/wp\/v2\/product"}],"about":[{"href":"https:\/\/antcube.shop\/pt\/wp-json\/wp\/v2\/types\/product"}],"replies":[{"embeddable":true,"href":"https:\/\/antcube.shop\/pt\/wp-json\/wp\/v2\/comments?post=9883"}],"wp:featuredmedia":[{"embeddable":true,"href":"https:\/\/antcube.shop\/pt\/wp-json\/wp\/v2\/media\/9889"}],"wp:attachment":[{"href":"https:\/\/antcube.shop\/pt\/wp-json\/wp\/v2\/media?parent=9883"}],"wp:term":[{"taxonomy":"product_brand","embeddable":true,"href":"https:\/\/antcube.shop\/pt\/wp-json\/wp\/v2\/product_brand?post=9883"},{"taxonomy":"product_cat","embeddable":true,"href":"https:\/\/antcube.shop\/pt\/wp-json\/wp\/v2\/product_cat?post=9883"},{"taxonomy":"product_tag","embeddable":true,"href":"https:\/\/antcube.shop\/pt\/wp-json\/wp\/v2\/product_tag?post=9883"}],"curies":[{"name":"wp","href":"https:\/\/api.w.org\/{rel}","templated":true}]}}