{"id":9880,"date":"2024-10-08T15:15:23","date_gmt":"2024-10-08T13:15:23","guid":{"rendered":"https:\/\/antcube.shop\/en\/product\/plantcube-vivarium-mini-nano-biologicum-tropical-domus\/"},"modified":"2026-04-03T21:16:10","modified_gmt":"2026-04-03T19:16:10","slug":"plantcube-vivarium-biom-bundle","status":"publish","type":"product","link":"https:\/\/antcube.shop\/pt\/produto\/plantcube-vivarium-biom-bundle\/","title":{"rendered":"PLANTCUBE - Vivarium 20x20x20 Biom Bundle"},"content":{"rendered":"<h1><strong>OBTER UM PEDA\u00c7O DE NATUREZA PARA A SUA CASA<\/strong><\/h1>\n<p><strong>Conte\u00fado:<\/strong><br \/>\n1x PLANTCUBE Vivarium 20x20x20 Biom<br \/>\n1x tampa 20\u00d720 (2x orif\u00edcio 50mm)<br \/>\n1x almofada 20\u00d720<br \/>\n2x Grid insert acrylic &#8211; 50 mm with sealing ring<br \/>\n2x Grid insert acrylic &#8211; 27 mm with sealing ring<br \/>\n2x tamp\u00f5es para furos de 10 mm<br \/>\n1x almofadas de fixa\u00e7\u00e3o para a tampa (4 unid.)<\/p>\n<p>Cubo de tanque de vidro 20x20x20 cm com 2 orif\u00edcios laterais de 27 mm e 2 orif\u00edcios laterais de 10 mm<br \/>\nO orif\u00edcio de 27 mm (ponto central) est\u00e1 a 8,5 cm de altura.<\/p>\n<p><strong>Dimens\u00f5es:<\/strong> 200 x 200 x 200 mm; 4mm de espessura de vidro<\/p>\n<p><strong>Material:<\/strong> vidro flotado<\/p>\n<p><strong>Aberturas laterais:<\/strong><br \/>\n2x furo 27 mm<br \/>\n2x buraco 10 mm<\/p>\n<p>Com os nossos Viv\u00e1rios PLANTCUBE, pode criar a sua pr\u00f3pria obra de arte viva para a sua sala de estar. Tamb\u00e9m pode manter pequenos animais num PLANTCUBE, pelo que n\u00e3o h\u00e1 limites para a sua criatividade.<\/p>\n<h2><strong>Personalize o seu PLANTCUBE de acordo com as suas necessidades ou as das suas plantas e animais:<\/strong><\/h2>\n<p>Os dois orif\u00edcios laterais de 10 mm, situados a 2 cm de altura (centro) do fundo, destinam-se a escoar o excesso de \u00e1gua. Por exemplo, pode utilizar a nossa mangueira transparente de 10\/06 mm para escoar a \u00e1gua. Os dois orif\u00edcios de 50 mm podem ser fechados com os tamp\u00f5es inclu\u00eddos ou servir de ventila\u00e7\u00e3o adicional quando equipados com grelhas. Pode at\u00e9 ligar duas configura\u00e7\u00f5es aqui atrav\u00e9s de um tubo de acr\u00edlico. Desta forma, se mantiver animais no seu viveiro, eles podem deslocar-se livremente de uma instala\u00e7\u00e3o para outra.<\/p>\n<p>Com as nossas molduras adequadas, inser\u00e7\u00f5es de grelha ou tamp\u00f5es, l\u00e2mpadas e aparelhos de ar condicionado, a cobertura do viveiro pode ser adaptada de forma flex\u00edvel. As nossas coberturas podem ser equipadas atrav\u00e9s dos dois orif\u00edcios de 50 mm com tamp\u00f5es ou grelhas para obter a humidade desejada ou uma ventila\u00e7\u00e3o mais forte. Al\u00e9m disso, as tomadas de l\u00e2mpadas, ventoinhas ou nebulizadores tamb\u00e9m podem ser ligados diretamente aos orif\u00edcios de 50 mm.<\/p>\n<p>As nossas arma\u00e7\u00f5es s\u00f3 s\u00e3o necess\u00e1rias para a cria\u00e7\u00e3o de formigas. Elas protegem o viveiro adicionalmente (quando revestidas com um meio de preven\u00e7\u00e3o de fugas) para evitar a fuga dos animais e simplificam acima de tudo a manuten\u00e7\u00e3o no viveiro aberto. Al\u00e9m disso, quando se utiliza uma moldura, a cobertura pode ser mantida fora, se desejado.<\/p>\n<h2><strong>Como transformar o seu PLANTCUBE num ecossistema bioativo?<\/strong><\/h2>\n<h3><strong>Criar uma camada de drenagem:<\/strong><\/h3>\n<p>Para apoiar as suas plantas, deve construir primeiro uma camada de drenagem dentro do seu viveiro. Recomendamos que utilize 2-3 cm de gr\u00e2nulos de argila (4-8 mm), uma vez que s\u00e3o leves. Certifique-se de que os lava em \u00e1gua corrente antes de os colocar para remover o p\u00f3.<\/p>\n<p>Pode colocar uma tela de drenagem por cima dos gr\u00e2nulos de argila para separar a drenagem do substrato.<\/p>\n<h3><strong>Quais as plantas e o solo a utilizar:<\/strong><\/h3>\n<p>Tudo isto depende do tipo de \"ecossistema\" que se pretende criar. Se quiser construir um viveiro des\u00e9rtico ou bastante seco, precisar\u00e1 de plantas que se desenvolvam nesse clima e de utilizar o solo apropriado para o seu crescimento. Para Viv\u00e1rios tropicais \u00e9 obviamente o mesmo. Tenta usar plantas de regi\u00f5es e\/ou climas semelhantes para que todas se d\u00eaem bem no mesmo tipo de solo e clima. Uma boa loja de plantas deve ter sempre informa\u00e7\u00f5es sobre o clima e o solo adequados para as plantas que vende.<\/p>\n<p><strong>Importante:<\/strong> Se quiser manter plantas e animais juntos, nunca deve utilizar plantas que n\u00e3o sabe se estiveram em contacto com fertilizantes ou pesticidas. Utilize apenas plantas de lojas de terr\u00e1rios ou similares que tenham a garantia de estarem completamente livres de pesticidas e fertilizantes. Caso contr\u00e1rio, estes podem levar \u00e0 morte dos seus animais.<\/p>\n<h3><strong>Introduzir uma \"equipa de limpeza\" para tornar o seu viveiro bioativo<\/strong><\/h3>\n<p><strong>O que \u00e9 bioativo?<\/strong> O que \u00e9 bioativo? \u00c9 o mais pr\u00f3ximo que se chega de uma instala\u00e7\u00e3o autossustent\u00e1vel. Trata-se de adicionar a mistura adequada de solo e mat\u00e9ria org\u00e2nica para a forma\u00e7\u00e3o de microflora e a microfauna necess\u00e1ria para criar um ciclo de nutrientes no seu viveiro.<\/p>\n<p><strong>A nossa dica:<\/strong> A nossa dica: Adicione sempre pequenas criaturas como col\u00eambolos e is\u00f3podes. Estes n\u00e3o s\u00e3o apenas uma boa fonte de alimento \"intermin\u00e1vel\", se quiser manter outros animais no seu viveiro. Alimentam-se especialmente de bolores que se podem formar devido \u00e0 elevada humidade e enriquecem o solo com nutrientes, o que, por sua vez, permite que as plantas cres\u00e7am de forma saud\u00e1vel.<\/p>\n<p>Adicione um pouco de carv\u00e3o vegetal ao seu solo, o que ajuda os micr\u00f3bios a coloniz\u00e1-lo. O musgo e a casca de corti\u00e7a ou a madeira branca podre, para al\u00e9m da folhagem, n\u00e3o s\u00f3 t\u00eam um aspeto natural na sua instala\u00e7\u00e3o, como tamb\u00e9m alimentam a sua \"equipa de limpeza\", fornecem-lhes esconderijos e locais de reprodu\u00e7\u00e3o e s\u00e3o f\u00e1ceis de decompor em nutrientes para as suas plantas.<\/p>\n<p><strong>Na natureza, tudo \u00e9 uma quest\u00e3o de equil\u00edbrio<\/strong><br \/>\nNo entanto, n\u00e3o \u00e9 aconselh\u00e1vel utilizar certas esp\u00e9cies de is\u00f3podes sem acrescentar nada que os cace, uma vez que uma popula\u00e7\u00e3o de is\u00f3podes sem predadores como as formigas, por exemplo, gosta de se descontrolar e as plantas do seu viveiro tornam-se rapidamente uma fonte de alimento indesejada. Na natureza, tudo \u00e9 uma quest\u00e3o de equil\u00edbrio.<\/p>\n<p><strong>Mais informa\u00e7\u00f5es:<\/strong><br \/>\nO vidro \u00e9 cortado de acordo com DIN 1249 com uma toler\u00e2ncia de +\/- 1mm. Para esp\u00e9cies de formigas extremamente pequenas, \u00e9 essencial uma protec\u00e7\u00e3o adicional contra a quebra.<\/p>\n<div class=\"row\"  id=\"row-884600011\">\n\n\t<div id=\"col-1002870798\" class=\"col small-12 large-12\"  >\n\t\t\t\t<div class=\"col-inner\"  >\n\t\t\t\n\t\t\t\n\t<div id=\"text-2865316835\" class=\"text\">\n\t\t\n<h2>Abaixo encontra algumas lojas que podemos recomendar e mais informa\u00e7\u00f5es sobre como criar um PLANTCUBE \u00fanico e bioativo:<\/h2>\n\t\t\n<style>\n#text-2865316835 {\n  font-size: 1rem;\n  text-align: center;\n}\n<\/style>\n\t<\/div>\n\t\n\t<div id=\"gap-1395464807\" class=\"gap-element clearfix\" style=\"display:block; height:auto;\">\n\t\t\n<style>\n#gap-1395464807 {\n  padding-top: 40px;\n}\n<\/style>\n\t<\/div>\n\t\n\t\t<\/div>\n\t\t\t\t\n<style>\n#col-1002870798 > .col-inner {\n  padding: 30px 0px 0px 0px;\n}\n<\/style>\n\t<\/div>\n\n\t\n\n\t<div id=\"col-420668129\" class=\"col medium-6 small-12 large-6\"  >\n\t\t\t\t<div class=\"col-inner\"  >\n\t\t\t\n\t\t\t\n\n\t<section class=\"section\" id=\"section_2063978812\">\n\t\t<div class=\"section-bg fill\" >\n\t\t\t<img data-recalc-dims=\"1\" loading=\"lazy\" decoding=\"async\" width=\"1020\" height=\"574\" src=\"https:\/\/i0.wp.com\/antcube.shop\/wp-content\/uploads\/2024\/10\/2560x1440_youtube-Banner-2.png?resize=1020%2C574&#038;ssl=1\" class=\"bg attachment- size-\" alt=\"\" \/>\t\t\t\t\t\t\n\t\t\t\n\n\t\t<\/div>\n\n\t\t\n\n\t\t<div class=\"section-content relative\">\n\t\t\t\n<div class=\"row align-center\"  id=\"row-1203916823\">\n\n\t<div id=\"col-1853734699\" class=\"col medium-10 small-12 large-10\"  >\n\t\t\t\t<div class=\"col-inner text-center\"  >\n\t\t\t\n\t\t\t\n<h2 class=\"uppercase\">Guia passo-a-passo no nosso blogue<\/h2>\n<a href=\"https:\/\/antcube.shop\/en\/2024\/10\/22\/how-to-create-your-bioactive-vivarium\/\" class=\"button primary\" >\n\t\t<span>BLOG<\/span>\n\t<\/a>\n\n\t\t<\/div>\n\t\t\t\t\n<style>\n#col-1853734699 > .col-inner {\n  margin: -150px 0px 0px 0px;\n}\n@media (min-width:550px) {\n  #col-1853734699 > .col-inner {\n    margin: -200px 0px 0px 0px;\n  }\n}\n<\/style>\n\t<\/div>\n\n\t\n<\/div>\n\t\t<\/div>\n\n\t\t\n<style>\n#section_2063978812 {\n  padding-top: 60px;\n  padding-bottom: 60px;\n  min-height: 300px;\n  background-color: rgb(255,255,255);\n}\n#section_2063978812 .section-bg img {\n  object-position: 50% 0%;\n}\n<\/style>\n\t<\/section>\n\t\n\t\t<\/div>\n\t\t\t\t\t<\/div>\n\n\t\n\n\t<div id=\"col-800665768\" class=\"col medium-6 small-12 large-6\"  >\n\t\t\t\t<div class=\"col-inner\"  >\n\t\t\t\n\t\t\t\n\n\t<section class=\"section\" id=\"section_503060310\">\n\t\t<div class=\"section-bg fill\" >\n\t\t\t<img data-recalc-dims=\"1\" loading=\"lazy\" decoding=\"async\" width=\"1020\" height=\"680\" src=\"https:\/\/i0.wp.com\/antcube.shop\/wp-content\/uploads\/2024\/10\/Collage_FULL-HD_-2-scaled.jpg?resize=1020%2C680&#038;ssl=1\" class=\"bg attachment-original size-original\" alt=\"\" \/>\t\t\t\t\t\t\n\t\t\t\n\n\t\t<\/div>\n\n\t\t\n\n\t\t<div class=\"section-content relative\">\n\t\t\t\n<div class=\"row align-center\"  id=\"row-1015435173\">\n\n\t<div id=\"col-627139728\" class=\"col medium-10 small-12 large-10\"  >\n\t\t\t\t<div class=\"col-inner text-center\"  >\n\t\t\t\n\t\t\t\n<h2 class=\"uppercase\">Mais informa\u00e7\u00f5es sobre o plantcube<\/h2>\n<a href=\"https:\/\/antcube.shop\/en\/plantcube\/\" class=\"button primary\" >\n\t\t<span>cubo de planta<\/span>\n\t<\/a>\n\n\t\t<\/div>\n\t\t\t\t\n<style>\n#col-627139728 > .col-inner {\n  margin: -150px 0px 0px 0px;\n}\n@media (min-width:550px) {\n  #col-627139728 > .col-inner {\n    margin: -200px 0px 0px 0px;\n  }\n}\n<\/style>\n\t<\/div>\n\n\t\n<\/div>\n\t\t<\/div>\n\n\t\t\n<style>\n#section_503060310 {\n  padding-top: 60px;\n  padding-bottom: 60px;\n  min-height: 300px;\n}\n#section_503060310 .section-bg img {\n  object-position: 51% 0%;\n}\n<\/style>\n\t<\/section>\n\t\n\t\t<\/div>\n\t\t\t\t\t<\/div>\n\n\t\n<\/div>","protected":false},"excerpt":{"rendered":"<p>Este pacote \u00e9 composto por 12 partes<\/p>","protected":false},"featured_media":9924,"comment_status":"open","ping_status":"closed","template":"","meta":{"_acf_changed":false,"content-type":"","_monsterinsights_skip_tracking":false,"_monsterinsights_sitenote_active":false,"_monsterinsights_sitenote_note":"","_monsterinsights_sitenote_category":0},"product_brand":[483],"product_cat":[257,341],"product_tag":[],"class_list":{"0":"post-9880","1":"product","2":"type-product","3":"status-publish","4":"has-post-thumbnail","6":"product_brand-plantcube","7":"product_cat-new-innovatve-products","8":"product_cat-vivariums","10":"first","11":"instock","12":"taxable","13":"shipping-taxable","14":"purchasable","15":"product-type-simple"},"acf":[],"aioseo_notices":[],"jetpack_sharing_enabled":true,"_links":{"self":[{"href":"https:\/\/antcube.shop\/pt\/wp-json\/wp\/v2\/product\/9880","targetHints":{"allow":["GET"]}}],"collection":[{"href":"https:\/\/antcube.shop\/pt\/wp-json\/wp\/v2\/product"}],"about":[{"href":"https:\/\/antcube.shop\/pt\/wp-json\/wp\/v2\/types\/product"}],"replies":[{"embeddable":true,"href":"https:\/\/antcube.shop\/pt\/wp-json\/wp\/v2\/comments?post=9880"}],"wp:featuredmedia":[{"embeddable":true,"href":"https:\/\/antcube.shop\/pt\/wp-json\/wp\/v2\/media\/9924"}],"wp:attachment":[{"href":"https:\/\/antcube.shop\/pt\/wp-json\/wp\/v2\/media?parent=9880"}],"wp:term":[{"taxonomy":"product_brand","embeddable":true,"href":"https:\/\/antcube.shop\/pt\/wp-json\/wp\/v2\/product_brand?post=9880"},{"taxonomy":"product_cat","embeddable":true,"href":"https:\/\/antcube.shop\/pt\/wp-json\/wp\/v2\/product_cat?post=9880"},{"taxonomy":"product_tag","embeddable":true,"href":"https:\/\/antcube.shop\/pt\/wp-json\/wp\/v2\/product_tag?post=9880"}],"curies":[{"name":"wp","href":"https:\/\/api.w.org\/{rel}","templated":true}]}}