{"id":9353,"date":"2024-09-17T16:29:37","date_gmt":"2024-09-17T14:29:37","guid":{"rendered":"https:\/\/antcube.shop\/en\/product\/tranke-cube-gros\/"},"modified":"2026-04-03T22:18:17","modified_gmt":"2026-04-03T20:18:17","slug":"tranke-cube-gros","status":"publish","type":"product","link":"https:\/\/antcube.shop\/pt\/produto\/tranke-cube-gros\/","title":{"rendered":"Bebedouro Cube grande"},"content":{"rendered":"<p><strong>Dimens\u00f5es:<\/strong> 35x25x28mm, 10ml<\/p>\n<p><strong>Cor:<\/strong> absolutamente claro<\/p>\n<p><strong>Material:<\/strong> PMMA<\/p>\n<p><strong>Descri\u00e7\u00e3o:<\/strong> Isto permite que as formigas se abaste\u00e7am de humidade suficiente no seu formic\u00e1rio. A tens\u00e3o superficial da \u00e1gua impede que o bebedouro vaze.<\/p>\n<p><strong>Cuidado:<\/strong><br \/>\nNo caso de esp\u00e9cies de formigas pequenas, deveria ser colocada uma esponja, uma grelha ou areia fina em frente da sa\u00edda do bebedouro por raz\u00f5es de seguran\u00e7a. Caso contr\u00e1rio, algumas oper\u00e1rias podem entrar no bebedouro. Uma esponja de 24 mm serve perfeitamente.<\/p>","protected":false},"excerpt":{"rendered":"<p><strong>Dimens\u00f5es:<\/strong> 35x25x28mm, 10ml<\/p>","protected":false},"featured_media":9440,"comment_status":"open","ping_status":"closed","template":"","meta":{"_acf_changed":false,"content-type":"","_monsterinsights_skip_tracking":false,"_monsterinsights_sitenote_active":false,"_monsterinsights_sitenote_note":"","_monsterinsights_sitenote_category":0},"product_brand":[],"product_cat":[115,117],"product_tag":[],"class_list":{"0":"post-9353","1":"product","2":"type-product","3":"status-publish","4":"has-post-thumbnail","6":"product_cat-food-and-feeding","7":"product_cat-drinkers-for-ants","9":"first","10":"instock","11":"taxable","12":"shipping-taxable","13":"purchasable","14":"product-type-simple"},"acf":[],"aioseo_notices":[],"jetpack_sharing_enabled":true,"_links":{"self":[{"href":"https:\/\/antcube.shop\/pt\/wp-json\/wp\/v2\/product\/9353","targetHints":{"allow":["GET"]}}],"collection":[{"href":"https:\/\/antcube.shop\/pt\/wp-json\/wp\/v2\/product"}],"about":[{"href":"https:\/\/antcube.shop\/pt\/wp-json\/wp\/v2\/types\/product"}],"replies":[{"embeddable":true,"href":"https:\/\/antcube.shop\/pt\/wp-json\/wp\/v2\/comments?post=9353"}],"wp:featuredmedia":[{"embeddable":true,"href":"https:\/\/antcube.shop\/pt\/wp-json\/wp\/v2\/media\/9440"}],"wp:attachment":[{"href":"https:\/\/antcube.shop\/pt\/wp-json\/wp\/v2\/media?parent=9353"}],"wp:term":[{"taxonomy":"product_brand","embeddable":true,"href":"https:\/\/antcube.shop\/pt\/wp-json\/wp\/v2\/product_brand?post=9353"},{"taxonomy":"product_cat","embeddable":true,"href":"https:\/\/antcube.shop\/pt\/wp-json\/wp\/v2\/product_cat?post=9353"},{"taxonomy":"product_tag","embeddable":true,"href":"https:\/\/antcube.shop\/pt\/wp-json\/wp\/v2\/product_tag?post=9353"}],"curies":[{"name":"wp","href":"https:\/\/api.w.org\/{rel}","templated":true}]}}