{"id":9348,"date":"2024-09-17T16:27:06","date_gmt":"2024-09-17T14:27:06","guid":{"rendered":"https:\/\/antcube.shop\/en\/product\/antcube-popcorn-nest-30x30-l\/"},"modified":"2026-02-09T17:52:54","modified_gmt":"2026-02-09T16:52:54","slug":"ninho-de-pipocas-antcube-30x30-l","status":"publish","type":"product","link":"https:\/\/antcube.shop\/pt\/produto\/ninho-de-pipocas-antcube-30x30-l\/","title":{"rendered":"ANTCUBE - Ninho de pipocas 30\u00d730 - L"},"content":{"rendered":"<p><strong>Dimens\u00f5es:<\/strong> 283x237x19 mm<\/p>\n<p><strong>Material:<\/strong> Pipocas prensadas com sacarose e prote\u00ednas<\/p>\n<p><strong>S\u00f3 serve<\/strong> nas nossas explora\u00e7\u00f5es de formigas de tamanho L<\/p>\n<p><strong>Descri\u00e7\u00e3o:<\/strong> Este ninho de pipocas com passagens e c\u00e2maras pr\u00e9-fabricadas \u00e9 perfeito como celeiro para as formigas Messor, por exemplo, mas tamb\u00e9m para outras esp\u00e9cies de formigas que recolhem gr\u00e3os. Tem um orif\u00edcio de acesso ao ninho. O ninho de pipocas absorve a humidade e pode encolher, pelo que<strong> deve ser mantido sempre seco.<\/strong> O Messor barbarus aceita muito bem o nosso ninho de pipocas ANTCUBE como celeiro. Com o tempo, as formigas come\u00e7am a expandir o ninho de pipocas e a comer o material de nidifica\u00e7\u00e3o.<\/p>\n<p>O ninho de pipocas s\u00f3 deve ser utilizado para esp\u00e9cies de formigas que requerem muito pouca ou nenhuma humidade na zona do ninho.<\/p>","protected":false},"excerpt":{"rendered":"<p>Tamanho: <strong>L<\/strong><\/p>","protected":false},"featured_media":9459,"comment_status":"open","ping_status":"closed","template":"","meta":{"_acf_changed":false,"content-type":"","_monsterinsights_skip_tracking":false,"_monsterinsights_sitenote_active":false,"_monsterinsights_sitenote_note":"","_monsterinsights_sitenote_category":0},"product_brand":[484],"product_cat":[257,344,87],"product_tag":[],"class_list":{"0":"post-9348","1":"product","2":"type-product","3":"status-publish","4":"has-post-thumbnail","6":"product_brand-antcube","7":"product_cat-new-innovatve-products","8":"product_cat-popcorn","9":"product_cat-nest-insets","11":"first","12":"instock","13":"taxable","14":"shipping-taxable","15":"purchasable","16":"product-type-simple"},"acf":[],"aioseo_notices":[],"jetpack_sharing_enabled":true,"_links":{"self":[{"href":"https:\/\/antcube.shop\/pt\/wp-json\/wp\/v2\/product\/9348","targetHints":{"allow":["GET"]}}],"collection":[{"href":"https:\/\/antcube.shop\/pt\/wp-json\/wp\/v2\/product"}],"about":[{"href":"https:\/\/antcube.shop\/pt\/wp-json\/wp\/v2\/types\/product"}],"replies":[{"embeddable":true,"href":"https:\/\/antcube.shop\/pt\/wp-json\/wp\/v2\/comments?post=9348"}],"wp:featuredmedia":[{"embeddable":true,"href":"https:\/\/antcube.shop\/pt\/wp-json\/wp\/v2\/media\/9459"}],"wp:attachment":[{"href":"https:\/\/antcube.shop\/pt\/wp-json\/wp\/v2\/media?parent=9348"}],"wp:term":[{"taxonomy":"product_brand","embeddable":true,"href":"https:\/\/antcube.shop\/pt\/wp-json\/wp\/v2\/product_brand?post=9348"},{"taxonomy":"product_cat","embeddable":true,"href":"https:\/\/antcube.shop\/pt\/wp-json\/wp\/v2\/product_cat?post=9348"},{"taxonomy":"product_tag","embeddable":true,"href":"https:\/\/antcube.shop\/pt\/wp-json\/wp\/v2\/product_tag?post=9348"}],"curies":[{"name":"wp","href":"https:\/\/api.w.org\/{rel}","templated":true}]}}