{"id":9345,"date":"2024-09-17T16:25:36","date_gmt":"2024-09-17T14:25:36","guid":{"rendered":"https:\/\/antcube.shop\/en\/product\/ameisenarena-rahmen-30x15\/"},"modified":"2026-03-16T10:36:55","modified_gmt":"2026-03-16T09:36:55","slug":"ameisenarena-rahmen-30x15","status":"publish","type":"product","link":"https:\/\/antcube.shop\/pt\/produto\/ameisenarena-rahmen-30x15\/","title":{"rendered":"Quadro da arena das formigas 30\u00d715"},"content":{"rendered":"<p><strong>Dimens\u00f5es (CxLxA):<\/strong> 30x15x0,4 cm<\/p>\n<p><strong>Material:<\/strong> vidro flotado<\/p>\n<p><strong>Cor:<\/strong> cristalino \/ transparente<\/p>\n<p><strong>Conte\u00fado:<\/strong><br \/>\n1x arma\u00e7\u00e3o de arena de formigas<\/p>\n<p><strong>Descri\u00e7\u00e3o:<\/strong><br \/>\nMoldura de vidro para o formigueiro como prote\u00e7\u00e3o contra a fuga. Adequado para os nossos formigueiros de parede.<\/p>\n<p><strong>Aplica\u00e7\u00e3o:<\/strong><br \/>\nA moldura do formigueiro \u00e9 uma moldura de vidro colocada em cima de um formigueiro e dotada de uma prote\u00e7\u00e3o de fuga (\u00f3leo, p\u00f3 ou verniz) na parte inferior para evitar a fuga das formigas.<\/p>\n<p><strong>Nota:<\/strong><br \/>\nUma vez que o artigo \u00e9 feito de vidro e, por conseguinte, fr\u00e1gil, deve ser manuseado com muito cuidado. O vidro \u00e9 cortado \u00e0 medida, de acordo com a norma DIN 1249, com uma toler\u00e2ncia de +\/- 1 mm. \u00c9 essencial uma prote\u00e7\u00e3o adicional contra a fuga para esp\u00e9cies de formigas extremamente pequenas.<\/p>","protected":false},"excerpt":{"rendered":"<p>Dimens\u00f5es (CxLxA): 30x15x0,4 cm Material: vidro float Cor: cristalina \/ transparente Conte\u00fado: 1x moldura para o formigueiro Descri\u00e7\u00e3o: Moldura de vidro para o formigueiro como prote\u00e7\u00e3o contra a fuga. Adequado para as nossas arenas de formigas de parede. Aplica\u00e7\u00e3o: A moldura do formigueiro \u00e9 uma moldura feita de vidro que \u00e9 colocada em cima de um formigueiro e fornecida","protected":false},"featured_media":9466,"comment_status":"open","ping_status":"closed","template":"","meta":{"_acf_changed":false,"content-type":"","_monsterinsights_skip_tracking":false,"_monsterinsights_sitenote_active":false,"_monsterinsights_sitenote_note":"","_monsterinsights_sitenote_category":0},"product_brand":[484],"product_cat":[91,93],"product_tag":[],"class_list":{"0":"post-9345","1":"product","2":"type-product","3":"status-publish","4":"has-post-thumbnail","6":"product_brand-antcube","7":"product_cat-formicarium-modules","8":"product_cat-arena-frame","10":"first","11":"instock","12":"taxable","13":"shipping-taxable","14":"purchasable","15":"product-type-simple"},"acf":[],"aioseo_notices":[],"jetpack_sharing_enabled":true,"_links":{"self":[{"href":"https:\/\/antcube.shop\/pt\/wp-json\/wp\/v2\/product\/9345","targetHints":{"allow":["GET"]}}],"collection":[{"href":"https:\/\/antcube.shop\/pt\/wp-json\/wp\/v2\/product"}],"about":[{"href":"https:\/\/antcube.shop\/pt\/wp-json\/wp\/v2\/types\/product"}],"replies":[{"embeddable":true,"href":"https:\/\/antcube.shop\/pt\/wp-json\/wp\/v2\/comments?post=9345"}],"wp:featuredmedia":[{"embeddable":true,"href":"https:\/\/antcube.shop\/pt\/wp-json\/wp\/v2\/media\/9466"}],"wp:attachment":[{"href":"https:\/\/antcube.shop\/pt\/wp-json\/wp\/v2\/media?parent=9345"}],"wp:term":[{"taxonomy":"product_brand","embeddable":true,"href":"https:\/\/antcube.shop\/pt\/wp-json\/wp\/v2\/product_brand?post=9345"},{"taxonomy":"product_cat","embeddable":true,"href":"https:\/\/antcube.shop\/pt\/wp-json\/wp\/v2\/product_cat?post=9345"},{"taxonomy":"product_tag","embeddable":true,"href":"https:\/\/antcube.shop\/pt\/wp-json\/wp\/v2\/product_tag?post=9345"}],"curies":[{"name":"wp","href":"https:\/\/api.w.org\/{rel}","templated":true}]}}