{"id":9329,"date":"2024-09-17T16:18:36","date_gmt":"2024-09-17T14:18:36","guid":{"rendered":"https:\/\/antcube.shop\/en\/product\/alpha-ants-mini-scheibenmagnet-rund\/"},"modified":"2026-03-02T09:49:08","modified_gmt":"2026-03-02T08:49:08","slug":"mini-iman-de-disco-redondo-para-formigas-alfa","status":"publish","type":"product","link":"https:\/\/antcube.shop\/pt\/produto\/mini-iman-de-disco-redondo-para-formigas-alfa\/","title":{"rendered":"Mini \u00edman de disco Alpha Ants - redondo"},"content":{"rendered":"<p><strong>Descri\u00e7\u00e3o:<\/strong> Conhece o problema: as suas formigas voltaram a sujar os vidros do ninho ou a cobri-los com areia? Com estes pequenos mini-\u00edmanes de disco 10x10x4 mm e 4x4x2 mm, pode voltar a limpar as passagens e c\u00e2maras do aqu\u00e1rio.<\/p>\n<p>Trata-se de \u00edmanes de qualidade extra forte. Pode utilizar um \u00edman-guia para mover o pequeno \u00edman de limpeza \u00e0 volta do formic\u00e1rio e limpar os vidros sujos a partir do interior.<\/p>\n<p><strong>Nota:<\/strong> N\u00e3o deixar que os \u00edmanes colidam (batam), pois s\u00e3o fr\u00e1geis.<\/p>\n<p><strong>Conte\u00fado:<\/strong> 2x \u00edmanes de disco extra fortes revestidos a feltro.<\/p>","protected":false},"excerpt":{"rendered":"<p>Descri\u00e7\u00e3o: Conhece o problema: as suas formigas voltaram a sujar os vidros do ninho ou a cobri-los com areia? Com estes pequenos mini-\u00edmanes de disco 10x10x4 mm e 4x4x2 mm, pode voltar a limpar as passagens e c\u00e2maras do aqu\u00e1rio. Trata-se de \u00edmanes de qualidade extra forte. O seu","protected":false},"featured_media":9810,"comment_status":"open","ping_status":"closed","template":"","meta":{"_acf_changed":false,"content-type":"","_monsterinsights_skip_tracking":false,"_monsterinsights_sitenote_active":false,"_monsterinsights_sitenote_note":"","_monsterinsights_sitenote_category":0},"product_brand":[],"product_cat":[237],"product_tag":[],"class_list":{"0":"post-9329","1":"product","2":"type-product","3":"status-publish","4":"has-post-thumbnail","6":"product_cat-tools","8":"first","9":"instock","10":"taxable","11":"shipping-taxable","12":"purchasable","13":"product-type-simple"},"acf":[],"aioseo_notices":[],"jetpack_sharing_enabled":true,"_links":{"self":[{"href":"https:\/\/antcube.shop\/pt\/wp-json\/wp\/v2\/product\/9329","targetHints":{"allow":["GET"]}}],"collection":[{"href":"https:\/\/antcube.shop\/pt\/wp-json\/wp\/v2\/product"}],"about":[{"href":"https:\/\/antcube.shop\/pt\/wp-json\/wp\/v2\/types\/product"}],"replies":[{"embeddable":true,"href":"https:\/\/antcube.shop\/pt\/wp-json\/wp\/v2\/comments?post=9329"}],"wp:featuredmedia":[{"embeddable":true,"href":"https:\/\/antcube.shop\/pt\/wp-json\/wp\/v2\/media\/9810"}],"wp:attachment":[{"href":"https:\/\/antcube.shop\/pt\/wp-json\/wp\/v2\/media?parent=9329"}],"wp:term":[{"taxonomy":"product_brand","embeddable":true,"href":"https:\/\/antcube.shop\/pt\/wp-json\/wp\/v2\/product_brand?post=9329"},{"taxonomy":"product_cat","embeddable":true,"href":"https:\/\/antcube.shop\/pt\/wp-json\/wp\/v2\/product_cat?post=9329"},{"taxonomy":"product_tag","embeddable":true,"href":"https:\/\/antcube.shop\/pt\/wp-json\/wp\/v2\/product_tag?post=9329"}],"curies":[{"name":"wp","href":"https:\/\/api.w.org\/{rel}","templated":true}]}}