{"id":9323,"date":"2024-09-17T16:16:22","date_gmt":"2024-09-17T14:16:22","guid":{"rendered":"https:\/\/antcube.shop\/en\/product\/greifzange-60-cm\/"},"modified":"2026-03-20T10:37:11","modified_gmt":"2026-03-20T09:37:11","slug":"pinca-60-cm","status":"publish","type":"product","link":"https:\/\/antcube.shop\/pt\/produto\/pinca-60-cm\/","title":{"rendered":"Pin\u00e7a 60 cm"},"content":{"rendered":"<p><strong>Comprimento:<\/strong> 60 cm<\/p>\n<p><strong>Descri\u00e7\u00e3o:<\/strong> Este bra\u00e7o de pin\u00e7a pode ser utilizado para operar em \u00e1reas inacess\u00edveis \u00e0s m\u00e3os e para remover pe\u00e7as de tubos ou mangueiras. Di\u00e2metro frontal de 10,5 mm. Encaixa-se num orif\u00edcio de 11 mm. Os grampos da pin\u00e7a t\u00eam uma extens\u00e3o de 20 mm.<\/p>\n<p><strong>Nota:<\/strong><br \/>\nExiste o risco de ferimentos se partes do corpo ficarem presas no alicate.<\/p>","protected":false},"excerpt":{"rendered":"<p>Comprimento: 60 cm Descri\u00e7\u00e3o: Este bra\u00e7o de pin\u00e7a pode ser utilizado para operar em \u00e1reas inacess\u00edveis \u00e0s m\u00e3os e para retirar pe\u00e7as de tubos ou mangueiras. Di\u00e2metro frontal de 10,5 mm. Encaixa-se num orif\u00edcio de 11 mm. Os grampos da pin\u00e7a t\u00eam uma extens\u00e3o de 20 mm. Nota: Existe o risco de ferimentos se as partes do corpo","protected":false},"featured_media":9580,"comment_status":"open","ping_status":"closed","template":"","meta":{"_acf_changed":false,"content-type":"","_monsterinsights_skip_tracking":false,"_monsterinsights_sitenote_active":false,"_monsterinsights_sitenote_note":"","_monsterinsights_sitenote_category":0},"product_brand":[],"product_cat":[237],"product_tag":[],"class_list":{"0":"post-9323","1":"product","2":"type-product","3":"status-publish","4":"has-post-thumbnail","6":"product_cat-tools","8":"first","9":"instock","10":"taxable","11":"shipping-taxable","12":"purchasable","13":"product-type-simple"},"acf":[],"aioseo_notices":[],"jetpack_sharing_enabled":true,"_links":{"self":[{"href":"https:\/\/antcube.shop\/pt\/wp-json\/wp\/v2\/product\/9323","targetHints":{"allow":["GET"]}}],"collection":[{"href":"https:\/\/antcube.shop\/pt\/wp-json\/wp\/v2\/product"}],"about":[{"href":"https:\/\/antcube.shop\/pt\/wp-json\/wp\/v2\/types\/product"}],"replies":[{"embeddable":true,"href":"https:\/\/antcube.shop\/pt\/wp-json\/wp\/v2\/comments?post=9323"}],"wp:featuredmedia":[{"embeddable":true,"href":"https:\/\/antcube.shop\/pt\/wp-json\/wp\/v2\/media\/9580"}],"wp:attachment":[{"href":"https:\/\/antcube.shop\/pt\/wp-json\/wp\/v2\/media?parent=9323"}],"wp:term":[{"taxonomy":"product_brand","embeddable":true,"href":"https:\/\/antcube.shop\/pt\/wp-json\/wp\/v2\/product_brand?post=9323"},{"taxonomy":"product_cat","embeddable":true,"href":"https:\/\/antcube.shop\/pt\/wp-json\/wp\/v2\/product_cat?post=9323"},{"taxonomy":"product_tag","embeddable":true,"href":"https:\/\/antcube.shop\/pt\/wp-json\/wp\/v2\/product_tag?post=9323"}],"curies":[{"name":"wp","href":"https:\/\/api.w.org\/{rel}","templated":true}]}}