{"id":9321,"date":"2024-09-17T16:15:23","date_gmt":"2024-09-17T14:15:23","guid":{"rendered":"https:\/\/antcube.shop\/en\/product\/formicarienunterlage-60x30cm\/"},"modified":"2026-04-13T09:32:24","modified_gmt":"2026-04-13T07:32:24","slug":"almofada-para-formicario-60x30cm","status":"publish","type":"product","link":"https:\/\/antcube.shop\/pt\/produto\/almofada-para-formicario-60x30cm\/","title":{"rendered":"Almofada para formic\u00e1rio - 60x30cm"},"content":{"rendered":"<p><strong>Dimens\u00f5es:<\/strong> 600 x 300 x 4mm<\/p>\n<p><strong>Material:<\/strong> Espuma de PE<\/p>\n<p><strong>Cor:<\/strong> cinzento<\/p>\n<p><strong>Conte\u00fado:<\/strong> 1 unidade.<\/p>\n<p><strong>Descri\u00e7\u00e3o:<\/strong><br \/>\nA almofada do formic\u00e1rio \u00e9 feita de espuma macia.<br \/>\nProtege o formic\u00e1rio e a pe\u00e7a de mobili\u00e1rio sobre a qual o formic\u00e1rio se encontra de riscos.<br \/>\nA almofada de alcatifa tamb\u00e9m serve de isolamento t\u00e9rmico que compensa os mais pequenos desn\u00edveis e tamb\u00e9m protege contra as vibra\u00e7\u00f5es.<\/p>","protected":false},"excerpt":{"rendered":"<p>Dimens\u00f5es: 600 x 300 x 4mm Material: Espuma PE Cor: cinzento Conte\u00fado: 1 unidade. Descri\u00e7\u00e3o: A almofada para formic\u00e1rio \u00e9 feita de espuma macia. Protege o formic\u00e1rio e a pe\u00e7a de mobili\u00e1rio sobre a qual o formic\u00e1rio se encontra de riscos. A almofada de tapete serve tamb\u00e9m como isolamento t\u00e9rmico que compensa o mais pequeno desn\u00edvel e tamb\u00e9m","protected":false},"featured_media":9584,"comment_status":"open","ping_status":"closed","template":"","meta":{"_acf_changed":false,"content-type":"","_monsterinsights_skip_tracking":false,"_monsterinsights_sitenote_active":false,"_monsterinsights_sitenote_note":"","_monsterinsights_sitenote_category":0},"product_brand":[484],"product_cat":[119,239],"product_tag":[],"class_list":{"0":"post-9321","1":"product","2":"type-product","3":"status-publish","4":"has-post-thumbnail","6":"product_brand-antcube","7":"product_cat-formicarium-components","8":"product_cat-useful-additions","10":"first","11":"instock","12":"taxable","13":"shipping-taxable","14":"purchasable","15":"product-type-simple"},"acf":[],"aioseo_notices":[],"jetpack_sharing_enabled":true,"_links":{"self":[{"href":"https:\/\/antcube.shop\/pt\/wp-json\/wp\/v2\/product\/9321","targetHints":{"allow":["GET"]}}],"collection":[{"href":"https:\/\/antcube.shop\/pt\/wp-json\/wp\/v2\/product"}],"about":[{"href":"https:\/\/antcube.shop\/pt\/wp-json\/wp\/v2\/types\/product"}],"replies":[{"embeddable":true,"href":"https:\/\/antcube.shop\/pt\/wp-json\/wp\/v2\/comments?post=9321"}],"wp:featuredmedia":[{"embeddable":true,"href":"https:\/\/antcube.shop\/pt\/wp-json\/wp\/v2\/media\/9584"}],"wp:attachment":[{"href":"https:\/\/antcube.shop\/pt\/wp-json\/wp\/v2\/media?parent=9321"}],"wp:term":[{"taxonomy":"product_brand","embeddable":true,"href":"https:\/\/antcube.shop\/pt\/wp-json\/wp\/v2\/product_brand?post=9321"},{"taxonomy":"product_cat","embeddable":true,"href":"https:\/\/antcube.shop\/pt\/wp-json\/wp\/v2\/product_cat?post=9321"},{"taxonomy":"product_tag","embeddable":true,"href":"https:\/\/antcube.shop\/pt\/wp-json\/wp\/v2\/product_tag?post=9321"}],"curies":[{"name":"wp","href":"https:\/\/api.w.org\/{rel}","templated":true}]}}