{"id":9318,"date":"2024-09-17T16:14:20","date_gmt":"2024-09-17T14:14:20","guid":{"rendered":"https:\/\/antcube.shop\/en\/product\/antcube-rote-folie-20x10-filter\/"},"modified":"2026-04-23T17:16:00","modified_gmt":"2026-04-23T15:16:00","slug":"filtro-antcube-red-foil-20x10","status":"publish","type":"product","link":"https:\/\/antcube.shop\/pt\/produto\/filtro-antcube-red-foil-20x10\/","title":{"rendered":"ANTCUBE - Folha vermelha 20\u00d710 - Filtro"},"content":{"rendered":"<p><strong>Dimens\u00f5es:<\/strong> 19x6cm<\/p>\n<p><strong>Material:<\/strong> PVC<\/p>\n<p><strong>Descri\u00e7\u00e3o:<\/strong> A pel\u00edcula transparente vermelha \u00e9 utilizada para dar \u00e0s formigas a sensa\u00e7\u00e3o de estarem debaixo da terra. Por isso, recomendamos a utiliza\u00e7\u00e3o deste produto, pelo menos parcialmente, na \u00e1rea do ninho. No entanto, as formigas podem ser facilmente observadas no ninho. Precisamente cortado \u00e0 medida para ANTCUBE \"Ant farm 60x30cm S\/M\/L - vertical\".<\/p>\n<p>Esta pel\u00edcula filtrante tem um melhor efeito de filtragem da luz do que a pel\u00edcula de cobertura normal. Resistente a temperaturas at\u00e9 180\u00b0C<\/p>\n<p>A pel\u00edcula filtrante adere por si s\u00f3 \u00e0 \u00e1rea da explora\u00e7\u00e3o ou do ninho com uma press\u00e3o ligeira e uniforme. Em alternativa, a fita adesiva transparente \u00e9 adequada para a fixa\u00e7\u00e3o. Basta fix\u00e1-la com duas pequenas tiras nos cantos superiores, de modo a que a pel\u00edcula possa ser levantada mais tarde para uma melhor vis\u00e3o da \u00e1rea de nidifica\u00e7\u00e3o.<\/p>","protected":false},"excerpt":{"rendered":"<p>Dimens\u00f5es: 19x6cm Material: PVC Descri\u00e7\u00e3o: A pel\u00edcula transparente vermelha \u00e9 utilizada para dar \u00e0s formigas uma sensa\u00e7\u00e3o de subsolo. Por isso, recomendamos a utiliza\u00e7\u00e3o deste produto, pelo menos parcialmente, na \u00e1rea do ninho. No entanto, as formigas podem ser facilmente observadas no ninho. Precisamente cortado para encaixar no ANTCUBE \"Ant farm 20x10cm S\/M\/L - vertical\". Este filtro","protected":false},"featured_media":9826,"comment_status":"open","ping_status":"closed","template":"","meta":{"_acf_changed":false,"content-type":"","_monsterinsights_skip_tracking":false,"_monsterinsights_sitenote_active":false,"_monsterinsights_sitenote_note":"","_monsterinsights_sitenote_category":0},"product_brand":[484],"product_cat":[119,239],"product_tag":[],"class_list":{"0":"post-9318","1":"product","2":"type-product","3":"status-publish","4":"has-post-thumbnail","6":"product_brand-antcube","7":"product_cat-formicarium-components","8":"product_cat-useful-additions","10":"first","11":"instock","12":"taxable","13":"shipping-taxable","14":"purchasable","15":"product-type-simple"},"acf":[],"aioseo_notices":[],"jetpack_sharing_enabled":true,"_links":{"self":[{"href":"https:\/\/antcube.shop\/pt\/wp-json\/wp\/v2\/product\/9318","targetHints":{"allow":["GET"]}}],"collection":[{"href":"https:\/\/antcube.shop\/pt\/wp-json\/wp\/v2\/product"}],"about":[{"href":"https:\/\/antcube.shop\/pt\/wp-json\/wp\/v2\/types\/product"}],"replies":[{"embeddable":true,"href":"https:\/\/antcube.shop\/pt\/wp-json\/wp\/v2\/comments?post=9318"}],"wp:featuredmedia":[{"embeddable":true,"href":"https:\/\/antcube.shop\/pt\/wp-json\/wp\/v2\/media\/9826"}],"wp:attachment":[{"href":"https:\/\/antcube.shop\/pt\/wp-json\/wp\/v2\/media?parent=9318"}],"wp:term":[{"taxonomy":"product_brand","embeddable":true,"href":"https:\/\/antcube.shop\/pt\/wp-json\/wp\/v2\/product_brand?post=9318"},{"taxonomy":"product_cat","embeddable":true,"href":"https:\/\/antcube.shop\/pt\/wp-json\/wp\/v2\/product_cat?post=9318"},{"taxonomy":"product_tag","embeddable":true,"href":"https:\/\/antcube.shop\/pt\/wp-json\/wp\/v2\/product_tag?post=9318"}],"curies":[{"name":"wp","href":"https:\/\/api.w.org\/{rel}","templated":true}]}}