{"id":9317,"date":"2024-09-17T16:13:59","date_gmt":"2024-09-17T14:13:59","guid":{"rendered":"https:\/\/antcube.shop\/en\/product\/ameisen-ausbruchsschutz-set\/"},"modified":"2026-04-05T12:30:32","modified_gmt":"2026-04-05T10:30:32","slug":"conjunto-de-protecao-contra-surtos-de-formigas","status":"publish","type":"product","link":"https:\/\/antcube.shop\/pt\/produto\/conjunto-de-protecao-contra-surtos-de-formigas\/","title":{"rendered":"Conjunto de prote\u00e7\u00e3o contra surtos de formigas"},"content":{"rendered":"<p><strong>Conte\u00fado:<\/strong><br \/>\n1x \u00f3leo de prote\u00e7\u00e3o contra os surtos de formigas 10ml (\u00e0 base de \u00f3leo de querosene)<br \/>\n1x p\u00f3 de prote\u00e7\u00e3o contra os surtos de formigas 10ml (\u00e0 base de talco)<br \/>\n1x verniz de prote\u00e7\u00e3o anti-surto 10ml (\u00e0 base de PTFE)<br \/>\n3x escova de espuma especial para aplicar o material de prote\u00e7\u00e3o contra surtos<br \/>\nRecipiente de mistura 3x para dosear ou misturar.<\/p>\n<p><strong>Descri\u00e7\u00e3o:<\/strong> Reunimos um pequeno conjunto de materiais de prote\u00e7\u00e3o contra surtos mais eficazes para que possa testar qual a prote\u00e7\u00e3o contra surtos que melhor se adequa \u00e0 sua col\u00f3nia em particular.<\/p>\n<p><a href=\"https:\/\/www.antstore.net\/shop\/images\/documents\/ant%20escape%20protection%20lacquer%20EN.pdf\">Ficha de dados de seguran\u00e7a para tinta de prote\u00e7\u00e3o contra surtos de formigas (Ingl\u00eas), (PDF 0.2 MB)<\/a><br \/>\n(Cont\u00e9m: Instru\u00e7\u00f5es de seguran\u00e7a)<\/p>\n<p><a href=\"https:\/\/www.antstore.net\/shop\/images\/documents\/ant_escape_protection_oil_en.pdf\">Ficha de Dados de Seguran\u00e7a do \u00d3leo de Prote\u00e7\u00e3o contra Surtos de Formigas (Ingl\u00eas) , (PDF 0,1 MB)<\/a><br \/>\n(Cont\u00e9m: Instru\u00e7\u00f5es de seguran\u00e7a)<\/p>","protected":false},"excerpt":{"rendered":"<p>Conte\u00fado: 1x \u00f3leo de prote\u00e7\u00e3o contra formigas 10ml (\u00e0 base de \u00f3leo de querosene) 1x p\u00f3 de prote\u00e7\u00e3o contra formigas 10ml (\u00e0 base de talco) 1x verniz de prote\u00e7\u00e3o contra formigas 10ml (\u00e0 base de PTFE) 3x escova de espuma especial para aplicar o material de prote\u00e7\u00e3o contra formigas 3x recipiente de mistura para dosear ou misturar. Descri\u00e7\u00e3o: Reunimos um pequeno conjunto dos materiais de prote\u00e7\u00e3o contra os surtos mais eficazes","protected":false},"featured_media":9591,"comment_status":"open","ping_status":"closed","template":"","meta":{"_acf_changed":false,"content-type":"","_monsterinsights_skip_tracking":false,"_monsterinsights_sitenote_active":false,"_monsterinsights_sitenote_note":"","_monsterinsights_sitenote_category":0},"product_brand":[484],"product_cat":[237],"product_tag":[],"class_list":{"0":"post-9317","1":"product","2":"type-product","3":"status-publish","4":"has-post-thumbnail","6":"product_brand-antcube","7":"product_cat-tools","9":"first","10":"instock","11":"taxable","12":"shipping-taxable","13":"purchasable","14":"product-type-simple"},"acf":[],"aioseo_notices":[],"jetpack_sharing_enabled":true,"_links":{"self":[{"href":"https:\/\/antcube.shop\/pt\/wp-json\/wp\/v2\/product\/9317","targetHints":{"allow":["GET"]}}],"collection":[{"href":"https:\/\/antcube.shop\/pt\/wp-json\/wp\/v2\/product"}],"about":[{"href":"https:\/\/antcube.shop\/pt\/wp-json\/wp\/v2\/types\/product"}],"replies":[{"embeddable":true,"href":"https:\/\/antcube.shop\/pt\/wp-json\/wp\/v2\/comments?post=9317"}],"wp:featuredmedia":[{"embeddable":true,"href":"https:\/\/antcube.shop\/pt\/wp-json\/wp\/v2\/media\/9591"}],"wp:attachment":[{"href":"https:\/\/antcube.shop\/pt\/wp-json\/wp\/v2\/media?parent=9317"}],"wp:term":[{"taxonomy":"product_brand","embeddable":true,"href":"https:\/\/antcube.shop\/pt\/wp-json\/wp\/v2\/product_brand?post=9317"},{"taxonomy":"product_cat","embeddable":true,"href":"https:\/\/antcube.shop\/pt\/wp-json\/wp\/v2\/product_cat?post=9317"},{"taxonomy":"product_tag","embeddable":true,"href":"https:\/\/antcube.shop\/pt\/wp-json\/wp\/v2\/product_tag?post=9317"}],"curies":[{"name":"wp","href":"https:\/\/api.w.org\/{rel}","templated":true}]}}