{"id":9316,"date":"2024-09-17T16:13:38","date_gmt":"2024-09-17T14:13:38","guid":{"rendered":"https:\/\/antcube.shop\/en\/product\/ameisen-ausbruchsschutz-lack-10ml\/"},"modified":"2026-04-17T10:05:31","modified_gmt":"2026-04-17T08:05:31","slug":"ameisen-ausbruchsschutz-lack-10ml","status":"publish","type":"product","link":"https:\/\/antcube.shop\/pt\/produto\/ameisen-ausbruchsschutz-lack-10ml\/","title":{"rendered":"Verniz de Prote\u00e7\u00e3o contra Surtos de Formigas 10ml"},"content":{"rendered":"<p><strong>Conte\u00fado:<\/strong> 10 ml (suficiente n\u00e3o dilu\u00eddo para cerca de 10 metros de uma tira de 20 mm de largura)<\/p>\n<p><strong>Cor:<\/strong> branco leitoso<\/p>\n<p><strong>Material:<\/strong> \u00c0 base de PTFE<\/p>\n<p><strong>Descri\u00e7\u00e3o:<\/strong> O verniz \u00e9 a prote\u00e7\u00e3o anti-quebra ideal para as formigas; um tipo de pl\u00e1stico que tamb\u00e9m \u00e9 frequentemente utilizado como anti-adesivo - tamb\u00e9m recomendado pelos cientistas H\u00f6lldobler e Wilson como prote\u00e7\u00e3o anti-quebra na cria\u00e7\u00e3o de formigas. As formigas n\u00e3o encontram ader\u00eancia na pel\u00edcula aplicada e escorregam. O revestimento \u00e9 de longa dura\u00e7\u00e3o e, por isso, n\u00e3o precisa de ser renovado com a mesma frequ\u00eancia que outras alternativas.<\/p>\n<p><strong>Vantagem:<\/strong><br \/>\n- Se for aplicado de forma limpa, n\u00e3o \u00e9 necess\u00e1ria qualquer renova\u00e7\u00e3o.<br \/>\n- Ideal para superf\u00edcies de vidro.<\/p>\n<p><strong>Desvantagem:<\/strong><br \/>\n- N\u00e3o \u00e9 adequado para formic\u00e1rios com elevada humidade, uma vez que o verniz \u00e9 sol\u00favel em \u00e1gua.<br \/>\n- O verniz n\u00e3o \u00e9 t\u00e3o adequado para superf\u00edcies de pl\u00e1stico, uma vez que estas s\u00e3o auto-engraxantes.<br \/>\n- A aplica\u00e7\u00e3o deve ser praticada previamente, pois a superf\u00edcie \"envernizada\" n\u00e3o deve ficar \u00e1spera ou riscada.<\/p>\n<p><strong>Aplica\u00e7\u00e3o:<\/strong> Agitar bem antes de utilizar. O verniz pode ser utilizado tal como fornecido ou dilu\u00eddo com \u00e1gua at\u00e9 um m\u00e1ximo de 1:10. Pode ser aplicado com um pincel ou simplesmente pingado cuidadosamente sobre as superf\u00edcies a tratar. A pel\u00edcula deve ter cerca de 3 vezes mais largura na borda do que o comprimento das formigas. A maneira mais f\u00e1cil de o fazer \u00e9 mascarar a \u00e1rea com fita adesiva e aplicar a tinta deitada no lado do tanque. O tempo de secagem por lado \u00e9 de aproximadamente 45 minutos, mas pode variar ligeiramente consoante a espessura da aplica\u00e7\u00e3o.<\/p>\n<p><strong>Nota importante:<\/strong> Evitar o contacto com os olhos. Em caso de contacto com os olhos, lavar imediatamente com \u00e1gua abundante e consultar um m\u00e9dico. N\u00e3o fumar durante a aplica\u00e7\u00e3o. Utilizar apenas em locais bem ventilados. Manter fora do alcance das crian\u00e7as! A tinta pode alterar irreversivelmente a sua consist\u00eancia a temperaturas negativas. Por isso, s\u00f3 enviamos a temperaturas superiores a 0\u00b0C!<\/p>\n<p><a href=\"https:\/\/www.antstore.net\/shop\/images\/documents\/ant%20escape%20protection%20lacquer%20EN.pdf\">Ficha de dados de seguran\u00e7a para Tinta de prote\u00e7\u00e3o contra surtos de formigas (Ingl\u00eas) , (PDF 0,2 MB)<\/a><br \/>\n(Cont\u00e9m: Instru\u00e7\u00f5es de seguran\u00e7a)<\/p>\n<p>&nbsp;<\/p>","protected":false},"excerpt":{"rendered":"<p>Conte\u00fado: 10 ml (suficiente n\u00e3o dilu\u00eddo para cerca de 10 metros de uma tira de 20 mm de largura) Cor: branco leitoso Material: \u00c0 base de PTFE Descri\u00e7\u00e3o: O verniz \u00e9 a prote\u00e7\u00e3o anti-quebra ideal para formigas; um tipo de pl\u00e1stico que tamb\u00e9m \u00e9 frequentemente utilizado como anti-adesivo - tamb\u00e9m recomendado pelos cientistas H\u00f6lldobler e Wilson como prote\u00e7\u00e3o anti-quebra em formigas","protected":false},"featured_media":9592,"comment_status":"open","ping_status":"closed","template":"","meta":{"_acf_changed":false,"content-type":"","_monsterinsights_skip_tracking":false,"_monsterinsights_sitenote_active":false,"_monsterinsights_sitenote_note":"","_monsterinsights_sitenote_category":0},"product_brand":[484],"product_cat":[237],"product_tag":[],"class_list":{"0":"post-9316","1":"product","2":"type-product","3":"status-publish","4":"has-post-thumbnail","6":"product_brand-antcube","7":"product_cat-tools","9":"first","10":"instock","11":"taxable","12":"shipping-taxable","13":"purchasable","14":"product-type-simple"},"acf":[],"aioseo_notices":[],"jetpack_sharing_enabled":true,"_links":{"self":[{"href":"https:\/\/antcube.shop\/pt\/wp-json\/wp\/v2\/product\/9316","targetHints":{"allow":["GET"]}}],"collection":[{"href":"https:\/\/antcube.shop\/pt\/wp-json\/wp\/v2\/product"}],"about":[{"href":"https:\/\/antcube.shop\/pt\/wp-json\/wp\/v2\/types\/product"}],"replies":[{"embeddable":true,"href":"https:\/\/antcube.shop\/pt\/wp-json\/wp\/v2\/comments?post=9316"}],"wp:featuredmedia":[{"embeddable":true,"href":"https:\/\/antcube.shop\/pt\/wp-json\/wp\/v2\/media\/9592"}],"wp:attachment":[{"href":"https:\/\/antcube.shop\/pt\/wp-json\/wp\/v2\/media?parent=9316"}],"wp:term":[{"taxonomy":"product_brand","embeddable":true,"href":"https:\/\/antcube.shop\/pt\/wp-json\/wp\/v2\/product_brand?post=9316"},{"taxonomy":"product_cat","embeddable":true,"href":"https:\/\/antcube.shop\/pt\/wp-json\/wp\/v2\/product_cat?post=9316"},{"taxonomy":"product_tag","embeddable":true,"href":"https:\/\/antcube.shop\/pt\/wp-json\/wp\/v2\/product_tag?post=9316"}],"curies":[{"name":"wp","href":"https:\/\/api.w.org\/{rel}","templated":true}]}}