{"id":9315,"date":"2024-09-17T16:13:12","date_gmt":"2024-09-17T14:13:12","guid":{"rendered":"https:\/\/antcube.shop\/en\/product\/ameisen-ausbruchsschutz-pulver-10ml\/"},"modified":"2026-04-23T09:47:08","modified_gmt":"2026-04-23T07:47:08","slug":"po-de-protecao-anti-fuga-10ml","status":"publish","type":"product","link":"https:\/\/antcube.shop\/pt\/produto\/po-de-protecao-anti-fuga-10ml\/","title":{"rendered":"P\u00f3 de prote\u00e7\u00e3o contra a fuga das formigas 10ml"},"content":{"rendered":"<p><strong>Conte\u00fado:<\/strong> 8g\/10ml (suficiente para cerca de um metro de uma tira de 2cm de largura)<\/p>\n<p><strong>Cor:<\/strong> branco, mate<\/p>\n<p><strong>Material:<\/strong> \u00e0 base de talco<\/p>\n<p><strong>Descri\u00e7\u00e3o:<\/strong> O p\u00f3 evita a eclos\u00e3o das formigas, misturando-o com \u00e1gua e aplicando-o com um pincel cerca de 1 cm abaixo do bordo interior do formigueiro. A \u00e1gua evapora-se e fica uma fina camada de p\u00f3 de talco.<\/p>\n<p><strong>Vantagem:<\/strong> muito eficaz, de longa dura\u00e7\u00e3o<\/p>\n<p><strong>Desvantagem:<\/strong> A camada de p\u00f3 pode soltar-se se o formic\u00e1rio for agitado. \u00c9 necess\u00e1ria uma quantidade relativamente grande em compara\u00e7\u00e3o com o \u00f3leo ou verniz de prote\u00e7\u00e3o contra surtos<\/p>\n<p><strong>Aplica\u00e7\u00e3o:<\/strong> A pel\u00edcula deve ser aplicada na borda cerca de 3 vezes mais larga do que o comprimento das formigas.<\/p>","protected":false},"excerpt":{"rendered":"<p>Conte\u00fado: 8g\/10ml (suficiente para cerca de um metro de uma tira de 2cm de largura) Cor: branco, mate Material: \u00e0 base de talco Descri\u00e7\u00e3o: O p\u00f3 previne o aparecimento de formigas, misturando o p\u00f3 com \u00e1gua e aplicando-o com um pincel cerca de 1 cm abaixo do bordo interior do formigueiro. A \u00e1gua evapora-se e forma-se uma fina camada de","protected":false},"featured_media":9596,"comment_status":"open","ping_status":"closed","template":"","meta":{"_acf_changed":false,"content-type":"","_monsterinsights_skip_tracking":false,"_monsterinsights_sitenote_active":false,"_monsterinsights_sitenote_note":"","_monsterinsights_sitenote_category":0},"product_brand":[],"product_cat":[237],"product_tag":[],"class_list":{"0":"post-9315","1":"product","2":"type-product","3":"status-publish","4":"has-post-thumbnail","6":"product_cat-tools","8":"first","9":"instock","10":"taxable","11":"shipping-taxable","12":"purchasable","13":"product-type-simple"},"acf":[],"aioseo_notices":[],"jetpack_sharing_enabled":true,"_links":{"self":[{"href":"https:\/\/antcube.shop\/pt\/wp-json\/wp\/v2\/product\/9315","targetHints":{"allow":["GET"]}}],"collection":[{"href":"https:\/\/antcube.shop\/pt\/wp-json\/wp\/v2\/product"}],"about":[{"href":"https:\/\/antcube.shop\/pt\/wp-json\/wp\/v2\/types\/product"}],"replies":[{"embeddable":true,"href":"https:\/\/antcube.shop\/pt\/wp-json\/wp\/v2\/comments?post=9315"}],"wp:featuredmedia":[{"embeddable":true,"href":"https:\/\/antcube.shop\/pt\/wp-json\/wp\/v2\/media\/9596"}],"wp:attachment":[{"href":"https:\/\/antcube.shop\/pt\/wp-json\/wp\/v2\/media?parent=9315"}],"wp:term":[{"taxonomy":"product_brand","embeddable":true,"href":"https:\/\/antcube.shop\/pt\/wp-json\/wp\/v2\/product_brand?post=9315"},{"taxonomy":"product_cat","embeddable":true,"href":"https:\/\/antcube.shop\/pt\/wp-json\/wp\/v2\/product_cat?post=9315"},{"taxonomy":"product_tag","embeddable":true,"href":"https:\/\/antcube.shop\/pt\/wp-json\/wp\/v2\/product_tag?post=9315"}],"curies":[{"name":"wp","href":"https:\/\/api.w.org\/{rel}","templated":true}]}}