{"id":9310,"date":"2024-09-17T16:11:08","date_gmt":"2024-09-17T14:11:08","guid":{"rendered":"https:\/\/antcube.shop\/en\/product\/gitterkappe-32mm-edelstahl\/"},"modified":"2026-03-23T10:48:04","modified_gmt":"2026-03-23T09:48:04","slug":"tampa-de-grelha-32mm-em-aco-inoxidavel","status":"publish","type":"product","link":"https:\/\/antcube.shop\/pt\/produto\/tampa-de-grelha-32mm-em-aco-inoxidavel\/","title":{"rendered":"Tampa da grelha - 32mm - A\u00e7o inoxid\u00e1vel"},"content":{"rendered":"<p><strong>Quantidade:<\/strong> 1 pe\u00e7a<\/p>\n<p><strong>Dimens\u00f5es:<\/strong> 32 mm (di\u00e2metro interior), 40\u00d78 mm (dimens\u00f5es exteriores)<\/p>\n<p><strong>Cor:<\/strong> transparente<\/p>\n<p><strong>Material:<\/strong> a\u00e7o inoxid\u00e1vel, vidro acr\u00edlico<\/p>\n<p><strong>Descri\u00e7\u00e3o:<\/strong><br \/>\nEsta tampa de grelha com uma grelha de a\u00e7o inoxid\u00e1vel muito fina (0,2 mm) pode ser fixada a uma tomada, tubo ou extremidade de mangueira e assegura uma boa ventila\u00e7\u00e3o do formic\u00e1rio sem que as formigas possam escapar. Tanto a grelha de a\u00e7o inoxid\u00e1vel como a moldura de vidro acr\u00edlico s\u00e3o transparentes.<\/p>\n<p><strong>Nota:<\/strong> Tamb\u00e9m adequado para esp\u00e9cies muito mordazes, como as formigas cortadeiras!<\/p>","protected":false},"excerpt":{"rendered":"<p>Quantidade: 1 pe\u00e7a Dimens\u00f5es: 40mm (di\u00e2metro interior), 50x8mm (dimens\u00f5es exteriores) Cor: transparente Material: a\u00e7o inoxid\u00e1vel, vidro acr\u00edlico Descri\u00e7\u00e3o: Esta tampa de grelha com uma grelha de a\u00e7o inoxid\u00e1vel muito fina (0,2 mm) pode ser fixada a uma tomada, tubo ou extremidade de mangueira e garante uma boa ventila\u00e7\u00e3o do formic\u00e1rio sem que as formigas possam escapar. Tanto o a\u00e7o inoxid\u00e1vel","protected":false},"featured_media":9840,"comment_status":"open","ping_status":"closed","template":"","meta":{"_acf_changed":false,"content-type":"","_monsterinsights_skip_tracking":false,"_monsterinsights_sitenote_active":false,"_monsterinsights_sitenote_note":"","_monsterinsights_sitenote_category":0},"product_brand":[485],"product_cat":[119,238],"product_tag":[],"class_list":{"0":"post-9310","1":"product","2":"type-product","3":"status-publish","4":"has-post-thumbnail","6":"product_brand-antstore","7":"product_cat-formicarium-components","8":"product_cat-grid-caps-plugs-and-inserts","10":"first","11":"instock","12":"taxable","13":"shipping-taxable","14":"purchasable","15":"product-type-simple"},"acf":[],"aioseo_notices":[],"jetpack_sharing_enabled":true,"_links":{"self":[{"href":"https:\/\/antcube.shop\/pt\/wp-json\/wp\/v2\/product\/9310","targetHints":{"allow":["GET"]}}],"collection":[{"href":"https:\/\/antcube.shop\/pt\/wp-json\/wp\/v2\/product"}],"about":[{"href":"https:\/\/antcube.shop\/pt\/wp-json\/wp\/v2\/types\/product"}],"replies":[{"embeddable":true,"href":"https:\/\/antcube.shop\/pt\/wp-json\/wp\/v2\/comments?post=9310"}],"wp:featuredmedia":[{"embeddable":true,"href":"https:\/\/antcube.shop\/pt\/wp-json\/wp\/v2\/media\/9840"}],"wp:attachment":[{"href":"https:\/\/antcube.shop\/pt\/wp-json\/wp\/v2\/media?parent=9310"}],"wp:term":[{"taxonomy":"product_brand","embeddable":true,"href":"https:\/\/antcube.shop\/pt\/wp-json\/wp\/v2\/product_brand?post=9310"},{"taxonomy":"product_cat","embeddable":true,"href":"https:\/\/antcube.shop\/pt\/wp-json\/wp\/v2\/product_cat?post=9310"},{"taxonomy":"product_tag","embeddable":true,"href":"https:\/\/antcube.shop\/pt\/wp-json\/wp\/v2\/product_tag?post=9310"}],"curies":[{"name":"wp","href":"https:\/\/api.w.org\/{rel}","templated":true}]}}