{"id":9309,"date":"2024-09-17T16:10:44","date_gmt":"2024-09-17T14:10:44","guid":{"rendered":"https:\/\/antcube.shop\/en\/product\/einsteckeinsatz-fein-fur-gittereinsatz-acryl-50-mm\/"},"modified":"2026-03-24T16:45:14","modified_gmt":"2026-03-24T15:45:14","slug":"einsteckeinsatz-fein-fur-gittereinsatz-acryl-50-mm","status":"publish","type":"product","link":"https:\/\/antcube.shop\/pt\/produto\/einsteckeinsatz-fein-fur-gittereinsatz-acryl-50-mm\/","title":{"rendered":"Inser\u00e7\u00e3o fina - para inser\u00e7\u00e3o de grelha acr\u00edlica 50 mm"},"content":{"rendered":"<p><strong>Quantidade:<\/strong> 1 pe\u00e7a<\/p>\n<p><strong>Dimens\u00f5es:<\/strong> 50x10mm<\/p>\n<p><strong>Cor:<\/strong> transparente<\/p>\n<p><strong>Material:<\/strong> pl\u00e1stico<\/p>\n<p><strong>Descri\u00e7\u00e3o:<\/strong><br \/>\nEste inserto com malha muito fina (0,2-0,3 mm) para o \"inserto de malha acr\u00edlico 50 mm - transparente\" impede que as formigas pequenas escapem atrav\u00e9s das largas fendas de ventila\u00e7\u00e3o do inserto de malha. O inserto \u00e9 inserido no inserto de rede a partir de baixo.<\/p>\n<p>Tamb\u00e9m adequado para esp\u00e9cies muito mordazes, como as formigas cortadeiras!<\/p>\n<p><strong>Nota:<\/strong> Aten\u00e7\u00e3o que este artigo s\u00f3 pode ser utilizado em conjunto com o artigo: \"005044 Grelha em acr\u00edlico 50 mm - transparente\"!<\/p>","protected":false},"excerpt":{"rendered":"<p>Quantidade: 1 pe\u00e7a Dimens\u00f5es: 50x10mm Cor: transparente Material: pl\u00e1stico Descri\u00e7\u00e3o: Este inserto com malha muito fina (0,2-0,3 mm) para o \"inserto de malha acr\u00edlico 50 mm - transparente\" impede que as formigas pequenas escapem atrav\u00e9s das fendas de ventila\u00e7\u00e3o largas do inserto de malha. O inserto \u00e9 inserido no inserto de rede a partir de baixo. Tamb\u00e9m adequado para","protected":false},"featured_media":9842,"comment_status":"open","ping_status":"closed","template":"","meta":{"_acf_changed":false,"content-type":"","_monsterinsights_skip_tracking":false,"_monsterinsights_sitenote_active":false,"_monsterinsights_sitenote_note":"","_monsterinsights_sitenote_category":0},"product_brand":[],"product_cat":[119,238],"product_tag":[],"class_list":{"0":"post-9309","1":"product","2":"type-product","3":"status-publish","4":"has-post-thumbnail","6":"product_cat-formicarium-components","7":"product_cat-grid-caps-plugs-and-inserts","9":"first","10":"outofstock","11":"taxable","12":"shipping-taxable","13":"purchasable","14":"product-type-simple"},"acf":[],"aioseo_notices":[],"jetpack_sharing_enabled":true,"_links":{"self":[{"href":"https:\/\/antcube.shop\/pt\/wp-json\/wp\/v2\/product\/9309","targetHints":{"allow":["GET"]}}],"collection":[{"href":"https:\/\/antcube.shop\/pt\/wp-json\/wp\/v2\/product"}],"about":[{"href":"https:\/\/antcube.shop\/pt\/wp-json\/wp\/v2\/types\/product"}],"replies":[{"embeddable":true,"href":"https:\/\/antcube.shop\/pt\/wp-json\/wp\/v2\/comments?post=9309"}],"wp:featuredmedia":[{"embeddable":true,"href":"https:\/\/antcube.shop\/pt\/wp-json\/wp\/v2\/media\/9842"}],"wp:attachment":[{"href":"https:\/\/antcube.shop\/pt\/wp-json\/wp\/v2\/media?parent=9309"}],"wp:term":[{"taxonomy":"product_brand","embeddable":true,"href":"https:\/\/antcube.shop\/pt\/wp-json\/wp\/v2\/product_brand?post=9309"},{"taxonomy":"product_cat","embeddable":true,"href":"https:\/\/antcube.shop\/pt\/wp-json\/wp\/v2\/product_cat?post=9309"},{"taxonomy":"product_tag","embeddable":true,"href":"https:\/\/antcube.shop\/pt\/wp-json\/wp\/v2\/product_tag?post=9309"}],"curies":[{"name":"wp","href":"https:\/\/api.w.org\/{rel}","templated":true}]}}