{"id":9308,"date":"2024-09-17T16:10:24","date_gmt":"2024-09-17T14:10:24","guid":{"rendered":"https:\/\/antcube.shop\/en\/product\/dosierfilter-16mm\/"},"modified":"2026-04-13T09:32:28","modified_gmt":"2026-04-13T07:32:28","slug":"filtro-doseador-16mm","status":"publish","type":"product","link":"https:\/\/antcube.shop\/pt\/produto\/filtro-doseador-16mm\/","title":{"rendered":"Filtro doseador 16mm"},"content":{"rendered":"<p><strong>Dimens\u00f5es:<\/strong> 20 mm de comprimento, di\u00e2metro 14 mm para tubos de nidifica\u00e7\u00e3o de 16 mm<\/p>\n<p><strong>Conte\u00fado:<\/strong><br \/>\n1x filtro doseador<\/p>\n<p><strong>Material:<\/strong> Meio filtrante<\/p>\n<p><strong>Descri\u00e7\u00e3o:<\/strong> O filtro doseador separa as formigas do reservat\u00f3rio de \u00e1gua no tubo do ninho. No entanto, as for\u00e7as capilares permitem a passagem de humidade suficiente atrav\u00e9s do filtro para abastecer as formigas.<\/p>\n<p><strong>Cores:<\/strong> branco<\/p>","protected":false},"excerpt":{"rendered":"<p>Dimens\u00f5es: 20mm de comprimento, di\u00e2metro 14mm para tubos de nidifica\u00e7\u00e3o de 16mm Conte\u00fado: 1x filtro doseador Material: Meio filtrante Descri\u00e7\u00e3o: O filtro doseador separa as formigas do reservat\u00f3rio de \u00e1gua no tubo de nidifica\u00e7\u00e3o. No entanto, as for\u00e7as capilares permitem a passagem de humidade suficiente atrav\u00e9s do filtro para abastecer as formigas. Cores: branco<\/p>","protected":false},"featured_media":9847,"comment_status":"open","ping_status":"closed","template":"","meta":{"_acf_changed":false,"content-type":"","_monsterinsights_skip_tracking":false,"_monsterinsights_sitenote_active":false,"_monsterinsights_sitenote_note":"","_monsterinsights_sitenote_category":0},"product_brand":[],"product_cat":[237],"product_tag":[],"class_list":{"0":"post-9308","1":"product","2":"type-product","3":"status-publish","4":"has-post-thumbnail","6":"product_cat-tools","8":"first","9":"instock","10":"taxable","11":"shipping-taxable","12":"purchasable","13":"product-type-simple"},"acf":[],"aioseo_notices":[],"jetpack_sharing_enabled":true,"_links":{"self":[{"href":"https:\/\/antcube.shop\/pt\/wp-json\/wp\/v2\/product\/9308","targetHints":{"allow":["GET"]}}],"collection":[{"href":"https:\/\/antcube.shop\/pt\/wp-json\/wp\/v2\/product"}],"about":[{"href":"https:\/\/antcube.shop\/pt\/wp-json\/wp\/v2\/types\/product"}],"replies":[{"embeddable":true,"href":"https:\/\/antcube.shop\/pt\/wp-json\/wp\/v2\/comments?post=9308"}],"wp:featuredmedia":[{"embeddable":true,"href":"https:\/\/antcube.shop\/pt\/wp-json\/wp\/v2\/media\/9847"}],"wp:attachment":[{"href":"https:\/\/antcube.shop\/pt\/wp-json\/wp\/v2\/media?parent=9308"}],"wp:term":[{"taxonomy":"product_brand","embeddable":true,"href":"https:\/\/antcube.shop\/pt\/wp-json\/wp\/v2\/product_brand?post=9308"},{"taxonomy":"product_cat","embeddable":true,"href":"https:\/\/antcube.shop\/pt\/wp-json\/wp\/v2\/product_cat?post=9308"},{"taxonomy":"product_tag","embeddable":true,"href":"https:\/\/antcube.shop\/pt\/wp-json\/wp\/v2\/product_tag?post=9308"}],"curies":[{"name":"wp","href":"https:\/\/api.w.org\/{rel}","templated":true}]}}