{"id":9307,"date":"2024-09-17T16:10:04","date_gmt":"2024-09-17T14:10:04","guid":{"rendered":"https:\/\/antcube.shop\/en\/product\/formicarienstopfen-fur-13mm-bohrung\/"},"modified":"2026-04-16T09:54:41","modified_gmt":"2026-04-16T07:54:41","slug":"formicarienstopfen-fur-13mm-bohrung","status":"publish","type":"product","link":"https:\/\/antcube.shop\/pt\/produto\/formicarienstopfen-fur-13mm-bohrung\/","title":{"rendered":"Tamp\u00e3o de formic\u00e1rio para furo de 13 mm"},"content":{"rendered":"<p><strong>Quantidade:<\/strong> 1 pe\u00e7a<\/p>\n<p><strong>Dimens\u00f5es:<\/strong> 18\u00d79 mm<\/p>\n<p><strong>Material:<\/strong> pl\u00e1stico PE<\/p>\n<p><strong>Cor:<\/strong> transparente, leitoso<\/p>\n<p><strong>Descri\u00e7\u00e3o:<\/strong> Para fechar aberturas redondas em formic\u00e1rios com um di\u00e2metro de 4 mm<br \/>\nA pedido, tamb\u00e9m podemos fazer furos nos tamp\u00f5es, mediante um custo adicional.<br \/>\nOs seguintes recortes s\u00e3o recomendados para os seguintes artigos, por exemplo:<br \/>\n10 mm, por exemplo, para mangueira ou tubo 10 mm<\/p>","protected":false},"excerpt":{"rendered":"<p>Quantidade: 1 pe\u00e7a Dimens\u00f5es: 18x9 mm Material: Pl\u00e1stico PE Cor: transparente, leitoso Descri\u00e7\u00e3o: Para fechar aberturas redondas em formic\u00e1rios com um di\u00e2metro de 13 mm. A pedido, tamb\u00e9m podemos fazer furos nos tamp\u00f5es, mediante um custo adicional. Os seguintes cortes s\u00e3o recomendados para os seguintes artigos, por exemplo: 10 mm, por exemplo, para mangueira ou","protected":false},"featured_media":9849,"comment_status":"open","ping_status":"closed","template":"","meta":{"_acf_changed":false,"content-type":"","_monsterinsights_skip_tracking":false,"_monsterinsights_sitenote_active":false,"_monsterinsights_sitenote_note":"","_monsterinsights_sitenote_category":0},"product_brand":[],"product_cat":[119,238],"product_tag":[],"class_list":{"0":"post-9307","1":"product","2":"type-product","3":"status-publish","4":"has-post-thumbnail","6":"product_cat-formicarium-components","7":"product_cat-grid-caps-plugs-and-inserts","9":"first","10":"instock","11":"taxable","12":"shipping-taxable","13":"purchasable","14":"product-type-simple"},"acf":[],"aioseo_notices":[],"jetpack_sharing_enabled":true,"_links":{"self":[{"href":"https:\/\/antcube.shop\/pt\/wp-json\/wp\/v2\/product\/9307","targetHints":{"allow":["GET"]}}],"collection":[{"href":"https:\/\/antcube.shop\/pt\/wp-json\/wp\/v2\/product"}],"about":[{"href":"https:\/\/antcube.shop\/pt\/wp-json\/wp\/v2\/types\/product"}],"replies":[{"embeddable":true,"href":"https:\/\/antcube.shop\/pt\/wp-json\/wp\/v2\/comments?post=9307"}],"wp:featuredmedia":[{"embeddable":true,"href":"https:\/\/antcube.shop\/pt\/wp-json\/wp\/v2\/media\/9849"}],"wp:attachment":[{"href":"https:\/\/antcube.shop\/pt\/wp-json\/wp\/v2\/media?parent=9307"}],"wp:term":[{"taxonomy":"product_brand","embeddable":true,"href":"https:\/\/antcube.shop\/pt\/wp-json\/wp\/v2\/product_brand?post=9307"},{"taxonomy":"product_cat","embeddable":true,"href":"https:\/\/antcube.shop\/pt\/wp-json\/wp\/v2\/product_cat?post=9307"},{"taxonomy":"product_tag","embeddable":true,"href":"https:\/\/antcube.shop\/pt\/wp-json\/wp\/v2\/product_tag?post=9307"}],"curies":[{"name":"wp","href":"https:\/\/api.w.org\/{rel}","templated":true}]}}