{"id":9306,"date":"2024-09-17T16:09:42","date_gmt":"2024-09-17T14:09:42","guid":{"rendered":"https:\/\/antcube.shop\/en\/product\/formicarienstopfen-fur-10mm-bohrung\/"},"modified":"2026-04-05T17:10:17","modified_gmt":"2026-04-05T15:10:17","slug":"formicarienstopfen-fur-10mm-bohrung","status":"publish","type":"product","link":"https:\/\/antcube.shop\/pt\/produto\/formicarienstopfen-fur-10mm-bohrung\/","title":{"rendered":"Tamp\u00e3o de formic\u00e1rio para furo de 10 mm"},"content":{"rendered":"<p><strong>Quantidade:<\/strong> 1 pe\u00e7a<\/p>\n<p><strong>Dimens\u00f5es:<\/strong> 14x 8 mm<\/p>\n<p><strong>Material:<\/strong> pl\u00e1stico PE<\/p>\n<p><strong>Cor:<\/strong> transparente, leitoso<\/p>\n<p><strong>Descri\u00e7\u00e3o:<\/strong> Para fechar aberturas redondas em formic\u00e1rios com um di\u00e2metro de 4 mm<\/p>","protected":false},"excerpt":{"rendered":"<p>Quantidade: 1 pe\u00e7a Dimens\u00f5es: 14x 8 mm Material: Pl\u00e1stico PE Cor: transparente, leitoso Descri\u00e7\u00e3o: Para fechar aberturas redondas em formic\u00e1rios com um di\u00e2metro de 10 mm<\/p>","protected":false},"featured_media":9852,"comment_status":"open","ping_status":"closed","template":"","meta":{"_acf_changed":false,"content-type":"","_monsterinsights_skip_tracking":false,"_monsterinsights_sitenote_active":false,"_monsterinsights_sitenote_note":"","_monsterinsights_sitenote_category":0},"product_brand":[],"product_cat":[119,238],"product_tag":[],"class_list":{"0":"post-9306","1":"product","2":"type-product","3":"status-publish","4":"has-post-thumbnail","6":"product_cat-formicarium-components","7":"product_cat-grid-caps-plugs-and-inserts","9":"first","10":"instock","11":"taxable","12":"shipping-taxable","13":"purchasable","14":"product-type-simple"},"acf":[],"aioseo_notices":[],"jetpack_sharing_enabled":true,"_links":{"self":[{"href":"https:\/\/antcube.shop\/pt\/wp-json\/wp\/v2\/product\/9306","targetHints":{"allow":["GET"]}}],"collection":[{"href":"https:\/\/antcube.shop\/pt\/wp-json\/wp\/v2\/product"}],"about":[{"href":"https:\/\/antcube.shop\/pt\/wp-json\/wp\/v2\/types\/product"}],"replies":[{"embeddable":true,"href":"https:\/\/antcube.shop\/pt\/wp-json\/wp\/v2\/comments?post=9306"}],"wp:featuredmedia":[{"embeddable":true,"href":"https:\/\/antcube.shop\/pt\/wp-json\/wp\/v2\/media\/9852"}],"wp:attachment":[{"href":"https:\/\/antcube.shop\/pt\/wp-json\/wp\/v2\/media?parent=9306"}],"wp:term":[{"taxonomy":"product_brand","embeddable":true,"href":"https:\/\/antcube.shop\/pt\/wp-json\/wp\/v2\/product_brand?post=9306"},{"taxonomy":"product_cat","embeddable":true,"href":"https:\/\/antcube.shop\/pt\/wp-json\/wp\/v2\/product_cat?post=9306"},{"taxonomy":"product_tag","embeddable":true,"href":"https:\/\/antcube.shop\/pt\/wp-json\/wp\/v2\/product_tag?post=9306"}],"curies":[{"name":"wp","href":"https:\/\/api.w.org\/{rel}","templated":true}]}}