{"id":9292,"date":"2024-09-17T15:59:51","date_gmt":"2024-09-17T13:59:51","guid":{"rendered":"https:\/\/antcube.shop\/en\/product\/pilz-von-atta-cephalotes\/"},"modified":"2026-03-11T14:16:11","modified_gmt":"2026-03-11T13:16:11","slug":"fungo-de-atta-cephalotes","status":"publish","type":"product","link":"https:\/\/antcube.shop\/pt\/produto\/fungo-de-atta-cephalotes\/","title":{"rendered":"Fungo de Atta cephalotes"},"content":{"rendered":"<p><span data-text-color=\"alert\"><strong>Envio apenas poss\u00edvel na Alemanha!<\/strong><\/span><\/p>\n<p><strong>Quantidade:<\/strong> (conjunto)<br \/>\n1x tubo de transporte<br \/>\n1x rolha perme\u00e1vel ao ar<br \/>\n1x cogumelos frescos com pelo menos 1cm\u00b3<\/p>\n<p><strong>Descri\u00e7\u00e3o:<\/strong> Oferecemos um cogumelo de substitui\u00e7\u00e3o para emerg\u00eancias em que o fungo das formigas cortadeiras declina ou morre devido a temperatura, humidade incorrectas ou outras raz\u00f5es.<br \/>\nUma unidade de 1 cm\u00b3 \u00e9 suficiente para o rein\u00edcio de uma col\u00f3nia de 11-25 animais.<br \/>\nO cogumelo fornecido pode conter pequenos guardi\u00f5es de cogumelos (mini trabalhadores).<br \/>\nEstes pequenos mini-trabalhadores n\u00e3o s\u00e3o um problema para a col\u00f3nia existente, uma vez que apenas cuidam do cogumelo.<\/p>\n<p><strong>Utiliza\u00e7\u00e3o:<\/strong><br \/>\nCogumelo = para esp\u00e9cies de formigas comedoras de cogumelos<br \/>\nEste \u00e9 um alimento completo (alimento \u00fanico)<br \/>\nO recipiente de transporte deve ser aberto e colocado ao lado da col\u00f3nia de formigas. Os animais transportar\u00e3o ent\u00e3o os peda\u00e7os de cogumelos por si pr\u00f3prios.<\/p>\n<p><strong>Armazenamento:<\/strong> 25\u00b0C e humidade 90%<\/p>\n<p><strong>Cont\u00e9m:<\/strong><br \/>\npeda\u00e7os de cogumelos frescos e originais das esp\u00e9cies de formigas designadas.<\/p>\n<p><strong>Nota:<\/strong><br \/>\nPara mais informa\u00e7\u00f5es, consultar a bula do medicamento.<\/p>\n<p>Linha direta de informa\u00e7\u00f5es +49 30 439703870<\/p>\n<p><strong>Inspec\u00e7\u00e3o veterin\u00e1ria e alimentar respons\u00e1vel:<\/strong><br \/>\nEscrit\u00f3rio Veterin\u00e1rio Steglitz<br \/>\nK\u00f6nigin-Luise-Str. 92<br \/>\n14195 Berlim<\/p>","protected":false},"excerpt":{"rendered":"<p>Alimenta\u00e7\u00e3o completa<\/p>","protected":false},"featured_media":9777,"comment_status":"open","ping_status":"closed","template":"","meta":{"_acf_changed":false,"content-type":"","_monsterinsights_skip_tracking":false,"_monsterinsights_sitenote_active":false,"_monsterinsights_sitenote_note":"","_monsterinsights_sitenote_category":0},"product_brand":[],"product_cat":[115,116],"product_tag":[],"class_list":{"0":"post-9292","1":"product","2":"type-product","3":"status-publish","4":"has-post-thumbnail","6":"product_cat-food-and-feeding","7":"product_cat-food","9":"first","10":"instock","11":"taxable","12":"shipping-taxable","13":"purchasable","14":"product-type-simple"},"acf":[],"aioseo_notices":[],"jetpack_sharing_enabled":true,"_links":{"self":[{"href":"https:\/\/antcube.shop\/pt\/wp-json\/wp\/v2\/product\/9292","targetHints":{"allow":["GET"]}}],"collection":[{"href":"https:\/\/antcube.shop\/pt\/wp-json\/wp\/v2\/product"}],"about":[{"href":"https:\/\/antcube.shop\/pt\/wp-json\/wp\/v2\/types\/product"}],"replies":[{"embeddable":true,"href":"https:\/\/antcube.shop\/pt\/wp-json\/wp\/v2\/comments?post=9292"}],"wp:featuredmedia":[{"embeddable":true,"href":"https:\/\/antcube.shop\/pt\/wp-json\/wp\/v2\/media\/9777"}],"wp:attachment":[{"href":"https:\/\/antcube.shop\/pt\/wp-json\/wp\/v2\/media?parent=9292"}],"wp:term":[{"taxonomy":"product_brand","embeddable":true,"href":"https:\/\/antcube.shop\/pt\/wp-json\/wp\/v2\/product_brand?post=9292"},{"taxonomy":"product_cat","embeddable":true,"href":"https:\/\/antcube.shop\/pt\/wp-json\/wp\/v2\/product_cat?post=9292"},{"taxonomy":"product_tag","embeddable":true,"href":"https:\/\/antcube.shop\/pt\/wp-json\/wp\/v2\/product_tag?post=9292"}],"curies":[{"name":"wp","href":"https:\/\/api.w.org\/{rel}","templated":true}]}}