{"id":9291,"date":"2024-09-17T15:59:27","date_gmt":"2024-09-17T13:59:27","guid":{"rendered":"https:\/\/antcube.shop\/en\/product\/brombeerblatter-100g-frisch\/"},"modified":"2026-03-31T20:25:10","modified_gmt":"2026-03-31T18:25:10","slug":"brombeerblatter-100g-frisch","status":"publish","type":"product","link":"https:\/\/antcube.shop\/pt\/produto\/brombeerblatter-100g-frisch\/","title":{"rendered":"Folhas de amora preta 100g - frescas"},"content":{"rendered":"<p><strong>Conte\u00fado:<\/strong> 100g de folhas frescas de amora<\/p>\n<p><strong>Descri\u00e7\u00e3o:<\/strong> Folhas de amoreira-preta como terreno f\u00e9rtil para esp\u00e9cies de formigas produtoras de fungos.<\/p>\n<p><strong>Utiliza\u00e7\u00e3o:<\/strong><br \/>\nFolhas de amora = para esp\u00e9cies de formigas que se reproduzem em fungos<br \/>\nEsta \u00e9 uma \"ra\u00e7\u00e3o completa\" (ra\u00e7\u00e3o \u00fanica) e \u00e9 utilizada apenas como meio de reprodu\u00e7\u00e3o do fungo.<br \/>\nBasta colocar as folhas a alimentar na c\u00e2mara de alimenta\u00e7\u00e3o.<\/p>\n<p>Armazenamento: 5-8\u00b0C \/ 60-90% humidade. (em alternativa, tamb\u00e9m num vaso com \u00e1gua)<\/p>\n<p><strong>Cont\u00e9m:<\/strong><br \/>\n100% folhas frescas de amora<\/p>\n<p><strong>Nota:<\/strong><br \/>\nPara mais informa\u00e7\u00f5es, consultar a bula do medicamento.<\/p>\n<p>Linha direta de informa\u00e7\u00f5es +49 30 439703870<\/p>\n<p>Inspec\u00e7\u00e3o veterin\u00e1ria e alimentar respons\u00e1vel:<br \/>\nEscrit\u00f3rio Veterin\u00e1rio Steglitz<br \/>\nK\u00f6nigin-Luise-Str. 92<br \/>\n14195 Berlim<\/p>","protected":false},"excerpt":{"rendered":"<p>Conte\u00fado: 100g de folhas frescas de amoreira Descri\u00e7\u00e3o: Folhas de amoreira como terreno de reprodu\u00e7\u00e3o para esp\u00e9cies de formigas produtoras de fungos. Utiliza\u00e7\u00e3o: Folhas de amoreira = para esp\u00e9cies de formigas que se reproduzem com fungos Trata-se de um \"alimento completo\" (alimento \u00fanico) e serve apenas para a reprodu\u00e7\u00e3o do fungo. Basta colocar as folhas a alimentar na c\u00e2mara de alimenta\u00e7\u00e3o. Armazenamento: 5-8\u00b0C","protected":false},"featured_media":9603,"comment_status":"open","ping_status":"closed","template":"","meta":{"_acf_changed":false,"content-type":"","_monsterinsights_skip_tracking":false,"_monsterinsights_sitenote_active":false,"_monsterinsights_sitenote_note":"","_monsterinsights_sitenote_category":0},"product_brand":[],"product_cat":[115,116],"product_tag":[],"class_list":{"0":"post-9291","1":"product","2":"type-product","3":"status-publish","4":"has-post-thumbnail","6":"product_cat-food-and-feeding","7":"product_cat-food","9":"first","10":"onbackorder","11":"taxable","12":"shipping-taxable","13":"purchasable","14":"product-type-simple"},"acf":[],"aioseo_notices":[],"jetpack_sharing_enabled":true,"_links":{"self":[{"href":"https:\/\/antcube.shop\/pt\/wp-json\/wp\/v2\/product\/9291","targetHints":{"allow":["GET"]}}],"collection":[{"href":"https:\/\/antcube.shop\/pt\/wp-json\/wp\/v2\/product"}],"about":[{"href":"https:\/\/antcube.shop\/pt\/wp-json\/wp\/v2\/types\/product"}],"replies":[{"embeddable":true,"href":"https:\/\/antcube.shop\/pt\/wp-json\/wp\/v2\/comments?post=9291"}],"wp:featuredmedia":[{"embeddable":true,"href":"https:\/\/antcube.shop\/pt\/wp-json\/wp\/v2\/media\/9603"}],"wp:attachment":[{"href":"https:\/\/antcube.shop\/pt\/wp-json\/wp\/v2\/media?parent=9291"}],"wp:term":[{"taxonomy":"product_brand","embeddable":true,"href":"https:\/\/antcube.shop\/pt\/wp-json\/wp\/v2\/product_brand?post=9291"},{"taxonomy":"product_cat","embeddable":true,"href":"https:\/\/antcube.shop\/pt\/wp-json\/wp\/v2\/product_cat?post=9291"},{"taxonomy":"product_tag","embeddable":true,"href":"https:\/\/antcube.shop\/pt\/wp-json\/wp\/v2\/product_tag?post=9291"}],"curies":[{"name":"wp","href":"https:\/\/api.w.org\/{rel}","templated":true}]}}