{"id":9285,"date":"2024-09-17T15:56:54","date_gmt":"2024-09-17T13:56:54","guid":{"rendered":"https:\/\/antcube.shop\/en\/product\/felsschale-mini-mini-granite-rock\/"},"modified":"2026-04-01T17:55:27","modified_gmt":"2026-04-01T15:55:27","slug":"felsschale-mini-pedra-de-granito","status":"publish","type":"product","link":"https:\/\/antcube.shop\/pt\/produto\/felsschale-mini-pedra-de-granito\/","title":{"rendered":"Concha de rocha mini-mini Rocha de granito"},"content":{"rendered":"<p><strong>Dimens\u00f5es:<\/strong> 6 x 6 x 2 cm<\/p>\n<p><strong>Cor:<\/strong> cinzento<\/p>\n<p><strong>Material:<\/strong> resina sint\u00e9tica<\/p>\n<p><strong>Descri\u00e7\u00e3o:<\/strong><br \/>\nPode oferecer \u00e0s formigas comida ou \u00e1gua nestas ta\u00e7as de pedra. As ta\u00e7as de pedra s\u00e3o feitas de resina sint\u00e9tica robusta e n\u00e3o podem ser destru\u00eddas pelas formigas.<\/p>","protected":false},"excerpt":{"rendered":"<p>Tamanho: 6 x 6 x 2 cm<\/p>","protected":false},"featured_media":9771,"comment_status":"open","ping_status":"closed","template":"","meta":{"_acf_changed":false,"content-type":"","_monsterinsights_skip_tracking":false,"_monsterinsights_sitenote_active":false,"_monsterinsights_sitenote_note":"","_monsterinsights_sitenote_category":0},"product_brand":[],"product_cat":[115,118],"product_tag":[],"class_list":{"0":"post-9285","1":"product","2":"type-product","3":"status-publish","4":"has-post-thumbnail","6":"product_cat-food-and-feeding","7":"product_cat-feeding-bowls","9":"first","10":"instock","11":"taxable","12":"shipping-taxable","13":"purchasable","14":"product-type-simple"},"acf":[],"aioseo_notices":[],"jetpack_sharing_enabled":true,"_links":{"self":[{"href":"https:\/\/antcube.shop\/pt\/wp-json\/wp\/v2\/product\/9285","targetHints":{"allow":["GET"]}}],"collection":[{"href":"https:\/\/antcube.shop\/pt\/wp-json\/wp\/v2\/product"}],"about":[{"href":"https:\/\/antcube.shop\/pt\/wp-json\/wp\/v2\/types\/product"}],"replies":[{"embeddable":true,"href":"https:\/\/antcube.shop\/pt\/wp-json\/wp\/v2\/comments?post=9285"}],"wp:featuredmedia":[{"embeddable":true,"href":"https:\/\/antcube.shop\/pt\/wp-json\/wp\/v2\/media\/9771"}],"wp:attachment":[{"href":"https:\/\/antcube.shop\/pt\/wp-json\/wp\/v2\/media?parent=9285"}],"wp:term":[{"taxonomy":"product_brand","embeddable":true,"href":"https:\/\/antcube.shop\/pt\/wp-json\/wp\/v2\/product_brand?post=9285"},{"taxonomy":"product_cat","embeddable":true,"href":"https:\/\/antcube.shop\/pt\/wp-json\/wp\/v2\/product_cat?post=9285"},{"taxonomy":"product_tag","embeddable":true,"href":"https:\/\/antcube.shop\/pt\/wp-json\/wp\/v2\/product_tag?post=9285"}],"curies":[{"name":"wp","href":"https:\/\/api.w.org\/{rel}","templated":true}]}}