{"id":9274,"date":"2024-09-17T15:00:27","date_gmt":"2024-09-17T13:00:27","guid":{"rendered":"https:\/\/antcube.shop\/en\/product\/mini-hygrometer-analog-metall-25mm\/"},"modified":"2026-04-05T18:43:14","modified_gmt":"2026-04-05T16:43:14","slug":"mini-higrometro-analogico-metalico-25mm","status":"publish","type":"product","link":"https:\/\/antcube.shop\/pt\/produto\/mini-higrometro-analogico-metalico-25mm\/","title":{"rendered":"Mini higr\u00f3metro anal\u00f3gico em metal - 25mm"},"content":{"rendered":"<p><strong>Dimens\u00f5es:<\/strong> 25 mm<\/p>\n<p><strong>Cor:<\/strong> metal, prata<\/p>\n<p><strong>Gama de medi\u00e7\u00e3o:<\/strong> 0 a 100%<\/p>\n<p><strong>Exactid\u00e3o:<\/strong> +\/- 5%<\/p>\n<p><strong>Descri\u00e7\u00e3o:<\/strong><br \/>\nHigr\u00f3metro anal\u00f3gico, particularmente adequado para formic\u00e1rios muito pequenos.<br \/>\n\u00c9 montado num orif\u00edcio de 27 mm utilizando os \"tamp\u00f5es Formicarium para orif\u00edcio de 27 mm\" com um recorte de 22 mm.<br \/>\nCaso contr\u00e1rio, o term\u00f3metro pode ser fixado na parte de tr\u00e1s do formic\u00e1rio utilizando fita adesiva de dupla face (n\u00e3o inclu\u00edda).<\/p>\n<p><strong>Nota:<\/strong><br \/>\nN\u00e3o fechar a abertura traseira do higr\u00f3metro, pois pode provocar erros de medi\u00e7\u00e3o.<\/p>","protected":false},"excerpt":{"rendered":"<p>Gama de medi\u00e7\u00e3o: 0 a 100%, di\u00e2metro: 25 mm<\/p>","protected":false},"featured_media":9750,"comment_status":"open","ping_status":"closed","template":"","meta":{"_acf_changed":false,"content-type":"","_monsterinsights_skip_tracking":false,"_monsterinsights_sitenote_active":false,"_monsterinsights_sitenote_note":"","_monsterinsights_sitenote_category":0},"product_brand":[],"product_cat":[359,119],"product_tag":[],"class_list":{"0":"post-9274","1":"product","2":"type-product","3":"status-publish","4":"has-post-thumbnail","6":"product_cat-light-heat-humidity","7":"product_cat-formicarium-components","9":"first","10":"instock","11":"taxable","12":"shipping-taxable","13":"purchasable","14":"product-type-simple"},"acf":[],"aioseo_notices":[],"jetpack_sharing_enabled":true,"_links":{"self":[{"href":"https:\/\/antcube.shop\/pt\/wp-json\/wp\/v2\/product\/9274","targetHints":{"allow":["GET"]}}],"collection":[{"href":"https:\/\/antcube.shop\/pt\/wp-json\/wp\/v2\/product"}],"about":[{"href":"https:\/\/antcube.shop\/pt\/wp-json\/wp\/v2\/types\/product"}],"replies":[{"embeddable":true,"href":"https:\/\/antcube.shop\/pt\/wp-json\/wp\/v2\/comments?post=9274"}],"wp:featuredmedia":[{"embeddable":true,"href":"https:\/\/antcube.shop\/pt\/wp-json\/wp\/v2\/media\/9750"}],"wp:attachment":[{"href":"https:\/\/antcube.shop\/pt\/wp-json\/wp\/v2\/media?parent=9274"}],"wp:term":[{"taxonomy":"product_brand","embeddable":true,"href":"https:\/\/antcube.shop\/pt\/wp-json\/wp\/v2\/product_brand?post=9274"},{"taxonomy":"product_cat","embeddable":true,"href":"https:\/\/antcube.shop\/pt\/wp-json\/wp\/v2\/product_cat?post=9274"},{"taxonomy":"product_tag","embeddable":true,"href":"https:\/\/antcube.shop\/pt\/wp-json\/wp\/v2\/product_tag?post=9274"}],"curies":[{"name":"wp","href":"https:\/\/api.w.org\/{rel}","templated":true}]}}