{"id":9272,"date":"2024-09-17T14:59:43","date_gmt":"2024-09-17T12:59:43","guid":{"rendered":"https:\/\/antcube.shop\/en\/product\/mini-thermo-hygrometer-analog-display-stehend\/"},"modified":"2026-03-30T10:29:26","modified_gmt":"2026-03-30T08:29:26","slug":"mini-higrometro-termico-com-visor-analogico-stehend","status":"publish","type":"product","link":"https:\/\/antcube.shop\/pt\/produto\/mini-higrometro-termico-com-visor-analogico-stehend\/","title":{"rendered":"Mini termo-higr\u00f3metro anal\u00f3gico - visor - vertical"},"content":{"rendered":"<p><strong>Dimens\u00f5es:<\/strong> 60mm x 60mm, 30mm de profundidade<\/p>\n<p><strong>Material:<\/strong> metal \/ vidro acr\u00edlico<\/p>\n<p><strong>Cor:<\/strong> metal, prata \/ transparente<\/p>\n<p><strong>Conte\u00fado:<\/strong> 1x mini term\u00f3metro anal\u00f3gico de metal - 25mm, 1x mini higr\u00f3metro anal\u00f3gico de metal - 25mm, 1x suporte de vidro acr\u00edlico com recortes para os instrumentos de medi\u00e7\u00e3o - 60x60mm, 1x base de vidro acr\u00edlico - 30mm de di\u00e2metro<\/p>\n<p><strong>Descri\u00e7\u00e3o:<\/strong><br \/>\nO conjunto \u00e9 composto por um term\u00f3metro e um higr\u00f3metro anal\u00f3gicos feitos de metal (25 mm), que s\u00e3o inseridos numa placa de vidro acr\u00edlico (60x60 mm). O visor pode ser colocado na base (30mm) na sala a ser medida.<\/p>\n<p><strong>Nota:<\/strong><br \/>\nOs instrumentos de medi\u00e7\u00e3o no verso devem permanecer livres, caso contr\u00e1rio podem ocorrer erros de medi\u00e7\u00e3o.<\/p>\n<p>Precis\u00e3o: +\/- 2\u00b0C , +\/- 4\u00b0F<br \/>\nPrecis\u00e3o: +\/- 5%<\/p>","protected":false},"excerpt":{"rendered":"<p>Conjunto de term\u00f3metro e higr\u00f3metro em metal (25 mm) inserido numa placa de vidro acr\u00edlico (60x60 mm)<\/p>","protected":false},"featured_media":9745,"comment_status":"open","ping_status":"closed","template":"","meta":{"_acf_changed":false,"content-type":"","_monsterinsights_skip_tracking":false,"_monsterinsights_sitenote_active":false,"_monsterinsights_sitenote_note":"","_monsterinsights_sitenote_category":0},"product_brand":[],"product_cat":[359,119],"product_tag":[],"class_list":{"0":"post-9272","1":"product","2":"type-product","3":"status-publish","4":"has-post-thumbnail","6":"product_cat-light-heat-humidity","7":"product_cat-formicarium-components","9":"first","10":"instock","11":"taxable","12":"shipping-taxable","13":"purchasable","14":"product-type-simple"},"acf":[],"aioseo_notices":[],"jetpack_sharing_enabled":true,"_links":{"self":[{"href":"https:\/\/antcube.shop\/pt\/wp-json\/wp\/v2\/product\/9272","targetHints":{"allow":["GET"]}}],"collection":[{"href":"https:\/\/antcube.shop\/pt\/wp-json\/wp\/v2\/product"}],"about":[{"href":"https:\/\/antcube.shop\/pt\/wp-json\/wp\/v2\/types\/product"}],"replies":[{"embeddable":true,"href":"https:\/\/antcube.shop\/pt\/wp-json\/wp\/v2\/comments?post=9272"}],"wp:featuredmedia":[{"embeddable":true,"href":"https:\/\/antcube.shop\/pt\/wp-json\/wp\/v2\/media\/9745"}],"wp:attachment":[{"href":"https:\/\/antcube.shop\/pt\/wp-json\/wp\/v2\/media?parent=9272"}],"wp:term":[{"taxonomy":"product_brand","embeddable":true,"href":"https:\/\/antcube.shop\/pt\/wp-json\/wp\/v2\/product_brand?post=9272"},{"taxonomy":"product_cat","embeddable":true,"href":"https:\/\/antcube.shop\/pt\/wp-json\/wp\/v2\/product_cat?post=9272"},{"taxonomy":"product_tag","embeddable":true,"href":"https:\/\/antcube.shop\/pt\/wp-json\/wp\/v2\/product_tag?post=9272"}],"curies":[{"name":"wp","href":"https:\/\/api.w.org\/{rel}","templated":true}]}}