{"id":9269,"date":"2024-09-17T14:52:27","date_gmt":"2024-09-17T12:52:27","guid":{"rendered":"https:\/\/antcube.shop\/en\/product\/heat-pack-stoffbeutel-72-std\/"},"modified":"2026-04-08T10:01:07","modified_gmt":"2026-04-08T08:01:07","slug":"saco-de-tecido-termico-72-horas","status":"publish","type":"product","link":"https:\/\/antcube.shop\/pt\/produto\/saco-de-tecido-termico-72-horas\/","title":{"rendered":"Pacote de calor - Saco de tecido - 72 horas."},"content":{"rendered":"<p><strong>Dimens\u00f5es:<\/strong> 15,5 x 11,5 cm<\/p>\n<p>Dura\u00e7\u00e3o do aquecimento ( h ): ~ 72<\/p>\n<p>Temperatura (m\u00e1x. \/ m\u00e9dia): 52\u00b0C \/ 46\u00b0C<\/p>\n<p><strong>Descri\u00e7\u00e3o:<\/strong> Este HeatPack \u00e9 um aquecedor de carv\u00e3o ativado e \u00e9 ativado por contacto com o ar. Basta retirar o HeatPack da embalagem, deix\u00e1-lo ativar brevemente num ambiente sem gelo e coloc\u00e1-lo numa caixa de transporte adequada (por exemplo, uma caixa de poliestireno). A liberta\u00e7\u00e3o de calor come\u00e7a ap\u00f3s alguns minutos e dura at\u00e9 72 horas.<\/p>\n<p>S\u00f3 pode ser utilizado uma vez!<\/p>\n<p><strong>Ingredientes:<\/strong> ferro, \u00e1gua, celulose, carv\u00e3o ativado, vermiculite, sal<\/p>","protected":false},"excerpt":{"rendered":"<p>Pot\u00eancia de aquecimento durante 72 horas.<\/p>","protected":false},"featured_media":9735,"comment_status":"open","ping_status":"closed","template":"","meta":{"_acf_changed":false,"content-type":"","_monsterinsights_skip_tracking":false,"_monsterinsights_sitenote_active":false,"_monsterinsights_sitenote_note":"","_monsterinsights_sitenote_category":0},"product_brand":[],"product_cat":[237],"product_tag":[],"class_list":{"0":"post-9269","1":"product","2":"type-product","3":"status-publish","4":"has-post-thumbnail","6":"product_cat-tools","8":"first","9":"instock","10":"taxable","11":"shipping-taxable","12":"purchasable","13":"product-type-simple"},"acf":[],"aioseo_notices":[],"jetpack_sharing_enabled":true,"_links":{"self":[{"href":"https:\/\/antcube.shop\/pt\/wp-json\/wp\/v2\/product\/9269","targetHints":{"allow":["GET"]}}],"collection":[{"href":"https:\/\/antcube.shop\/pt\/wp-json\/wp\/v2\/product"}],"about":[{"href":"https:\/\/antcube.shop\/pt\/wp-json\/wp\/v2\/types\/product"}],"replies":[{"embeddable":true,"href":"https:\/\/antcube.shop\/pt\/wp-json\/wp\/v2\/comments?post=9269"}],"wp:featuredmedia":[{"embeddable":true,"href":"https:\/\/antcube.shop\/pt\/wp-json\/wp\/v2\/media\/9735"}],"wp:attachment":[{"href":"https:\/\/antcube.shop\/pt\/wp-json\/wp\/v2\/media?parent=9269"}],"wp:term":[{"taxonomy":"product_brand","embeddable":true,"href":"https:\/\/antcube.shop\/pt\/wp-json\/wp\/v2\/product_brand?post=9269"},{"taxonomy":"product_cat","embeddable":true,"href":"https:\/\/antcube.shop\/pt\/wp-json\/wp\/v2\/product_cat?post=9269"},{"taxonomy":"product_tag","embeddable":true,"href":"https:\/\/antcube.shop\/pt\/wp-json\/wp\/v2\/product_tag?post=9269"}],"curies":[{"name":"wp","href":"https:\/\/api.w.org\/{rel}","templated":true}]}}