{"id":9268,"date":"2024-09-17T14:52:05","date_gmt":"2024-09-17T12:52:05","guid":{"rendered":"https:\/\/antcube.shop\/en\/product\/heat-pack-alubeutel-36-std\/"},"modified":"2026-02-09T17:52:40","modified_gmt":"2026-02-09T16:52:40","slug":"saco-de-aluminio-termico-36-horas","status":"publish","type":"product","link":"https:\/\/antcube.shop\/pt\/produto\/saco-de-aluminio-termico-36-horas\/","title":{"rendered":"Heat Pack - saco de alum\u00ednio - 36 hrs."},"content":{"rendered":"<p><strong>Dimens\u00f5es:<\/strong> 16 x 11,5 cm<\/p>\n<p><strong>Descri\u00e7\u00e3o:<\/strong> Os pacotes de calor aquecem at\u00e9 um m\u00e1ximo de 45\u00b0C quando entram em contacto com o oxig\u00e9nio. S\u00e3o utilizados como fonte de calor durante o transporte de col\u00f3nias de formigas tropicais para evitar que os animais fiquem hipot\u00e9rmicos. A pot\u00eancia de calor dura cerca de 36 horas.<\/p>\n<p>S\u00f3 pode ser utilizado uma vez!<\/p>\n<p><strong>Ingredientes:<\/strong> ferro, carv\u00e3o ativado, belmilite, sal, \u00e1gua<\/p>","protected":false},"excerpt":{"rendered":"<p>Pot\u00eancia de aquecimento durante 36 horas<\/p>","protected":false},"featured_media":9732,"comment_status":"open","ping_status":"closed","template":"","meta":{"_acf_changed":false,"content-type":"","_monsterinsights_skip_tracking":false,"_monsterinsights_sitenote_active":false,"_monsterinsights_sitenote_note":"","_monsterinsights_sitenote_category":0},"product_brand":[],"product_cat":[237],"product_tag":[],"class_list":{"0":"post-9268","1":"product","2":"type-product","3":"status-publish","4":"has-post-thumbnail","6":"product_cat-tools","8":"first","9":"instock","10":"taxable","11":"shipping-taxable","12":"purchasable","13":"product-type-simple"},"acf":[],"aioseo_notices":[],"jetpack_sharing_enabled":true,"_links":{"self":[{"href":"https:\/\/antcube.shop\/pt\/wp-json\/wp\/v2\/product\/9268","targetHints":{"allow":["GET"]}}],"collection":[{"href":"https:\/\/antcube.shop\/pt\/wp-json\/wp\/v2\/product"}],"about":[{"href":"https:\/\/antcube.shop\/pt\/wp-json\/wp\/v2\/types\/product"}],"replies":[{"embeddable":true,"href":"https:\/\/antcube.shop\/pt\/wp-json\/wp\/v2\/comments?post=9268"}],"wp:featuredmedia":[{"embeddable":true,"href":"https:\/\/antcube.shop\/pt\/wp-json\/wp\/v2\/media\/9732"}],"wp:attachment":[{"href":"https:\/\/antcube.shop\/pt\/wp-json\/wp\/v2\/media?parent=9268"}],"wp:term":[{"taxonomy":"product_brand","embeddable":true,"href":"https:\/\/antcube.shop\/pt\/wp-json\/wp\/v2\/product_brand?post=9268"},{"taxonomy":"product_cat","embeddable":true,"href":"https:\/\/antcube.shop\/pt\/wp-json\/wp\/v2\/product_cat?post=9268"},{"taxonomy":"product_tag","embeddable":true,"href":"https:\/\/antcube.shop\/pt\/wp-json\/wp\/v2\/product_tag?post=9268"}],"curies":[{"name":"wp","href":"https:\/\/api.w.org\/{rel}","templated":true}]}}