{"id":9263,"date":"2024-09-17T14:50:09","date_gmt":"2024-09-17T12:50:09","guid":{"rendered":"https:\/\/antcube.shop\/en\/product\/kunststoff-pipette-10ml\/"},"modified":"2026-04-13T09:30:07","modified_gmt":"2026-04-13T07:30:07","slug":"pipeta-kunststoff-10ml","status":"publish","type":"product","link":"https:\/\/antcube.shop\/pt\/produto\/pipeta-kunststoff-10ml\/","title":{"rendered":"Pipeta de pl\u00e1stico 10ml"},"content":{"rendered":"<p><strong>Descri\u00e7\u00e3o:<\/strong> As pipetas de pl\u00e1stico podem, naturalmente, ser utilizadas v\u00e1rias vezes para hidratar.<\/p>\n<p><strong>Dimens\u00f5es:<\/strong> 10 ml \/ 170 mm de comprimento.<\/p>","protected":false},"excerpt":{"rendered":"<p>Descri\u00e7\u00e3o: As pipetas de pl\u00e1stico podem, naturalmente, ser utilizadas v\u00e1rias vezes para hidrata\u00e7\u00e3o. Dimens\u00f5es: 10 ml \/ 170 mm de comprimento.<\/p>","protected":false},"featured_media":9720,"comment_status":"open","ping_status":"closed","template":"","meta":{"_acf_changed":false,"content-type":"","_monsterinsights_skip_tracking":false,"_monsterinsights_sitenote_active":false,"_monsterinsights_sitenote_note":"","_monsterinsights_sitenote_category":0},"product_brand":[],"product_cat":[237],"product_tag":[],"class_list":{"0":"post-9263","1":"product","2":"type-product","3":"status-publish","4":"has-post-thumbnail","6":"product_cat-tools","8":"first","9":"instock","10":"taxable","11":"shipping-taxable","12":"purchasable","13":"product-type-simple"},"acf":[],"aioseo_notices":[],"jetpack_sharing_enabled":true,"_links":{"self":[{"href":"https:\/\/antcube.shop\/pt\/wp-json\/wp\/v2\/product\/9263","targetHints":{"allow":["GET"]}}],"collection":[{"href":"https:\/\/antcube.shop\/pt\/wp-json\/wp\/v2\/product"}],"about":[{"href":"https:\/\/antcube.shop\/pt\/wp-json\/wp\/v2\/types\/product"}],"replies":[{"embeddable":true,"href":"https:\/\/antcube.shop\/pt\/wp-json\/wp\/v2\/comments?post=9263"}],"wp:featuredmedia":[{"embeddable":true,"href":"https:\/\/antcube.shop\/pt\/wp-json\/wp\/v2\/media\/9720"}],"wp:attachment":[{"href":"https:\/\/antcube.shop\/pt\/wp-json\/wp\/v2\/media?parent=9263"}],"wp:term":[{"taxonomy":"product_brand","embeddable":true,"href":"https:\/\/antcube.shop\/pt\/wp-json\/wp\/v2\/product_brand?post=9263"},{"taxonomy":"product_cat","embeddable":true,"href":"https:\/\/antcube.shop\/pt\/wp-json\/wp\/v2\/product_cat?post=9263"},{"taxonomy":"product_tag","embeddable":true,"href":"https:\/\/antcube.shop\/pt\/wp-json\/wp\/v2\/product_tag?post=9263"}],"curies":[{"name":"wp","href":"https:\/\/api.w.org\/{rel}","templated":true}]}}