{"id":9261,"date":"2024-09-17T14:49:20","date_gmt":"2024-09-17T12:49:20","guid":{"rendered":"https:\/\/antcube.shop\/en\/product\/spritzflasche-pe-ld-500ml\/"},"modified":"2026-04-10T09:16:30","modified_gmt":"2026-04-10T07:16:30","slug":"spritzflasche-pe-ld-500ml","status":"publish","type":"product","link":"https:\/\/antcube.shop\/pt\/produto\/spritzflasche-pe-ld-500ml\/","title":{"rendered":"Frasco de spray PE-LD 500ml"},"content":{"rendered":"<p><strong>Dimens\u00f5es:<\/strong> Volume: 500 ml<\/p>\n<p><strong>Cor:<\/strong> transparente \/ leitoso<\/p>\n<p><strong>Material:<\/strong> PE<\/p>\n<p><strong>Descri\u00e7\u00e3o:<\/strong> Frasco de pulveriza\u00e7\u00e3o com bico prolongado - ideal para humedecer manualmente o formic\u00e1rio.<\/p>","protected":false},"excerpt":{"rendered":"<p>Dimens\u00f5es: Volume: 100 ml Cor: transparente \/ leitoso Material: PE Descri\u00e7\u00e3o: Frasco pulverizador com bico prolongado - ideal para humedecer manualmente o formic\u00e1rio.<\/p>","protected":false},"featured_media":9716,"comment_status":"open","ping_status":"closed","template":"","meta":{"_acf_changed":false,"content-type":"","_monsterinsights_skip_tracking":false,"_monsterinsights_sitenote_active":false,"_monsterinsights_sitenote_note":"","_monsterinsights_sitenote_category":0},"product_brand":[],"product_cat":[237],"product_tag":[],"class_list":{"0":"post-9261","1":"product","2":"type-product","3":"status-publish","4":"has-post-thumbnail","6":"product_cat-tools","8":"first","9":"instock","10":"taxable","11":"shipping-taxable","12":"purchasable","13":"product-type-simple"},"acf":[],"aioseo_notices":[],"jetpack_sharing_enabled":true,"_links":{"self":[{"href":"https:\/\/antcube.shop\/pt\/wp-json\/wp\/v2\/product\/9261","targetHints":{"allow":["GET"]}}],"collection":[{"href":"https:\/\/antcube.shop\/pt\/wp-json\/wp\/v2\/product"}],"about":[{"href":"https:\/\/antcube.shop\/pt\/wp-json\/wp\/v2\/types\/product"}],"replies":[{"embeddable":true,"href":"https:\/\/antcube.shop\/pt\/wp-json\/wp\/v2\/comments?post=9261"}],"wp:featuredmedia":[{"embeddable":true,"href":"https:\/\/antcube.shop\/pt\/wp-json\/wp\/v2\/media\/9716"}],"wp:attachment":[{"href":"https:\/\/antcube.shop\/pt\/wp-json\/wp\/v2\/media?parent=9261"}],"wp:term":[{"taxonomy":"product_brand","embeddable":true,"href":"https:\/\/antcube.shop\/pt\/wp-json\/wp\/v2\/product_brand?post=9261"},{"taxonomy":"product_cat","embeddable":true,"href":"https:\/\/antcube.shop\/pt\/wp-json\/wp\/v2\/product_cat?post=9261"},{"taxonomy":"product_tag","embeddable":true,"href":"https:\/\/antcube.shop\/pt\/wp-json\/wp\/v2\/product_tag?post=9261"}],"curies":[{"name":"wp","href":"https:\/\/api.w.org\/{rel}","templated":true}]}}