{"id":9250,"date":"2024-09-17T14:44:16","date_gmt":"2024-09-17T12:44:16","guid":{"rendered":"https:\/\/antcube.shop\/en\/product\/antcube-korknest-60x30-stehend\/"},"modified":"2026-03-10T17:53:31","modified_gmt":"2026-03-10T16:53:31","slug":"ninho-de-cortica-antcube-60x30-vertical","status":"publish","type":"product","link":"https:\/\/antcube.shop\/pt\/produto\/ninho-de-cortica-antcube-60x30-vertical\/","title":{"rendered":"ANTCUBE - Ninho de corti\u00e7a 60\u00d730 - vertical"},"content":{"rendered":"<p><strong>Dimens\u00f5es:<\/strong> 583 x 240 x 20 mm<\/p>\n<p><strong>Material:<\/strong> Corti\u00e7a (fino)<\/p>\n<p>S\u00f3 cabe nas nossas quintas de formigas do tamanho <span style=\"font-size: 10.5pt; font-family: Arial; color: #0000ff; background-color: transparent; font-weight: bold; font-style: normal; font-variant: normal; text-decoration: none; vertical-align: baseline;\">L<\/span><\/p>\n<p><strong>Descri\u00e7\u00e3o:<\/strong> Este ninho de corti\u00e7a com passagens e c\u00e2maras pr\u00e9-fabricadas \u00e9 adequado para v\u00e1rias esp\u00e9cies de formigas, especialmente para esp\u00e9cies que nidificam em madeira (morta). Tem um orif\u00edcio para acesso ao ninho.<br \/>\nA corti\u00e7a \u00e9 quimicamente neutra. A sua estrutura n\u00e3o s\u00f3 \u00e9 imperme\u00e1vel aos l\u00edquidos, como tamb\u00e9m n\u00e3o provoca reac\u00e7\u00f5es qu\u00edmicas, pelo que n\u00e3o \u00e9 danificada. No entanto, demasiada humidade pode levar ao apodrecimento a longo prazo e reduzir a longevidade do ninho. No entanto, a corti\u00e7a \u00e9 muito resistente ao apodrecimento e \u00e0 infesta\u00e7\u00e3o por fungos e bolores. Isto deve-se \u00e0 sua superf\u00edcie e estrutura, que n\u00e3o proporcionam um bom terreno de reprodu\u00e7\u00e3o para a coloniza\u00e7\u00e3o de fungos. No entanto, os res\u00edduos alimentares e os excrementos de animais, bem como outras subst\u00e2ncias org\u00e2nicas, podem promover o crescimento de bolores.<\/p>\n<p>Recomendamos, por isso, que se mantenham em corti\u00e7a sobretudo esp\u00e9cies de regi\u00f5es secas. As esp\u00e9cies de habitats h\u00famidos podem ainda ser mantidas neste conjunto, uma vez que o apodrecimento n\u00e3o \u00e9 um problema para a maioria das esp\u00e9cies. Muitas formigas do norte da Europa, como a Camponotus herculeanus ou a Formica fusca, tamb\u00e9m vivem em madeira podre ou em decomposi\u00e7\u00e3o.<\/p>","protected":false},"excerpt":{"rendered":"<p><strong>Tamanho:<\/strong> 583 x 240 x 20 mm<\/p>","protected":false},"featured_media":9688,"comment_status":"open","ping_status":"closed","template":"","meta":{"_acf_changed":false,"content-type":"","_monsterinsights_skip_tracking":false,"_monsterinsights_sitenote_active":false,"_monsterinsights_sitenote_note":"","_monsterinsights_sitenote_category":0},"product_brand":[],"product_cat":[87,89],"product_tag":[],"class_list":{"0":"post-9250","1":"product","2":"type-product","3":"status-publish","4":"has-post-thumbnail","6":"product_cat-nest-insets","7":"product_cat-cork","9":"first","10":"instock","11":"taxable","12":"shipping-taxable","13":"purchasable","14":"product-type-simple"},"acf":[],"aioseo_notices":[],"jetpack_sharing_enabled":true,"_links":{"self":[{"href":"https:\/\/antcube.shop\/pt\/wp-json\/wp\/v2\/product\/9250","targetHints":{"allow":["GET"]}}],"collection":[{"href":"https:\/\/antcube.shop\/pt\/wp-json\/wp\/v2\/product"}],"about":[{"href":"https:\/\/antcube.shop\/pt\/wp-json\/wp\/v2\/types\/product"}],"replies":[{"embeddable":true,"href":"https:\/\/antcube.shop\/pt\/wp-json\/wp\/v2\/comments?post=9250"}],"wp:featuredmedia":[{"embeddable":true,"href":"https:\/\/antcube.shop\/pt\/wp-json\/wp\/v2\/media\/9688"}],"wp:attachment":[{"href":"https:\/\/antcube.shop\/pt\/wp-json\/wp\/v2\/media?parent=9250"}],"wp:term":[{"taxonomy":"product_brand","embeddable":true,"href":"https:\/\/antcube.shop\/pt\/wp-json\/wp\/v2\/product_brand?post=9250"},{"taxonomy":"product_cat","embeddable":true,"href":"https:\/\/antcube.shop\/pt\/wp-json\/wp\/v2\/product_cat?post=9250"},{"taxonomy":"product_tag","embeddable":true,"href":"https:\/\/antcube.shop\/pt\/wp-json\/wp\/v2\/product_tag?post=9250"}],"curies":[{"name":"wp","href":"https:\/\/api.w.org\/{rel}","templated":true}]}}