{"id":9248,"date":"2024-09-17T14:43:20","date_gmt":"2024-09-17T12:43:20","guid":{"rendered":"https:\/\/antcube.shop\/en\/product\/antcube-box-10x10-gipsnest-beige\/"},"modified":"2026-01-12T12:38:20","modified_gmt":"2026-01-12T11:38:20","slug":"caixa-antcube-10x10-gipsnest-bege","status":"publish","type":"product","link":"https:\/\/antcube.shop\/pt\/produto\/caixa-antcube-10x10-gipsnest-bege\/","title":{"rendered":"ANTCUBE - Caixa 10\u00d710 - Ninho de gesso bege"},"content":{"rendered":"<p><strong>Dimens\u00f5es:<\/strong><br \/>\n100x100x100mm<\/p>\n<p><strong>Material:<\/strong><br \/>\nPMMA, PS, gesso<\/p>\n<p><strong>Cor:<\/strong> transparente, bege<\/p>\n<p><strong>Conte\u00fado:<\/strong><br \/>\n1x caixa 100x100x100mm<br \/>\n1x moldura inser\u00edvel<br \/>\n1x tampa inser\u00edvel com orif\u00edcio de 50 mm<br \/>\n1x inser\u00e7\u00e3o de ninho de gesso<br \/>\n2x tamp\u00f5es de formic\u00e1rio 27mm<br \/>\n1x inser\u00e7\u00e3o de grade - 50mm - a\u00e7o inoxid\u00e1vel<\/p>\n<p><strong>Descri\u00e7\u00e3o:<\/strong><br \/>\nEste contentor est\u00e1 equipado com uma estrutura e uma tampa inser\u00edveis e tem tamb\u00e9m duas aberturas de 27 mm para futuras extens\u00f5es. A tampa tem um orif\u00edcio de 50 mm no qual podem ser inseridas grelhas, ventoinhas ou tomadas de l\u00e2mpadas. Esta arena pr\u00e1tica e de f\u00e1cil manuten\u00e7\u00e3o com ninho de gesso integrado \u00e9 adequada para col\u00f3nias de funda\u00e7\u00e3o que gostam de construir os seus ninhos no solo ou entre pedras.<\/p>","protected":false},"excerpt":{"rendered":"<p><strong>Tamanho:<\/strong> 10x10x10 cm<\/p>","protected":false},"featured_media":9559,"comment_status":"open","ping_status":"closed","template":"","meta":{"_acf_changed":false,"content-type":"","_monsterinsights_skip_tracking":false,"_monsterinsights_sitenote_active":false,"_monsterinsights_sitenote_note":"","_monsterinsights_sitenote_category":0},"product_brand":[],"product_cat":[80,90],"product_tag":[],"class_list":{"0":"post-9248","1":"product","2":"type-product","3":"status-publish","4":"has-post-thumbnail","6":"product_cat-antfarms","7":"product_cat-gypsum","9":"first","10":"instock","11":"taxable","12":"shipping-taxable","13":"purchasable","14":"product-type-simple"},"acf":[],"aioseo_notices":[],"jetpack_sharing_enabled":true,"_links":{"self":[{"href":"https:\/\/antcube.shop\/pt\/wp-json\/wp\/v2\/product\/9248","targetHints":{"allow":["GET"]}}],"collection":[{"href":"https:\/\/antcube.shop\/pt\/wp-json\/wp\/v2\/product"}],"about":[{"href":"https:\/\/antcube.shop\/pt\/wp-json\/wp\/v2\/types\/product"}],"replies":[{"embeddable":true,"href":"https:\/\/antcube.shop\/pt\/wp-json\/wp\/v2\/comments?post=9248"}],"wp:featuredmedia":[{"embeddable":true,"href":"https:\/\/antcube.shop\/pt\/wp-json\/wp\/v2\/media\/9559"}],"wp:attachment":[{"href":"https:\/\/antcube.shop\/pt\/wp-json\/wp\/v2\/media?parent=9248"}],"wp:term":[{"taxonomy":"product_brand","embeddable":true,"href":"https:\/\/antcube.shop\/pt\/wp-json\/wp\/v2\/product_brand?post=9248"},{"taxonomy":"product_cat","embeddable":true,"href":"https:\/\/antcube.shop\/pt\/wp-json\/wp\/v2\/product_cat?post=9248"},{"taxonomy":"product_tag","embeddable":true,"href":"https:\/\/antcube.shop\/pt\/wp-json\/wp\/v2\/product_tag?post=9248"}],"curies":[{"name":"wp","href":"https:\/\/api.w.org\/{rel}","templated":true}]}}