{"id":9247,"date":"2024-09-17T14:42:38","date_gmt":"2024-09-17T12:42:38","guid":{"rendered":"https:\/\/antcube.shop\/en\/product\/antcube-gipsnest-30x30-liegend\/"},"modified":"2026-03-19T18:11:44","modified_gmt":"2026-03-19T17:11:44","slug":"antcube-gipsnest-30x30-liegend","status":"publish","type":"product","link":"https:\/\/antcube.shop\/pt\/produto\/antcube-gipsnest-30x30-liegend\/","title":{"rendered":"ANTCUBE - Ninho de gesso 30\u00d730 - horizontal"},"content":{"rendered":"<p><span data-text-color=\"alert\"><strong>Envio apenas poss\u00edvel via GO! dentro da Alemanha ou via palete dentro da Europa (sem ilhas)<\/strong><\/span><\/p>\n<p><strong>Dimens\u00f5es:<\/strong><br \/>\nNinho de gesso: 290 x 290 x 50mm<br \/>\nCobertura de vidro: 279 x 279 x 4mm<\/p>\n<p><strong>Material:<\/strong> Estuque<\/p>\n<p><strong>Conte\u00fado:<\/strong><br \/>\n1x ninho de gesso 30\u00d730 com duas tomadas de liga\u00e7\u00e3o L 14\/16\/18\/20 x 20mm<\/p>\n<ul>\n<li>A mangueira 14\/10 \u00e9 inserida firmemente na tomada de 14 mm<\/li>\n<li>A mangueira 20\/16 est\u00e1 firmemente ligada ao primeiro degrau de 16 mm<\/li>\n<li>A mangueira 22\/18 est\u00e1 firmemente ligada ao segundo degrau de 20 mm<\/li>\n<li>A mangueira 24\/20 \u00e9 fixada de forma solta ao segundo degrau de 20 mm<\/li>\n<\/ul>\n<p>1x tampa de vidro com furo de 50mm<br \/>\n1x anel acr\u00edlico de 50mm para furo de 27mm<br \/>\n1x base de formic\u00e1rio 30\u00d730<br \/>\n2x tampa da grelha - 16mm - a\u00e7o inoxid\u00e1vel<br \/>\n1x inser\u00e7\u00e3o de grade - 27mm - a\u00e7o inoxid\u00e1vel<\/p>\n<p><strong>Descri\u00e7\u00e3o:<\/strong> O nosso ninho de gesso com passagens e c\u00e2maras pr\u00e9-fabricadas \u00e9 adequado para muitas esp\u00e9cies de formigas, especialmente para as esp\u00e9cies que constroem os seus ninhos em solos muito arenosos ou pedregosos. Tem um orif\u00edcio de acesso ao ninho. O gesso tem a propriedade de absorver a \u00e1gua, de modo que uma certa quantidade de humidade \u00e9 armazenada. No entanto, o ninho de gesso n\u00e3o deve ser utilizado permanentemente h\u00famido, caso contr\u00e1rio pode formar-se bolor (devido aos res\u00edduos alimentares ou aos excrementos das formigas). Por isso, as esp\u00e9cies de regi\u00f5es bastante secas devem ser mantidas aqui, se poss\u00edvel. Trata-se de esp\u00e9cies de regi\u00f5es mediterr\u00e2nicas ou des\u00e9rticas, por exemplo.<\/p>\n<p><strong>Nota:<\/strong> Devido \u00e0 sua conce\u00e7\u00e3o, n\u00e3o s\u00e3o adequados para esp\u00e9cies muito pequenas (por exemplo, esp\u00e9cies de Pheidole, esp\u00e9cies de Temnothorax), podendo ocorrer intervalos de 0,3 - 0,5 mm.<\/p>\n<p><strong>Nota sobre as tomadas de liga\u00e7\u00e3o<\/strong><br \/>\nAo anexar ou remover mangueiras, por favor note o seguinte:<br \/>\nSe o tubo for muito dif\u00edcil de encaixar na tomada de liga\u00e7\u00e3o, a tomada deve ser ligeiramente esfregada com uma gota do nosso \u00f3leo ou p\u00f3 de prote\u00e7\u00e3o contra fugas. O tubo deve ent\u00e3o ser empurrado para a tomada com movimentos de tor\u00e7\u00e3o ou de aparafusamento, sem for\u00e7ar a tomada com movimentos para cima e para baixo. O mesmo se aplica \u00e0 remo\u00e7\u00e3o das mangueiras da tomada de liga\u00e7\u00e3o agr\u00edcola. Por favor, n\u00e3o a puxe simplesmente!<\/p>","protected":false},"excerpt":{"rendered":"<p>Envio apenas poss\u00edvel via GO! dentro da Alemanha ou via palete dentro da Europa (sem ilhas) Dimens\u00f5es: Ninho de gesso: 290 x 290 x 50mm Tampa de vidro: 279 x 279 x 4mm Material: Gesso Conte\u00fado: 1x ninho de gesso 30x30 com duas tomadas de liga\u00e7\u00e3o L 14\/16\/18\/20 x 20mm A mangueira 14\/10 \u00e9 inserida firmemente na tomada de 14mm","protected":false},"featured_media":9683,"comment_status":"open","ping_status":"closed","template":"","meta":{"_acf_changed":false,"content-type":"","_monsterinsights_skip_tracking":false,"_monsterinsights_sitenote_active":false,"_monsterinsights_sitenote_note":"","_monsterinsights_sitenote_category":0},"product_brand":[],"product_cat":[80,83],"product_tag":[],"class_list":{"0":"post-9247","1":"product","2":"type-product","3":"status-publish","4":"has-post-thumbnail","6":"product_cat-antfarms","7":"product_cat-antfarms-l","9":"first","10":"instock","11":"taxable","12":"shipping-taxable","13":"purchasable","14":"product-type-simple"},"acf":[],"aioseo_notices":[],"jetpack_sharing_enabled":true,"_links":{"self":[{"href":"https:\/\/antcube.shop\/pt\/wp-json\/wp\/v2\/product\/9247","targetHints":{"allow":["GET"]}}],"collection":[{"href":"https:\/\/antcube.shop\/pt\/wp-json\/wp\/v2\/product"}],"about":[{"href":"https:\/\/antcube.shop\/pt\/wp-json\/wp\/v2\/types\/product"}],"replies":[{"embeddable":true,"href":"https:\/\/antcube.shop\/pt\/wp-json\/wp\/v2\/comments?post=9247"}],"wp:featuredmedia":[{"embeddable":true,"href":"https:\/\/antcube.shop\/pt\/wp-json\/wp\/v2\/media\/9683"}],"wp:attachment":[{"href":"https:\/\/antcube.shop\/pt\/wp-json\/wp\/v2\/media?parent=9247"}],"wp:term":[{"taxonomy":"product_brand","embeddable":true,"href":"https:\/\/antcube.shop\/pt\/wp-json\/wp\/v2\/product_brand?post=9247"},{"taxonomy":"product_cat","embeddable":true,"href":"https:\/\/antcube.shop\/pt\/wp-json\/wp\/v2\/product_cat?post=9247"},{"taxonomy":"product_tag","embeddable":true,"href":"https:\/\/antcube.shop\/pt\/wp-json\/wp\/v2\/product_tag?post=9247"}],"curies":[{"name":"wp","href":"https:\/\/api.w.org\/{rel}","templated":true}]}}