{"id":9244,"date":"2024-09-17T14:40:42","date_gmt":"2024-09-17T12:40:42","guid":{"rendered":"https:\/\/antcube.shop\/en\/product\/antcube-gipsnest-20x10-stehend\/"},"modified":"2026-03-31T12:29:34","modified_gmt":"2026-03-31T10:29:34","slug":"antcube-gipsnest-20x10-stehend","status":"publish","type":"product","link":"https:\/\/antcube.shop\/pt\/produto\/antcube-gipsnest-20x10-stehend\/","title":{"rendered":"ANTCUBE - Ninho de gesso 20\u00d710 - na vertical"},"content":{"rendered":"<p><strong>Dimens\u00f5es:<\/strong> 182 x 59 x 19,5 mm<\/p>\n<p><strong>Material:<\/strong> gesso<\/p>\n<p>S\u00f3 cabe nas nossas quintas de formigas do tamanho <span style=\"font-size: 10.5pt; font-family: Arial; color: #0000ff; background-color: transparent; font-weight: bold; font-style: normal; font-variant: normal; text-decoration: none; vertical-align: baseline;\">L<\/span><\/p>\n<p><strong>Descri\u00e7\u00e3o:<\/strong> O nosso ninho de gesso com passagens e c\u00e2maras pr\u00e9-fabricadas \u00e9 adequado para muitas esp\u00e9cies de formigas, especialmente para as esp\u00e9cies que constroem os seus ninhos em solos muito arenosos ou pedregosos. Tem um orif\u00edcio de acesso ao ninho. O gesso tem a propriedade de absorver a \u00e1gua, de modo que uma certa quantidade de humidade \u00e9 armazenada. No entanto, o ninho de gesso n\u00e3o deve ser utilizado permanentemente h\u00famido, caso contr\u00e1rio pode formar-se bolor (devido aos res\u00edduos alimentares ou aos excrementos das formigas). Por isso, as esp\u00e9cies de regi\u00f5es bastante secas devem ser mantidas aqui, se poss\u00edvel. Trata-se de esp\u00e9cies de regi\u00f5es mediterr\u00e2nicas ou des\u00e9rticas, por exemplo.<\/p>","protected":false},"excerpt":{"rendered":"<p>Dimens\u00f5es: 182 x 59 x 19,5 mm Material: gesso Cabe apenas nos nossos viveiros de formigas do tamanho L Descri\u00e7\u00e3o: O nosso ninho de gesso com passagens e c\u00e2maras pr\u00e9-fabricadas \u00e9 adequado para muitas esp\u00e9cies de formigas, especialmente para as esp\u00e9cies que constroem os seus ninhos em solos muito arenosos ou pedregosos. Tem um orif\u00edcio de acesso ao [...]","protected":false},"featured_media":9676,"comment_status":"open","ping_status":"closed","template":"","meta":{"_acf_changed":false,"content-type":"","_monsterinsights_skip_tracking":false,"_monsterinsights_sitenote_active":false,"_monsterinsights_sitenote_note":"","_monsterinsights_sitenote_category":0},"product_brand":[],"product_cat":[87,90],"product_tag":[],"class_list":{"0":"post-9244","1":"product","2":"type-product","3":"status-publish","4":"has-post-thumbnail","6":"product_cat-nest-insets","7":"product_cat-gypsum","9":"first","10":"instock","11":"taxable","12":"shipping-taxable","13":"purchasable","14":"product-type-simple"},"acf":[],"aioseo_notices":[],"jetpack_sharing_enabled":true,"_links":{"self":[{"href":"https:\/\/antcube.shop\/pt\/wp-json\/wp\/v2\/product\/9244","targetHints":{"allow":["GET"]}}],"collection":[{"href":"https:\/\/antcube.shop\/pt\/wp-json\/wp\/v2\/product"}],"about":[{"href":"https:\/\/antcube.shop\/pt\/wp-json\/wp\/v2\/types\/product"}],"replies":[{"embeddable":true,"href":"https:\/\/antcube.shop\/pt\/wp-json\/wp\/v2\/comments?post=9244"}],"wp:featuredmedia":[{"embeddable":true,"href":"https:\/\/antcube.shop\/pt\/wp-json\/wp\/v2\/media\/9676"}],"wp:attachment":[{"href":"https:\/\/antcube.shop\/pt\/wp-json\/wp\/v2\/media?parent=9244"}],"wp:term":[{"taxonomy":"product_brand","embeddable":true,"href":"https:\/\/antcube.shop\/pt\/wp-json\/wp\/v2\/product_brand?post=9244"},{"taxonomy":"product_cat","embeddable":true,"href":"https:\/\/antcube.shop\/pt\/wp-json\/wp\/v2\/product_cat?post=9244"},{"taxonomy":"product_tag","embeddable":true,"href":"https:\/\/antcube.shop\/pt\/wp-json\/wp\/v2\/product_tag?post=9244"}],"curies":[{"name":"wp","href":"https:\/\/api.w.org\/{rel}","templated":true}]}}