{"id":9241,"date":"2024-09-17T14:39:21","date_gmt":"2024-09-17T12:39:21","guid":{"rendered":"https:\/\/antcube.shop\/en\/product\/antcube-digfix-platte-40x20-xl\/"},"modified":"2026-03-09T18:09:43","modified_gmt":"2026-03-09T17:09:43","slug":"placa-antcube-digfix-40x20-xl","status":"publish","type":"product","link":"https:\/\/antcube.shop\/pt\/produto\/placa-antcube-digfix-40x20-xl\/","title":{"rendered":"ANTCUBE - Placa Digfix 40\u00d720 - XL"},"content":{"rendered":"<p><strong>Dimens\u00f5es:<\/strong> <span style=\"font-size: 14.4px;\">384x130x50 mm (toler\u00e2ncia de 383-385 mm)<\/span><\/p>\n<p><strong>Material:<\/strong> Digfix<\/p>\n<p><strong>Descri\u00e7\u00e3o:<\/strong> A placa Digfix, feita de material escav\u00e1vel, adapta-se perfeitamente aos nossos viveiros de formigas ANTCUBE. Pode ser utilizada tanto seca como h\u00famida. Tamb\u00e9m \u00e9 adequada para muitas esp\u00e9cies de formigas, especialmente para esp\u00e9cies que fazem ninhos na areia e em madeira (morta). Pode ser utilizado em vez de misturas de areia\/argila ou de ninhos de corti\u00e7a. Uma grande vantagem em rela\u00e7\u00e3o aos ninhos de corti\u00e7a \u00e9 que o Digfix n\u00e3o ganha bolor mesmo quando est\u00e1 h\u00famido. Isto significa que as esp\u00e9cies de formigas com uma elevada necessidade de humidade podem facilmente ser abastecidas com \u00e1gua suficiente. O Digfix tamb\u00e9m tem a vantagem de as esp\u00e9cies de formigas escavadoras n\u00e3o sujarem os vidros do seu ninho quando escavam, permitindo uma vis\u00e3o perfeita do ninho.<\/p>\n<p><strong>Nota:<\/strong> A cor natural pode variar entre o verde\/acinzentado-castanho e o castanho-terra. A tonalidade da cor n\u00e3o tem qualquer influ\u00eancia na qualidade.<br \/>\nDevido ao processo de fabrico, as dimens\u00f5es podem variar +\/- 1 mm.<\/p>","protected":false},"excerpt":{"rendered":"<p>Tamanho: <span style=\"color: #ff0000;\"><strong>XL<\/strong><\/span><\/p>","protected":false},"featured_media":9669,"comment_status":"open","ping_status":"closed","template":"","meta":{"_acf_changed":false,"content-type":"","_monsterinsights_skip_tracking":false,"_monsterinsights_sitenote_active":false,"_monsterinsights_sitenote_note":"","_monsterinsights_sitenote_category":0},"product_brand":[],"product_cat":[87,88],"product_tag":[],"class_list":{"0":"post-9241","1":"product","2":"type-product","3":"status-publish","4":"has-post-thumbnail","6":"product_cat-nest-insets","7":"product_cat-digfix","9":"first","10":"instock","11":"taxable","12":"shipping-taxable","13":"purchasable","14":"product-type-simple"},"acf":[],"aioseo_notices":[],"jetpack_sharing_enabled":true,"_links":{"self":[{"href":"https:\/\/antcube.shop\/pt\/wp-json\/wp\/v2\/product\/9241","targetHints":{"allow":["GET"]}}],"collection":[{"href":"https:\/\/antcube.shop\/pt\/wp-json\/wp\/v2\/product"}],"about":[{"href":"https:\/\/antcube.shop\/pt\/wp-json\/wp\/v2\/types\/product"}],"replies":[{"embeddable":true,"href":"https:\/\/antcube.shop\/pt\/wp-json\/wp\/v2\/comments?post=9241"}],"wp:featuredmedia":[{"embeddable":true,"href":"https:\/\/antcube.shop\/pt\/wp-json\/wp\/v2\/media\/9669"}],"wp:attachment":[{"href":"https:\/\/antcube.shop\/pt\/wp-json\/wp\/v2\/media?parent=9241"}],"wp:term":[{"taxonomy":"product_brand","embeddable":true,"href":"https:\/\/antcube.shop\/pt\/wp-json\/wp\/v2\/product_brand?post=9241"},{"taxonomy":"product_cat","embeddable":true,"href":"https:\/\/antcube.shop\/pt\/wp-json\/wp\/v2\/product_cat?post=9241"},{"taxonomy":"product_tag","embeddable":true,"href":"https:\/\/antcube.shop\/pt\/wp-json\/wp\/v2\/product_tag?post=9241"}],"curies":[{"name":"wp","href":"https:\/\/api.w.org\/{rel}","templated":true}]}}