{"id":9236,"date":"2024-09-17T14:31:58","date_gmt":"2024-09-17T12:31:58","guid":{"rendered":"https:\/\/antcube.shop\/en\/product\/ameisenarena-rahmen-20x10\/"},"modified":"2026-04-21T09:56:57","modified_gmt":"2026-04-21T07:56:57","slug":"moldura-para-arena-de-formigas-20x10","status":"publish","type":"product","link":"https:\/\/antcube.shop\/pt\/produto\/moldura-para-arena-de-formigas-20x10\/","title":{"rendered":"Quadro da arena das formigas 20\u00d710"},"content":{"rendered":"<p><strong>Dimens\u00f5es (CxLxA):<\/strong> 20x10x0,4 cm<\/p>\n<p><strong>Material:<\/strong> Vidro flutuante<\/p>\n<p><strong>Cor:<\/strong> claro \/ transparente<\/p>\n<p><strong>Conte\u00fado:<\/strong><br \/>\n1x Quadro da arena das formigas<\/p>\n<p><strong>Descri\u00e7\u00e3o:<\/strong><br \/>\nMoldura de vidro para um formigueiro como prote\u00e7\u00e3o contra a fuga.<\/p>\n<p><strong>Aplica\u00e7\u00e3o:<\/strong><br \/>\nUma moldura para formigueiros \u00e9 uma moldura feita de vidro, que \u00e9 colocada num formigueiro e que \u00e9 dotada de uma prote\u00e7\u00e3o anti-erup\u00e7\u00e3o (\u00f3leo, p\u00f3 ou verniz) a partir do lado inferior, para evitar que as formigas se soltem.<\/p>\n<p><strong>Aviso:<\/strong><br \/>\nUma vez que o artigo \u00e9 feito de vidro e \u00e9, portanto, sens\u00edvel, deve ser manuseado com muito cuidado. O vidro \u00e9 cortado de acordo com a DIN 1249 com uma toler\u00e2ncia de +\/- 1mm. Para esp\u00e9cies de formigas extremamente pequenas, \u00e9 essencial uma protec\u00e7\u00e3o adicional contra a quebra.<\/p>","protected":false},"excerpt":{"rendered":"<p>Dimens\u00f5es (CxLxA): 60x30x0,4 cm Material: Vidro flutuante Cor: claro \/ transparente Conte\u00fado: 1x moldura para o formigueiro Descri\u00e7\u00e3o: Moldura de vidro para uma arena de formigas como prote\u00e7\u00e3o de fuga. Aplica\u00e7\u00e3o: Uma moldura para formigueiros \u00e9 uma moldura feita de vidro, que \u00e9 colocada num formigueiro e \u00e9 fornecida com uma prote\u00e7\u00e3o anti-quebra (\u00f3leo, p\u00f3","protected":false},"featured_media":9498,"comment_status":"open","ping_status":"closed","template":"","meta":{"_acf_changed":false,"content-type":"","_monsterinsights_skip_tracking":false,"_monsterinsights_sitenote_active":false,"_monsterinsights_sitenote_note":"","_monsterinsights_sitenote_category":0},"product_brand":[],"product_cat":[91,93],"product_tag":[],"class_list":{"0":"post-9236","1":"product","2":"type-product","3":"status-publish","4":"has-post-thumbnail","6":"product_cat-formicarium-modules","7":"product_cat-arena-frame","9":"first","10":"instock","11":"taxable","12":"shipping-taxable","13":"purchasable","14":"product-type-simple"},"acf":[],"aioseo_notices":[],"jetpack_sharing_enabled":true,"_links":{"self":[{"href":"https:\/\/antcube.shop\/pt\/wp-json\/wp\/v2\/product\/9236","targetHints":{"allow":["GET"]}}],"collection":[{"href":"https:\/\/antcube.shop\/pt\/wp-json\/wp\/v2\/product"}],"about":[{"href":"https:\/\/antcube.shop\/pt\/wp-json\/wp\/v2\/types\/product"}],"replies":[{"embeddable":true,"href":"https:\/\/antcube.shop\/pt\/wp-json\/wp\/v2\/comments?post=9236"}],"wp:featuredmedia":[{"embeddable":true,"href":"https:\/\/antcube.shop\/pt\/wp-json\/wp\/v2\/media\/9498"}],"wp:attachment":[{"href":"https:\/\/antcube.shop\/pt\/wp-json\/wp\/v2\/media?parent=9236"}],"wp:term":[{"taxonomy":"product_brand","embeddable":true,"href":"https:\/\/antcube.shop\/pt\/wp-json\/wp\/v2\/product_brand?post=9236"},{"taxonomy":"product_cat","embeddable":true,"href":"https:\/\/antcube.shop\/pt\/wp-json\/wp\/v2\/product_cat?post=9236"},{"taxonomy":"product_tag","embeddable":true,"href":"https:\/\/antcube.shop\/pt\/wp-json\/wp\/v2\/product_tag?post=9236"}],"curies":[{"name":"wp","href":"https:\/\/api.w.org\/{rel}","templated":true}]}}